{"id":24588,"date":"2025-12-24T14:14:57","date_gmt":"2025-12-24T06:14:57","guid":{"rendered":"https:\/\/yebodaglass.com\/?post_type=product&#038;p=24588"},"modified":"2025-12-25T10:18:26","modified_gmt":"2025-12-25T02:18:26","slug":"borosilicate-glass-jars-with-lids-and-spoons-bulk","status":"publish","type":"product","link":"https:\/\/yebodaglass.com\/it\/borosilicate-glass-jars-with-lids-and-spoons-bulk\/","title":{"rendered":"Barattoli in vetro borosilicato da 300 ml, 350 ml e 450 ml con coperchi e cucchiai sfusi"},"content":{"rendered":"<p data-start=\"66\" data-end=\"288\">Questo barattolo di vetro con coperchio e cucchiaio \u00e8 interamente realizzato in vetro borosilicato. La forma cilindrica \u00e8 dotata di un coperchio in bamb\u00f9 beige chiaro e di un cucchiaio per ogni barattolo, ed \u00e8 semplice da usare.<\/p>\n<h2>Caratteristiche del prodotto<\/h2>\n<ul>\n<li><strong>Struttura combinata di coperchio e cucchiaio:<\/strong> Si tratter\u00e0 di un cucchiaio di bamb\u00f9 fissato al centro del coperchio; questa struttura impedir\u00e0 che gli utensili vadano persi e render\u00e0 il procedimento pi\u00f9 semplice.<\/li>\n<li><strong>Vetro borosilicato:<\/strong> Il vetro borosilicato ha un&#039;ottima resistenza alla temperatura (-20 \u00b0C -150 \u00b0C), \u00e8 infrangibile e pu\u00f2 essere riutilizzato.<\/li>\n<li><strong>Coperchio in bamb\u00f9 super ermetico:<\/strong> Il barattolo di vetro \u00e8 dotato di un coperchio in bamb\u00f9 beige chiaro con un anello di tenuta incorporato, che lo rende un luogo efficace per conservare prodotti asciutti.<\/li>\n<\/ul>\n<h2 style=\"text-align: left;\">Specifiche chiave<\/h2>\n<table class=\"aligncenter\" style=\"border-collapse: collapse; width: 528.02pt;\" border=\"0\" width=\"704\" cellspacing=\"0\" cellpadding=\"0\">\n<tbody>\n<tr style=\"height: 13.50pt;\">\n<td style=\"height: 13.50pt; width: 135.00pt;\" width=\"180\" height=\"18\">Attributo<\/td>\n<td style=\"width: 393.00pt;\" width=\"524\">Dettagli<\/td>\n<\/tr>\n<tr style=\"height: 13.50pt;\">\n<td style=\"height: 13.50pt;\" height=\"18\">Dimensioni<\/td>\n<td>300 ml: 6,5 \u00d7 10 cm; 350 ml: 6,5 \u00d7 12 cm; 450 ml: 6,5 \u00d7 15 cm<\/td>\n<\/tr>\n<tr style=\"height: 13.50pt;\">\n<td style=\"height: 13.50pt;\" height=\"18\">Materiale<\/td>\n<td>Vetro borosilicato alto, bamb\u00f9<\/td>\n<\/tr>\n<tr style=\"height: 13.50pt;\">\n<td style=\"height: 13.50pt;\" height=\"18\">Forma del barattolo<\/td>\n<td>Forma cilindrica dritta, parete interna liscia, base circolare piatta<\/td>\n<\/tr>\n<tr style=\"height: 13.50pt;\">\n<td style=\"height: 13.50pt;\" height=\"18\">Tipo di coperchio<\/td>\n<td>Coperchio piatto in bamb\u00f9 beige chiaro<\/td>\n<\/tr>\n<tr style=\"height: 13.50pt;\">\n<td style=\"height: 13.50pt;\" height=\"18\">Caratteristiche del materiale borosilicato<\/td>\n<td>Elevata trasparenza, eccellente resistenza alla temperatura<\/td>\n<\/tr>\n<tr style=\"height: 13.50pt;\">\n<td style=\"height: 13.50pt;\" height=\"18\">Ideale per<\/td>\n<td>Barattoli di vetro con coperchi e cucchiai, barattoli di vetro con coperchi<\/td>\n<\/tr>\n<\/tbody>\n<\/table>\n<h2>Storia di successo: rapida crescita dei distributori<\/h2>\n<p>Uno dei fornitori regionali di utensili da cucina e alimenti ha ordinato inizialmente 4.000 barattoli di vetro con coperchio e cucchiaini. La reazione del mercato \u00e8 stata eccezionale. In primo luogo, il vetro borosilicato di alta qualit\u00e0 ha aumentato la durata di conservazione degli alimenti del 43%; in secondo luogo, l&#039;elevata ermeticit\u00e0 ha ridotto la frequenza di rottura del 39%. Sulla base di questi risultati, il distributore ha ordinato un&#039;altra spedizione di 320.000 barattoli con coperchio.<\/p>\n<h2>Suggerimenti per la personalizzazione dei barattoli di vetro con coperchio<\/h2>\n<ul>\n<li>Manico del cucchiaio con marchio: utilizza l&#039;incisione laser per applicare il logo della tua azienda sul manico del cucchiaio in bamb\u00f9.<\/li>\n<li>Fondo strutturato: sul fondo del barattolo \u00e8 inciso un motivo a griglia fine, che ne migliora l&#039;aderenza sul piano di lavoro liscio della cucina.<\/li>\n<li>Opzioni per le dimensioni del cucchiaio: cucchiai di diverse dimensioni (ad esempio mini cucchiai da 300 ml) sono disponibili come accessori opzionali.<\/li>\n<li>Rivestimento antimacchia: questo rivestimento trasparente per uso alimentare sulla parete interna del barattolo impedisce la formazione di macchie causate da spezie o cibi scuri.<\/li>\n<li>Area etichetta smerigliata: si tratta di un&#039;area rettangolare smerigliata su cui \u00e8 etichettato il prodotto.<\/li>\n<\/ul>","protected":false},"excerpt":{"rendered":"<p dir=\"auto\">Bulk glass jar with lid and spoon offering glass jars with lid in transparent borosilicate, minimalist bamboo elements, gradient sizes. Bulk order discounts.<\/p>","protected":false},"featured_media":24596,"template":"","meta":[],"product_brand":[],"product_cat":[122,124,137],"product_tag":[],"class_list":{"0":"post-24588","1":"product","2":"type-product","3":"status-publish","4":"has-post-thumbnail","6":"product_cat-custom-glass-packaging","7":"product_cat-custom-glass-jars","8":"product_cat-glass-jars-with-lids","10":"first","11":"instock","12":"shipping-taxable","13":"product-type-simple"},"jetpack_sharing_enabled":true,"_links":{"self":[{"href":"https:\/\/yebodaglass.com\/it\/wp-json\/wp\/v2\/product\/24588","targetHints":{"allow":["GET"]}}],"collection":[{"href":"https:\/\/yebodaglass.com\/it\/wp-json\/wp\/v2\/product"}],"about":[{"href":"https:\/\/yebodaglass.com\/it\/wp-json\/wp\/v2\/types\/product"}],"version-history":[{"count":4,"href":"https:\/\/yebodaglass.com\/it\/wp-json\/wp\/v2\/product\/24588\/revisions"}],"predecessor-version":[{"id":24610,"href":"https:\/\/yebodaglass.com\/it\/wp-json\/wp\/v2\/product\/24588\/revisions\/24610"}],"wp:featuredmedia":[{"embeddable":true,"href":"https:\/\/yebodaglass.com\/it\/wp-json\/wp\/v2\/media\/24596"}],"wp:attachment":[{"href":"https:\/\/yebodaglass.com\/it\/wp-json\/wp\/v2\/media?parent=24588"}],"wp:term":[{"taxonomy":"product_brand","embeddable":true,"href":"https:\/\/yebodaglass.com\/it\/wp-json\/wp\/v2\/product_brand?post=24588"},{"taxonomy":"product_cat","embeddable":true,"href":"https:\/\/yebodaglass.com\/it\/wp-json\/wp\/v2\/product_cat?post=24588"},{"taxonomy":"product_tag","embeddable":true,"href":"https:\/\/yebodaglass.com\/it\/wp-json\/wp\/v2\/product_tag?post=24588"}],"curies":[{"name":"wp","href":"https:\/\/api.w.org\/{rel}","templated":true}]}}