{"id":24586,"date":"2025-12-24T14:26:16","date_gmt":"2025-12-24T06:26:16","guid":{"rendered":"https:\/\/yebodaglass.com\/?post_type=product&#038;p=24586"},"modified":"2026-03-12T15:46:01","modified_gmt":"2026-03-12T07:46:01","slug":"custom-food-storage-glass-jars-for-packaging-bulk","status":"publish","type":"product","link":"https:\/\/yebodaglass.com\/it\/custom-food-storage-glass-jars-for-packaging-bulk\/","title":{"rendered":"Barattoli di vetro per alimenti personalizzati da 175 ml a 500 ml per il confezionamento alla rinfusa"},"content":{"rendered":"<p>Questi barattoli in vetro per alimenti hanno una forma liscia e cilindrica, con un vetro trasparente cristallino che consente di vedere chiaramente il contenuto. I coperchi sono realizzati in legno naturale e contengono una guarnizione in silicone per mantenere gli alimenti freschi.<\/p>\n<h2>Caratteristiche del prodotto<\/h2>\n<ul>\n<li><strong>Resistenza alle alte temperature: <\/strong>Il vetro borosilicato ad alto tenore di carbonio \u00e8 in grado di resistere agli sbalzi di temperatura e quindi pu\u00f2 essere utilizzato per conservare cibi sia caldi che freddi. Inoltre, \u00e8 meno soggetto a rotture, quindi il barattolo pu\u00f2 essere utilizzato in pi\u00f9 modi.<\/li>\n<li><strong>Superbo coperchio in silicone:<\/strong> La tenuta del coperchio \u00e8 garantita dal coperchio in legno con anello in silicone incorporato, che mantiene la freschezza ed evita fuoriuscite.<\/li>\n<li><strong>Varie dimensioni:<\/strong> \u00c8 disponibile in varie dimensioni, come mini, piccolo e grande, per soddisfare tutte le esigenze in termini di conservazione di prodotti secchi.<\/li>\n<\/ul>\n<h2>Specifiche chiave<\/h2>\n<table style=\"border-collapse: collapse; width: 80%; margin-left: auto; margin-right: auto;\" border=\"0\" width=\"360\" cellspacing=\"0\" cellpadding=\"0\">\n<tbody>\n<tr style=\"height: 13.50pt;\">\n<td style=\"height: 13.5pt; width: 54pt; text-align: center;\" width=\"72\" height=\"18\">Capacit\u00e0 (ml)<\/td>\n<td style=\"width: 54pt; text-align: center;\" width=\"72\">Dimensioni (cm)<\/td>\n<td style=\"width: 54pt; text-align: center;\" width=\"72\">Diametro della bocca<\/td>\n<td style=\"width: 54pt; text-align: center;\" width=\"72\">Materiale<\/td>\n<td style=\"width: 54pt; text-align: center;\" width=\"72\">Colore<\/td>\n<\/tr>\n<tr style=\"height: 13.50pt;\">\n<td style=\"height: 13.5pt; text-align: center;\" align=\"right\" height=\"18\">175<\/td>\n<td style=\"text-align: center;\">6,5 x 10,0<\/td>\n<td class=\"et2\" style=\"text-align: center;\" rowspan=\"5\">65 millimetri<\/td>\n<td class=\"et2\" style=\"text-align: center;\" rowspan=\"5\">Borosilicato<\/td>\n<td class=\"et2\" style=\"text-align: center;\" rowspan=\"5\">Trasparente o personalizzato<\/td>\n<\/tr>\n<tr style=\"height: 13.50pt;\">\n<td style=\"height: 13.5pt; text-align: center;\" align=\"right\" height=\"18\">250<\/td>\n<td style=\"text-align: center;\">6,5 x 10,0<\/td>\n<\/tr>\n<tr style=\"height: 13.50pt;\">\n<td style=\"height: 13.5pt; text-align: center;\" align=\"right\" height=\"18\">300<\/td>\n<td style=\"text-align: center;\">6,5 x 12,0<\/td>\n<\/tr>\n<tr style=\"height: 13.50pt;\">\n<td style=\"height: 13.5pt; text-align: center;\" align=\"right\" height=\"18\">380<\/td>\n<td style=\"text-align: center;\">6,5 x 15,0<\/td>\n<\/tr>\n<tr style=\"height: 13.50pt;\">\n<td style=\"height: 13.5pt; text-align: center;\" align=\"right\" height=\"18\">500<\/td>\n<td style=\"text-align: center;\">6,5 x 20,0<\/td>\n<\/tr>\n<\/tbody>\n<\/table>\n<h2>Storia di successo<\/h2>\n<p>Una delle grandi catene canadesi di alimenti salutari ha deciso di prendere tutti i nostri barattoli per la conservazione in cucina e di personalizzarli con coperchi in legno intagliato e barattoli in vetro color ambra con il marchio. Queste caratteristiche di personalizzazione si sono rivelate estremamente vantaggiose: i barattoli in vetro color ambra hanno limitato di un quarto la degradazione di erbe e tisane fotosensibili, le etichette trasparenti e la chiusura ermetica hanno ridotto di 18 volte il deterioramento dei prodotti nel punto vendita. Sulla base di questi risultati, hanno quindi ordinato altri duecentomila barattoli per la conservazione da utilizzare nei loro oltre 500 punti vendita.<\/p>\n<h2>Consigli per la personalizzazione dei barattoli per la conservazione in cucina<\/h2>\n<ul>\n<li>Marchio personalizzato sul coperchio in legno: il marchio del tuo prodotto pu\u00f2 essere tagliato al laser, marchiato o stampato sul coperchio in legno.<\/li>\n<li>Vetro resistente alla luce: \u00e8 disponibile in barattoli di vetro ambrato o verde per conservare prodotti sensibili alla luce, come spezie, caff\u00e8 o alcune vitamine.<\/li>\n<li>Spazio per etichetta lavagna: l&#039;etichetta pu\u00f2 essere facilmente modificata utilizzando lo spazio per vernice lavagna incorporato o adesivi per lavagna.<\/li>\n<\/ul>","protected":false},"excerpt":{"rendered":"<p>Barattoli in vetro di alta qualit\u00e0 per la conservazione degli alimenti, con coperchi in legno naturale e guarnizione in silicone. Barattoli versatili per la conservazione in cucina, per un&#039;organizzazione moderna della dispensa. Disponibilit\u00e0 immediata.<\/p>","protected":false},"featured_media":24592,"template":"","meta":[],"product_brand":[],"product_cat":[122,124,137],"product_tag":[],"class_list":{"0":"post-24586","1":"product","2":"type-product","3":"status-publish","4":"has-post-thumbnail","6":"product_cat-custom-glass-packaging","7":"product_cat-custom-glass-jars","8":"product_cat-glass-jars-with-lids","10":"first","11":"instock","12":"shipping-taxable","13":"product-type-simple"},"jetpack_sharing_enabled":true,"_links":{"self":[{"href":"https:\/\/yebodaglass.com\/it\/wp-json\/wp\/v2\/product\/24586","targetHints":{"allow":["GET"]}}],"collection":[{"href":"https:\/\/yebodaglass.com\/it\/wp-json\/wp\/v2\/product"}],"about":[{"href":"https:\/\/yebodaglass.com\/it\/wp-json\/wp\/v2\/types\/product"}],"version-history":[{"count":3,"href":"https:\/\/yebodaglass.com\/it\/wp-json\/wp\/v2\/product\/24586\/revisions"}],"predecessor-version":[{"id":25413,"href":"https:\/\/yebodaglass.com\/it\/wp-json\/wp\/v2\/product\/24586\/revisions\/25413"}],"wp:featuredmedia":[{"embeddable":true,"href":"https:\/\/yebodaglass.com\/it\/wp-json\/wp\/v2\/media\/24592"}],"wp:attachment":[{"href":"https:\/\/yebodaglass.com\/it\/wp-json\/wp\/v2\/media?parent=24586"}],"wp:term":[{"taxonomy":"product_brand","embeddable":true,"href":"https:\/\/yebodaglass.com\/it\/wp-json\/wp\/v2\/product_brand?post=24586"},{"taxonomy":"product_cat","embeddable":true,"href":"https:\/\/yebodaglass.com\/it\/wp-json\/wp\/v2\/product_cat?post=24586"},{"taxonomy":"product_tag","embeddable":true,"href":"https:\/\/yebodaglass.com\/it\/wp-json\/wp\/v2\/product_tag?post=24586"}],"curies":[{"name":"wp","href":"https:\/\/api.w.org\/{rel}","templated":true}]}}