{"id":24578,"date":"2025-12-24T11:51:36","date_gmt":"2025-12-24T03:51:36","guid":{"rendered":"https:\/\/yebodaglass.com\/?post_type=product&#038;p=24578"},"modified":"2025-12-24T13:14:13","modified_gmt":"2025-12-24T05:14:13","slug":"borosilicate-glass-jars-with-bamboo-lids-and-spoons-bulk","status":"publish","type":"product","link":"https:\/\/yebodaglass.com\/it\/borosilicate-glass-jars-with-bamboo-lids-and-spoons-bulk\/","title":{"rendered":"Barattoli in vetro borosilicato da 500 ml, 850 ml e 1150 ml con coperchi in bamb\u00f9 e cucchiai sfusi"},"content":{"rendered":"<p data-start=\"66\" data-end=\"288\">Questi barattoli di vetro con coperchi e cucchiaini in bamb\u00f9 sono realizzati in vetro borosilicato trasparente e presentano una classica silhouette arrotondata che non passa mai di moda. I barattoli sono completati da un coperchio piatto in bamb\u00f9 chiaro e tono su tono e da un cucchiaino in bamb\u00f9 dello stesso colore del coperchio.<\/p>\n<h2>Caratteristiche del prodotto<\/h2>\n<ul>\n<li><strong>Design classico arrotondato:<\/strong> L&#039;ampio corpo facilita notevolmente lo stoccaggio degli oggetti, poich\u00e9 c&#039;\u00e8 abbastanza spazio per tutto ci\u00f2 che si desidera mettere e gli oggetti possono essere rapidamente accessibili.<\/li>\n<li><strong>Set di cucchiai e coperchi in bamb\u00f9:<\/strong> La confezione include un coperchio e un cucchiaio dello stesso colore, che si abbinano perfettamente tra loro e sono pronti per essere utilizzati immediatamente, senza alcun problema.<\/li>\n<li><strong>Vetro borosilicato di alta qualit\u00e0:<\/strong> Il prodotto \u00e8 in grado di resistere a rapidi sbalzi di temperatura e di rimanere trasparente a lungo.<\/li>\n<\/ul>\n<h2 style=\"text-align: left;\">Specifiche chiave<\/h2>\n<table class=\"aligncenter\" style=\"border-collapse: collapse; width: 622.52pt;\" border=\"0\" width=\"830\" cellspacing=\"0\" cellpadding=\"0\">\n<tbody>\n<tr style=\"height: 13.50pt;\">\n<td style=\"height: 13.50pt; width: 186.75pt;\" width=\"249\" height=\"18\">Attributo<\/td>\n<td style=\"width: 435.75pt;\" width=\"581\">Dettagli<\/td>\n<\/tr>\n<tr style=\"height: 13.50pt;\">\n<td style=\"height: 13.50pt;\" height=\"18\">Capacit\u00e0<\/td>\n<td>500 ml, 850 ml, 1150 ml<\/td>\n<\/tr>\n<tr style=\"height: 13.50pt;\">\n<td style=\"height: 13.50pt;\" height=\"18\">Dimensioni<\/td>\n<td>7\u00d710,5 cm \/ 7\u00d713 cm \/ 7,5\u00d714 cm<\/td>\n<\/tr>\n<tr style=\"height: 13.50pt;\">\n<td style=\"height: 13.50pt;\" height=\"18\">Materiale<\/td>\n<td>Vetro borosilicato trasparente e bamb\u00f9 (coperchio e cucchiaio)<\/td>\n<\/tr>\n<tr style=\"height: 13.50pt;\">\n<td style=\"height: 13.50pt;\" height=\"18\">Tipo di coperchio<\/td>\n<td>Coperchio piatto in bamb\u00f9 beige chiaro (con anello di tenuta ermetico all&#039;interno)<\/td>\n<\/tr>\n<tr style=\"height: 13.50pt;\">\n<td style=\"height: 13.50pt;\" height=\"18\">Caratteristiche del materiale borosilicato<\/td>\n<td>Elevata trasparenza, eccellente resistenza alla temperatura, resistente alla corrosione<\/td>\n<\/tr>\n<tr style=\"height: 13.50pt;\">\n<td style=\"height: 13.50pt;\" height=\"18\">Ideale per<\/td>\n<td>barattoli di vetro sfusi, barattoli di vetro con cucchiai<\/td>\n<\/tr>\n<\/tbody>\n<\/table>\n<h2>Storia di successo: rapida crescita del distributore<\/h2>\n<p>Un fornitore nazionale di utensili da cucina e prodotti alimentari ha effettuato un ordine iniziale di 15.000 unit\u00e0 dei nostri barattoli di vetro con coperchio in bamb\u00f9 e cucchiaini inclusi. La catena di supermercati ha annunciato che la durata di conservazione degli alimenti secchi \u00e8 stata prolungata del 42% grazie alla chiusura ermetica con coperchio in bamb\u00f9, e che lo spazio sullo scaffale \u00e8 stato ridotto del 32% grazie al design compatto e rotondo; di conseguenza, il distributore ha deciso di dare seguito all&#039;ordine di 380.000 barattoli di vetro sfusi per soddisfare immediatamente l&#039;elevata domanda del mercato.<\/p>\n<h2>Suggerimenti per la personalizzazione dei barattoli di vetro sfusi<\/h2>\n<ul>\n<li>Anelli di tenuta in silicone colorati, forniscono anelli di tenuta interni in silicone colorato, di qualit\u00e0 alimentare, per i coperchi, che possono essere personalizzati.<\/li>\n<li>Colorazione personalizzata del bamb\u00f9. Indica il colore esatto (naturale, scuro, ecc.) del coperchio e del cucchiaio in bamb\u00f9 che desideri.<\/li>\n<li>Icone di utilizzo incise: applica piccole icone per spezie, cereali o miele sulla spalla del barattolo per individuare facilmente il luogo di conservazione ideale del prodotto.<\/li>\n<li>Fondo strutturato: applicando un motivo a griglia molto sottile sul fondo del barattolo, \u00e8 possibile ottenere una tenuta ottimale sui piani di lavoro lisci della cucina.<\/li>\n<\/ul>","protected":false},"excerpt":{"rendered":"<p dir=\"auto\">Scopri i barattoli di vetro con coperchi in bamb\u00f9 e cucchiai per barattoli di vetro sfusi: elegante forma a bulbo, vetro trasparente, clip per cucchiaio abbinata. Design personalizzabili.<\/p>","protected":false},"featured_media":24581,"template":"","meta":[],"product_brand":[],"product_cat":[122,124,137],"product_tag":[],"class_list":{"0":"post-24578","1":"product","2":"type-product","3":"status-publish","4":"has-post-thumbnail","6":"product_cat-custom-glass-packaging","7":"product_cat-custom-glass-jars","8":"product_cat-glass-jars-with-lids","10":"first","11":"instock","12":"shipping-taxable","13":"product-type-simple"},"jetpack_sharing_enabled":true,"_links":{"self":[{"href":"https:\/\/yebodaglass.com\/it\/wp-json\/wp\/v2\/product\/24578","targetHints":{"allow":["GET"]}}],"collection":[{"href":"https:\/\/yebodaglass.com\/it\/wp-json\/wp\/v2\/product"}],"about":[{"href":"https:\/\/yebodaglass.com\/it\/wp-json\/wp\/v2\/types\/product"}],"version-history":[{"count":3,"href":"https:\/\/yebodaglass.com\/it\/wp-json\/wp\/v2\/product\/24578\/revisions"}],"predecessor-version":[{"id":24585,"href":"https:\/\/yebodaglass.com\/it\/wp-json\/wp\/v2\/product\/24578\/revisions\/24585"}],"wp:featuredmedia":[{"embeddable":true,"href":"https:\/\/yebodaglass.com\/it\/wp-json\/wp\/v2\/media\/24581"}],"wp:attachment":[{"href":"https:\/\/yebodaglass.com\/it\/wp-json\/wp\/v2\/media?parent=24578"}],"wp:term":[{"taxonomy":"product_brand","embeddable":true,"href":"https:\/\/yebodaglass.com\/it\/wp-json\/wp\/v2\/product_brand?post=24578"},{"taxonomy":"product_cat","embeddable":true,"href":"https:\/\/yebodaglass.com\/it\/wp-json\/wp\/v2\/product_cat?post=24578"},{"taxonomy":"product_tag","embeddable":true,"href":"https:\/\/yebodaglass.com\/it\/wp-json\/wp\/v2\/product_tag?post=24578"}],"curies":[{"name":"wp","href":"https:\/\/api.w.org\/{rel}","templated":true}]}}