{"id":24570,"date":"2025-12-24T10:32:19","date_gmt":"2025-12-24T02:32:19","guid":{"rendered":"https:\/\/yebodaglass.com\/?post_type=product&#038;p=24570"},"modified":"2025-12-24T16:47:49","modified_gmt":"2025-12-24T08:47:49","slug":"custom-glass-jar-with-bamboo-lid-for-food-storage-bulk","status":"publish","type":"product","link":"https:\/\/yebodaglass.com\/it\/custom-glass-jar-with-bamboo-lid-for-food-storage-bulk\/","title":{"rendered":"Barattolo di vetro personalizzato da 450 ml, 560 ml, 700 ml e 950 ml con coperchio in bamb\u00f9 per la conservazione degli alimenti all&#039;ingrosso"},"content":{"rendered":"<p>Basta lottare con i coperchi di plastica. Realizziamo barattoli di vetro con coperchio in bamb\u00f9, pensati per i marchi che hanno bisogno di contenitori che funzionino davvero. Questi barattoli trasformano l&#039;inventario giornaliero in un momento di branding. Gli ordini all&#039;ingrosso possono essere personalizzati con finiture in linea con il tuo brand.<\/p>\n<h2>Caratteristiche del prodotto<\/h2>\n<p><strong>Guarnizione del coperchio in bamb\u00f9<\/strong><\/p>\n<p>Mantiene i chicchi di caff\u00e8 croccanti, senza umidit\u00e0, senza odori, senza stress per i barattoli di conservazione.<\/p>\n<p><strong>Vetro resistente al calore<\/strong><\/p>\n<p>Gestisce miele caldo e sciroppo freddo, senza subire shock termici.<\/p>\n<p><strong>Chiarezza rettilinea<\/strong><\/p>\n<p>Osserva ogni granello di gelatina di vetro: i tuoi barattoli di vetro mettono in mostra il tuo prodotto.<\/p>\n<h2>Specifiche chiave<\/h2>\n<table style=\"border-collapse: collapse; width: 80%; margin-left: auto; margin-right: auto;\" border=\"0\" width=\"360\" cellspacing=\"0\" cellpadding=\"0\">\n<tbody>\n<tr style=\"height: 13.50pt;\">\n<td style=\"height: 13.5pt; width: 54pt; text-align: center;\" width=\"72\" height=\"18\">Capacit\u00e0 (ml)<\/td>\n<td style=\"width: 54pt; text-align: center;\" width=\"72\">Dimensioni (cm)<\/td>\n<td style=\"width: 54pt; text-align: center;\" width=\"72\">Diametro della bocca<\/td>\n<td style=\"width: 54pt; text-align: center;\" width=\"72\">Materiale<\/td>\n<td style=\"width: 54pt; text-align: center;\" width=\"72\">Colore<\/td>\n<\/tr>\n<tr style=\"height: 13.50pt;\">\n<td style=\"height: 13.5pt; text-align: center;\" align=\"right\" height=\"18\">450<\/td>\n<td style=\"text-align: center;\">8,5 x 10,0<\/td>\n<td class=\"et2\" style=\"text-align: center;\" rowspan=\"4\">85 millimetri<\/td>\n<td class=\"et2\" style=\"text-align: center;\" rowspan=\"4\">Borosilicato<\/td>\n<td class=\"et2\" style=\"text-align: center;\" rowspan=\"4\">Chiaro e personalizzato<\/td>\n<\/tr>\n<tr style=\"height: 13.50pt;\">\n<td style=\"height: 13.5pt; text-align: center;\" align=\"right\" height=\"18\">560<\/td>\n<td style=\"text-align: center;\">8,5 x 12,0<\/td>\n<\/tr>\n<tr style=\"height: 13.50pt;\">\n<td style=\"height: 13.5pt; text-align: center;\" align=\"right\" height=\"18\">700<\/td>\n<td style=\"text-align: center;\">8,5 x 15,0<\/td>\n<\/tr>\n<tr style=\"height: 13.50pt;\">\n<td style=\"height: 13.5pt; text-align: center;\" align=\"right\" height=\"18\">950<\/td>\n<td style=\"text-align: center;\">8,5 x 20,0<\/td>\n<\/tr>\n<\/tbody>\n<\/table>\n<h2>Caso di successo<\/h2>\n<p>Questo marchio \u00e8 davvero attento al rispetto dell&#039;ambiente. Ha deciso di abbandonare i contenitori di plastica e di passare a barattoli di vetro con coperchio in bamb\u00f9. L&#039;obiettivo del marchio \u00e8 la sostenibilit\u00e0 e l&#039;aspetto naturale. I coperchi in bamb\u00f9 sono perfetti per l&#039;essenza del marchio. Le persone che hanno a cuore l&#039;ambiente e desiderano prodotti di buona qualit\u00e0 apprezzeranno molto questo cambiamento. Il marchio ha apportato questo cambiamento ai suoi prodotti. Vuole essere ecosostenibile. Questo \u00e8 un aspetto importante. I barattoli di vetro e i coperchi in bamb\u00f9 sono un modo per il marchio di dimostrare la sua attenzione all&#039;ambiente e alla qualit\u00e0.<\/p>\n<p>Dopo il lancio del prodotto, le vendite del marchio sono aumentate del 20% nel giro di tre mesi e la linea di snack biologici \u00e8 stata la pi\u00f9 popolare tra i consumatori.<\/p>\n<h2>Il tuo manuale di personalizzazione<\/h2>\n<ol>\n<li><strong>Etichette personalizzate: <\/strong>\u00c8 possibile utilizzare i barattoli di vetro per il branding semplicemente aggiungendo etichette personalizzate, loghi o qualsiasi altro design che faciliti il \u200b\u200briconoscimento del marchio e consenta di apportare modifiche al design in base alle richieste del mercato.<\/li>\n<li><strong>Materiale del coperchio: <\/strong>Oltre ai coperchi in bamb\u00f9, \u00e8 possibile optare anche per altri materiali naturali o coperchi in metallo, per soddisfare le esigenze del marchio. I coperchi in metallo conferiscono un aspetto pi\u00f9 moderno e lussuoso, mentre i coperchi in bamb\u00f9 sono pi\u00f9 ecologici.<\/li>\n<li><strong>Etichette di capacit\u00e0: <\/strong>\u00c8 possibile personalizzare diverse etichette di capacit\u00e0 o graduazioni per scopi diversi, ad esempio per poter misurare con precisione la quantit\u00e0 o il peso degli articoli immagazzinati, rendendo cos\u00ec l&#039;esperienza dell&#039;utente pi\u00f9 intuitiva e comoda.<\/li>\n<\/ol>","protected":false},"excerpt":{"rendered":"<p>Elegante barattolo di vetro con coperchio in bamb\u00f9, perfetto per organizzare e conservare gli alimenti. Ideale per mantenere freschi gli alimenti secchi. Disponibili ordini all&#039;ingrosso e campioni gratuiti.<\/p>","protected":false},"featured_media":24577,"template":"","meta":[],"product_brand":[],"product_cat":[122,124,137],"product_tag":[],"class_list":{"0":"post-24570","1":"product","2":"type-product","3":"status-publish","4":"has-post-thumbnail","6":"product_cat-custom-glass-packaging","7":"product_cat-custom-glass-jars","8":"product_cat-glass-jars-with-lids","10":"first","11":"instock","12":"shipping-taxable","13":"product-type-simple"},"jetpack_sharing_enabled":true,"_links":{"self":[{"href":"https:\/\/yebodaglass.com\/it\/wp-json\/wp\/v2\/product\/24570","targetHints":{"allow":["GET"]}}],"collection":[{"href":"https:\/\/yebodaglass.com\/it\/wp-json\/wp\/v2\/product"}],"about":[{"href":"https:\/\/yebodaglass.com\/it\/wp-json\/wp\/v2\/types\/product"}],"version-history":[{"count":4,"href":"https:\/\/yebodaglass.com\/it\/wp-json\/wp\/v2\/product\/24570\/revisions"}],"predecessor-version":[{"id":24602,"href":"https:\/\/yebodaglass.com\/it\/wp-json\/wp\/v2\/product\/24570\/revisions\/24602"}],"wp:featuredmedia":[{"embeddable":true,"href":"https:\/\/yebodaglass.com\/it\/wp-json\/wp\/v2\/media\/24577"}],"wp:attachment":[{"href":"https:\/\/yebodaglass.com\/it\/wp-json\/wp\/v2\/media?parent=24570"}],"wp:term":[{"taxonomy":"product_brand","embeddable":true,"href":"https:\/\/yebodaglass.com\/it\/wp-json\/wp\/v2\/product_brand?post=24570"},{"taxonomy":"product_cat","embeddable":true,"href":"https:\/\/yebodaglass.com\/it\/wp-json\/wp\/v2\/product_cat?post=24570"},{"taxonomy":"product_tag","embeddable":true,"href":"https:\/\/yebodaglass.com\/it\/wp-json\/wp\/v2\/product_tag?post=24570"}],"curies":[{"name":"wp","href":"https:\/\/api.w.org\/{rel}","templated":true}]}}