{"id":24552,"date":"2025-12-23T15:56:39","date_gmt":"2025-12-23T07:56:39","guid":{"rendered":"https:\/\/yebodaglass.com\/?post_type=product&#038;p=24552"},"modified":"2025-12-24T09:18:02","modified_gmt":"2025-12-24T01:18:02","slug":"empty-unique-glass-jars-with-lids-wholesale","status":"publish","type":"product","link":"https:\/\/yebodaglass.com\/it\/empty-unique-glass-jars-with-lids-wholesale\/","title":{"rendered":"Barattoli di vetro vuoti unici da 350 ml a 950 ml con coperchi all&#039;ingrosso"},"content":{"rendered":"<p data-start=\"66\" data-end=\"288\">Si tratta di insoliti barattoli di vetro con coperchi a loro volta dotati di coperchio: hanno una forma trapezoidale insolita, stretta in alto, pi\u00f9 larga in basso e con angoli acuti. Il contenuto \u00e8 facilmente visibile grazie ai leggeri coperchi in bamb\u00f9 naturale.<\/p>\n<h2>Caratteristiche del prodotto<\/h2>\n<ul>\n<li><strong>Forma trapezoidale sfaccettata:<\/strong> La forma trapezoidale, pi\u00f9 sottile nella parte superiore e pi\u00f9 larga in quella inferiore, con angoli acuti, non solo \u00e8 pi\u00f9 stabile rispetto ai vasi cilindrici, ma conferisce anche profondit\u00e0 visiva.<\/li>\n<li><strong>Corpo trasparente:<\/strong> Il corpo di questo barattolo \u00e8 realizzato in vetro completamente trasparente, il che consente di vedere chiaramente il contenuto senza dover aprire il coperchio.<\/li>\n<li><strong>Coperchio in bamb\u00f9:<\/strong> Il coperchio in bamb\u00f9 \u00e8 un coperchio leggero con uno strato di guarnizione all&#039;interno, un design semplice e un&#039;ottima tenuta.<\/li>\n<\/ul>\n<h2 style=\"text-align: left;\">Specifiche chiave<\/h2>\n<table class=\"aligncenter\" style=\"border-collapse: collapse; width: 459.02pt;\" border=\"0\" width=\"612\" cellspacing=\"0\" cellpadding=\"0\">\n<tbody>\n<tr style=\"height: 13.50pt;\">\n<td style=\"height: 13.50pt; width: 100.50pt;\" width=\"134\" height=\"18\">Specifica<\/td>\n<td style=\"width: 358.50pt;\" width=\"478\">Dettagli<\/td>\n<\/tr>\n<tr style=\"height: 13.50pt;\">\n<td style=\"height: 13.50pt;\" height=\"18\">Capacit\u00e0<\/td>\n<td>350 ml \/ 500 ml \/ 750 ml \/ 950 ml<\/td>\n<\/tr>\n<tr style=\"height: 13.50pt;\">\n<td style=\"height: 13.50pt;\" height=\"18\">Dimensioni<\/td>\n<td>10\u00d710,2 cm \/ 11,5\u00d712 cm \/ 12,5\u00d713,7 cm \/ 14\u00d715,2 cm<\/td>\n<\/tr>\n<tr style=\"height: 13.50pt;\">\n<td style=\"height: 13.50pt;\" height=\"18\">Materiale<\/td>\n<td>Vetro borosilicato alto<\/td>\n<\/tr>\n<tr style=\"height: 13.50pt;\">\n<td style=\"height: 13.50pt;\" height=\"18\">Forma del barattolo<\/td>\n<td>Piramide tronca multiforme (base allargata)<\/td>\n<\/tr>\n<tr style=\"height: 13.50pt;\">\n<td style=\"height: 13.50pt;\" height=\"18\">Tipo di coperchio<\/td>\n<td>Coperchio piatto in bamb\u00f9 leggero con guarnizione sui bordi<\/td>\n<\/tr>\n<tr style=\"height: 13.50pt;\">\n<td style=\"height: 13.50pt;\" height=\"18\">Caratteristica del materiale<\/td>\n<td>Resistente al calore e agli agenti chimici, elevata trasparenza<\/td>\n<\/tr>\n<tr style=\"height: 13.50pt;\">\n<td style=\"height: 13.50pt;\" height=\"18\">Ideale per<\/td>\n<td>Barattoli di vetro con coperchi all&#039;ingrosso, barattoli di vetro con coperchi di legno<\/td>\n<\/tr>\n<\/tbody>\n<\/table>\n<h2>Storia di successo<\/h2>\n<p>Un&#039;azienda produttrice di t\u00e8 di alta gamma era interessata a un packaging che potesse essere utilizzato per esporre e presentare i propri prodotti allo stesso tempo. I nostri esclusivi barattoli in vetro da 500 ml con coperchio sono stati scelti per la loro nuova linea di t\u00e8 monorigine. Questo design in vetro borosilicato non solo \u00e8 resistente (con un tasso di rottura di solo lo 0,2% durante il trasporto), ma il suo design sfaccettato offre un&#039;eccellente presentazione del colore e della consistenza del t\u00e8, il che ha portato a un aumento del 70% del numero di prodotti condivisi sui social media. In seguito a questo enorme successo, l&#039;azienda ha ordinato altri 200.000 barattoli in vetro da promuovere a livello globale.<\/p>\n<h2>Opzioni di personalizzazione di barattoli e coperchi in vetro all&#039;ingrosso<\/h2>\n<ul>\n<li>Coperchi promozionali per barattoli in bamb\u00f9. Ora puoi passare a un coperchio per barattoli in bamb\u00f9, realizzato con un unico pezzo di bamb\u00f9 e con loghi incisi al laser.<\/li>\n<li>Frost, decidi di dare una finitura satinata alle sfaccettature alternate del corpo del barattolo per creare suggestivi giochi di luci e ombre.<\/li>\n<li>Motivi geometrici serigrafati: motivi che ripetono gli angoli del corpo del barattolo su una o due superfici.<\/li>\n<li>Accenti in vetro colorato: possono essere utilizzati su determinate sfaccettature (ad esempio la parte anteriore) con vetro colorato per creare contrasto.<\/li>\n<\/ul>","protected":false},"excerpt":{"rendered":"<p dir=\"auto\">Scopri barattoli e coperchi in vetro all&#039;ingrosso, con esclusivi barattoli in vetro con coperchi dal design trapezoidale sfaccettato, in borosilicato alto con tappo in bamb\u00f9. Spedizione rapida.<\/p>","protected":false},"featured_media":24554,"template":"","meta":[],"product_brand":[],"product_cat":[122,124,137],"product_tag":[],"class_list":{"0":"post-24552","1":"product","2":"type-product","3":"status-publish","4":"has-post-thumbnail","6":"product_cat-custom-glass-packaging","7":"product_cat-custom-glass-jars","8":"product_cat-glass-jars-with-lids","10":"first","11":"instock","12":"shipping-taxable","13":"product-type-simple"},"jetpack_sharing_enabled":true,"_links":{"self":[{"href":"https:\/\/yebodaglass.com\/it\/wp-json\/wp\/v2\/product\/24552","targetHints":{"allow":["GET"]}}],"collection":[{"href":"https:\/\/yebodaglass.com\/it\/wp-json\/wp\/v2\/product"}],"about":[{"href":"https:\/\/yebodaglass.com\/it\/wp-json\/wp\/v2\/types\/product"}],"version-history":[{"count":3,"href":"https:\/\/yebodaglass.com\/it\/wp-json\/wp\/v2\/product\/24552\/revisions"}],"predecessor-version":[{"id":24568,"href":"https:\/\/yebodaglass.com\/it\/wp-json\/wp\/v2\/product\/24552\/revisions\/24568"}],"wp:featuredmedia":[{"embeddable":true,"href":"https:\/\/yebodaglass.com\/it\/wp-json\/wp\/v2\/media\/24554"}],"wp:attachment":[{"href":"https:\/\/yebodaglass.com\/it\/wp-json\/wp\/v2\/media?parent=24552"}],"wp:term":[{"taxonomy":"product_brand","embeddable":true,"href":"https:\/\/yebodaglass.com\/it\/wp-json\/wp\/v2\/product_brand?post=24552"},{"taxonomy":"product_cat","embeddable":true,"href":"https:\/\/yebodaglass.com\/it\/wp-json\/wp\/v2\/product_cat?post=24552"},{"taxonomy":"product_tag","embeddable":true,"href":"https:\/\/yebodaglass.com\/it\/wp-json\/wp\/v2\/product_tag?post=24552"}],"curies":[{"name":"wp","href":"https:\/\/api.w.org\/{rel}","templated":true}]}}