{"id":24526,"date":"2025-12-23T10:20:01","date_gmt":"2025-12-23T02:20:01","guid":{"rendered":"https:\/\/yebodaglass.com\/?post_type=product&#038;p=24526"},"modified":"2025-12-23T14:09:46","modified_gmt":"2025-12-23T06:09:46","slug":"custom-98mm-diameter-glass-jars-with-lids-wholesale","status":"publish","type":"product","link":"https:\/\/yebodaglass.com\/it\/custom-98mm-diameter-glass-jars-with-lids-wholesale\/","title":{"rendered":"Barattoli di vetro personalizzati da 600 ml, 1000 ml e 1350 ml con coperchi, diametro 98 mm, vendita all&#039;ingrosso"},"content":{"rendered":"<p>Basta con i coperchi piccoli. Produciamo all&#039;ingrosso barattoli di vetro con coperchi pensati per i marchi che necessitano di una soluzione di stoccaggio davvero funzionale. Questi barattoli di vetro sono un modo per trasformare le scorte giornaliere in un momento di branding. Gli acquisti all&#039;ingrosso possono essere personalizzati con finiture in linea con il tuo brand.<\/p>\n<h2>Caratteristiche del prodotto<\/h2>\n<p><strong>Ampio accesso alla bocca<\/strong><\/p>\n<p>Raccogli il miele o la gelatina di vetro in modo pulito e ordinato. NON SPORCARE, \u00e8 la frase giusta.<\/p>\n<p><strong>Elevate prestazioni di tenuta<\/strong><\/p>\n<p>Incorporando un tappo sigillante, il prodotto \u00e8 in grado di mantenere gli alimenti freschi pi\u00f9 a lungo, proteggendoli dall&#039;umidit\u00e0 e dall&#039;ossidazione e aumentandone cos\u00ec la durata di conservazione.<\/p>\n<p><strong>Resistente al calore e durevolezza<\/strong><\/p>\n<p>Il vetro borosilicato pu\u00f2 essere utilizzato per conservare lo sciroppo caldo, il miele freddo o nel congelatore, senza subire shock termici.<\/p>\n<h2>Specifiche chiave<\/h2>\n<table style=\"border-collapse: collapse; width: 80%; margin-left: auto; margin-right: auto;\" border=\"0\" width=\"360\" cellspacing=\"0\" cellpadding=\"0\">\n<tbody>\n<tr style=\"height: 13.50pt;\">\n<td style=\"height: 13.5pt; width: 54pt; text-align: center;\" width=\"72\" height=\"18\">Capacit\u00e0 (ml)<\/td>\n<td style=\"width: 54pt; text-align: center;\" width=\"72\">Dimensioni (cm)<\/td>\n<td style=\"width: 54pt; text-align: center;\" width=\"72\">Diametro della bocca<\/td>\n<td style=\"width: 54pt; text-align: center;\" width=\"72\">Materiale<\/td>\n<td style=\"width: 54pt; text-align: center;\" width=\"72\">Forma<\/td>\n<\/tr>\n<tr style=\"height: 13.50pt;\">\n<td style=\"height: 13.5pt; text-align: center;\" align=\"right\" height=\"18\">600<\/td>\n<td style=\"text-align: center;\">9,8 x 10,0<\/td>\n<td class=\"et2\" style=\"text-align: center;\" rowspan=\"3\">98 millimetri<\/td>\n<td class=\"et2\" style=\"text-align: center;\" rowspan=\"3\">vetro borosilicato<\/td>\n<td class=\"et2\" style=\"text-align: center;\" rowspan=\"3\">Tondo Dritto \u2013 lato<\/td>\n<\/tr>\n<tr style=\"height: 13.50pt;\">\n<td style=\"height: 13.5pt; text-align: center;\" align=\"right\" height=\"18\">1000<\/td>\n<td style=\"text-align: center;\">9,8 x 15,0<\/td>\n<\/tr>\n<tr style=\"height: 13.50pt;\">\n<td style=\"height: 13.5pt; text-align: center;\" align=\"right\" height=\"18\">1350<\/td>\n<td style=\"text-align: center;\">9,8 x 20,0<\/td>\n<\/tr>\n<\/tbody>\n<\/table>\n<h2>Storia di successo<\/h2>\n<p>Un marchio di alimenti salutari ha scelto di utilizzare questi barattoli in vetro borosilicato per conservare e presentare la sua frutta secca e secca essiccata. I barattoli hanno un&#039;ampia apertura che permette di prelevare facilmente la frutta secca e il vetro trasparente \u00e8 un&#039;ottima soluzione visiva che invoglia i clienti a prendere i prodotti dallo scaffale.<\/p>\n<p>Nel giro di circa 3 mesi, le vendite di frutta secca del marchio sono aumentate del 20%.<\/p>\n<h2>Il tuo manuale di personalizzazione<\/h2>\n<ol>\n<li><strong>Selezione:<\/strong> A seconda delle esigenze di conservazione, \u00e8 possibile scegliere diversi metodi di sigillatura, come coperchi con clip metalliche o anelli di tenuta in silicone, per garantire migliori prestazioni di sigillatura, adatti alla conservazione di alimenti avariati o freschi.<\/li>\n<li><strong>Colori del coperchio:<\/strong> Cambia i colori dei coperchi per abbinarli ai colori del marchio o alle caratteristiche del prodotto, per un risultato pi\u00f9 personalizzato e unico. Ad esempio, i coperchi dorati o argentati trasmettono una sensazione di lusso, mentre i coperchi in legno naturale suggeriscono una tendenza ecologica, rispettosa dell&#039;ambiente e naturale.<\/li>\n<li><strong>Accessori:<\/strong> \u00c8 possibile aggiungere accessori al contenitore di stoccaggio, come etichette, adesivi, cucchiai per barattoli di vetro, ecc., per deliziare l&#039;utente e aumentare ulteriormente la funzionalit\u00e0 e l&#039;attrattiva del prodotto.<\/li>\n<\/ol>","protected":false},"excerpt":{"rendered":"<p>Vendita diretta in fabbrica di barattoli in vetro borosilicato con coperchio all&#039;ingrosso, perfetti per conservare prodotti secchi, spezie e t\u00e8. Possibilit\u00e0 di personalizzazione.<\/p>","protected":false},"featured_media":24540,"template":"","meta":[],"product_brand":[],"product_cat":[122,124,137],"product_tag":[],"class_list":{"0":"post-24526","1":"product","2":"type-product","3":"status-publish","4":"has-post-thumbnail","6":"product_cat-custom-glass-packaging","7":"product_cat-custom-glass-jars","8":"product_cat-glass-jars-with-lids","10":"first","11":"instock","12":"shipping-taxable","13":"product-type-simple"},"jetpack_sharing_enabled":true,"_links":{"self":[{"href":"https:\/\/yebodaglass.com\/it\/wp-json\/wp\/v2\/product\/24526","targetHints":{"allow":["GET"]}}],"collection":[{"href":"https:\/\/yebodaglass.com\/it\/wp-json\/wp\/v2\/product"}],"about":[{"href":"https:\/\/yebodaglass.com\/it\/wp-json\/wp\/v2\/types\/product"}],"version-history":[{"count":5,"href":"https:\/\/yebodaglass.com\/it\/wp-json\/wp\/v2\/product\/24526\/revisions"}],"predecessor-version":[{"id":24542,"href":"https:\/\/yebodaglass.com\/it\/wp-json\/wp\/v2\/product\/24526\/revisions\/24542"}],"wp:featuredmedia":[{"embeddable":true,"href":"https:\/\/yebodaglass.com\/it\/wp-json\/wp\/v2\/media\/24540"}],"wp:attachment":[{"href":"https:\/\/yebodaglass.com\/it\/wp-json\/wp\/v2\/media?parent=24526"}],"wp:term":[{"taxonomy":"product_brand","embeddable":true,"href":"https:\/\/yebodaglass.com\/it\/wp-json\/wp\/v2\/product_brand?post=24526"},{"taxonomy":"product_cat","embeddable":true,"href":"https:\/\/yebodaglass.com\/it\/wp-json\/wp\/v2\/product_cat?post=24526"},{"taxonomy":"product_tag","embeddable":true,"href":"https:\/\/yebodaglass.com\/it\/wp-json\/wp\/v2\/product_tag?post=24526"}],"curies":[{"name":"wp","href":"https:\/\/api.w.org\/{rel}","templated":true}]}}