{"id":24509,"date":"2025-12-22T11:32:32","date_gmt":"2025-12-22T03:32:32","guid":{"rendered":"https:\/\/yebodaglass.com\/?post_type=product&#038;p=24509"},"modified":"2026-04-13T15:43:41","modified_gmt":"2026-04-13T07:43:41","slug":"borosilicate-big-glass-jar-with-lid-for-storage-wholesale","status":"publish","type":"product","link":"https:\/\/yebodaglass.com\/it\/borosilicate-big-glass-jar-with-lid-for-storage-wholesale\/","title":{"rendered":"Barattolo di vetro grande in borosilicato da 1360 ml e 1800 ml con coperchio per la conservazione all&#039;ingrosso"},"content":{"rendered":"<p>Il barattolo in vetro con coperchio ha una forma cilindrica ed \u00e8 realizzato in vetro borosilicato ultra trasparente. Il prodotto presenta un corpo in vetro senza giunture visibili, progettato per creare una barriera ermetica completa contro l&#039;umidit\u00e0 grazie al coperchio in bamb\u00f9 naturale e alla guarnizione in silicone alimentare.<\/p>\n<h2>Caratteristiche del prodotto<\/h2>\n<ul>\n<li><strong>Materiale: vetro borosilicato<\/strong> Il prodotto \u00e8 realizzato in vetro borosilicato per uso alimentare, che offre elevata trasparenza e protegge dagli sbalzi di temperatura estremi, rimanendo al contempo sicuro e inodore.<\/li>\n<li><strong>Coperchio con chiusura ermetica in bamb\u00f9 naturale:<\/strong> La combinazione del coperchio in bamb\u00f9 naturale e dell&#039;anello di tenuta in silicone alimentare crea un sistema di chiusura che offre capacit\u00e0 di tenuta superiori.<\/li>\n<li><strong>Ampia apertura per una facile pulizia:<\/strong> Il design a bocca larga consente agli utenti di accedere facilmente ai prodotti alimentari ed effettuare una pulizia accurata, adattandosi al contempo alle diverse esigenze di stoccaggio in cucina.<\/li>\n<\/ul>\n<h2>Specifiche chiave<\/h2>\n<table style=\"border-collapse: collapse; width: 80%; margin-left: auto; margin-right: auto;\" border=\"0\" width=\"360\" cellspacing=\"0\" cellpadding=\"0\">\n<tbody>\n<tr style=\"height: 13.50pt;\">\n<td style=\"height: 13.5pt; width: 54pt; text-align: center;\" width=\"72\" height=\"18\">Capacit\u00e0 (ml)<\/td>\n<td style=\"width: 54pt; text-align: center;\" width=\"72\">Dimensioni (cm)<\/td>\n<td style=\"width: 54pt; text-align: center;\" width=\"72\">Diametro della bocca<\/td>\n<td style=\"width: 54pt; text-align: center;\" width=\"72\">Materiale<\/td>\n<td style=\"width: 54pt; text-align: center;\" width=\"72\">Caratteristiche<\/td>\n<\/tr>\n<tr style=\"height: 13.50pt;\">\n<td style=\"height: 13.5pt; text-align: center;\" height=\"18\">1360<\/td>\n<td style=\"text-align: center;\">12,0 x 15,0<\/td>\n<td class=\"et2\" style=\"text-align: center;\" rowspan=\"2\">120 millimetri<\/td>\n<td class=\"et2\" style=\"text-align: center;\" rowspan=\"2\">vetro borosilicato<\/td>\n<td class=\"et2\" style=\"text-align: center;\" rowspan=\"2\">Coperchio dritto da 120 mm<\/td>\n<\/tr>\n<tr style=\"height: 13.50pt;\">\n<td style=\"height: 13.5pt; text-align: center;\" height=\"18\">1800<\/td>\n<td style=\"text-align: center;\">12,0 x 20,0<\/td>\n<\/tr>\n<\/tbody>\n<\/table>\n<h2>Caso di successo: un ordine personalizzato da una catena di supermercati a zero rifiuti.<\/h2>\n<p>I nostri barattoli da cucina sono stati scelti da una catena di supermercati nazionale che ha richiesto la personalizzazione con tacche di misurazione del volume. I barattoli di vetro personalizzati sono diventati popolari tra i clienti perch\u00e9 la loro chiusura ermetica aiuta a conservare i prodotti in dispensa il 30% pi\u00f9 a lungo e le tacche di misurazione consentono di ridurre la quantit\u00e0 acquistata del 15%. Dopo l&#039;ordine iniziale, la catena ha effettuato un ordine di 580.000 barattoli di vetro perch\u00e9 voleva creare una nuova linea di kit per la conservazione degli alimenti preconfezionati.<\/p>\n<h2>Opzioni di personalizzazione per i barattoli da cucina<\/h2>\n<ol>\n<li><strong>Materiale del coperchio e struttura di tenuta:<\/strong> Un barattolo piatto con bordo da 120 mm pu\u00f2 essere combinato con coperchi sigillanti in bamb\u00f9, legno o materiale composito, e lo spessore dell&#039;anello di tenuta in silicone pu\u00f2 essere aumentato per una migliore resistenza all&#039;umidit\u00e0 e per preservare la freschezza.<\/li>\n<li><strong>Personalizzazione del corpo del barattolo:\u00a0<\/strong>Il corpo del barattolo \u00e8 dotato di schermo, stampa, applicazione di decalcomanie, riserva di spazio per etichette o finitura satinata, supporto per soddisfare i requisiti di branding e fornitura di informazioni.<\/li>\n<li><strong>Spessore del vetro e impatto:<\/strong> Il vetro borosilicato spesso pu\u00f2 essere ulteriormente personalizzato per situazioni di rotazione molto frequenti nei supermercati, riducendo il tasso di rottura durante il trasporto e il processo di scaffalatura.<\/li>\n<\/ol>","protected":false},"excerpt":{"rendered":"<p>Elegante barattolo in vetro di grandi dimensioni con coperchio e design in bamb\u00f9 naturale. Barattoli da cucina ideali per soluzioni di conservazione moderne. Possibilit\u00e0 di personalizzazione con il proprio marchio. Campioni gratuiti.<\/p>","protected":false},"featured_media":24510,"template":"","meta":[],"product_brand":[],"product_cat":[137,124,122],"product_tag":[],"class_list":{"0":"post-24509","1":"product","2":"type-product","3":"status-publish","4":"has-post-thumbnail","6":"product_cat-glass-jars-with-lids","7":"product_cat-custom-glass-jars","8":"product_cat-custom-glass-packaging","10":"first","11":"instock","12":"shipping-taxable","13":"product-type-simple"},"jetpack_sharing_enabled":true,"_links":{"self":[{"href":"https:\/\/yebodaglass.com\/it\/wp-json\/wp\/v2\/product\/24509","targetHints":{"allow":["GET"]}}],"collection":[{"href":"https:\/\/yebodaglass.com\/it\/wp-json\/wp\/v2\/product"}],"about":[{"href":"https:\/\/yebodaglass.com\/it\/wp-json\/wp\/v2\/types\/product"}],"version-history":[{"count":5,"href":"https:\/\/yebodaglass.com\/it\/wp-json\/wp\/v2\/product\/24509\/revisions"}],"predecessor-version":[{"id":25766,"href":"https:\/\/yebodaglass.com\/it\/wp-json\/wp\/v2\/product\/24509\/revisions\/25766"}],"wp:featuredmedia":[{"embeddable":true,"href":"https:\/\/yebodaglass.com\/it\/wp-json\/wp\/v2\/media\/24510"}],"wp:attachment":[{"href":"https:\/\/yebodaglass.com\/it\/wp-json\/wp\/v2\/media?parent=24509"}],"wp:term":[{"taxonomy":"product_brand","embeddable":true,"href":"https:\/\/yebodaglass.com\/it\/wp-json\/wp\/v2\/product_brand?post=24509"},{"taxonomy":"product_cat","embeddable":true,"href":"https:\/\/yebodaglass.com\/it\/wp-json\/wp\/v2\/product_cat?post=24509"},{"taxonomy":"product_tag","embeddable":true,"href":"https:\/\/yebodaglass.com\/it\/wp-json\/wp\/v2\/product_tag?post=24509"}],"curies":[{"name":"wp","href":"https:\/\/api.w.org\/{rel}","templated":true}]}}