{"id":24500,"date":"2025-12-19T17:46:32","date_gmt":"2025-12-19T09:46:32","guid":{"rendered":"https:\/\/yebodaglass.com\/?post_type=product&#038;p=24500"},"modified":"2025-12-22T10:08:45","modified_gmt":"2025-12-22T02:08:45","slug":"glass-jars-with-airtight-lids-for-storage-wholesale","status":"publish","type":"product","link":"https:\/\/yebodaglass.com\/it\/glass-jars-with-airtight-lids-for-storage-wholesale\/","title":{"rendered":"Barattoli di vetro da 335 ml, 580 ml e 800 ml con coperchi ermetici per la conservazione all&#039;ingrosso"},"content":{"rendered":"<p data-start=\"66\" data-end=\"288\">Questi barattoli di vetro resistenti e durevoli, con coperchi ermetici, sono realizzati in vetro borosilicato di alta qualit\u00e0, che li rende estremamente trasparenti e durevoli. Il coperchio piatto, con venature in legno scuro, non solo \u00e8 bello da vedere, ma offre anche una chiusura ermetica e pu\u00f2 essere acquistato in tre diverse dimensioni.<\/p>\n<h2>Caratteristiche del prodotto<\/h2>\n<ul>\n<li><strong>Robusto design cilindrico:<\/strong> Il corpo del barattolo \u00e8 spesso e stabile, il che ne rende difficile il ribaltamento; inoltre, \u00e8 abbastanza resistente da poter essere utilizzato quotidianamente.<\/li>\n<li><strong>Sigillatura di alta qualit\u00e0:<\/strong> Il coperchio in legno venato, realizzato con un metodo speciale, sigilla ermeticamente il contenitore e quindi il cibo rimane fresco a lungo.<\/li>\n<li><strong>Vetro borosilicato di grado:<\/strong> Oltre all&#039;eccellente resistenza agli shock termici, il vetro \u00e8 anche molto trasparente e quindi il contenuto rimane visibile a lungo.<\/li>\n<\/ul>\n<h2 style=\"text-align: left;\">Specifiche chiave<\/h2>\n<table class=\"aligncenter\" style=\"border-collapse: collapse; width: 424.52pt;\" border=\"0\" width=\"566\" cellspacing=\"0\" cellpadding=\"0\">\n<tbody>\n<tr style=\"height: 13.50pt;\">\n<td style=\"height: 13.50pt; width: 107.25pt;\" width=\"143\" height=\"18\">Specifica<\/td>\n<td style=\"width: 317.25pt;\" width=\"423\">Dettagli<\/td>\n<\/tr>\n<tr style=\"height: 13.50pt;\">\n<td style=\"height: 13.50pt;\" height=\"18\">Capacit\u00e0<\/td>\n<td>335 ml \/ 580 ml \/ 800 ml<\/td>\n<\/tr>\n<tr style=\"height: 13.50pt;\">\n<td style=\"height: 13.50pt;\" height=\"18\">Dimensioni<\/td>\n<td>8\u00d710cm \/ 8\u00d715cm \/ 8\u00d720cm<\/td>\n<\/tr>\n<tr style=\"height: 13.50pt;\">\n<td style=\"height: 13.50pt;\" height=\"18\">Materiale<\/td>\n<td>Vetro borosilicato alto<\/td>\n<\/tr>\n<tr style=\"height: 13.50pt;\">\n<td style=\"height: 13.50pt;\" height=\"18\">Tipo di coperchio<\/td>\n<td>Coperchio piatto effetto legno scuro (ermeticamente chiuso)<\/td>\n<\/tr>\n<tr style=\"height: 13.50pt;\">\n<td style=\"height: 13.50pt;\" height=\"18\">Diametro del coperchio<\/td>\n<td>80 mm (uniforme per tutte le taglie)<\/td>\n<\/tr>\n<tr style=\"height: 13.50pt;\">\n<td style=\"height: 13.50pt;\" height=\"18\">Caratteristica del materiale<\/td>\n<td>Elevata resistenza termica e chimica, trasparenza superiore<\/td>\n<\/tr>\n<tr style=\"height: 13.50pt;\">\n<td style=\"height: 13.50pt;\" height=\"18\">Ideale per<\/td>\n<td>Barattoli di vetro con coperchi ermetici, barattoli di vetro all&#039;ingrosso<\/td>\n<\/tr>\n<\/tbody>\n<\/table>\n<h2>Storia di successo: la soluzione per la supply chain di un torrefattore di caff\u00e8<\/h2>\n<p>La torrefazione di caff\u00e8 di medie dimensioni ha confezionato il suo prodotto migliore e pi\u00f9 venduto nei nostri barattoli di vetro da 580 ml con coperchi ermetici. Grazie all&#039;utilizzo dei resistenti barattoli in vetro borosilicato, la torrefazione ha visto l&#039;incidenza di rotture durante il trasporto e lo stoccaggio ridursi dell&#039;85%. Il coperchio ermetico in legno e cereali si \u00e8 rivelato molto efficace nel mantenere freschi i chicchi di caff\u00e8 e i baristi (clienti) hanno segnalato un prolungamento del 30% del tempo di infusione ottimale. Dopo aver constatato i vantaggi operativi e finanziari, l&#039;azienda ha ordinato altri 250.000 barattoli per facilitare l&#039;espansione della produzione.<\/p>\n<h2>Opzioni di personalizzazione all&#039;ingrosso di barattoli di vetro<\/h2>\n<ul>\n<li>Coperchi in legno massello. Passa a coperchi in legno massello resistenti, adatti agli alimenti, con finiture in noce o acacia a tua scelta.<\/li>\n<li>Marchio sul coperchio, il tuo logo viene stampato o inciso al laser sul legno.<\/li>\n<li>Indicazione della capacit\u00e0: la capacit\u00e0 del barattolo (ad esempio &#034;580 ml&#034;) \u00e8 indicata dalla stampa in rilievo sul fondo del barattolo.<\/li>\n<li>Una migliore tenuta con una guarnizione in silicone alimentare pi\u00f9 larga o colorata. Una guarnizione in silicone alimentare pi\u00f9 larga o colorata aiuta a ottenere una tenuta migliore.<\/li>\n<\/ul>","protected":false},"excerpt":{"rendered":"<p>Eleganti barattoli in vetro con coperchi ermetici per acquirenti all&#039;ingrosso di barattoli in vetro, caratterizzati da corpi in vetro spesso e coperchi in legno naturale. Sconti disponibili per ordini all&#039;ingrosso.<\/p>","protected":false},"featured_media":24504,"template":"","meta":[],"product_brand":[],"product_cat":[122,124,137],"product_tag":[],"class_list":{"0":"post-24500","1":"product","2":"type-product","3":"status-publish","4":"has-post-thumbnail","6":"product_cat-custom-glass-packaging","7":"product_cat-custom-glass-jars","8":"product_cat-glass-jars-with-lids","10":"first","11":"instock","12":"shipping-taxable","13":"product-type-simple"},"jetpack_sharing_enabled":true,"_links":{"self":[{"href":"https:\/\/yebodaglass.com\/it\/wp-json\/wp\/v2\/product\/24500","targetHints":{"allow":["GET"]}}],"collection":[{"href":"https:\/\/yebodaglass.com\/it\/wp-json\/wp\/v2\/product"}],"about":[{"href":"https:\/\/yebodaglass.com\/it\/wp-json\/wp\/v2\/types\/product"}],"version-history":[{"count":4,"href":"https:\/\/yebodaglass.com\/it\/wp-json\/wp\/v2\/product\/24500\/revisions"}],"predecessor-version":[{"id":24508,"href":"https:\/\/yebodaglass.com\/it\/wp-json\/wp\/v2\/product\/24500\/revisions\/24508"}],"wp:featuredmedia":[{"embeddable":true,"href":"https:\/\/yebodaglass.com\/it\/wp-json\/wp\/v2\/media\/24504"}],"wp:attachment":[{"href":"https:\/\/yebodaglass.com\/it\/wp-json\/wp\/v2\/media?parent=24500"}],"wp:term":[{"taxonomy":"product_brand","embeddable":true,"href":"https:\/\/yebodaglass.com\/it\/wp-json\/wp\/v2\/product_brand?post=24500"},{"taxonomy":"product_cat","embeddable":true,"href":"https:\/\/yebodaglass.com\/it\/wp-json\/wp\/v2\/product_cat?post=24500"},{"taxonomy":"product_tag","embeddable":true,"href":"https:\/\/yebodaglass.com\/it\/wp-json\/wp\/v2\/product_tag?post=24500"}],"curies":[{"name":"wp","href":"https:\/\/api.w.org\/{rel}","templated":true}]}}