{"id":24486,"date":"2025-12-19T16:52:38","date_gmt":"2025-12-19T08:52:38","guid":{"rendered":"https:\/\/yebodaglass.com\/?post_type=product&#038;p=24486"},"modified":"2026-04-10T10:09:38","modified_gmt":"2026-04-10T02:09:38","slug":"straight-sided-round-borosilicate-huge-glass-jars-bulk","status":"publish","type":"product","link":"https:\/\/yebodaglass.com\/it\/straight-sided-round-borosilicate-huge-glass-jars-bulk\/","title":{"rendered":"Barattoli di vetro borosilicato rotondi con lati dritti da 3200 ml e 4800 ml, grandi, sfusi"},"content":{"rendered":"<p>Sei stufo dei piccoli vasetti che fanno rovesciare il cibo in tutta la cucina? Creiamo soluzioni con vasetti di vetro di grandi dimensioni, pensate appositamente per i marchi che necessitano di un vero spazio di stoccaggio. Queste opzioni di vasetti all&#039;ingrosso trasformano le scorte quotidiane in un momento di brand di alta qualit\u00e0. Per gli ordini all&#039;ingrosso, i colori vengono personalizzati per abbinarsi al tuo marchio.<\/p>\n<h2>Caratteristiche del prodotto<\/h2>\n<p><strong>Design a lati dritti:\u00a0<\/strong>Con una capacit\u00e0 di 4800 ml, il barattolo pu\u00f2 contenere polveri, cereali, chicchi di caff\u00e8, erbe aromatiche, spezie, ecc., eliminando cos\u00ec gli sprechi di prodotto dovuti ai contenitori di piccole dimensioni.<\/p>\n<p><strong>Vetro borosilicato resistente al calore:\u00a0<\/strong>Questi enormi barattoli di vetro possono essere utilizzati per conservare cibi caldi, freddi e surgelati, senza mai causare shock termici; inoltre, possono essere usati come vasi o portacandele.<\/p>\n<p><strong>Coperchio largo 150 mm per un facile accesso:\u00a0<\/strong>Grazie al misurino in vetro, \u00e8 possibile prelevare polveri o altri ingredienti secchi senza difficolt\u00e0: \u00e8 a prova di perdite e facile da impugnare.<\/p>\n<h2>Specifiche chiave<\/h2>\n<table style=\"border-collapse: collapse; width: 80%; margin-left: auto; margin-right: auto;\" border=\"0\" width=\"360\" cellspacing=\"0\" cellpadding=\"0\">\n<tbody>\n<tr style=\"height: 13.50pt;\">\n<td style=\"height: 13.5pt; width: 54pt; text-align: center;\" width=\"72\" height=\"18\">Capacit\u00e0 (ml)<\/td>\n<td style=\"width: 54pt; text-align: center;\" width=\"72\">Dimensioni (cm)<\/td>\n<td style=\"width: 54pt; text-align: center;\" width=\"72\">Diametro della bocca<\/td>\n<td style=\"width: 54pt; text-align: center;\" width=\"72\">Materiale<\/td>\n<td style=\"width: 54pt; text-align: center;\" width=\"72\">Forma<\/td>\n<\/tr>\n<tr style=\"height: 13.50pt;\">\n<td style=\"height: 13.5pt; text-align: center;\" align=\"right\" height=\"18\">3200<\/td>\n<td style=\"text-align: center;\">15,0 x 20,0<\/td>\n<td class=\"et2\" style=\"text-align: center;\" rowspan=\"2\">150 millimetri<\/td>\n<td class=\"et2\" style=\"text-align: center;\" rowspan=\"2\">Borosilicato<\/td>\n<td class=\"et2\" style=\"text-align: center;\" rowspan=\"2\">Tondo a lati dritti<\/td>\n<\/tr>\n<tr style=\"height: 13.50pt;\">\n<td style=\"height: 13.5pt; text-align: center;\" align=\"right\" height=\"18\">4800<\/td>\n<td style=\"text-align: center;\">15,0 x 30,0<\/td>\n<\/tr>\n<\/tbody>\n<\/table>\n<h2>Caso di successo<\/h2>\n<p>Dopo essere passata a questi contenitori per alimenti secchi e t\u00e8 sfusi in grandi quantit\u00e0, con lati dritti e bocca piatta, dotati di coperchi in bamb\u00f9, una catena di negozi canadese ha rinnovato l&#039;intera linea di prodotti, passando dai contenitori in plastica alle confezioni espositive in vetro. Le vetrine dei negozi sono risultate molto pi\u00f9 attraenti grazie alla migliore illuminazione dei prodotti, resa possibile dall&#039;elevata trasparenza dei contenitori in vetro, dal grande diametro di 150 mm che facilita il rifornimento e dalla tenuta stagna. Di conseguenza, anche la qualit\u00e0 percepita dei prodotti \u00e8 migliorata.<\/p>\n<p>Nei primi tre mesi di implementazione lato cliente, il cliente ha registrato un incremento annuo di circa il 28% nelle vendite al dettaglio di prodotti sfusi simili, con la crescita pi\u00f9 significativa nella categoria del t\u00e8 di alta gamma.<\/p>\n<h2>Il tuo manuale di personalizzazione<\/h2>\n<ol>\n<li>Il coperchio pu\u00f2 essere scelto tra coperchi di chiusura in bamb\u00f9, legno o materiale composito, e presenta un logo inciso al laser sulla parte superiore.<\/li>\n<li>Applicando graduazioni, serigrafie o stampe a caldo dei loghi del marchio sul corpo della lattina, \u00e8 possibile migliorare il riconoscimento del marchio per i clienti all&#039;ingrosso.<\/li>\n<\/ol>","protected":false},"excerpt":{"rendered":"<p>Grandi barattoli di vetro per la conservazione degli alimenti, prodotti da un&#039;azienda specializzata nella produzione di barattoli di vetro. Fornitura all&#039;ingrosso direttamente dalla fabbrica, con possibilit\u00e0 di personalizzazione di dimensioni, coperchi e prezzi all&#039;ingrosso.<\/p>","protected":false},"featured_media":24487,"template":"","meta":[],"product_brand":[],"product_cat":[137,124,122],"product_tag":[],"class_list":{"0":"post-24486","1":"product","2":"type-product","3":"status-publish","4":"has-post-thumbnail","6":"product_cat-glass-jars-with-lids","7":"product_cat-custom-glass-jars","8":"product_cat-custom-glass-packaging","10":"first","11":"instock","12":"shipping-taxable","13":"product-type-simple"},"jetpack_sharing_enabled":true,"_links":{"self":[{"href":"https:\/\/yebodaglass.com\/it\/wp-json\/wp\/v2\/product\/24486","targetHints":{"allow":["GET"]}}],"collection":[{"href":"https:\/\/yebodaglass.com\/it\/wp-json\/wp\/v2\/product"}],"about":[{"href":"https:\/\/yebodaglass.com\/it\/wp-json\/wp\/v2\/types\/product"}],"version-history":[{"count":5,"href":"https:\/\/yebodaglass.com\/it\/wp-json\/wp\/v2\/product\/24486\/revisions"}],"predecessor-version":[{"id":25713,"href":"https:\/\/yebodaglass.com\/it\/wp-json\/wp\/v2\/product\/24486\/revisions\/25713"}],"wp:featuredmedia":[{"embeddable":true,"href":"https:\/\/yebodaglass.com\/it\/wp-json\/wp\/v2\/media\/24487"}],"wp:attachment":[{"href":"https:\/\/yebodaglass.com\/it\/wp-json\/wp\/v2\/media?parent=24486"}],"wp:term":[{"taxonomy":"product_brand","embeddable":true,"href":"https:\/\/yebodaglass.com\/it\/wp-json\/wp\/v2\/product_brand?post=24486"},{"taxonomy":"product_cat","embeddable":true,"href":"https:\/\/yebodaglass.com\/it\/wp-json\/wp\/v2\/product_cat?post=24486"},{"taxonomy":"product_tag","embeddable":true,"href":"https:\/\/yebodaglass.com\/it\/wp-json\/wp\/v2\/product_tag?post=24486"}],"curies":[{"name":"wp","href":"https:\/\/api.w.org\/{rel}","templated":true}]}}