{"id":24457,"date":"2025-12-18T10:59:35","date_gmt":"2025-12-18T02:59:35","guid":{"rendered":"https:\/\/yebodaglass.com\/?post_type=product&#038;p=24457"},"modified":"2026-04-13T16:19:06","modified_gmt":"2026-04-13T08:19:06","slug":"wholesale-glass-jars-with-lids-for-storage","status":"publish","type":"product","link":"https:\/\/yebodaglass.com\/it\/wholesale-glass-jars-with-lids-for-storage\/","title":{"rendered":"Barattoli di vetro all&#039;ingrosso da 600 ml a 1400 ml con coperchi per la conservazione\u00a0"},"content":{"rendered":"<p>I barattoli di vetro all&#039;ingrosso hanno una forma quadrata con angoli arrotondati e sono realizzati in vetro borosilicato ultra trasparente, conforme agli standard alimentari. I barattoli sono dotati di tappi a vite in bamb\u00f9 naturale e guarnizioni in silicone integrate per garantire la tenuta ermetica.<\/p>\n<h2>Caratteristiche del prodotto<\/h2>\n<ul>\n<li><strong>Design semplice, squadrato, a cilindro dritto:<\/strong> La forma cilindrica dritta, quadrata e con angoli arrotondati, consente l&#039;impilamento e il design ne facilita il riconoscimento.<\/li>\n<li><strong>Coperchio con chiusura ermetica in bamb\u00f9 naturale:<\/strong> Il coperchio in bamb\u00f9 naturale, abbinato a una guarnizione in silicone alimentare, garantisce un&#039;eccellente tenuta ermetica, prevenendo efficacemente l&#039;ingresso di umidit\u00e0 e insetti.<\/li>\n<li><strong>Disponibili diverse misure:<\/strong> La gamma di dimensioni si adatta a diverse esigenze di conservazione, includendo piccoli contenitori per spezie e soluzioni pi\u00f9 ampie per la conservazione di cereali o snack.<\/li>\n<\/ul>\n<h2>Specifiche chiave<\/h2>\n<table style=\"border-collapse: collapse; width: 80%; margin-right: auto; margin-left: auto;\" border=\"0\" width=\"432\" cellspacing=\"0\" cellpadding=\"0\">\n<tbody>\n<tr style=\"height: 13.50pt;\">\n<td style=\"height: 13.5pt; width: 54pt; text-align: center;\" width=\"72\" height=\"18\">Capacit\u00e0<\/td>\n<td style=\"width: 54pt; text-align: center;\" width=\"72\">Dimensioni (cm)<\/td>\n<td style=\"width: 54pt; text-align: center;\" width=\"72\">Diametro della bocca (mm)<\/td>\n<td style=\"width: 54pt; text-align: center;\" width=\"72\">Materiale<\/td>\n<td style=\"width: 54pt; text-align: center;\" width=\"72\">Colore<\/td>\n<td style=\"width: 54pt; text-align: center;\" width=\"72\">Forma<\/td>\n<\/tr>\n<tr style=\"height: 13.50pt;\">\n<td style=\"height: 13.5pt; text-align: center;\" height=\"18\">600 ml<\/td>\n<td style=\"text-align: center;\">10 x 10 x 10,5<\/td>\n<td class=\"et2\" style=\"text-align: center;\" rowspan=\"5\">94&#215;100<\/td>\n<td class=\"et2\" style=\"text-align: center;\" rowspan=\"5\">Borosilicato<\/td>\n<td class=\"et2\" style=\"text-align: center;\" rowspan=\"5\">Chiaro, personalizzato<\/td>\n<td class=\"et2\" style=\"text-align: center;\" rowspan=\"5\">Piazza<\/td>\n<\/tr>\n<tr style=\"height: 13.50pt;\">\n<td style=\"height: 13.5pt; text-align: center;\" height=\"18\">800 ml<\/td>\n<td style=\"text-align: center;\">10 x 10 x 13<\/td>\n<\/tr>\n<tr style=\"height: 13.50pt;\">\n<td style=\"height: 13.5pt; text-align: center;\" height=\"18\">1000 ml<\/td>\n<td style=\"text-align: center;\">10 x 10 x 16<\/td>\n<\/tr>\n<tr style=\"height: 13.50pt;\">\n<td style=\"height: 13.5pt; text-align: center;\" height=\"18\">1200 ml<\/td>\n<td style=\"text-align: center;\">10 x 10 x 19<\/td>\n<\/tr>\n<tr style=\"height: 13.50pt;\">\n<td style=\"height: 13.5pt; text-align: center;\" height=\"18\">1400 ml<\/td>\n<td style=\"text-align: center;\">10 x 10 x 21<\/td>\n<\/tr>\n<\/tbody>\n<\/table>\n<h2>Caso di successo: Confezionamento di t\u00e8 sfuso per un marchio nazionale di t\u00e8.<\/h2>\n<p>Un marchio nazionale di t\u00e8 ha scelto barattoli di vetro da 250 ml per la vendita all&#039;ingrosso, abbinati a coperchi in bamb\u00f9 personalizzati. Il nome e la provenienza del t\u00e8 sono stati serigrafati sui coperchi. I barattoli di vetro personalizzati hanno riscosso un enorme successo grazie al loro design quadrato, che ha aumentato del 20% l&#039;efficienza dell&#039;imballaggio in magazzino, e alla loro superiore capacit\u00e0 di chiusura, che ha preservato l&#039;aroma e il sapore del t\u00e8 per il 40% di tempo in pi\u00f9 rispetto alle precedenti bustine. Il marchio \u00e8 rimasto molto soddisfatto del nuovo packaging e ha quindi effettuato un ulteriore ordine di 520.000 barattoli di vetro per la sua nuova collezione di tisane e set regalo.<\/p>\n<h2>Opzioni di personalizzazione per barattoli di vetro all&#039;ingrosso<\/h2>\n<ol>\n<li>Supporta l&#039;aggiunta di linee di graduazione o marcature di capacit\u00e0 al contenitore in vetro borosilicato ad alto spessore, facilitandone l&#039;uso da parte di clienti professionali nei settori della lavorazione alimentare, del caff\u00e8 e della panificazione.<\/li>\n<li>Sono disponibili diversi livelli di trasparenza o una leggera finitura ambrata, bilanciando la qualit\u00e0 dell&#039;esposizione con l&#039;esigenza di proteggere il contenuto dalla luce.<\/li>\n<li>Supporta cucchiai dosatori di dimensioni e forme personalizzate per un dosaggio preciso di polveri, condimenti o alimenti funzionali.<\/li>\n<\/ol>","protected":false},"excerpt":{"rendered":"<p>Barattoli in vetro all&#039;ingrosso, di forma quadrata in vetro borosilicato, con coperchi in bamb\u00f9. Barattoli perfetti per conservare t\u00e8, cereali e snack. Campioni gratuiti disponibili. Spedizione rapida.<\/p>","protected":false},"featured_media":24458,"template":"","meta":[],"product_brand":[],"product_cat":[137,124,122],"product_tag":[],"class_list":{"0":"post-24457","1":"product","2":"type-product","3":"status-publish","4":"has-post-thumbnail","6":"product_cat-glass-jars-with-lids","7":"product_cat-custom-glass-jars","8":"product_cat-custom-glass-packaging","10":"first","11":"instock","12":"shipping-taxable","13":"product-type-simple"},"jetpack_sharing_enabled":true,"_links":{"self":[{"href":"https:\/\/yebodaglass.com\/it\/wp-json\/wp\/v2\/product\/24457","targetHints":{"allow":["GET"]}}],"collection":[{"href":"https:\/\/yebodaglass.com\/it\/wp-json\/wp\/v2\/product"}],"about":[{"href":"https:\/\/yebodaglass.com\/it\/wp-json\/wp\/v2\/types\/product"}],"version-history":[{"count":5,"href":"https:\/\/yebodaglass.com\/it\/wp-json\/wp\/v2\/product\/24457\/revisions"}],"predecessor-version":[{"id":25770,"href":"https:\/\/yebodaglass.com\/it\/wp-json\/wp\/v2\/product\/24457\/revisions\/25770"}],"wp:featuredmedia":[{"embeddable":true,"href":"https:\/\/yebodaglass.com\/it\/wp-json\/wp\/v2\/media\/24458"}],"wp:attachment":[{"href":"https:\/\/yebodaglass.com\/it\/wp-json\/wp\/v2\/media?parent=24457"}],"wp:term":[{"taxonomy":"product_brand","embeddable":true,"href":"https:\/\/yebodaglass.com\/it\/wp-json\/wp\/v2\/product_brand?post=24457"},{"taxonomy":"product_cat","embeddable":true,"href":"https:\/\/yebodaglass.com\/it\/wp-json\/wp\/v2\/product_cat?post=24457"},{"taxonomy":"product_tag","embeddable":true,"href":"https:\/\/yebodaglass.com\/it\/wp-json\/wp\/v2\/product_tag?post=24457"}],"curies":[{"name":"wp","href":"https:\/\/api.w.org\/{rel}","templated":true}]}}