{"id":24455,"date":"2025-12-18T09:55:12","date_gmt":"2025-12-18T01:55:12","guid":{"rendered":"https:\/\/yebodaglass.com\/?post_type=product&#038;p=24455"},"modified":"2025-12-18T11:55:49","modified_gmt":"2025-12-18T03:55:49","slug":"airtight-clear-jars-with-wooden-lids-bulk","status":"publish","type":"product","link":"https:\/\/yebodaglass.com\/it\/airtight-clear-jars-with-wooden-lids-bulk\/","title":{"rendered":"Barattoli trasparenti ermetici da 250 ml a 1550 ml con coperchi in legno sfusi"},"content":{"rendered":"<p data-start=\"66\" data-end=\"288\">Questi splendidi barattoli in borosilicato con coperchio in legno hanno la tradizionale forma rotonda e un collo leggermente pi\u00f9 piccolo. Il corpo del barattolo \u00e8 interamente in vetro borosilicato trasparente ed \u00e8 abbinato a un coperchio piatto con venature del legno e scanalature arrotondate.<\/p>\n<h2>Caratteristiche del prodotto<\/h2>\n<ul>\n<li><strong>Design del fondo convesso:<\/strong> Il design arrotondato e convesso del fondo rende il barattolo pi\u00f9 stabile quando viene appoggiato sul pavimento e allo stesso tempo lo rende un po&#039; pi\u00f9 rialzato in termini di design.<\/li>\n<li><strong>Coperchio in legno scanalato naturale:<\/strong> Il coperchio \u00e8 semplice, in legno con scanalature curve, il che lo rende molto comodo da aprire e chiudere e sigilla ermeticamente il barattolo.<\/li>\n<li><strong>Sono disponibili cinque diverse capacit\u00e0:<\/strong> Una persona pu\u00f2 decidere di acquistare un contenitore di una qualsiasi delle cinque capacit\u00e0 diverse, ovvero da 250 ml fino a 1550 ml di capacit\u00e0.<\/li>\n<\/ul>\n<h2 style=\"text-align: left;\">Specifiche chiave<\/h2>\n<table class=\"aligncenter\" style=\"border-collapse: collapse; width: 422.27pt;\" border=\"0\" width=\"563\" cellspacing=\"0\" cellpadding=\"0\">\n<tbody>\n<tr style=\"height: 13.50pt;\">\n<td style=\"height: 13.50pt; width: 99.75pt;\" width=\"133\" height=\"18\">Specifica<\/td>\n<td style=\"width: 322.50pt;\" width=\"430\">Dettagli<\/td>\n<\/tr>\n<tr style=\"height: 13.50pt;\">\n<td style=\"height: 13.50pt;\" height=\"18\">Capacit\u00e0<\/td>\n<td>250 ml \/ 450 ml \/ 750 ml \/ 950 ml \/ 1550 ml<\/td>\n<\/tr>\n<tr style=\"height: 13.50pt;\">\n<td style=\"height: 13.50pt;\" height=\"18\">Dimensioni<\/td>\n<td>9\u00d77 cm \/ 9\u00d710 cm \/ 9\u00d715 cm \/ 9\u00d719 cm \/ 9\u00d729,5 cm<\/td>\n<\/tr>\n<tr style=\"height: 13.50pt;\">\n<td style=\"height: 13.50pt;\" height=\"18\">Materiale<\/td>\n<td>Vetro borosilicato alto<\/td>\n<\/tr>\n<tr style=\"height: 13.50pt;\">\n<td style=\"height: 13.50pt;\" height=\"18\">Tipo di coperchio<\/td>\n<td>Coperchio piatto effetto legno con impugnatura circolare<\/td>\n<\/tr>\n<tr style=\"height: 13.50pt;\">\n<td style=\"height: 13.50pt;\" height=\"18\">Diametro del coperchio<\/td>\n<td>90 mm (uniforme per tutte le taglie)<\/td>\n<\/tr>\n<tr style=\"height: 13.50pt;\">\n<td style=\"height: 13.50pt;\" height=\"18\">Caratteristica del materiale<\/td>\n<td>Elevata resistenza termica e chimica, trasparenza superiore<\/td>\n<\/tr>\n<tr style=\"height: 13.50pt;\">\n<td style=\"height: 13.50pt;\" height=\"18\">Ideale per<\/td>\n<td>Barattoli con coperchi in legno \/ Barattoli in vetro con coperchi<\/td>\n<\/tr>\n<\/tbody>\n<\/table>\n<h2>La trasformazione del marchio di una torrefazione di caff\u00e8: l&#039;ascesa del marchio<\/h2>\n<p>Una torrefazione di caff\u00e8 specializzato desiderava un packaging di lusso per valorizzare l&#039;immagine del marchio. Di conseguenza, ha optato per i nostri barattoli trasparenti da 750 ml con coperchio in legno come unit\u00e0 di confezionamento per i chicchi di caff\u00e8. Questo vetro borosilicato ad alto tenore di carbonio \u00e8 molto resistente. Infatti, la rottura durante il trasporto \u00e8 ridotta del 65% rispetto alla media del settore per prodotti simili. Il coperchio effetto legno \u00e8 ermetico e, secondo il feedback dei clienti, prolunga la freschezza e l&#039;aroma dei chicchi di caff\u00e8 del 50%. Forte di questo enorme successo, ha commissionato un ulteriore ordine di 50.000 barattoli per lanciare una nuovissima linea di chicchi di caff\u00e8 monorigine.<\/p>\n<h2>Opzioni di personalizzazione dei barattoli trasparenti<\/h2>\n<ul>\n<li>Coperchi in legno massello: sostituisci i coperchi in vero legno con quelli in vero bamb\u00f9, quercia o noce.<\/li>\n<li>Coperchio inciso al laser: decora il tuo coperchio in legno con un logo, un motivo o una scritta di classe.<\/li>\n<li>Indicatori di capacit\u00e0 serigrafati: indicatori di capacit\u00e0 del barattolo semplici e permanenti stampati sul lato del barattolo.<\/li>\n<li>Colori dell&#039;anello di tenuta in silicone: l&#039;anello di tenuta interno pu\u00f2 essere realizzato in uno qualsiasi dei numerosi colori in silicone per uso alimentare.<\/li>\n<li>Area antiscivolo testurizzata: fondo sabbiato o finitura testurizzata per una migliore presa e sicurezza.<\/li>\n<\/ul>","protected":false},"excerpt":{"rendered":"<p>Questi barattoli trasparenti con coperchi in legno sono realizzati in vetro borosilicato spesso e coperchi in legno liscio. Eleganti e pratici per la cucina. Campioni gratuiti disponibili. Spedizione veloce.<\/p>","protected":false},"featured_media":24465,"template":"","meta":[],"product_brand":[],"product_cat":[122,124,137],"product_tag":[],"class_list":{"0":"post-24455","1":"product","2":"type-product","3":"status-publish","4":"has-post-thumbnail","6":"product_cat-custom-glass-packaging","7":"product_cat-custom-glass-jars","8":"product_cat-glass-jars-with-lids","10":"first","11":"instock","12":"shipping-taxable","13":"product-type-simple"},"jetpack_sharing_enabled":true,"_links":{"self":[{"href":"https:\/\/yebodaglass.com\/it\/wp-json\/wp\/v2\/product\/24455","targetHints":{"allow":["GET"]}}],"collection":[{"href":"https:\/\/yebodaglass.com\/it\/wp-json\/wp\/v2\/product"}],"about":[{"href":"https:\/\/yebodaglass.com\/it\/wp-json\/wp\/v2\/types\/product"}],"version-history":[{"count":4,"href":"https:\/\/yebodaglass.com\/it\/wp-json\/wp\/v2\/product\/24455\/revisions"}],"predecessor-version":[{"id":24472,"href":"https:\/\/yebodaglass.com\/it\/wp-json\/wp\/v2\/product\/24455\/revisions\/24472"}],"wp:featuredmedia":[{"embeddable":true,"href":"https:\/\/yebodaglass.com\/it\/wp-json\/wp\/v2\/media\/24465"}],"wp:attachment":[{"href":"https:\/\/yebodaglass.com\/it\/wp-json\/wp\/v2\/media?parent=24455"}],"wp:term":[{"taxonomy":"product_brand","embeddable":true,"href":"https:\/\/yebodaglass.com\/it\/wp-json\/wp\/v2\/product_brand?post=24455"},{"taxonomy":"product_cat","embeddable":true,"href":"https:\/\/yebodaglass.com\/it\/wp-json\/wp\/v2\/product_cat?post=24455"},{"taxonomy":"product_tag","embeddable":true,"href":"https:\/\/yebodaglass.com\/it\/wp-json\/wp\/v2\/product_tag?post=24455"}],"curies":[{"name":"wp","href":"https:\/\/api.w.org\/{rel}","templated":true}]}}