{"id":24443,"date":"2025-12-17T11:52:45","date_gmt":"2025-12-17T03:52:45","guid":{"rendered":"https:\/\/yebodaglass.com\/?post_type=product&#038;p=24443"},"modified":"2025-12-18T11:56:27","modified_gmt":"2025-12-18T03:56:27","slug":"borosilicate-glass-jars-with-lids-bulk","status":"publish","type":"product","link":"https:\/\/yebodaglass.com\/it\/borosilicate-glass-jars-with-lids-bulk\/","title":{"rendered":"Barattoli in vetro borosilicato da 16 oz, 25 oz e 32 oz con coperchi sfusi"},"content":{"rendered":"<p data-start=\"66\" data-end=\"288\">Questi barattoli in vetro borosilicato con coperchio presentano un corpo sottile e arrotondato e bordi lisci e arrotondati. Sono realizzati in vetro borosilicato trasparente, che rende il cibo ben visibile dall&#039;esterno. Il coperchio piatto in bamb\u00f9 chiaro con anello di tenuta incorporato garantisce una tenuta stagna e allo stesso tempo conferisce un gradevole aspetto naturale al contenitore.<\/p>\n<h2>Caratteristiche del prodotto<\/h2>\n<ul>\n<li><strong>Vantaggi del vetro borosilicato ad alto tenore di carbonio:<\/strong> Essendo realizzato in vetro borosilicato ad alto tenore di carbonio, la sua elevata resistenza al calore e agli agenti chimici gli consente di mantenere la sua robustezza a lungo anche se utilizzato in ambienti difficili.<\/li>\n<li><strong>Progettazione della tenuta per il coperchio in bamb\u00f9:<\/strong> Il coperchio piatto in bamb\u00f9 chiaro, abbinato allo strato sigillante interno, costituisce la soluzione ideale per prevenire l&#039;ermeticit\u00e0.<\/li>\n<li><strong>Diverse combinazioni di dimensioni:<\/strong> L&#039;opzione in tre dimensioni \u00e8 ideale per soddisfare esigenze di volume diverse (barattoli piccoli per le spezie, barattoli grandi per i cereali).<\/li>\n<\/ul>\n<h2 style=\"text-align: left;\">Specifiche chiave<\/h2>\n<table class=\"aligncenter\" style=\"border-collapse: collapse; width: 440.27pt;\" border=\"0\" width=\"587\" cellspacing=\"0\" cellpadding=\"0\">\n<tbody>\n<tr style=\"height: 13.50pt;\">\n<td style=\"height: 13.50pt; width: 99.75pt;\" width=\"133\" height=\"18\">Specifica<\/td>\n<td style=\"width: 340.50pt;\" width=\"454\">Dettagli<\/td>\n<\/tr>\n<tr style=\"height: 13.50pt;\">\n<td style=\"height: 13.50pt;\" height=\"18\">Capacit\u00e0<\/td>\n<td>500 ml \/ 750 ml \/ 1000 ml<\/td>\n<\/tr>\n<tr style=\"height: 13.50pt;\">\n<td style=\"height: 13.50pt;\" height=\"18\">Dimensioni<\/td>\n<td>9\u00d710cm \/ 9\u00d715cm \/ 9\u00d720cm<\/td>\n<\/tr>\n<tr style=\"height: 13.50pt;\">\n<td style=\"height: 13.50pt;\" height=\"18\">Materiale<\/td>\n<td>Vetro borosilicato alto<\/td>\n<\/tr>\n<tr style=\"height: 13.50pt;\">\n<td style=\"height: 13.50pt;\" height=\"18\">Tipo di coperchio<\/td>\n<td>Coperchio piatto in bamb\u00f9 con anello di tenuta integrato<\/td>\n<\/tr>\n<tr style=\"height: 13.50pt;\">\n<td style=\"height: 13.50pt;\" height=\"18\">Diametro del coperchio<\/td>\n<td>90 mm (uniforme per tutte le taglie)<\/td>\n<\/tr>\n<tr style=\"height: 13.50pt;\">\n<td style=\"height: 13.50pt;\" height=\"18\">Caratteristica del materiale<\/td>\n<td>Resistente agli shock termici, chimicamente stabile, elevata trasparenza<\/td>\n<\/tr>\n<tr style=\"height: 13.50pt;\">\n<td style=\"height: 13.50pt;\" height=\"18\">Ideale per<\/td>\n<td>Barattoli di vetro con coperchi sfusi, barattolo di vetro con coperchio di bamb\u00f9<\/td>\n<\/tr>\n<\/tbody>\n<\/table>\n<h2>Storia di successo: espansione di un rivenditore di t\u00e8 speciali<\/h2>\n<p>L&#039;azienda di t\u00e8 in rapida crescita aveva bisogno di un imballaggio uniforme e di alta qualit\u00e0 per i suoi prodotti sfusi. I nostri barattoli di vetro con coperchio da 750 ml sono stati infine scelti come imballaggio standard per tutti i prodotti al dettaglio. L&#039;eccezionale durata del vetro borosilicato ha ridotto il tasso di rottura del 70%. I coperchi in bamb\u00f9 offrono un&#039;eccellente tenuta, prolungando in media la durata di conservazione del prodotto di 8 mesi, con una conseguente riduzione degli sprechi del 40%. L&#039;azienda ha effettuato un ulteriore ordine di 120.000 barattoli di vetro per la distribuzione locale, grazie alle ottime prestazioni del prodotto.<\/p>\n<h2>Barattoli di vetro con coperchi - Opzioni di personalizzazione all&#039;ingrosso<\/h2>\n<ul>\n<li>Incisione personalizzata su coperchi in bamb\u00f9: incisione laser di loghi o motivi su coperchi in bamb\u00f9.<\/li>\n<li>Anelli di tenuta in silicone colorato: il colore del silicone utilizzato per l&#039;anello di tenuta pu\u00f2 essere modificato. Sono disponibili diverse opzioni di colore per gli anelli di tenuta in silicone alimentare.<\/li>\n<li>Marcature della capacit\u00e0 serigrafate: \u00e8 possibile stampare le marcature assolute in ml e tazze, garantendo cos\u00ec la loro efficacia permanente.<\/li>\n<li>Base o spalla satinata: tramite il processo di sabbiatura nelle aree selezionate si ottiene un effetto opaco di alta qualit\u00e0 della superficie.<\/li>\n<li>Colori del vetro personalizzati: il vetro pu\u00f2 essere di colore ambra chiaro o verde, con l&#039;aggiunta della protezione UV.<\/li>\n<\/ul>","protected":false},"excerpt":{"rendered":"<p>Barattoli di vetro premium con coperchi sfusi, barattoli di vetro con coperchio in vetro borosilicato trasparente e coperchi in bamb\u00f9 naturale. Design pulito e supporto per prezzi all&#039;ingrosso.<\/p>","protected":false},"featured_media":24450,"template":"","meta":[],"product_brand":[],"product_cat":[122,124,137],"product_tag":[],"class_list":{"0":"post-24443","1":"product","2":"type-product","3":"status-publish","4":"has-post-thumbnail","6":"product_cat-custom-glass-packaging","7":"product_cat-custom-glass-jars","8":"product_cat-glass-jars-with-lids","10":"first","11":"instock","12":"shipping-taxable","13":"product-type-simple"},"jetpack_sharing_enabled":true,"_links":{"self":[{"href":"https:\/\/yebodaglass.com\/it\/wp-json\/wp\/v2\/product\/24443","targetHints":{"allow":["GET"]}}],"collection":[{"href":"https:\/\/yebodaglass.com\/it\/wp-json\/wp\/v2\/product"}],"about":[{"href":"https:\/\/yebodaglass.com\/it\/wp-json\/wp\/v2\/types\/product"}],"version-history":[{"count":4,"href":"https:\/\/yebodaglass.com\/it\/wp-json\/wp\/v2\/product\/24443\/revisions"}],"predecessor-version":[{"id":24473,"href":"https:\/\/yebodaglass.com\/it\/wp-json\/wp\/v2\/product\/24443\/revisions\/24473"}],"wp:featuredmedia":[{"embeddable":true,"href":"https:\/\/yebodaglass.com\/it\/wp-json\/wp\/v2\/media\/24450"}],"wp:attachment":[{"href":"https:\/\/yebodaglass.com\/it\/wp-json\/wp\/v2\/media?parent=24443"}],"wp:term":[{"taxonomy":"product_brand","embeddable":true,"href":"https:\/\/yebodaglass.com\/it\/wp-json\/wp\/v2\/product_brand?post=24443"},{"taxonomy":"product_cat","embeddable":true,"href":"https:\/\/yebodaglass.com\/it\/wp-json\/wp\/v2\/product_cat?post=24443"},{"taxonomy":"product_tag","embeddable":true,"href":"https:\/\/yebodaglass.com\/it\/wp-json\/wp\/v2\/product_tag?post=24443"}],"curies":[{"name":"wp","href":"https:\/\/api.w.org\/{rel}","templated":true}]}}