{"id":24435,"date":"2025-12-17T10:37:34","date_gmt":"2025-12-17T02:37:34","guid":{"rendered":"https:\/\/yebodaglass.com\/?post_type=product&#038;p=24435"},"modified":"2025-12-23T10:15:44","modified_gmt":"2025-12-23T02:15:44","slug":"large-glass-food-storage-canisters-with-lids-bulk","status":"publish","type":"product","link":"https:\/\/yebodaglass.com\/it\/large-glass-food-storage-canisters-with-lids-bulk\/","title":{"rendered":"Contenitori per alimenti in vetro di grandi dimensioni da 2750 ml con coperchi, sfusi"},"content":{"rendered":"<p data-start=\"66\" data-end=\"288\">Questi grandi barattoli in vetro con coperchio sono in vetro borosilicato dalle forme sottili e curve che ne esaltano esteticamente il volume. I barattoli sono realizzati in vetro borosilicato trasparente e abbinati a coperchi piatti effetto legno, creando uno stile naturale e minimalista che si sposa bene con il vetro trasparente.<\/p>\n<h2>Caratteristiche del prodotto<\/h2>\n<ul>\n<li><strong>Grande capacit\u00e0 e design sottile:<\/strong> Grazie al design sottile e rotondo, \u00e8 possibile conservare una grande quantit\u00e0 di cibo e il barattolo pu\u00f2 essere ingegnosamente riposto nell&#039;armadietto, risparmiando cos\u00ec spazio.<\/li>\n<li><strong>Vantaggi del vetro borosilicato ad alto tenore di carbonio:<\/strong> Essendo un prodotto in vetro borosilicato ad alto tenore di carbonio, \u00e8 molto resistente agli sbalzi di temperatura, non assorbe odori ed \u00e8 durevole.<\/li>\n<li><strong>Coperchio piatto con effetto legno chiuso:<\/strong> Il coperchio piatto con effetto venatura del legno \u00e8 ben aderente all&#039;apertura del barattolo, quindi la chiusura \u00e8 quasi ermetica.<\/li>\n<\/ul>\n<h2 style=\"text-align: left;\">Specifiche chiave<\/h2>\n<table class=\"aligncenter\" style=\"border-collapse: collapse; width: 458.27pt;\" border=\"0\" width=\"611\" cellspacing=\"0\" cellpadding=\"0\">\n<tbody>\n<tr style=\"height: 13.50pt;\">\n<td style=\"height: 13.50pt; width: 99.75pt;\" width=\"133\" height=\"18\">Specifica<\/td>\n<td style=\"width: 358.50pt;\" width=\"478\">Dettagli<\/td>\n<\/tr>\n<tr style=\"height: 13.50pt;\">\n<td style=\"height: 13.50pt;\" height=\"18\">Capacit\u00e0<\/td>\n<td>2750 ml (2,75 l)<\/td>\n<\/tr>\n<tr style=\"height: 13.50pt;\">\n<td style=\"height: 13.50pt;\" height=\"18\">Dimensioni<\/td>\n<td>14\u00d729.5cm<\/td>\n<\/tr>\n<tr style=\"height: 13.50pt;\">\n<td style=\"height: 13.50pt;\" height=\"18\">Materiale<\/td>\n<td>Vetro borosilicato alto<\/td>\n<\/tr>\n<tr style=\"height: 13.50pt;\">\n<td style=\"height: 13.50pt;\" height=\"18\">Tipo di coperchio<\/td>\n<td>Coperchio piatto con texture in legno<\/td>\n<\/tr>\n<tr style=\"height: 13.50pt;\">\n<td style=\"height: 13.50pt;\" height=\"18\">Caratteristica del materiale<\/td>\n<td>Resistente agli shock termici e agli agenti chimici, elevata trasparenza, durevole<\/td>\n<\/tr>\n<tr style=\"height: 13.50pt;\">\n<td style=\"height: 13.50pt;\" height=\"18\">Ideale per<\/td>\n<td>Contenitori per alimenti con coperchio, barattoli di vetro con coperchio in legno<\/td>\n<\/tr>\n<\/tbody>\n<\/table>\n<h2>Ripensare gli ingredienti sfusi: come un panificio si \u00e8 trasformato<\/h2>\n<p>Un panificio in espansione aveva urgente bisogno di un sistema affidabile per contenitori da 22 kg per amido e zucchero. I reparti ingredienti dei loro stabilimenti erano dotati dei nostri contenitori per alimenti da 2,75 litri con coperchio, che venivano utilizzati per l&#039;intero stoccaggio. Questi contenitori in vetro borosilicato ad alto spessore hanno gestito gli sbalzi di temperatura giornalieri dalla cella frigorifera alla cucina calda senza alcun danno, garantendo cos\u00ec una resistenza alle crepe del 100%. Il coperchio effetto legno, che si adatta meglio al contenitore, aiuta a mantenere la farina fresca e al sicuro, proteggendo dalle infestazioni di parassiti e riducendo il deterioramento degli ingredienti solo del 55%. Inoltre, il panificio non solo ha effettuato un altro enorme ordine di 350.000 barattoli per equipaggiare i suoi nuovi stabilimenti, ma lo ha fatto anche perch\u00e9 era estremamente soddisfatto della durata e delle prestazioni del prodotto.<\/p>\n<h2>Grandi barattoli di vetro con coperchi, opzioni personalizzate<\/h2>\n<ul>\n<li>Coperchio in legno massello migliorato: sostituisci il coperchio effetto legno con uno in vero bamb\u00f9 o rovere.<\/li>\n<li>Marcature della capacit\u00e0 incise al laser: Applica marcature precise in litri e tazze.<\/li>\n<li>Fondo rinforzato: il fondo del vetro \u00e8 ispessito per poter sostenere oggetti pesanti.<\/li>\n<li>Anello di tenuta in silicone monoblocco: l&#039;anello di tenuta in silicone alimentare \u00e8 posizionato sul coperchio.<\/li>\n<li>Decorazioni in vetro colorato: applica una piccola macchia verde chiaro o ambrata sulla spalla del barattolo.<\/li>\n<\/ul>","protected":false},"excerpt":{"rendered":"<p>Grandi barattoli in vetro con coperchio, caratterizzati da un corpo alto e trasparente in borosilicato e da un coperchio piatto in legno. Ideali per la conservazione degli alimenti, con coperchio, fornitura diretta dal produttore.<\/p>","protected":false},"featured_media":24438,"template":"","meta":[],"product_brand":[],"product_cat":[122,124,137],"product_tag":[],"class_list":{"0":"post-24435","1":"product","2":"type-product","3":"status-publish","4":"has-post-thumbnail","6":"product_cat-custom-glass-packaging","7":"product_cat-custom-glass-jars","8":"product_cat-glass-jars-with-lids","10":"first","11":"instock","12":"shipping-taxable","13":"product-type-simple"},"jetpack_sharing_enabled":true,"_links":{"self":[{"href":"https:\/\/yebodaglass.com\/it\/wp-json\/wp\/v2\/product\/24435","targetHints":{"allow":["GET"]}}],"collection":[{"href":"https:\/\/yebodaglass.com\/it\/wp-json\/wp\/v2\/product"}],"about":[{"href":"https:\/\/yebodaglass.com\/it\/wp-json\/wp\/v2\/types\/product"}],"version-history":[{"count":5,"href":"https:\/\/yebodaglass.com\/it\/wp-json\/wp\/v2\/product\/24435\/revisions"}],"predecessor-version":[{"id":24534,"href":"https:\/\/yebodaglass.com\/it\/wp-json\/wp\/v2\/product\/24435\/revisions\/24534"}],"wp:featuredmedia":[{"embeddable":true,"href":"https:\/\/yebodaglass.com\/it\/wp-json\/wp\/v2\/media\/24438"}],"wp:attachment":[{"href":"https:\/\/yebodaglass.com\/it\/wp-json\/wp\/v2\/media?parent=24435"}],"wp:term":[{"taxonomy":"product_brand","embeddable":true,"href":"https:\/\/yebodaglass.com\/it\/wp-json\/wp\/v2\/product_brand?post=24435"},{"taxonomy":"product_cat","embeddable":true,"href":"https:\/\/yebodaglass.com\/it\/wp-json\/wp\/v2\/product_cat?post=24435"},{"taxonomy":"product_tag","embeddable":true,"href":"https:\/\/yebodaglass.com\/it\/wp-json\/wp\/v2\/product_tag?post=24435"}],"curies":[{"name":"wp","href":"https:\/\/api.w.org\/{rel}","templated":true}]}}