{"id":24427,"date":"2025-12-17T08:59:15","date_gmt":"2025-12-17T00:59:15","guid":{"rendered":"https:\/\/yebodaglass.com\/?post_type=product&#038;p=24427"},"modified":"2025-12-23T10:15:27","modified_gmt":"2025-12-23T02:15:27","slug":"bulk-big-glass-jars-with-lids-for-food-storage","status":"publish","type":"product","link":"https:\/\/yebodaglass.com\/it\/bulk-big-glass-jars-with-lids-for-food-storage\/","title":{"rendered":"Barattoli di vetro grandi con coperchi per la conservazione degli alimenti 1250 ml 1950 ml"},"content":{"rendered":"<p data-start=\"66\" data-end=\"288\">Questi grandi barattoli in vetro con coperchio dalla classica forma rotonda e sottile sono realizzati in vetro borosilicato per garantire resistenza e ampia capacit\u00e0. I \u200b\u200bbarattoli sono realizzati in vetro borosilicato trasparente con un coperchio piatto con venature in legno; questa combinazione crea un prodotto dall&#039;aspetto semplice e naturale che si abbina perfettamente al corpo trasparente.<\/p>\n<h2>Caratteristiche del prodotto<\/h2>\n<ul>\n<li><strong>Perch\u00e9 utilizzare il vetro borosilicato:<\/strong> Grazie al fatto che questi barattoli sono realizzati in vetro borosilicato ad alto tenore di carbonio, possono tollerare gli sbalzi di temperatura, non emettono odori e sono anche sicuri per conservare cibi caldi e freddi, prodotti secchi o qualsiasi altro tipo di articolo.<\/li>\n<li><strong>Coperchio effetto legno:<\/strong> Il coperchio piatto con texture effetto venatura del legno, insieme al vetro borosilicato trasparente, non solo garantisce una tenuta perfetta, ma conferisce anche un aspetto accogliente e terroso.<\/li>\n<li><strong>Due opzioni di dimensioni:<\/strong> Le dimensioni grandi e piccole sono pensate per soddisfare le mutevoli esigenze degli utenti (ad esempio, barattoli grandi per i cereali, barattoli piccoli per la frutta secca).<\/li>\n<\/ul>\n<h2 style=\"text-align: left;\">Specifiche chiave<\/h2>\n<table class=\"aligncenter\" style=\"border-collapse: collapse; width: 382.52pt;\" border=\"0\" width=\"510\" cellspacing=\"0\" cellpadding=\"0\">\n<tbody>\n<tr style=\"height: 13.50pt;\">\n<td style=\"height: 13.50pt; width: 99.75pt;\" width=\"133\" height=\"18\">Specifica<\/td>\n<td style=\"width: 282.75pt;\" width=\"377\">Dettagli<\/td>\n<\/tr>\n<tr style=\"height: 13.50pt;\">\n<td style=\"height: 13.50pt;\" height=\"18\">Capacit\u00e0<\/td>\n<td>1250 ml\/1950 ml<\/td>\n<\/tr>\n<tr style=\"height: 13.50pt;\">\n<td style=\"height: 13.50pt;\" height=\"18\">Dimensioni<\/td>\n<td>11.5\u00d716cm\/13\u00d719.5cm<\/td>\n<\/tr>\n<tr style=\"height: 13.50pt;\">\n<td style=\"height: 13.50pt;\" height=\"18\">Materiale<\/td>\n<td>Vetro borosilicato alto<\/td>\n<\/tr>\n<tr style=\"height: 13.50pt;\">\n<td style=\"height: 13.50pt;\" height=\"18\">Tipo di coperchio<\/td>\n<td>Coperchio piatto con texture in legno<\/td>\n<\/tr>\n<tr style=\"height: 13.50pt;\">\n<td style=\"height: 13.50pt;\" height=\"18\">Caratteristica del materiale<\/td>\n<td>Resistente agli shock termici, elevata trasparenza, durevole<\/td>\n<\/tr>\n<tr style=\"height: 13.50pt;\">\n<td style=\"height: 13.50pt;\" height=\"18\">Ideale per<\/td>\n<td>Barattoli di vetro sfusi, barattoli di vetro grandi<\/td>\n<\/tr>\n<\/tbody>\n<\/table>\n<h2>Esempio di successo: soluzione di stoccaggio per una catena di caff\u00e8<\/h2>\n<p>Come poteva una catena di caff\u00e8 in rapida crescita immagazzinare in modo sostenibile grandi quantit\u00e0 di chicchi di caff\u00e8 e altri prodotti necessari per la tostatura? Hanno risposto a questa domanda scegliendo i nostri grandi barattoli in vetro da 1950 ml con coperchio per la gestione della loro cucina. I coperchi con finitura effetto legno sono la ragione principale per una chiusura efficace, prolungando cos\u00ec la durata dei chicchi di caff\u00e8 del 40% e riducendo drasticamente gli sprechi. I barattoli in vetro di grande capacit\u00e0 hanno aiutato il personale a risparmiare circa il 60% dei tempi di rifornimento, riducendo la frequenza delle attivit\u00e0. Sulla base di questi miglioramenti delle prestazioni, la catena ha deciso di acquistare 50.000 barattoli per facilitare la standardizzazione delle pratiche di stoccaggio in tutti i punti vendita.<\/p>\n<h2>I barattoli di vetro sfusi offrono opzioni di personalizzazione<\/h2>\n<ul>\n<li>Aggiornamento del coperchio in vero legno: sostituisci il coperchio in legno con un coperchio in bamb\u00f9 o rovere massiccio<\/li>\n<li>Marcature di capacit\u00e0 serigrafate: applica marcature di misurazione permanenti sul barattolo<\/li>\n<li>Strisce decorative satinate: crea strisce di contrasto opache tramite un processo di sabbiatura<\/li>\n<li>Anello di tenuta in silicone: installare un anello di tenuta in silicone nel coperchio per una migliore tenuta<\/li>\n<li>Vetro colorato: sono disponibili barattoli con vetro ambrato chiaro o verde per una migliore protezione dai raggi UV<\/li>\n<\/ul>","protected":false},"excerpt":{"rendered":"<p>Contenitore in vetro di alta qualit\u00e0 con coperchio in legno, contenitore in vetro borosilicato trasparente dalla forma moderna. Fornitura diretta dalla fabbrica, spedizione veloce.<\/p>","protected":false},"featured_media":24429,"template":"","meta":[],"product_brand":[],"product_cat":[122,124,137],"product_tag":[],"class_list":{"0":"post-24427","1":"product","2":"type-product","3":"status-publish","4":"has-post-thumbnail","6":"product_cat-custom-glass-packaging","7":"product_cat-custom-glass-jars","8":"product_cat-glass-jars-with-lids","10":"first","11":"instock","12":"shipping-taxable","13":"product-type-simple"},"jetpack_sharing_enabled":true,"_links":{"self":[{"href":"https:\/\/yebodaglass.com\/it\/wp-json\/wp\/v2\/product\/24427","targetHints":{"allow":["GET"]}}],"collection":[{"href":"https:\/\/yebodaglass.com\/it\/wp-json\/wp\/v2\/product"}],"about":[{"href":"https:\/\/yebodaglass.com\/it\/wp-json\/wp\/v2\/types\/product"}],"version-history":[{"count":5,"href":"https:\/\/yebodaglass.com\/it\/wp-json\/wp\/v2\/product\/24427\/revisions"}],"predecessor-version":[{"id":24533,"href":"https:\/\/yebodaglass.com\/it\/wp-json\/wp\/v2\/product\/24427\/revisions\/24533"}],"wp:featuredmedia":[{"embeddable":true,"href":"https:\/\/yebodaglass.com\/it\/wp-json\/wp\/v2\/media\/24429"}],"wp:attachment":[{"href":"https:\/\/yebodaglass.com\/it\/wp-json\/wp\/v2\/media?parent=24427"}],"wp:term":[{"taxonomy":"product_brand","embeddable":true,"href":"https:\/\/yebodaglass.com\/it\/wp-json\/wp\/v2\/product_brand?post=24427"},{"taxonomy":"product_cat","embeddable":true,"href":"https:\/\/yebodaglass.com\/it\/wp-json\/wp\/v2\/product_cat?post=24427"},{"taxonomy":"product_tag","embeddable":true,"href":"https:\/\/yebodaglass.com\/it\/wp-json\/wp\/v2\/product_tag?post=24427"}],"curies":[{"name":"wp","href":"https:\/\/api.w.org\/{rel}","templated":true}]}}