{"id":24381,"date":"2025-12-16T09:05:30","date_gmt":"2025-12-16T01:05:30","guid":{"rendered":"https:\/\/yebodaglass.com\/?post_type=product&#038;p=24381"},"modified":"2025-12-23T10:16:46","modified_gmt":"2025-12-23T02:16:46","slug":"bulk-high-borosilicate-glass-canisters-with-cork-lids","status":"publish","type":"product","link":"https:\/\/yebodaglass.com\/it\/bulk-high-borosilicate-glass-canisters-with-cork-lids\/","title":{"rendered":"Barattoli in vetro borosilicato con coperchi in sughero sfusi da 150 ml, 300 ml, 600 ml e 1100 ml"},"content":{"rendered":"<p data-start=\"66\" data-end=\"288\">Questi contenitori in vetro presentano un concetto semplice e alla moda di bottiglia del latte sigillata con un tappo di sughero. Sono realizzati in vetro borosilicato di alta qualit\u00e0, quindi sono molto trasparenti e respingono efficacemente gli shock termici.<\/p>\n<h2>Caratteristiche del prodotto<\/h2>\n<ul>\n<li><strong>Prestazioni elevate del vetro borosilicato:<\/strong> Il vetro borosilicato ad alta resistenza pu\u00f2 sopportare temperature diverse, anche se cambiano molto rapidamente, e il materiale non si crepa.<\/li>\n<li><strong>Sigillatura in puro sughero:<\/strong> Il tappo di sughero \u00e8 un sigillo efficace che impedisce l&#039;ingresso di aria e umidit\u00e0.<\/li>\n<li><strong>Forma elegante della bottiglia del latte:<\/strong> Un modello di design che rende ogni cucina un luogo senza tempo.<\/li>\n<li><strong>Varianti nel volume:<\/strong> Quattro volumi diversi per soddisfare diverse esigenze di stoccaggio.<\/li>\n<\/ul>\n<h2 style=\"text-align: left;\">Specifiche chiave<\/h2>\n<table class=\"aligncenter\" style=\"border-collapse: collapse; width: 419.27pt;\" border=\"0\" width=\"559\" cellspacing=\"0\" cellpadding=\"0\">\n<tbody>\n<tr style=\"height: 13.50pt;\">\n<td style=\"height: 13.50pt; width: 101.25pt;\" width=\"135\" height=\"18\">Specifica<\/td>\n<td style=\"width: 318.00pt;\" width=\"424\">Dettagli<\/td>\n<\/tr>\n<tr style=\"height: 13.50pt;\">\n<td style=\"height: 13.50pt;\" height=\"18\">Capacit\u00e0<\/td>\n<td>150 ml \/ 300 ml \/ 600 ml \/ 1100 ml<\/td>\n<\/tr>\n<tr style=\"height: 13.50pt;\">\n<td style=\"height: 13.50pt;\" height=\"18\">Dimensioni<\/td>\n<td>6\u00d711cm\/6.5\u00d715cm\/8\u00d719cm\/8.5\u00d726cm<\/td>\n<\/tr>\n<tr style=\"height: 13.50pt;\">\n<td style=\"height: 13.50pt;\" height=\"18\">Materiale<\/td>\n<td>Vetro borosilicato alto<\/td>\n<\/tr>\n<tr style=\"height: 13.50pt;\">\n<td style=\"height: 13.50pt;\" height=\"18\">Tipo di coperchio<\/td>\n<td>Tappo di sughero naturale<\/td>\n<\/tr>\n<tr style=\"height: 13.50pt;\">\n<td style=\"height: 13.50pt;\" height=\"18\">Caratteristica del materiale<\/td>\n<td>Resistente agli shock termici, elevata trasparenza<\/td>\n<\/tr>\n<tr style=\"height: 13.50pt;\">\n<td style=\"height: 13.50pt;\" height=\"18\">Ideale per<\/td>\n<td>Barattoli di vetro, barattoli di vetro per la cucina<\/td>\n<\/tr>\n<\/tbody>\n<\/table>\n<h2>Storia di successo: miglioramento del marchio per una torrefazione di caff\u00e8 speciale<\/h2>\n<p>Un&#039;azienda di caff\u00e8 di lusso era alla ricerca di un packaging unico per la sua gamma di chicchi di caff\u00e8. La scelta \u00e8 ricaduta sui nostri contenitori in vetro da 600 ml con coperchio. Il pregiato vetro borosilicato ad alto tenore di carbonio \u00e8 in grado di resistere agli sbalzi di temperatura dal frigorifero alla temperatura ambiente senza rompersi. Pertanto, il tasso di rottura \u00e8 ridotto del 40%. I clienti affermano che la chiusura in sughero naturale ha permesso di mantenere la freschezza dei chicchi di caff\u00e8 il 50% in pi\u00f9 rispetto al packaging precedente. I rivenditori affermano che l&#039;aspetto premium ha comportato un aumento del prezzo del 25%, mentre le vendite sono aumentate del 30%. Sulla base di questi risultati, l&#039;azienda ha effettuato un nuovo ordine di 200.000 barattoli in vetro e prevede di lanciare la nuova linea di prodotti al dettaglio in diversi mercati.<\/p>\n<h2>Opzioni di personalizzazione dei contenitori in vetro<\/h2>\n<ul>\n<li>Goffratura personalizzata su sughero: stampa il logo o il design del tuo marchio su sughero naturale.<\/li>\n<li>Etichette serigrafate: utilizzano inchiostro ceramico resistente per stampare le informazioni sul prodotto.<\/li>\n<li>Marcature di capacit\u00e0 in rilievo: creano graduazioni delicate in rilievo.<\/li>\n<li>Opzioni per vetrate colorate: essendo colorate, sono adatte a contenuti sensibili alla luce.<\/li>\n<li>Colori di sughero personalizzati: puoi scegliere tra diverse tonalit\u00e0 di sughero naturale.<\/li>\n<\/ul>","protected":false},"excerpt":{"rendered":"<p>Contenitori in vetro resistenti, contenitori in vetro con coperchi in vetro borosilicato e sughero. Controllo qualit\u00e0 in fabbrica, sconti disponibili per ordini all&#039;ingrosso.<\/p>","protected":false},"featured_media":24399,"template":"","meta":[],"product_brand":[],"product_cat":[122,124,137],"product_tag":[],"class_list":{"0":"post-24381","1":"product","2":"type-product","3":"status-publish","4":"has-post-thumbnail","6":"product_cat-custom-glass-packaging","7":"product_cat-custom-glass-jars","8":"product_cat-glass-jars-with-lids","10":"first","11":"instock","12":"shipping-taxable","13":"product-type-simple"},"jetpack_sharing_enabled":true,"_links":{"self":[{"href":"https:\/\/yebodaglass.com\/it\/wp-json\/wp\/v2\/product\/24381","targetHints":{"allow":["GET"]}}],"collection":[{"href":"https:\/\/yebodaglass.com\/it\/wp-json\/wp\/v2\/product"}],"about":[{"href":"https:\/\/yebodaglass.com\/it\/wp-json\/wp\/v2\/types\/product"}],"version-history":[{"count":5,"href":"https:\/\/yebodaglass.com\/it\/wp-json\/wp\/v2\/product\/24381\/revisions"}],"predecessor-version":[{"id":24536,"href":"https:\/\/yebodaglass.com\/it\/wp-json\/wp\/v2\/product\/24381\/revisions\/24536"}],"wp:featuredmedia":[{"embeddable":true,"href":"https:\/\/yebodaglass.com\/it\/wp-json\/wp\/v2\/media\/24399"}],"wp:attachment":[{"href":"https:\/\/yebodaglass.com\/it\/wp-json\/wp\/v2\/media?parent=24381"}],"wp:term":[{"taxonomy":"product_brand","embeddable":true,"href":"https:\/\/yebodaglass.com\/it\/wp-json\/wp\/v2\/product_brand?post=24381"},{"taxonomy":"product_cat","embeddable":true,"href":"https:\/\/yebodaglass.com\/it\/wp-json\/wp\/v2\/product_cat?post=24381"},{"taxonomy":"product_tag","embeddable":true,"href":"https:\/\/yebodaglass.com\/it\/wp-json\/wp\/v2\/product_tag?post=24381"}],"curies":[{"name":"wp","href":"https:\/\/api.w.org\/{rel}","templated":true}]}}