{"id":24249,"date":"2025-12-03T10:18:31","date_gmt":"2025-12-03T02:18:31","guid":{"rendered":"https:\/\/yebodaglass.com\/?post_type=product&#038;p=24249"},"modified":"2026-03-12T16:37:09","modified_gmt":"2026-03-12T08:37:09","slug":"double-walled-glass-drinking-bottles-with-stainless-steel-lid","status":"publish","type":"product","link":"https:\/\/yebodaglass.com\/it\/double-walled-glass-drinking-bottles-with-stainless-steel-lid\/","title":{"rendered":"Bottiglie per bevande in vetro a doppia parete con tappo in acciaio inox"},"content":{"rendered":"<p>Queste bottiglie in vetro presentano un elegante profilo cilindrico realizzato in resistente vetro borosilicato, combinato con una moderna struttura a doppia parete. Il corpo trasparente della bottiglia in vetro esalta la bevanda, contribuisce alla conservazione del calore ed elimina gli shock termici. Le bottiglie sono dotate di un tappo filettato in acciaio inox e di un filtro rimovibile in acciaio inox 304 per filtrare foglie di t\u00e8 o polpa di frutta. La bottiglia in vetro ha un&#039;ampia apertura, che la rende facile da riempire e pulire, e il design minimalista la rende adatta ad uffici, palestre e viaggi. Essendo bottiglie ecocompatibili, queste bottiglie in vetro riutilizzabili aiutano gli utenti a rimanere idratati e a promuovere uno stile di vita sostenibile.<\/p>\n<h2>Specifiche chiave<\/h2>\n<table style=\"border-collapse: collapse; width: 80%; margin-left: auto; margin-right: auto;\" border=\"0\" width=\"873\" cellspacing=\"0\" cellpadding=\"0\">\n<tbody>\n<tr style=\"height: 13.50pt;\">\n<td style=\"height: 13.50pt; width: 117.75pt;\" width=\"157\" height=\"18\">Opzioni di capacit\u00e0<\/td>\n<td style=\"width: 537.00pt;\" width=\"716\">350 ml \/ 500 ml \/ 700 ml<\/td>\n<\/tr>\n<tr style=\"height: 13.50pt;\">\n<td style=\"height: 13.50pt;\" height=\"18\">Materiale<\/td>\n<td>Vetro borosilicato, coperchio in acciaio inox, filtro in acciaio inox 304, guarnizione in silicone<\/td>\n<\/tr>\n<tr style=\"height: 13.50pt;\">\n<td style=\"height: 13.50pt;\" height=\"18\">Struttura<\/td>\n<td>Bottiglia d&#039;acqua cilindrica a doppia parete<\/td>\n<\/tr>\n<tr style=\"height: 13.50pt;\">\n<td style=\"height: 13.50pt;\" height=\"18\">Tipo di coperchio<\/td>\n<td>Coperchio filettato in acciaio inox, a tenuta stagna.<\/td>\n<\/tr>\n<tr style=\"height: 13.50pt;\">\n<td style=\"height: 13.50pt;\" height=\"18\">Filtro<\/td>\n<td>Filtro per il t\u00e8 rimovibile in acciaio inox con impugnatura.<\/td>\n<\/tr>\n<tr style=\"height: 13.50pt;\">\n<td style=\"height: 13.50pt;\" height=\"18\">Foca<\/td>\n<td>Anello di tenuta in silicone spesso per prestazioni senza gocciolamento<\/td>\n<\/tr>\n<tr style=\"height: 13.50pt;\">\n<td style=\"height: 13.50pt;\" height=\"18\">Opzioni personalizzate<\/td>\n<td>Stampa del logo, rivestimento a colori, guaina in silicone, design del coperchio, marcature della scala, confezionamento<\/td>\n<\/tr>\n<tr style=\"height: 13.50pt;\">\n<td style=\"height: 13.50pt;\" height=\"18\">Sicurezza<\/td>\n<td>Lavabile in lavastoviglie, adatto al congelatore, resistente agli shock termici<\/td>\n<\/tr>\n<tr style=\"height: 13.50pt;\">\n<td style=\"height: 13.50pt;\" height=\"18\">Utilizzo<\/td>\n<td>T\u00e8, infusi di frutta, caff\u00e8, bevande fredde, idratazione quotidiana<\/td>\n<\/tr>\n<\/tbody>\n<\/table>\n<h2>Caratteristiche principali del prodotto<\/h2>\n<ol>\n<li><strong>Doppia parete per la protezione termica<\/strong>Il design a doppia faccia della bottiglia contribuisce a isolare le bevande, prevenendo la formazione di condensa e aumentando il comfort dell&#039;utente.<\/li>\n<li><strong>Struttura in vetro borosilicato di alta qualit\u00e0<\/strong>Le nostre bottiglie d&#039;acqua ecocompatibili sono realizzate in robusto vetro borosilicato, resistente al calore, al freddo e agli sbalzi termici improvvisi, quindi possono essere utilizzate anche con t\u00e8 caldo o ghiaccio.<\/li>\n<li><strong>A tenuta stagna e ideale per i viaggi.<\/strong>Il coperchio in acciaio inossidabile di precisione e la guarnizione in silicone garantiscono un design a prova di perdite, facile da trasportare per gli spostamenti, i viaggi o per l&#039;idratazione quotidiana.<\/li>\n<\/ol>\n<h2>Caso B2B di successo<\/h2>\n<p>Una societ\u00e0 commerciale olandese ha collaborato con noi in qualit\u00e0 di distributore principale di bottiglie d&#039;acqua in vetro di alta qualit\u00e0, che vende come confezioni regalo. L&#039;azienda ha ordinato 8.000 bottiglie, sia da 500 ml che da 700 ml.<\/p>\n<p>Personalizzazione inclusa:<\/p>\n<ul>\n<li>Logo inciso al laser sul coperchio in acciaio inossidabile.<\/li>\n<li>Rivestimento lucido sulla superficie delle bottiglie di vetro.<\/li>\n<li>Scatola di imballaggio con marchio<\/li>\n<li>\u00c8 possibile utilizzare una guaina in silicone per migliorare la presa.<\/li>\n<\/ul>\n<p>Queste bottiglie di vetro per bevande sono state introdotte come uno dei loro prodotti di maggior successo nel segmento delle bottiglie d&#039;acqua in vetro per gli amanti del t\u00e8 sfuso, subito dopo il lancio. Dopo un trimestre, il marchio ha registrato una crescita del 35% nel numero di set regalo venduti e ha effettuato un secondo grande ordine all&#039;ingrosso di 12.000 pezzi. I clienti, attenti alla sostenibilit\u00e0, sono rimasti molto colpiti dal posizionamento del prodotto come riutilizzabile ed ecologico.<\/p>\n<h2>Raccomandazioni di personalizzazione del software B2B<\/h2>\n<ol>\n<li><strong>Programmi di benessere aziendale<\/strong>: Esporre loghi aziendali e indicatori di misurazione per ricordare ai dipendenti di bere acqua ogni giorno e incoraggiarli a bere acqua durante tutta la giornata.<\/li>\n<li><strong>Vendita al dettaglio di articoli per attivit\u00e0 all&#039;aperto\/fitness:<\/strong> Aggiungere una guaina in silicone e un anello per il trasporto alla versione per migliorare la presa e la comprimibilit\u00e0 per i mercati dello sport, dell&#039;escursionismo e dei viaggi.<\/li>\n<li><strong>Marchi di lifestyle ecologici<\/strong>Rivestimenti colorati, confezioni minimaliste e messaggi di sostenibilit\u00e0 contribuiranno a posizionare la bottiglia come una borraccia ecologica e un prodotto riutilizzabile per uno stile di vita sano.<\/li>\n<\/ol>\n<p>Siamo un produttore professionale di bottiglie d&#039;acqua in vetro e offriamo soluzioni di approvvigionamento all&#039;ingrosso per grandi quantitativi a marchi, distributori e rivenditori in tutto il mondo. La nostra fabbrica garantisce quantitativi minimi d&#039;ordine flessibili, design personalizzati e una fornitura affidabile di bottiglie d&#039;acqua ecocompatibili per i mercati globali.<\/p>","protected":false},"excerpt":{"rendered":"<p>Premium glass drinking bottles made from durable borosilicate glass. Eco friendly water bottle design with double wall insulation, leak-proof lid, ideal for wholesale.<\/p>","protected":false},"featured_media":24250,"template":"","meta":[],"product_brand":[],"product_cat":[136,123,122],"product_tag":[],"class_list":{"0":"post-24249","1":"product","2":"type-product","3":"status-publish","4":"has-post-thumbnail","6":"product_cat-glass-water-bottles","7":"product_cat-custom-glass-bottles","8":"product_cat-custom-glass-packaging","10":"first","11":"instock","12":"shipping-taxable","13":"product-type-simple"},"jetpack_sharing_enabled":true,"_links":{"self":[{"href":"https:\/\/yebodaglass.com\/it\/wp-json\/wp\/v2\/product\/24249","targetHints":{"allow":["GET"]}}],"collection":[{"href":"https:\/\/yebodaglass.com\/it\/wp-json\/wp\/v2\/product"}],"about":[{"href":"https:\/\/yebodaglass.com\/it\/wp-json\/wp\/v2\/types\/product"}],"version-history":[{"count":5,"href":"https:\/\/yebodaglass.com\/it\/wp-json\/wp\/v2\/product\/24249\/revisions"}],"predecessor-version":[{"id":25420,"href":"https:\/\/yebodaglass.com\/it\/wp-json\/wp\/v2\/product\/24249\/revisions\/25420"}],"wp:featuredmedia":[{"embeddable":true,"href":"https:\/\/yebodaglass.com\/it\/wp-json\/wp\/v2\/media\/24250"}],"wp:attachment":[{"href":"https:\/\/yebodaglass.com\/it\/wp-json\/wp\/v2\/media?parent=24249"}],"wp:term":[{"taxonomy":"product_brand","embeddable":true,"href":"https:\/\/yebodaglass.com\/it\/wp-json\/wp\/v2\/product_brand?post=24249"},{"taxonomy":"product_cat","embeddable":true,"href":"https:\/\/yebodaglass.com\/it\/wp-json\/wp\/v2\/product_cat?post=24249"},{"taxonomy":"product_tag","embeddable":true,"href":"https:\/\/yebodaglass.com\/it\/wp-json\/wp\/v2\/product_tag?post=24249"}],"curies":[{"name":"wp","href":"https:\/\/api.w.org\/{rel}","templated":true}]}}