{"id":24229,"date":"2025-12-02T10:26:17","date_gmt":"2025-12-02T02:26:17","guid":{"rendered":"https:\/\/yebodaglass.com\/?post_type=product&#038;p=24229"},"modified":"2025-12-02T11:37:09","modified_gmt":"2025-12-02T03:37:09","slug":"bulk-pumpkin-glass-airtight-jars-with-clamp-lids","status":"publish","type":"product","link":"https:\/\/yebodaglass.com\/it\/bulk-pumpkin-glass-airtight-jars-with-clamp-lids\/","title":{"rendered":"Barattoli ermetici in vetro per zucca da 100 ml con coperchi a morsetto"},"content":{"rendered":"<p data-start=\"66\" data-end=\"288\">Questi barattoli ermetici in vetro sono realizzati in vetro trasparente e hanno la graziosa forma di adorabili piccole zucche. I contenitori trasparenti permettono a tutti di individuare snack, spezie o materiali per il fai da te a colpo d&#039;occhio, senza doverli aprire.<\/p>\n<h2>Caratteristiche del prodotto<\/h2>\n<ul>\n<li><strong>Forma di zucca trasparente:<\/strong> Il contenitore in vetro assolutamente trasparente, insieme alla figura arrotondata e ben modellata della zucca, non solo consente di vedere l&#039;interno dall&#039;esterno, ma consente anche di vedere il tremolio della luce decorativa.<\/li>\n<li><strong>Design di tenuta a scatto:<\/strong> Il tappo metallico a scatto sigilla molto bene, mantenendo il prodotto fresco in modo ottimale e impedendo praticamente l&#039;ingresso di umidit\u00e0. Inoltre, \u00e8 anche facile e pratico da aprire e chiudere.<\/li>\n<li><strong>Piccola capacit\u00e0:<\/strong> La piccola capacit\u00e0 \u00e8 perfetta per piccoli pezzi di cibo come caramelle, tisane e piccoli snack, cos\u00ec non ci saranno sprechi nell&#039;aprire barattoli pi\u00f9 grandi.<\/li>\n<\/ul>\n<h2 style=\"text-align: left;\">Specifiche chiave<\/h2>\n<table class=\"aligncenter\" style=\"border-collapse: collapse; width: 342.77pt;\" border=\"0\" width=\"457\" cellspacing=\"0\" cellpadding=\"0\">\n<tbody>\n<tr style=\"height: 13.50pt;\">\n<td style=\"height: 13.50pt; width: 92.25pt;\" width=\"123\" height=\"18\">Specifica<\/td>\n<td style=\"width: 250.50pt;\" width=\"334\">Dettagli<\/td>\n<\/tr>\n<tr style=\"height: 13.50pt;\">\n<td style=\"height: 13.50pt;\" height=\"18\">Capacit\u00e0<\/td>\n<td>100 ml<\/td>\n<\/tr>\n<tr style=\"height: 13.50pt;\">\n<td style=\"height: 13.50pt;\" height=\"18\">Dimensioni<\/td>\n<td>6,4\u00d78 cm (Base \u00d7 Altezza)<\/td>\n<\/tr>\n<tr style=\"height: 13.50pt;\">\n<td style=\"height: 13.50pt;\" height=\"18\">Materiale<\/td>\n<td>Vetro trasparente<\/td>\n<\/tr>\n<tr style=\"height: 13.50pt;\">\n<td style=\"height: 13.50pt;\" height=\"18\">Tipo di coperchio<\/td>\n<td>Coperchio con morsetto in metallo e cauzione in filo metallico<\/td>\n<\/tr>\n<tr style=\"height: 13.50pt;\">\n<td style=\"height: 13.50pt;\" height=\"18\">Ideale per<\/td>\n<td>Barattoli di vetro ermetici, barattoli di vetro per la conservazione<\/td>\n<\/tr>\n<\/tbody>\n<\/table>\n<h2>Storia di successo: la rinascita di un&#039;azienda di spezie speciali<\/h2>\n<p>Tra le possibili scelte di prodotti che avrebbero potuto essere utilizzate per ringiovanire la propria immagine, un&#039;azienda di spezie sull&#039;orlo del fallimento ha optato per un packaging che consentisse ai suoi prodotti di essere visibili e, quindi, competitivi sul mercato. Siamo stati noi a scegliere i barattoli per la loro prestigiosa nuova linea di prodotti: barattoli di vetro a forma di zucca da 100 ml con coperchi a clip. I tappi a scatto si sono rivelati un fattore importante: hanno ridotto del 45% il deterioramento del prodotto rispetto al packaging precedente, con un conseguente aumento del 35% dei tassi di riacquisto da parte dei clienti. La loro esclusiva forma a zucca \u00e8 diventata il loro marchio di fabbrica, il che ha portato a un aumento del 60% delle interazioni sui social media e del numero di foto dei clienti. Hanno effettuato un nuovo ordine di 150.000 barattoli per la loro linea di prodotti nazionale, puntando a un&#039;ulteriore espansione dopo questo grande successo.<\/p>\n<h2>Opzioni di personalizzazione<\/h2>\n<ul>\n<li>Opzioni di vetro colorato: i barattoli possono essere ambrati o verdi per gli oggetti che devono essere tenuti lontani dalla luce<\/li>\n<li>Finiture personalizzate della clip: la finitura della clip pu\u00f2 essere nera, rame o metallo in stile antico<\/li>\n<li>Anello decorativo satinato: con il metodo di consumo dell&#039;acido, il centro del barattolo diventa un&#039;elegante striscia opaca<\/li>\n<li>Graduazione di capacit\u00e0: mediante l&#039;uso delle graduazioni per un dosaggio accurato<\/li>\n<\/ul>","protected":false},"excerpt":{"rendered":"<p>Deliziosi barattoli in vetro ermetici che sigillano la freschezza senza sforzo. Eleganti e compatti barattoli in vetro con coperchi a clip, ideali per la cucina o come regalo, offerti con campioni gratuiti.<\/p>","protected":false},"featured_media":24231,"template":"","meta":[],"product_brand":[],"product_cat":[122,134,124],"product_tag":[],"class_list":{"0":"post-24229","1":"product","2":"type-product","3":"status-publish","4":"has-post-thumbnail","6":"product_cat-custom-glass-packaging","7":"product_cat-airtight-jars","8":"product_cat-custom-glass-jars","10":"first","11":"instock","12":"shipping-taxable","13":"product-type-simple"},"jetpack_sharing_enabled":true,"_links":{"self":[{"href":"https:\/\/yebodaglass.com\/it\/wp-json\/wp\/v2\/product\/24229","targetHints":{"allow":["GET"]}}],"collection":[{"href":"https:\/\/yebodaglass.com\/it\/wp-json\/wp\/v2\/product"}],"about":[{"href":"https:\/\/yebodaglass.com\/it\/wp-json\/wp\/v2\/types\/product"}],"version-history":[{"count":4,"href":"https:\/\/yebodaglass.com\/it\/wp-json\/wp\/v2\/product\/24229\/revisions"}],"predecessor-version":[{"id":24238,"href":"https:\/\/yebodaglass.com\/it\/wp-json\/wp\/v2\/product\/24229\/revisions\/24238"}],"wp:featuredmedia":[{"embeddable":true,"href":"https:\/\/yebodaglass.com\/it\/wp-json\/wp\/v2\/media\/24231"}],"wp:attachment":[{"href":"https:\/\/yebodaglass.com\/it\/wp-json\/wp\/v2\/media?parent=24229"}],"wp:term":[{"taxonomy":"product_brand","embeddable":true,"href":"https:\/\/yebodaglass.com\/it\/wp-json\/wp\/v2\/product_brand?post=24229"},{"taxonomy":"product_cat","embeddable":true,"href":"https:\/\/yebodaglass.com\/it\/wp-json\/wp\/v2\/product_cat?post=24229"},{"taxonomy":"product_tag","embeddable":true,"href":"https:\/\/yebodaglass.com\/it\/wp-json\/wp\/v2\/product_tag?post=24229"}],"curies":[{"name":"wp","href":"https:\/\/api.w.org\/{rel}","templated":true}]}}