{"id":24205,"date":"2025-12-01T11:14:09","date_gmt":"2025-12-01T03:14:09","guid":{"rendered":"https:\/\/yebodaglass.com\/?post_type=product&#038;p=24205"},"modified":"2025-12-01T11:52:30","modified_gmt":"2025-12-01T03:52:30","slug":"bulk-small-square-glass-food-storage-jars","status":"publish","type":"product","link":"https:\/\/yebodaglass.com\/it\/bulk-small-square-glass-food-storage-jars\/","title":{"rendered":"Barattoli per alimenti in vetro quadrati piccoli da 100 ml con coperchi ermetici"},"content":{"rendered":"<p data-start=\"66\" data-end=\"288\"><span class=\"bg-green-200\">Questi eleganti,<\/span> pulito <span class=\"bg-green-200\">piccolo<\/span> i barattoli di vetro ermetici sono realizzati <span class=\"bg-green-200\">da<\/span> vetro trasparente e <span class=\"bg-green-200\">avere una fantastica<\/span> forma quadrata. <span class=\"bg-green-200\">Sarebbero ottimi per contenere o conservare piccole cose nella tua cucina grazie alla loro<\/span> piccolo <span class=\"bg-green-200\">dimensioni, superficie liscia e stile funzionale.<\/span><\/p>\n<h2>Caratteristiche del prodotto<\/h2>\n<ul>\n<li><strong>Design quadrato chiaro:<\/strong> Un contenitore in vetro perfettamente trasparente e una mini forma quadrata consentono all&#039;utente di controllare visivamente il contenuto; le sue dimensioni ridotte lo rendono ideale per ripiani, contenitori e altre aree ristrette.<\/li>\n<li><strong>Design di tenuta a scatto:<\/strong> Un coperchio metallico a scatto garantisce una chiusura ermetica, trattenendo l&#039;umidit\u00e0 dal contenuto e mantenendone la freschezza. \u00c8 molto facile e comodo da aprire e chiudere.<\/li>\n<li><strong>Piccola capacit\u00e0 adatta:<\/strong> Un articolo di piccole dimensioni \u00e8 il pi\u00f9 adatto per conservare piccole quantit\u00e0 di cose, ad esempio orecchini, perle di candele profumate e piccoli campioni di spezie, senza sporcare l&#039;ambiente.<\/li>\n<\/ul>\n<h2 style=\"text-align: left;\">Specifiche chiave<\/h2>\n<table class=\"aligncenter\" style=\"border-collapse: collapse; width: 414.77pt;\" border=\"0\" width=\"553\" cellspacing=\"0\" cellpadding=\"0\">\n<tbody>\n<tr style=\"height: 13.50pt;\">\n<td style=\"height: 13.50pt; width: 99.75pt;\" width=\"133\" height=\"18\">Specifica<\/td>\n<td style=\"width: 315.00pt;\" width=\"420\">Dettagli<\/td>\n<\/tr>\n<tr style=\"height: 13.50pt;\">\n<td style=\"height: 13.50pt;\" height=\"18\">Capacit\u00e0<\/td>\n<td>100 ml<\/td>\n<\/tr>\n<tr style=\"height: 13.50pt;\">\n<td style=\"height: 13.50pt;\" height=\"18\">Dimensioni<\/td>\n<td>5,1\u00d77,9 cm (Base \u00d7 Altezza)<\/td>\n<\/tr>\n<tr style=\"height: 13.50pt;\">\n<td style=\"height: 13.50pt;\" height=\"18\">Diametro della bocca<\/td>\n<td>4,3 centimetri<\/td>\n<\/tr>\n<tr style=\"height: 13.50pt;\">\n<td style=\"height: 13.50pt;\" height=\"18\">Materiale<\/td>\n<td>Vetro trasparente<\/td>\n<\/tr>\n<tr style=\"height: 13.50pt;\">\n<td style=\"height: 13.50pt;\" height=\"18\">Tipo di coperchio<\/td>\n<td>Coperchio con morsetto in metallo e cauzione in filo metallico<\/td>\n<\/tr>\n<tr style=\"height: 13.50pt;\">\n<td style=\"height: 13.50pt;\" height=\"18\">Ideale per<\/td>\n<td>barattoli quadrati in vetro per alimenti, barattoli in vetro ermetici<\/td>\n<\/tr>\n<\/tbody>\n<\/table>\n<h2>Caso di successo: soluzione di imballaggio per un&#039;azienda di spezie speciali<\/h2>\n<p>Un&#039;azienda di spezie di lusso aveva bisogno di barattoli di vetro ermetici, di piccole dimensioni e dall&#039;aspetto elegante per il confezionamento di una nuova linea di condimenti speciali. Hanno deciso di optare per i nostri barattoli quadrati in vetro per alimenti da 100 ml e il feedback dei clienti indica che questa confezione ha prolungato la durata di conservazione del 40% rispetto alle confezioni precedenti. Inoltre, il design quadrato e trasparente ha contribuito ad aumentare le vendite del 30%. Grazie a questi ottimi risultati, hanno effettuato un altro ordine di 150.000 barattoli per ampliare la loro linea di prodotti.<\/p>\n<h2>Opzioni di personalizzazione dei piccoli barattoli di vetro ermetici<\/h2>\n<ul>\n<li>Indicatori di capacit\u00e0 in rilievo: aggiungendo graduazioni fini per un dosaggio accurato<\/li>\n<li>Opzioni di anelli di tenuta colorati: gli anelli di tenuta in silicone possono essere di colori diversi per corrispondere ai sistemi di stoccaggio codificati a colori<\/li>\n<li>Rivestimento testurizzato opaco: il rivestimento soft-touch garantisce una presa migliore<\/li>\n<li>Variazioni di forma personalizzate: modifica dei raggi degli angoli per un aspetto unico<\/li>\n<\/ul>","protected":false},"excerpt":{"rendered":"<p>Our small glass jars with airtight lids and small airtight jars deliver clean sealing and sleek design for food and craft use\u2014request free samples today.<\/p>","protected":false},"featured_media":24207,"template":"","meta":[],"product_brand":[],"product_cat":[122,134,124],"product_tag":[],"class_list":{"0":"post-24205","1":"product","2":"type-product","3":"status-publish","4":"has-post-thumbnail","6":"product_cat-custom-glass-packaging","7":"product_cat-airtight-jars","8":"product_cat-custom-glass-jars","10":"first","11":"instock","12":"shipping-taxable","13":"product-type-simple"},"jetpack_sharing_enabled":true,"_links":{"self":[{"href":"https:\/\/yebodaglass.com\/it\/wp-json\/wp\/v2\/product\/24205","targetHints":{"allow":["GET"]}}],"collection":[{"href":"https:\/\/yebodaglass.com\/it\/wp-json\/wp\/v2\/product"}],"about":[{"href":"https:\/\/yebodaglass.com\/it\/wp-json\/wp\/v2\/types\/product"}],"version-history":[{"count":2,"href":"https:\/\/yebodaglass.com\/it\/wp-json\/wp\/v2\/product\/24205\/revisions"}],"predecessor-version":[{"id":24211,"href":"https:\/\/yebodaglass.com\/it\/wp-json\/wp\/v2\/product\/24205\/revisions\/24211"}],"wp:featuredmedia":[{"embeddable":true,"href":"https:\/\/yebodaglass.com\/it\/wp-json\/wp\/v2\/media\/24207"}],"wp:attachment":[{"href":"https:\/\/yebodaglass.com\/it\/wp-json\/wp\/v2\/media?parent=24205"}],"wp:term":[{"taxonomy":"product_brand","embeddable":true,"href":"https:\/\/yebodaglass.com\/it\/wp-json\/wp\/v2\/product_brand?post=24205"},{"taxonomy":"product_cat","embeddable":true,"href":"https:\/\/yebodaglass.com\/it\/wp-json\/wp\/v2\/product_cat?post=24205"},{"taxonomy":"product_tag","embeddable":true,"href":"https:\/\/yebodaglass.com\/it\/wp-json\/wp\/v2\/product_tag?post=24205"}],"curies":[{"name":"wp","href":"https:\/\/api.w.org\/{rel}","templated":true}]}}