{"id":24195,"date":"2025-12-01T09:53:22","date_gmt":"2025-12-01T01:53:22","guid":{"rendered":"https:\/\/yebodaglass.com\/?post_type=product&#038;p=24195"},"modified":"2025-12-01T11:13:59","modified_gmt":"2025-12-01T03:13:59","slug":"wholesale-cylindrical-small-airtight-jars-with-lids","status":"publish","type":"product","link":"https:\/\/yebodaglass.com\/it\/wholesale-cylindrical-small-airtight-jars-with-lids\/","title":{"rendered":"Barattoli cilindrici ermetici piccoli all&#039;ingrosso con coperchi da 45 ml, 60 ml, 100 ml, 130 ml"},"content":{"rendered":"<p data-start=\"66\" data-end=\"288\">Questi piccoli barattoli ermetici sono tutti identici e hanno una chiusura a scatto in metallo. Sono realizzati in vetro trasparente e cilindrico. Ogni contenitore ha anche una chiusura a scatto in metallo. Sono perfetti per piccoli spazi e ideali per conservare piccoli utensili da cucina o materiali per il fai da te.<\/p>\n<h2>Caratteristiche del prodotto<\/h2>\n<ul>\n<li><strong>Materiale trasparente e sottile:<\/strong> Questi contenitori sono realizzati interamente in vetro, materiale trasparente che permette di vedere il contenuto senza doverlo aprire. Inoltre, le dimensioni compatte li rendono perfetti per piccoli spazi di stoccaggio.<\/li>\n<li><strong>Design di chiusura a scatto:<\/strong> La chiusura a scatto in metallo di questi barattoli garantisce una chiusura perfetta, impedendo l&#039;ingresso di una sola goccia di umidit\u00e0 e mantenendo al contempo la freschezza. Inoltre, l&#039;apertura e la chiusura sono molto semplici.<\/li>\n<li><strong>Dimensioni compatte e capacit\u00e0:<\/strong> Questi piccoli barattoli sono perfetti per conservare piccole quantit\u00e0 di cose, come spezie da riconfezionare o piccoli campioni di tisane, riducendo cos\u00ec gli sprechi derivanti dall&#039;apertura di barattoli pi\u00f9 grandi.<\/li>\n<\/ul>\n<h2 style=\"text-align: left;\">Specifiche chiave<\/h2>\n<table class=\"aligncenter\" style=\"border-collapse: collapse; width: 414.77pt;\" border=\"0\" width=\"553\" cellspacing=\"0\" cellpadding=\"0\">\n<tbody>\n<tr style=\"height: 13.50pt;\">\n<td style=\"height: 13.50pt; width: 99.75pt;\" width=\"133\" height=\"18\">Specifica<\/td>\n<td style=\"width: 315.00pt;\" width=\"420\">Dettagli<\/td>\n<\/tr>\n<tr style=\"height: 13.50pt;\">\n<td style=\"height: 13.50pt;\" height=\"18\">Capacit\u00e0<\/td>\n<td>45 ml \/ 60 ml \/ 100 ml \/ 130 ml<\/td>\n<\/tr>\n<tr style=\"height: 13.50pt;\">\n<td style=\"height: 13.50pt;\" height=\"18\">Dimensioni<\/td>\n<td>4,5\u00d76,5 cm \/ 4,4\u00d78,5 cm \/ 4,4\u00d710,8 cm \/ 4,4\u00d713,2 cm<\/td>\n<\/tr>\n<tr style=\"height: 13.50pt;\">\n<td style=\"height: 13.50pt;\" height=\"18\">Materiale<\/td>\n<td>Vetro trasparente<\/td>\n<\/tr>\n<tr style=\"height: 13.50pt;\">\n<td style=\"height: 13.50pt;\" height=\"18\">Tipo di coperchio<\/td>\n<td>Coperchio con morsetto in metallo e cauzione in filo metallico (argento)<\/td>\n<\/tr>\n<tr style=\"height: 13.50pt;\">\n<td style=\"height: 13.50pt;\" height=\"18\">Ideale per<\/td>\n<td>Piccoli barattoli ermetici, barattoli di vetro per la conservazione<\/td>\n<\/tr>\n<\/tbody>\n<\/table>\n<h2>Caso di successo: soluzione di esempio di Fine Tea Company<\/h2>\n<p>Un&#039;azienda di t\u00e8 di alta qualit\u00e0 aveva bisogno di piccoli barattoli ermetici, dal design accattivante, per conservare i campioni di prodotto e i set regalo. Hanno scelto i nostri piccoli barattoli di vetro da 60 ml con coperchio ermetico per contenere i loro campioni di t\u00e8 di alta qualit\u00e0. Il design sottile ha permesso loro di creare eleganti scatole per campioni, in grado di contenere in modo intelligente 12 t\u00e8 diversi in un unico contenitore compatto. La soddisfazione dei clienti per i campioni \u00e8 aumentata del 40% e anche il tasso di conversione dai campioni agli acquisti completi \u00e8 aumentato del 25%. Hanno quindi ordinato 200.000 barattoli di vetro per sostenere una campagna di degustazione di t\u00e8 che si svolge in tutto il Paese.<\/p>\n<h2>Opzioni di personalizzazione dei piccoli barattoli ermetici<\/h2>\n<ul>\n<li>Coperchi in vetro colorato \u2013 Coperchi in vetro colorato per oggetti sensibili alla luce<\/li>\n<li>Serigrafia di precisione \u2013 Microloghi molto piccoli stampati con inchiostro ceramico<\/li>\n<li>Griglie di capacit\u00e0: piccole linee di graduazione aggiunte per una distribuzione accurata<\/li>\n<li>Strisce decorative satinate: bellissime strisce opache realizzate tramite incisione selettiva<\/li>\n<\/ul>\n<p>Pronti a mettere in ordine i vostri piccoli oggetti? Contattateci oggi stesso per conoscere i prezzi all&#039;ingrosso di questi piccoli barattoli di vetro salvaspazio con coperchio ermetico.<\/p>","protected":false},"excerpt":{"rendered":"<p>Piccoli barattoli cilindrici in vetro ermetici con coperchio e piccoli barattoli ermetici per spezie, campioni e conservazione: qualit\u00e0 superiore, spedizione rapida per gli acquirenti all&#039;ingrosso.<\/p>","protected":false},"featured_media":24199,"template":"","meta":[],"product_brand":[],"product_cat":[122,134,124],"product_tag":[],"class_list":{"0":"post-24195","1":"product","2":"type-product","3":"status-publish","4":"has-post-thumbnail","6":"product_cat-custom-glass-packaging","7":"product_cat-airtight-jars","8":"product_cat-custom-glass-jars","10":"first","11":"instock","12":"shipping-taxable","13":"product-type-simple"},"jetpack_sharing_enabled":true,"_links":{"self":[{"href":"https:\/\/yebodaglass.com\/it\/wp-json\/wp\/v2\/product\/24195","targetHints":{"allow":["GET"]}}],"collection":[{"href":"https:\/\/yebodaglass.com\/it\/wp-json\/wp\/v2\/product"}],"about":[{"href":"https:\/\/yebodaglass.com\/it\/wp-json\/wp\/v2\/types\/product"}],"version-history":[{"count":4,"href":"https:\/\/yebodaglass.com\/it\/wp-json\/wp\/v2\/product\/24195\/revisions"}],"predecessor-version":[{"id":24204,"href":"https:\/\/yebodaglass.com\/it\/wp-json\/wp\/v2\/product\/24195\/revisions\/24204"}],"wp:featuredmedia":[{"embeddable":true,"href":"https:\/\/yebodaglass.com\/it\/wp-json\/wp\/v2\/media\/24199"}],"wp:attachment":[{"href":"https:\/\/yebodaglass.com\/it\/wp-json\/wp\/v2\/media?parent=24195"}],"wp:term":[{"taxonomy":"product_brand","embeddable":true,"href":"https:\/\/yebodaglass.com\/it\/wp-json\/wp\/v2\/product_brand?post=24195"},{"taxonomy":"product_cat","embeddable":true,"href":"https:\/\/yebodaglass.com\/it\/wp-json\/wp\/v2\/product_cat?post=24195"},{"taxonomy":"product_tag","embeddable":true,"href":"https:\/\/yebodaglass.com\/it\/wp-json\/wp\/v2\/product_tag?post=24195"}],"curies":[{"name":"wp","href":"https:\/\/api.w.org\/{rel}","templated":true}]}}