{"id":24154,"date":"2025-11-28T08:55:51","date_gmt":"2025-11-28T00:55:51","guid":{"rendered":"https:\/\/yebodaglass.com\/?post_type=product&#038;p=24154"},"modified":"2025-11-28T11:44:03","modified_gmt":"2025-11-28T03:44:03","slug":"bulk-clear-square-glass-storage-jars-with-glass-lids","status":"publish","type":"product","link":"https:\/\/yebodaglass.com\/it\/bulk-clear-square-glass-storage-jars-with-glass-lids\/","title":{"rendered":"Barattoli di vetro quadrati trasparenti con coperchi in vetro sfusi da 380 ml, 500 ml, 750 ml e 1000 ml"},"content":{"rendered":"<p data-start=\"66\" data-end=\"288\">Questi barattoli quadrati in vetro sono realizzati in vetro trasparente e sono disponibili in quattro diverse dimensioni. Hanno una forma quadrata arrotondata. Ogni barattolo \u00e8 dotato di un coperchio in vetro fissato con un semplice bottone a pressione in metallo.<\/p>\n<h2>Caratteristiche del prodotto<\/h2>\n<ul>\n<li><strong>Materiale quadrato trasparente:<\/strong> L&#039;uso di vetro completamente trasparente con angoli arrotondati rende il contenuto facilmente visibile, mentre i barattoli consentono di risparmiare pi\u00f9 spazio di conservazione rispetto a quelli puramente cilindrici.<\/li>\n<li><strong>Design di tenuta a scatto:<\/strong> Il coperchio metallico a scatto \u00e8 dotato di chiusura ermetica, che garantisce un&#039;ottima tenuta, impedendo efficacemente l&#039;ingresso di umidit\u00e0 e preservando la freschezza del prodotto. L&#039;apertura e la chiusura del contenitore sono molto semplici e comode.<\/li>\n<li><strong>Quattro diverse dimensioni:<\/strong> le quattro dimensioni sono pensate per contenere oggetti di varie dimensioni (ad esempio, piccoli barattoli per contenere spezie, grandi barattoli per prodotti secchi).<\/li>\n<\/ul>\n<h2 style=\"text-align: left;\">Specifiche chiave<\/h2>\n<table class=\"aligncenter\" style=\"border-collapse: collapse; width: 435.02pt;\" border=\"0\" width=\"580\" cellspacing=\"0\" cellpadding=\"0\">\n<tbody>\n<tr style=\"height: 13.50pt;\">\n<td style=\"height: 13.50pt; width: 99.75pt;\" width=\"133\" height=\"18\">Specifica<\/td>\n<td style=\"width: 335.25pt;\" width=\"447\">Dettagli<\/td>\n<\/tr>\n<tr style=\"height: 13.50pt;\">\n<td style=\"height: 13.50pt;\" height=\"18\">Capacit\u00e0<\/td>\n<td>380 ml \/ 500 ml \/ 750 ml \/ 1000 ml<\/td>\n<\/tr>\n<tr style=\"height: 13.50pt;\">\n<td style=\"height: 13.50pt;\" height=\"18\">Dimensioni<\/td>\n<td>8,7\u00d710 cm \/ 10,8\u00d710 cm \/ 11\u00d712,3 cm \/ 11,3\u00d715 cm<\/td>\n<\/tr>\n<tr style=\"height: 13.50pt;\">\n<td style=\"height: 13.50pt;\" height=\"18\">Materiale<\/td>\n<td>Vetro trasparente (barattolo e coperchio)<\/td>\n<\/tr>\n<tr style=\"height: 13.50pt;\">\n<td style=\"height: 13.50pt;\" height=\"18\">Tipo\/colore del coperchio<\/td>\n<td>Coperchio in vetro con chiusura a morsetto in acciaio<\/td>\n<\/tr>\n<tr style=\"height: 13.50pt;\">\n<td style=\"height: 13.50pt;\" height=\"18\">Ideale per<\/td>\n<td>Barattoli di vetro per la conservazione, barattoli di vetro per la conservazione con coperchi di vetro<\/td>\n<\/tr>\n<\/tbody>\n<\/table>\n<h2>Storia di successo: come una sala da t\u00e8 ha migliorato la sua esposizione<\/h2>\n<p>Un&#039;azienda di t\u00e8 di lusso aveva bisogno di una soluzione di stoccaggio che potesse presentare e mantenere freschi i prodotti. L&#039;azienda ha deciso di utilizzare i nostri barattoli di vetro quadrati da 500 ml nei propri punti vendita. Grazie al design quadrato, l&#039;azienda \u00e8 riuscita a esporre il 30% di prodotto in pi\u00f9 nello stesso spazio. La tenuta \u00e8 cos\u00ec efficace che il t\u00e8 rimane fresco per mesi, riducendo cos\u00ec gli sprechi del 40%. Dopo questo successo, l&#039;azienda ha quindi ordinato 25.000 barattoli di vetro per aprire nuovi punti vendita.<\/p>\n<h2>Opzioni di personalizzazione dei barattoli di vetro per la conservazione<\/h2>\n<ul>\n<li>Gradienti serigrafati: aggiungi utili marcature di capacit\u00e0 per facilitare la quantit\u00e0 data del prodotto<\/li>\n<li>Coperchi in vetro colorato: in caso di oggetti sensibili alla luce, assicurarsi di utilizzare coperchi in vetro colorato<\/li>\n<li>Colori personalizzati per le clip: puoi scegliere tra bronzo, nero o nichel per le tue clip<\/li>\n<li>Opzioni per l&#039;anello di tenuta in silicone: il colore dell&#039;anello di tenuta pu\u00f2 essere il colore del tuo marchio per mantenere la combinazione di colori<\/li>\n<\/ul>\n<p>Vuoi sfruttare al meglio il tuo spazio di archiviazione? Contattaci subito per ricevere i prezzi all&#039;ingrosso per questi bellissimi barattoli quadrati in vetro con coperchio in vetro.<\/p>","protected":false},"excerpt":{"rendered":"<p>I nostri barattoli quadrati in vetro e i barattoli in vetro con coperchio sono altamente trasparenti, resistenti e hanno buone propriet\u00e0 sigillanti. Sono disponibili campioni gratuiti.<\/p>","protected":false},"featured_media":24157,"template":"","meta":[],"product_brand":[],"product_cat":[122,134,124],"product_tag":[],"class_list":{"0":"post-24154","1":"product","2":"type-product","3":"status-publish","4":"has-post-thumbnail","6":"product_cat-custom-glass-packaging","7":"product_cat-airtight-jars","8":"product_cat-custom-glass-jars","10":"first","11":"instock","12":"shipping-taxable","13":"product-type-simple"},"jetpack_sharing_enabled":true,"_links":{"self":[{"href":"https:\/\/yebodaglass.com\/it\/wp-json\/wp\/v2\/product\/24154","targetHints":{"allow":["GET"]}}],"collection":[{"href":"https:\/\/yebodaglass.com\/it\/wp-json\/wp\/v2\/product"}],"about":[{"href":"https:\/\/yebodaglass.com\/it\/wp-json\/wp\/v2\/types\/product"}],"version-history":[{"count":5,"href":"https:\/\/yebodaglass.com\/it\/wp-json\/wp\/v2\/product\/24154\/revisions"}],"predecessor-version":[{"id":24189,"href":"https:\/\/yebodaglass.com\/it\/wp-json\/wp\/v2\/product\/24154\/revisions\/24189"}],"wp:featuredmedia":[{"embeddable":true,"href":"https:\/\/yebodaglass.com\/it\/wp-json\/wp\/v2\/media\/24157"}],"wp:attachment":[{"href":"https:\/\/yebodaglass.com\/it\/wp-json\/wp\/v2\/media?parent=24154"}],"wp:term":[{"taxonomy":"product_brand","embeddable":true,"href":"https:\/\/yebodaglass.com\/it\/wp-json\/wp\/v2\/product_brand?post=24154"},{"taxonomy":"product_cat","embeddable":true,"href":"https:\/\/yebodaglass.com\/it\/wp-json\/wp\/v2\/product_cat?post=24154"},{"taxonomy":"product_tag","embeddable":true,"href":"https:\/\/yebodaglass.com\/it\/wp-json\/wp\/v2\/product_tag?post=24154"}],"curies":[{"name":"wp","href":"https:\/\/api.w.org\/{rel}","templated":true}]}}