{"id":24141,"date":"2025-11-27T11:41:17","date_gmt":"2025-11-27T03:41:17","guid":{"rendered":"https:\/\/yebodaglass.com\/?post_type=product&#038;p=24141"},"modified":"2025-11-27T18:27:41","modified_gmt":"2025-11-27T10:27:41","slug":"wholesale-clear-large-glass-food-storage-jars","status":"publish","type":"product","link":"https:\/\/yebodaglass.com\/it\/wholesale-clear-large-glass-food-storage-jars\/","title":{"rendered":"Barattoli per alimenti in vetro trasparente di grandi dimensioni all&#039;ingrosso da 64 once e 100 once"},"content":{"rendered":"<p data-start=\"66\" data-end=\"288\">Questi grandi barattoli in vetro per la conservazione degli alimenti sono realizzati in vetro trasparente e sono disponibili in due eleganti forme sottili e rotonde. Ogni barattolo include un coperchio a scatto in metallo, che li rende una scelta comoda per conservare grandi quantit\u00e0 di cibo in cucina.<\/p>\n<h2>Caratteristiche del prodotto<\/h2>\n<ul>\n<li><strong>Grande capacit\u00e0:<\/strong> Questi barattoli sono disponibili in due capacit\u00e0, da 2 e 3 litri, che possono contenere una grande quantit\u00e0 degli stessi articoli, riducendo cos\u00ec al minimo l&#039;imballaggio e i frequenti rabbocchi.<\/li>\n<li><strong>Sigillatura perfetta:<\/strong> I morsetti e la guarnizione in gomma lavorano insieme per escludere completamente umidit\u00e0, parassiti e aria, mantenendo cos\u00ec il cibo fresco per un mese o pi\u00f9.<\/li>\n<li><strong>Design a bocca larga per un riempimento e una ricarica facili:<\/strong> Il design a bocca larga rende il carico e lo scarico del cibo rapidi e facili, anche per le persone con mani grandi o che usano cucchiai grandi.<\/li>\n<\/ul>\n<h2 style=\"text-align: left;\">Specifiche chiave<\/h2>\n<table class=\"aligncenter\" style=\"border-collapse: collapse; width: 402.77pt;\" border=\"0\" width=\"537\" cellspacing=\"0\" cellpadding=\"0\">\n<tbody>\n<tr style=\"height: 13.50pt;\">\n<td style=\"height: 13.50pt; width: 99.75pt;\" width=\"133\" height=\"18\">Specifica<\/td>\n<td style=\"width: 303.00pt;\" width=\"404\">Dettagli<\/td>\n<\/tr>\n<tr style=\"height: 13.50pt;\">\n<td style=\"height: 13.50pt;\" height=\"18\">Capacit\u00e0<\/td>\n<td>2000 ml (64 once) \/ 3000 ml (100 once)<\/td>\n<\/tr>\n<tr style=\"height: 13.50pt;\">\n<td style=\"height: 13.50pt;\" height=\"18\">Dimensioni<\/td>\n<td>12,7\u00d725,3 cm \/ 14,5\u00d726,5 cm<\/td>\n<\/tr>\n<tr style=\"height: 13.50pt;\">\n<td style=\"height: 13.50pt;\" height=\"18\">Materiale<\/td>\n<td>Vetro spesso trasparente<\/td>\n<\/tr>\n<tr style=\"height: 13.50pt;\">\n<td style=\"height: 13.50pt;\" height=\"18\">Tipo di coperchio<\/td>\n<td>Coperchio con morsetto in metallo e cauzione in filo metallico (argento)<\/td>\n<\/tr>\n<tr style=\"height: 13.50pt;\">\n<td style=\"height: 13.50pt;\" height=\"18\">Ideale per<\/td>\n<td>Grandi barattoli di vetro per la conservazione, barattoli di vetro per la conservazione degli alimenti<\/td>\n<\/tr>\n<\/tbody>\n<\/table>\n<h2>Storia di successo: la storia di successo di un supermercato a rifiuti zero<\/h2>\n<p>Un supermercato a zero sprechi aveva bisogno di contenitori per alimenti in vetro di grande capacit\u00e0, pratici ed esteticamente gradevoli, per conservare alimenti sfusi. Hanno scelto i nostri contenitori in vetro da 3 litri per conservare cereali, frutta secca e pasta. L&#039;ottima tenuta ha prolungato notevolmente la durata di conservazione dei prodotti, con una riduzione del 40% degli sprechi alimentari e un aumento del 65% dei tassi di riacquisto. Grazie al feedback positivo del mercato, il supermercato ha effettuato un nuovo ordine di 500.000 contenitori per l&#039;apertura di altri punti vendita.<\/p>\n<h2>Soluzioni personalizzate per barattoli di vetro<\/h2>\n<ul>\n<li>Marcature di capacit\u00e0 in rilievo: rendi le graduazioni semplici e permanenti rialzandole.<\/li>\n<li>Etichette serigrafate: utilizzano inchiostro ceramico per stampare etichette chiare e visibili con il marchio o il contenuto.<\/li>\n<li>Base rinforzata: una base in vetro pi\u00f9 spessa per poter trasportare oggetti pesanti.<\/li>\n<li>Maniglia integrata: pu\u00f2 essere dotato di maniglia in vetro integrata per un trasporto pi\u00f9 comodo.<\/li>\n<\/ul>","protected":false},"excerpt":{"rendered":"<p>I nostri grandi barattoli in vetro per la conservazione degli alimenti e i nostri grandi barattoli in vetro per la conservazione degli alimenti sono trasparenti, resistenti e ideali per conservare ingredienti e scorte di dispensa. Campioni gratuiti.<\/p>","protected":false},"featured_media":24152,"template":"","meta":[],"product_brand":[],"product_cat":[122,134,124],"product_tag":[],"class_list":{"0":"post-24141","1":"product","2":"type-product","3":"status-publish","4":"has-post-thumbnail","6":"product_cat-custom-glass-packaging","7":"product_cat-airtight-jars","8":"product_cat-custom-glass-jars","10":"first","11":"instock","12":"shipping-taxable","13":"product-type-simple"},"jetpack_sharing_enabled":true,"_links":{"self":[{"href":"https:\/\/yebodaglass.com\/it\/wp-json\/wp\/v2\/product\/24141","targetHints":{"allow":["GET"]}}],"collection":[{"href":"https:\/\/yebodaglass.com\/it\/wp-json\/wp\/v2\/product"}],"about":[{"href":"https:\/\/yebodaglass.com\/it\/wp-json\/wp\/v2\/types\/product"}],"version-history":[{"count":3,"href":"https:\/\/yebodaglass.com\/it\/wp-json\/wp\/v2\/product\/24141\/revisions"}],"predecessor-version":[{"id":24153,"href":"https:\/\/yebodaglass.com\/it\/wp-json\/wp\/v2\/product\/24141\/revisions\/24153"}],"wp:featuredmedia":[{"embeddable":true,"href":"https:\/\/yebodaglass.com\/it\/wp-json\/wp\/v2\/media\/24152"}],"wp:attachment":[{"href":"https:\/\/yebodaglass.com\/it\/wp-json\/wp\/v2\/media?parent=24141"}],"wp:term":[{"taxonomy":"product_brand","embeddable":true,"href":"https:\/\/yebodaglass.com\/it\/wp-json\/wp\/v2\/product_brand?post=24141"},{"taxonomy":"product_cat","embeddable":true,"href":"https:\/\/yebodaglass.com\/it\/wp-json\/wp\/v2\/product_cat?post=24141"},{"taxonomy":"product_tag","embeddable":true,"href":"https:\/\/yebodaglass.com\/it\/wp-json\/wp\/v2\/product_tag?post=24141"}],"curies":[{"name":"wp","href":"https:\/\/api.w.org\/{rel}","templated":true}]}}