{"id":24100,"date":"2025-11-26T12:11:49","date_gmt":"2025-11-26T04:11:49","guid":{"rendered":"https:\/\/yebodaglass.com\/?post_type=product&#038;p=24100"},"modified":"2026-04-15T15:15:39","modified_gmt":"2026-04-15T07:15:39","slug":"bulk-food-storage-glass-jars-with-airtight-clamp-lids","status":"publish","type":"product","link":"https:\/\/yebodaglass.com\/it\/bulk-food-storage-glass-jars-with-airtight-clamp-lids\/","title":{"rendered":"Barattoli di vetro per alimenti sfusi con coperchi a chiusura ermetica, da 80 ml a 350 ml."},"content":{"rendered":"<p data-start=\"66\" data-end=\"288\">I barattoli di vetro per la conservazione hanno un design cilindrico, sono realizzati in vetro trasparente e sono dotati di tradizionali coperchi a clip in acciaio inossidabile, che utilizzano robuste clip metalliche abbinate ad anelli di tenuta in gomma per creare una chiusura ermetica completa.<\/p>\n<h2>Caratteristiche del prodotto<\/h2>\n<ul>\n<li><strong>Protezione reale del sigillo:<\/strong> Il coperchio a scatto con guarnizione in gomma impedisce completamente il passaggio di ossigeno e umidit\u00e0, cos\u00ec caff\u00e8, farina, spezie o t\u00e8 rimarranno freschi pi\u00f9 a lungo.<\/li>\n<li><strong>Ampia apertura per un riempimento e una pulizia semplici:<\/strong> L&#039;ampia apertura consente di prelevare, versare o pulire facilmente il contenuto, rendendo i barattoli pi\u00f9 facili da usare.<\/li>\n<li><strong>Una vita amichevole e duratura con questi barattoli:<\/strong> Realizzati in vetro resistente, questi barattoli sono anche lavabili in lavastoviglie, quindi possono essere lavati molto velocemente in lavatrice dopo ogni utilizzo quotidiano.<\/li>\n<\/ul>\n<h2 style=\"text-align: left;\">Specifiche chiave<\/h2>\n<table class=\"aligncenter\" style=\"border-collapse: collapse; width: 807.02pt;\" border=\"0\" width=\"1076\" cellspacing=\"0\" cellpadding=\"0\">\n<tbody>\n<tr style=\"height: 13.50pt;\">\n<td style=\"height: 13.50pt; width: 99.75pt;\" width=\"133\" height=\"18\">Caratteristica<\/td>\n<td style=\"width: 707.25pt;\" width=\"943\">Dettagli<\/td>\n<\/tr>\n<tr style=\"height: 13.50pt;\">\n<td style=\"height: 13.50pt;\" height=\"18\">Dimensioni e capacit\u00e0<\/td>\n<td>80 ml: 6,1 \u00d7 7,3 cm \/ 100 ml: 6,3 \u00d7 7,1 cm \/ 150 ml: 7,5 \u00d7 7,2 cm \/ 180 ml: 7,9 \u00d7 8,1 cm \/ 200 ml: 7,6 \u00d7 8,2 cm \/ 220 ml: 7,6 \u00d7 9 cm \/ 300 ml: 7,8 \u00d7 10,3 cm \/ 350 ml: 9,2 \u00d7 9,7 cm<\/td>\n<\/tr>\n<tr style=\"height: 13.50pt;\">\n<td style=\"height: 13.50pt;\" height=\"18\">Materiale<\/td>\n<td>Barattolo in vetro sodico-calcico trasparente + coperchio in vetro temperato<\/td>\n<\/tr>\n<tr style=\"height: 13.50pt;\">\n<td style=\"height: 13.50pt;\" height=\"18\">Adatto per<\/td>\n<td>Barattoli di vetro per la conservazione degli alimenti, barattoli di vetro per la conservazione degli alimenti<\/td>\n<\/tr>\n<\/tbody>\n<\/table>\n<h2>Caso di successo: un ordine personalizzato da una catena nazionale di caffetterie.<\/h2>\n<p>La catena americana di caffetterie ha scelto i nostri barattoli in vetro per alimenti, personalizzati con clip in rame e date di tostatura serigrafate, come soluzione per la conservazione dei chicchi di caff\u00e8. I barattoli in vetro per alimenti personalizzati hanno ottenuto risultati eccezionali, prolungando la durata di conservazione dei chicchi di caff\u00e8 del 50% rispetto al caff\u00e8 in busta e riducendo del 60% il tasso di rottura rispetto ai contenitori precedenti. Grazie all&#039;esperienza positiva, hanno effettuato un ulteriore ordine di 350.000 barattoli per supportare la loro nuova linea di t\u00e8 speciali.<\/p>\n<h2>Opzioni di personalizzazione dei barattoli di vetro per la conservazione<\/h2>\n<ul>\n<li>Finiture personalizzate del tappo: per un effetto di eleganza, \u00e8 possibile scegliere fermagli in rame, oro o nero per il tappo del barattolo.<\/li>\n<li>Le guarnizioni in silicone dei barattoli sono dipinte con colori diversi: scegli guarnizioni che corrispondano ai colori del tuo marchio<\/li>\n<li>Forme personalizzate dei barattoli: modifica la forma del barattolo per conferirgli un aspetto distintivo<\/li>\n<\/ul>","protected":false},"excerpt":{"rendered":"<p>Scopri i nostri barattoli in vetro di alta qualit\u00e0, realizzati in vetro trasparente e spesso. I nostri barattoli in vetro ermetici per la conservazione degli alimenti offrono una freschezza a lunga durata e campioni gratuiti.<\/p>","protected":false},"featured_media":24101,"template":"","meta":[],"product_brand":[],"product_cat":[134,124,122],"product_tag":[],"class_list":{"0":"post-24100","1":"product","2":"type-product","3":"status-publish","4":"has-post-thumbnail","6":"product_cat-airtight-jars","7":"product_cat-custom-glass-jars","8":"product_cat-custom-glass-packaging","10":"first","11":"instock","12":"shipping-taxable","13":"product-type-simple"},"jetpack_sharing_enabled":true,"_links":{"self":[{"href":"https:\/\/yebodaglass.com\/it\/wp-json\/wp\/v2\/product\/24100","targetHints":{"allow":["GET"]}}],"collection":[{"href":"https:\/\/yebodaglass.com\/it\/wp-json\/wp\/v2\/product"}],"about":[{"href":"https:\/\/yebodaglass.com\/it\/wp-json\/wp\/v2\/types\/product"}],"version-history":[{"count":5,"href":"https:\/\/yebodaglass.com\/it\/wp-json\/wp\/v2\/product\/24100\/revisions"}],"predecessor-version":[{"id":25787,"href":"https:\/\/yebodaglass.com\/it\/wp-json\/wp\/v2\/product\/24100\/revisions\/25787"}],"wp:featuredmedia":[{"embeddable":true,"href":"https:\/\/yebodaglass.com\/it\/wp-json\/wp\/v2\/media\/24101"}],"wp:attachment":[{"href":"https:\/\/yebodaglass.com\/it\/wp-json\/wp\/v2\/media?parent=24100"}],"wp:term":[{"taxonomy":"product_brand","embeddable":true,"href":"https:\/\/yebodaglass.com\/it\/wp-json\/wp\/v2\/product_brand?post=24100"},{"taxonomy":"product_cat","embeddable":true,"href":"https:\/\/yebodaglass.com\/it\/wp-json\/wp\/v2\/product_cat?post=24100"},{"taxonomy":"product_tag","embeddable":true,"href":"https:\/\/yebodaglass.com\/it\/wp-json\/wp\/v2\/product_tag?post=24100"}],"curies":[{"name":"wp","href":"https:\/\/api.w.org\/{rel}","templated":true}]}}