{"id":24099,"date":"2025-11-26T12:11:20","date_gmt":"2025-11-26T04:11:20","guid":{"rendered":"https:\/\/yebodaglass.com\/?post_type=product&#038;p=24099"},"modified":"2025-11-27T17:06:46","modified_gmt":"2025-11-27T09:06:46","slug":"wholesale-clear-airtight-glass-jars-with-attached-lids","status":"publish","type":"product","link":"https:\/\/yebodaglass.com\/it\/wholesale-clear-airtight-glass-jars-with-attached-lids\/","title":{"rendered":"Barattoli di vetro trasparenti ermetici all&#039;ingrosso con coperchi attaccati da 25 oz, 32 oz e 50 oz"},"content":{"rendered":"<p>Questi barattoli ermetici in vetro trasparente sono disponibili in tre eleganti forme sottili e rotonde. Ogni barattolo \u00e8 dotato di un coperchio in vetro con coperchio in metallo. Il coperchio ermetico \u00e8 un ottimo modo per mantenere freschi diversi tipi di alimenti, come t\u00e8 e pasta.<\/p>\n<h2>Caratteristiche del prodotto<\/h2>\n<ul>\n<li><strong>Materiale trasparente, visione chiara:<\/strong> Il corpo del barattolo \u00e8 in vetro totalmente trasparente, quindi il tipo e la quantit\u00e0 del contenuto sono chiaramente visibili e non \u00e8 necessario aprire il barattolo per una rapida identificazione.<\/li>\n<li><strong>Vera protezione sigillante:<\/strong> Un anello di tenuta in gomma spessa garantisce una tenuta salda, respingendo efficacemente umidit\u00e0 e parassiti e mantenendo cos\u00ec il cibo fresco.<\/li>\n<li><strong>Coperchio monoblocco che non si perde mai:<\/strong> Il coperchio \u00e8 saldamente collegato al corpo del barattolo, quindi non c&#039;\u00e8 il problema di perderlo e le operazioni in cucina diventano pi\u00f9 comode.<\/li>\n<\/ul>\n<h2 style=\"text-align: left;\">Specifiche chiave<\/h2>\n<table class=\"aligncenter\" style=\"border-collapse: collapse; width: 417.02pt;\" border=\"0\" width=\"556\" cellspacing=\"0\" cellpadding=\"0\">\n<tbody>\n<tr style=\"height: 13.50pt;\">\n<td style=\"height: 13.50pt; width: 99.75pt;\" width=\"133\" height=\"18\">Specifica<\/td>\n<td style=\"width: 317.25pt;\" width=\"423\">Dettagli<\/td>\n<\/tr>\n<tr style=\"height: 13.50pt;\">\n<td style=\"height: 13.50pt;\" height=\"18\">Capacit\u00e0<\/td>\n<td>750 ml (25 oz) \/ 1000 ml (32 oz) \/ 1500 ml (50 oz)<\/td>\n<\/tr>\n<tr style=\"height: 13.50pt;\">\n<td style=\"height: 13.50pt;\" height=\"18\">Dimensioni<\/td>\n<td>10,8\u00d714 cm \/ 11\u00d717 cm \/ 11,6\u00d721,8 cm<\/td>\n<\/tr>\n<tr style=\"height: 13.50pt;\">\n<td style=\"height: 13.50pt;\" height=\"18\">Materiale<\/td>\n<td>Vetro trasparente<\/td>\n<\/tr>\n<tr style=\"height: 13.50pt;\">\n<td style=\"height: 13.50pt;\" height=\"18\">Tipo di coperchio<\/td>\n<td>Coperchio con morsetto metallico attaccato e cauzione metallica<\/td>\n<\/tr>\n<tr style=\"height: 13.50pt;\">\n<td style=\"height: 13.50pt;\" height=\"18\">Ideale per<\/td>\n<td>Barattoli di vetro ermetici, barattoli di vetro con coperchi attaccati<\/td>\n<\/tr>\n<\/tbody>\n<\/table>\n<h2>Storia di successo: la soluzione di stoccaggio di un rivenditore di prodotti alimentari specializzati<\/h2>\n<p>Un negozio di alimentari specializzati aveva problemi con confezioni che non valorizzavano efficacemente i suoi prodotti di alta qualit\u00e0. In seguito, ha iniziato a utilizzare i nostri barattoli di vetro da 1500 ml con coperchio integrato nel reparto prodotti secchi sfusi. Il coperchio monoblocco riduce del 100% i danni al coperchio e rende il self-service pi\u00f9 comodo per i clienti. In base al feedback dei clienti, la chiusura ermetica \u00e8 eccellente, prolungando la durata di conservazione di cereali e pasta fino al 50%. Grazie alla sua notevole efficacia, ha ordinato oltre 200.000 bottiglie per equipaggiare tutti i suoi negozi.<\/p>\n<h2>Suggerimenti per la personalizzazione dei barattoli di vetro ermetici<\/h2>\n<ul>\n<li>Indicatori di capacit\u00e0 rialzati: aggiungi graduazioni rialzate per un facile controllo delle porzioni<\/li>\n<li>Logo del marchio serigrafato: utilizza inchiostro ceramico resistente per risultati duraturi<\/li>\n<li>Anelli di tenuta colorati: scegli un anello di tenuta in silicone che si abbini alla combinazione di colori del tuo marchio<\/li>\n<li>Proporzioni personalizzate del barattolo: regola le proporzioni del barattolo per una silhouette unica<\/li>\n<\/ul>","protected":false},"excerpt":{"rendered":"<p>I nostri barattoli di vetro ermetici e i barattoli di vetro con coperchio sono progettati per una conservazione sicura degli alimenti e una presentazione pulita, supportati da offerte all&#039;ingrosso per ordini all&#039;ingrosso.<\/p>","protected":false},"featured_media":24135,"template":"","meta":[],"product_brand":[],"product_cat":[122,134,124],"product_tag":[],"class_list":{"0":"post-24099","1":"product","2":"type-product","3":"status-publish","4":"has-post-thumbnail","6":"product_cat-custom-glass-packaging","7":"product_cat-airtight-jars","8":"product_cat-custom-glass-jars","10":"first","11":"instock","12":"shipping-taxable","13":"product-type-simple"},"jetpack_sharing_enabled":true,"_links":{"self":[{"href":"https:\/\/yebodaglass.com\/it\/wp-json\/wp\/v2\/product\/24099","targetHints":{"allow":["GET"]}}],"collection":[{"href":"https:\/\/yebodaglass.com\/it\/wp-json\/wp\/v2\/product"}],"about":[{"href":"https:\/\/yebodaglass.com\/it\/wp-json\/wp\/v2\/types\/product"}],"version-history":[{"count":5,"href":"https:\/\/yebodaglass.com\/it\/wp-json\/wp\/v2\/product\/24099\/revisions"}],"predecessor-version":[{"id":24146,"href":"https:\/\/yebodaglass.com\/it\/wp-json\/wp\/v2\/product\/24099\/revisions\/24146"}],"wp:featuredmedia":[{"embeddable":true,"href":"https:\/\/yebodaglass.com\/it\/wp-json\/wp\/v2\/media\/24135"}],"wp:attachment":[{"href":"https:\/\/yebodaglass.com\/it\/wp-json\/wp\/v2\/media?parent=24099"}],"wp:term":[{"taxonomy":"product_brand","embeddable":true,"href":"https:\/\/yebodaglass.com\/it\/wp-json\/wp\/v2\/product_brand?post=24099"},{"taxonomy":"product_cat","embeddable":true,"href":"https:\/\/yebodaglass.com\/it\/wp-json\/wp\/v2\/product_cat?post=24099"},{"taxonomy":"product_tag","embeddable":true,"href":"https:\/\/yebodaglass.com\/it\/wp-json\/wp\/v2\/product_tag?post=24099"}],"curies":[{"name":"wp","href":"https:\/\/api.w.org\/{rel}","templated":true}]}}