{"id":24084,"date":"2025-11-26T11:40:59","date_gmt":"2025-11-26T03:40:59","guid":{"rendered":"https:\/\/yebodaglass.com\/?post_type=product&#038;p=24084"},"modified":"2026-03-12T18:03:24","modified_gmt":"2026-03-12T10:03:24","slug":"custom-design-water-bottles-with-silicone-sleeve","status":"publish","type":"product","link":"https:\/\/yebodaglass.com\/it\/custom-design-water-bottles-with-silicone-sleeve\/","title":{"rendered":"Bottiglie d&#039;acqua in vetro personalizzate con rivestimento in silicone da 250 ml, 350 ml e 500 ml."},"content":{"rendered":"<p>Queste bottiglie d&#039;acqua dal design personalizzato presentano una forma cilindrica alta in vetro con un collo sottile e un corpo liscio con un tappo in alluminio sicuro. La loro trasparenza conferisce alle bottiglie un aspetto pulito e moderno, adatte a succhi di frutta, t\u00e8, latte, frullati e altre bevande. Le bottiglie sono portatili e progettate per un utilizzo pratico nell&#039;ambito dell&#039;idratazione quotidiana, dello sport, dei bar, dei marchi di succhi di frutta e del packaging per la vendita al dettaglio.<\/p>\n<p>Il coperchio a tenuta stagna si chiude con una filettatura che consente un trasporto sicuro del prodotto; accessori come la custodia in silicone e il laccetto per il trasporto sono solo alcuni esempi di pratici extra che rendono pi\u00f9 facile il trasporto della bottiglia, trasformandola in una comoda compagna di viaggio. I contenitori per l&#039;acqua in vetro riutilizzabili ed ecologici rappresentano un ottimo modo per rimanere idratati e ridurre al minimo l&#039;utilizzo di plastica monouso.<\/p>\n<h2>Specifiche chiave<\/h2>\n<table style=\"border-collapse: collapse; width: 80%; margin-left: auto; margin-right: auto;\" border=\"0\" width=\"868\" cellspacing=\"0\" cellpadding=\"0\">\n<tbody>\n<tr style=\"height: 13.50pt;\">\n<td style=\"height: 13.50pt; width: 138.00pt;\" width=\"184\" height=\"18\">Prodotto<\/td>\n<td style=\"width: 513.00pt;\" width=\"684\">borraccia dal design personalizzato<\/td>\n<\/tr>\n<tr style=\"height: 13.50pt;\">\n<td style=\"height: 13.50pt; width: 138.00pt;\" width=\"184\" height=\"18\">Opzioni di capacit\u00e0<\/td>\n<td style=\"width: 513.00pt;\" width=\"684\">250 ml \/ 350 ml \/ 500 ml<\/td>\n<\/tr>\n<tr style=\"height: 13.50pt;\">\n<td style=\"height: 13.50pt;\" height=\"18\">Materiale della bottiglia<\/td>\n<td>Vetro sodico-calcico senza piombo<\/td>\n<\/tr>\n<tr style=\"height: 13.50pt;\">\n<td style=\"height: 13.50pt;\" height=\"18\">Materiale del coperchio<\/td>\n<td>Coperchio in alluminio con guarnizione di tenuta<\/td>\n<\/tr>\n<tr style=\"height: 13.50pt;\">\n<td style=\"height: 13.50pt;\" height=\"18\">Bocca della bottiglia<\/td>\n<td>diametro interno 30 mm<\/td>\n<\/tr>\n<tr style=\"height: 13.50pt;\">\n<td style=\"height: 13.50pt;\" height=\"18\">Struttura<\/td>\n<td>Bottiglia di vetro cilindrica e slanciata<\/td>\n<\/tr>\n<tr style=\"height: 13.50pt;\">\n<td style=\"height: 13.50pt;\" height=\"18\">Tipo di sigillo<\/td>\n<td>Tappo filettato a tenuta stagna con anello di tenuta spesso<\/td>\n<\/tr>\n<tr style=\"height: 13.50pt;\">\n<td style=\"height: 13.50pt;\" height=\"18\">Accessori opzionali<\/td>\n<td>Custodia in silicone, anello per il trasporto, indicatori di misurazione<\/td>\n<\/tr>\n<tr style=\"height: 13.50pt;\">\n<td style=\"height: 13.50pt;\" height=\"18\">Opzioni personalizzate<\/td>\n<td>Stampa del logo, colore della bottiglia, stile del tappo, copertura in silicone, scatola di imballaggio<\/td>\n<\/tr>\n<tr style=\"height: 13.50pt;\">\n<td style=\"height: 13.50pt;\" height=\"18\">Applicazioni<\/td>\n<td>Succhi di frutta, t\u00e8, latte, frullati, acqua in bicchieri riutilizzabili<\/td>\n<\/tr>\n<\/tbody>\n<\/table>\n<h2>Caratteristiche principali del prodotto<\/h2>\n<ol>\n<li><strong>Design minimalista\/portatile<\/strong>La borraccia ha una forma sottile e leggera, quindi si adatta a qualsiasi borsa sportiva o da viaggio, risultando la scelta ideale per mantenere l&#039;assunzione giornaliera di acqua.<\/li>\n<li><strong>Soluzione riutilizzabile ed ecologica<\/strong>Questi contenitori ecologici e riutilizzabili aiuteranno i consumatori a idratarsi in modo sostenibile e a ridurre lo spreco di bottiglie di plastica.<\/li>\n<li><strong>Coperchio a tenuta stagna e sicuro<\/strong>Questa bottiglia \u00e8 dotata di una sottile guarnizione in silicone con filettatura di precisione che la rende a prova di perdite anche se riposta in borse o zaini.<\/li>\n<\/ol>\n<h2>Caso B2B di successo<\/h2>\n<p>Un marchio australiano di bevande salutari ha stretto una partnership con noi, diventando il loro fornitore di lunga data per la realizzazione di imballaggi personalizzati per bottiglie d&#039;acqua destinate a succhi di frutta spremuti a freddo.<\/p>\n<p>L&#039;azienda aveva ordinato 15.000 unit\u00e0 di bottiglie d&#039;acqua in vetro da 350 ml con rivestimento in silicone come nuovo prodotto. Le loro esigenze tradizionali erano:<\/p>\n<ul>\n<li>Logo stampato sulla bottiglia di vetro.<\/li>\n<li>Flacone di colore ambrato con protezione UV.<\/li>\n<li>Coperchio in alluminio progettato su misura<\/li>\n<li>Scatole di imballaggio personalizzate<\/li>\n<\/ul>\n<p>Il lancio del prodotto \u00e8 stato un grande successo e la bottiglia \u00e8 diventata uno dei formati di imballaggio in vetro pi\u00f9 venduti per i succhi di frutta. Il marchio ha effettuato un secondo ordine all&#039;ingrosso di 25.000 unit\u00e0 entro otto mesi, a dimostrazione dell&#039;elevata domanda di mercato di imballaggi per bevande riutilizzabili ed ecocompatibili.<\/p>\n<h2>Raccomandazioni per la personalizzazione delle applicazioni B2B<\/h2>\n<ol>\n<li><strong>Marchi di succhi e bevande<\/strong>: Aggiungi una guaina in silicone o un rivestimento testurizzato per creare una bottiglia d&#039;acqua in vetro con copertura in silicone, migliorando la presa e differenziando il marchio.<\/li>\n<li><strong>Rivenditori di articoli per il fitness e il lifestyle<\/strong>: Presenta un anello per il trasporto e tacche di misurazione stampate che aiutano a ricordare ai clienti di monitorare il loro consumo giornaliero di acqua e di mantenersi idratati durante le sessioni di allenamento.<\/li>\n<li><strong>Prodotti promozionali aziendali<\/strong>Offriamo bottiglie d&#039;acqua personalizzate con logo stampato e confezioni economiche, ideali per omaggi promozionali o campagne benessere.<\/li>\n<\/ol>\n<p>In qualit\u00e0 di produttori affermati di bottiglie d&#039;acqua in vetro, offriamo servizi di approvvigionamento all&#039;ingrosso affidabili a distributori, marchi di bevande e rivenditori in tutto il mondo. Il nostro stabilimento ci consente una produzione flessibile in grandi quantit\u00e0 e i nostri clienti sono riusciti a realizzare bottiglie d&#039;acqua in vetro di alta qualit\u00e0 che combinano stile, sostenibilit\u00e0 e prestazioni.<\/p>","protected":false},"excerpt":{"rendered":"<p>Borraccia dal design personalizzato, realizzata in vetro resistente con rivestimento in silicone. Borracce in vetro ecocompatibili, a prova di perdite e riutilizzabili per l&#039;idratazione quotidiana, disponibili all&#039;ingrosso.<\/p>","protected":false},"featured_media":25425,"template":"","meta":[],"product_brand":[],"product_cat":[136,123,122],"product_tag":[],"class_list":{"0":"post-24084","1":"product","2":"type-product","3":"status-publish","4":"has-post-thumbnail","6":"product_cat-glass-water-bottles","7":"product_cat-custom-glass-bottles","8":"product_cat-custom-glass-packaging","10":"first","11":"instock","12":"shipping-taxable","13":"product-type-simple"},"jetpack_sharing_enabled":true,"_links":{"self":[{"href":"https:\/\/yebodaglass.com\/it\/wp-json\/wp\/v2\/product\/24084","targetHints":{"allow":["GET"]}}],"collection":[{"href":"https:\/\/yebodaglass.com\/it\/wp-json\/wp\/v2\/product"}],"about":[{"href":"https:\/\/yebodaglass.com\/it\/wp-json\/wp\/v2\/types\/product"}],"version-history":[{"count":5,"href":"https:\/\/yebodaglass.com\/it\/wp-json\/wp\/v2\/product\/24084\/revisions"}],"predecessor-version":[{"id":25427,"href":"https:\/\/yebodaglass.com\/it\/wp-json\/wp\/v2\/product\/24084\/revisions\/25427"}],"wp:featuredmedia":[{"embeddable":true,"href":"https:\/\/yebodaglass.com\/it\/wp-json\/wp\/v2\/media\/25425"}],"wp:attachment":[{"href":"https:\/\/yebodaglass.com\/it\/wp-json\/wp\/v2\/media?parent=24084"}],"wp:term":[{"taxonomy":"product_brand","embeddable":true,"href":"https:\/\/yebodaglass.com\/it\/wp-json\/wp\/v2\/product_brand?post=24084"},{"taxonomy":"product_cat","embeddable":true,"href":"https:\/\/yebodaglass.com\/it\/wp-json\/wp\/v2\/product_cat?post=24084"},{"taxonomy":"product_tag","embeddable":true,"href":"https:\/\/yebodaglass.com\/it\/wp-json\/wp\/v2\/product_tag?post=24084"}],"curies":[{"name":"wp","href":"https:\/\/api.w.org\/{rel}","templated":true}]}}