{"id":24080,"date":"2025-11-26T09:31:37","date_gmt":"2025-11-26T01:31:37","guid":{"rendered":"https:\/\/yebodaglass.com\/?post_type=product&#038;p=24080"},"modified":"2025-11-26T11:53:52","modified_gmt":"2025-11-26T03:53:52","slug":"wholesale-small-clear-glass-storage-jars-with-lids","status":"publish","type":"product","link":"https:\/\/yebodaglass.com\/it\/wholesale-small-clear-glass-storage-jars-with-lids\/","title":{"rendered":"Barattoli di vetro trasparenti piccoli all&#039;ingrosso con coperchi da 80 ml, 100 ml e 150 ml"},"content":{"rendered":"<p data-start=\"66\" data-end=\"288\">Si tratta di barattoli per la conservazione a forma di cilindro, realizzati in vetro trasparente. Ogni barattolo \u00e8 dotato anche di un elegante coperchio a scatto in metallo.<\/p>\n<h2>Caratteristiche del prodotto<\/h2>\n<ul>\n<li><strong>Materiale trasparente:<\/strong> I barattoli sono realizzati in vetro completamente trasparente, il che rende chiaramente visibili il tipo e la quantit\u00e0 degli ingredienti contenuti al loro interno, consentendone cos\u00ec una facile identificazione senza dover aprire il coperchio.<\/li>\n<li><strong>Design di tenuta a scatto:<\/strong> \u00c8 dotato di un coperchio metallico a scatto che garantisce un&#039;ottima tenuta e impedisce efficacemente l&#039;ingresso di umidit\u00e0, preservando cos\u00ec la freschezza. La chiusura e l&#039;apertura sono molto facili e veloci.<\/li>\n<li><strong>Design corto e stabile:<\/strong> Il corpo corto, robusto e arrotondato dei barattoli non solo garantisce la loro stabilit\u00e0 e durata sugli scaffali, ma li salvaguarda anche nello spazio di stoccaggio, rendendoli adatti per cucine, armadietti e altri luoghi.<\/li>\n<\/ul>\n<h2 style=\"text-align: left;\">Specifiche chiave<\/h2>\n<table class=\"aligncenter\" style=\"border-collapse: collapse; width: 519.77pt;\" border=\"0\" width=\"693\" cellspacing=\"0\" cellpadding=\"0\">\n<tbody>\n<tr style=\"height: 13.50pt;\">\n<td style=\"height: 13.50pt; width: 94.50pt;\" width=\"126\" height=\"18\">Caratteristica<\/td>\n<td style=\"width: 425.25pt;\" width=\"567\">Dettagli<\/td>\n<\/tr>\n<tr style=\"height: 13.50pt;\">\n<td style=\"height: 13.50pt;\" height=\"18\">Dimensioni<\/td>\n<td>80 ml: 6,1 \u00d7 7,3 cm \/ 100 ml: 6,3 \u00d7 7,1 cm \/ 150 ml: 7,5 \u00d7 7,2 cm<\/td>\n<\/tr>\n<tr style=\"height: 13.50pt;\">\n<td style=\"height: 13.50pt;\" height=\"18\">Materiale<\/td>\n<td>Barattolo in vetro sodico-calcico trasparente + coperchio in vetro temperato<\/td>\n<\/tr>\n<tr style=\"height: 13.50pt;\">\n<td style=\"height: 13.50pt;\" height=\"18\">Tipo di sigillo<\/td>\n<td>Chiudere la clip metallica con coperchi ermetici<\/td>\n<\/tr>\n<tr style=\"height: 13.50pt;\">\n<td style=\"height: 13.50pt;\" height=\"18\">Adatto per<\/td>\n<td>Barattolo di vetro per alimenti, barattolo per alimenti<\/td>\n<\/tr>\n<\/tbody>\n<\/table>\n<h2>Storia di successo: l&#039;aggiornamento dello storage di un marchio alimentare<\/h2>\n<p>Un&#039;azienda alimentare specializzata era alla ricerca di piccoli barattoli in vetro con coperchio per confezionare le sue miscele di spezie premium. I nostri barattoli in vetro da 150 ml sono stati la loro scelta finale. La soddisfazione dei clienti \u00e8 aumentata del 35% grazie all&#039;eccellente tenuta dei coperchi a scatto, che hanno mantenuto la freschezza delle spezie per oltre 12 mesi. I clienti potevano vedere chiaramente i colori vivaci delle spezie attraverso i barattoli di vetro acquistati, con un conseguente aumento del 20% delle vendite in negozio. L&#039;azienda \u00e8 stata cos\u00ec entusiasta che ha effettuato un altro ordine all&#039;ingrosso di 200.000 barattoli per espandere la propria attivit\u00e0 a nuovi mercati al dettaglio.<\/p>\n<h2>Soluzioni di personalizzazione per barattoli di vetro<\/h2>\n<ul>\n<li>Etichette serigrafate: utilizzando un metodo di stampa su ceramica permanente, si crea un&#039;identit\u00e0 di marca visivamente sorprendente.<\/li>\n<li>Effetto vetro smerigliato: ottieni una finitura opaca di classe utilizzando un metodo di incisione con acido.<\/li>\n<li>Marcature di capacit\u00e0: semplificano la navigazione per l&#039;utente aggiungendo graduazioni in rilievo o stampate.<\/li>\n<li>Forme personalizzate per i barattoli: basta una piccola modifica al contorno per ottenere un aspetto unico.<\/li>\n<\/ul>\n<p>Se hai bisogno di personalizzazioni per un determinato mercato o vuoi aggiungere un listino prezzi in base alla capacit\u00e0, non esitare a contattarci.<\/p>","protected":false},"excerpt":{"rendered":"<p>Il nostro barattolo rotondo in vetro offre una chiusura ermetica per spezie, snack e oggetti artigianali. Barattoli in vetro di alta qualit\u00e0 con coperchio, pronti per la consegna immediata, spedizione rapida.<\/p>","protected":false},"featured_media":24093,"template":"","meta":[],"product_brand":[],"product_cat":[122,134,124],"product_tag":[],"class_list":{"0":"post-24080","1":"product","2":"type-product","3":"status-publish","4":"has-post-thumbnail","6":"product_cat-custom-glass-packaging","7":"product_cat-airtight-jars","8":"product_cat-custom-glass-jars","10":"first","11":"instock","12":"shipping-taxable","13":"product-type-simple"},"jetpack_sharing_enabled":true,"_links":{"self":[{"href":"https:\/\/yebodaglass.com\/it\/wp-json\/wp\/v2\/product\/24080","targetHints":{"allow":["GET"]}}],"collection":[{"href":"https:\/\/yebodaglass.com\/it\/wp-json\/wp\/v2\/product"}],"about":[{"href":"https:\/\/yebodaglass.com\/it\/wp-json\/wp\/v2\/types\/product"}],"version-history":[{"count":3,"href":"https:\/\/yebodaglass.com\/it\/wp-json\/wp\/v2\/product\/24080\/revisions"}],"predecessor-version":[{"id":24098,"href":"https:\/\/yebodaglass.com\/it\/wp-json\/wp\/v2\/product\/24080\/revisions\/24098"}],"wp:featuredmedia":[{"embeddable":true,"href":"https:\/\/yebodaglass.com\/it\/wp-json\/wp\/v2\/media\/24093"}],"wp:attachment":[{"href":"https:\/\/yebodaglass.com\/it\/wp-json\/wp\/v2\/media?parent=24080"}],"wp:term":[{"taxonomy":"product_brand","embeddable":true,"href":"https:\/\/yebodaglass.com\/it\/wp-json\/wp\/v2\/product_brand?post=24080"},{"taxonomy":"product_cat","embeddable":true,"href":"https:\/\/yebodaglass.com\/it\/wp-json\/wp\/v2\/product_cat?post=24080"},{"taxonomy":"product_tag","embeddable":true,"href":"https:\/\/yebodaglass.com\/it\/wp-json\/wp\/v2\/product_tag?post=24080"}],"curies":[{"name":"wp","href":"https:\/\/api.w.org\/{rel}","templated":true}]}}