{"id":24035,"date":"2025-11-24T14:21:56","date_gmt":"2025-11-24T06:21:56","guid":{"rendered":"https:\/\/yebodaglass.com\/?post_type=product&#038;p=24035"},"modified":"2025-11-24T17:30:11","modified_gmt":"2025-11-24T09:30:11","slug":"custom-vintage-pickle-jar-with-lids-wholesale","status":"publish","type":"product","link":"https:\/\/yebodaglass.com\/it\/custom-vintage-pickle-jar-with-lids-wholesale\/","title":{"rendered":"Barattolo per sottaceti vintage personalizzato da 50 ml a 380 ml con coperchi all&#039;ingrosso"},"content":{"rendered":"<p>Stanco dei soliti barattoli per sottaceti che rovinano il sapore dei cetrioli? Realizziamo barattoli per sottaceti vintage, con coperchio rosso-bianco per un&#039;istantanea nostalgia. Questi barattoli per cipolle sottaceto trasformano la tua dispensa in un magnete per il tuo marchio. Per ordini all&#039;ingrosso, puoi scegliere dimensioni personalizzate per adattarsi alla tua etichetta.<\/p>\n<h2>Caratteristiche del prodotto<\/h2>\n<p><strong>Look retr\u00f2 classico<\/strong><\/p>\n<p>Con il suo tappo a vite in stile retr\u00f2 a scacchi, questo articolo valorizza l&#039;aspetto e pu\u00f2 essere l&#039;abbinamento perfetto per alimenti artigianali, stabilimenti di lavorazione agricola e set regalo di marca.<\/p>\n<p><strong>Disponibili pi\u00f9 misure<\/strong><\/p>\n<p>La linea di prodotti \u00e8 in grado di soddisfare le esigenze di confezionamento di grossisti e industrie alimentari per i diversi tipi di prodotti sottaceto, con una gamma di formati che va da un piccolo barattolo per campioni a una grande confezione per famiglie.<\/p>\n<p><strong>Elevata resistenza al calore e agli acidi<\/strong><\/p>\n<p>Il vetro \u00e8 adatto alla conservazione delle verdure in vari liquidi, come aceto, olio di peperoncino e sciroppo di zucchero, ed \u00e8 resistente agli odori e alla corrosione, garantendo cos\u00ec una conservazione sicura per lungo tempo.<\/p>\n<h2>Specifiche chiave<\/h2>\n<table style=\"border-collapse: collapse; width: 80%; margin-left: auto; margin-right: auto;\" border=\"0\" width=\"288\" cellspacing=\"0\" cellpadding=\"0\">\n<tbody>\n<tr style=\"height: 13.50pt;\">\n<td style=\"height: 13.5pt; width: 54pt; text-align: center;\" width=\"72\" height=\"18\">Capacit\u00e0 (ml)<\/td>\n<td style=\"width: 54pt; text-align: center;\" width=\"72\">Dimensioni (cm)<\/td>\n<td style=\"width: 54pt; text-align: center;\" width=\"72\">Utilizzo<\/td>\n<td style=\"width: 54pt; text-align: center;\" width=\"72\">Coperchi<\/td>\n<\/tr>\n<tr style=\"height: 13.50pt;\">\n<td style=\"height: 13.5pt; text-align: center;\" align=\"right\" height=\"18\">50<\/td>\n<td style=\"text-align: center;\">4.4 * 5.5<\/td>\n<td class=\"et2\" style=\"text-align: center;\" rowspan=\"6\">Marmellata, sottaceti, miele<\/td>\n<td class=\"et2\" style=\"text-align: center;\" rowspan=\"6\">Copertura in latta<\/td>\n<\/tr>\n<tr style=\"height: 13.50pt;\">\n<td style=\"height: 13.5pt; text-align: center;\" align=\"right\" height=\"18\">100<\/td>\n<td style=\"text-align: center;\">5.9 * 6.4<\/td>\n<\/tr>\n<tr style=\"height: 13.50pt;\">\n<td style=\"height: 13.5pt; text-align: center;\" align=\"right\" height=\"18\">150<\/td>\n<td style=\"text-align: center;\">6.5 * 6.8<\/td>\n<\/tr>\n<tr style=\"height: 13.50pt;\">\n<td style=\"height: 13.5pt; text-align: center;\" align=\"right\" height=\"18\">200<\/td>\n<td style=\"text-align: center;\">6.5 * 8.5<\/td>\n<\/tr>\n<tr style=\"height: 13.50pt;\">\n<td style=\"height: 13.5pt; text-align: center;\" align=\"right\" height=\"18\">250<\/td>\n<td style=\"text-align: center;\">7.5 * 9.7<\/td>\n<\/tr>\n<tr style=\"height: 13.50pt;\">\n<td style=\"height: 13.5pt; text-align: center;\" align=\"right\" height=\"18\">380<\/td>\n<td style=\"text-align: center;\">8.4 * 11.5<\/td>\n<\/tr>\n<\/tbody>\n<\/table>\n<h2>Caso di successo<\/h2>\n<p>L&#039;azienda produttrice di prodotti agricoli polacchi si \u00e8 rivolta a noi con la sfida di creare un packaging che non solo riflettesse lo stile tradizionale e casalingo, ma che aumentasse anche la visibilit\u00e0 del marchio nei supermercati. La nostra proposta \u00e8 stata il classico barattolo per sottaceti con un nostalgico coperchio a scacchi, apportando modifiche alle dimensioni e al colore del coperchio per due linee di prodotto: cipolle sottaceto e verdure miste.<\/p>\n<p>In soli due mesi, dopo l&#039;uscita del primo lotto di barattoli di cipolle sottaceto provenienti dalle catene di supermercati locali, \u00e8 stato registrato un aumento delle vendite del 35%, grazie al loro aspetto accattivante e alle buone prestazioni di tenuta.<\/p>\n<h2>Il tuo manuale di personalizzazione<\/h2>\n<ol>\n<li><strong>Rendi il design del coperchio pi\u00f9 personale:<\/strong> Aggiungi il logo della tua azienda, la texture del bordo o i blocchi di colore del tema selezionato, insieme al classico motivo a scacchi rossi e bianchi, sul coperchio per trasformarlo in un elemento identificativo univoco.<\/li>\n<li><strong>Migliora il tessuto dell&#039;etichetta:<\/strong> Scegli una carta opaca, una carta sintetica oleorepellente o etichette metalliche per conferire al tuo prodotto uno stile visivo e una consistenza pi\u00f9 raffinati o &#034;rustico retr\u00f2&#034;.<\/li>\n<\/ol>","protected":false},"excerpt":{"rendered":"<p>Barattolo per sottaceti vintage con coperchio, ideale per le tue cipolle sottaceto. Fornitura diretta in fabbrica e possibilit\u00e0 di personalizzazione. Disponibile per consegna immediata.<\/p>","protected":false},"featured_media":24036,"template":"","meta":[],"product_brand":[],"product_cat":[122,124,133],"product_tag":[],"class_list":{"0":"post-24035","1":"product","2":"type-product","3":"status-publish","4":"has-post-thumbnail","6":"product_cat-custom-glass-packaging","7":"product_cat-custom-glass-jars","8":"product_cat-pickle-jars","10":"first","11":"instock","12":"shipping-taxable","13":"product-type-simple"},"jetpack_sharing_enabled":true,"_links":{"self":[{"href":"https:\/\/yebodaglass.com\/it\/wp-json\/wp\/v2\/product\/24035","targetHints":{"allow":["GET"]}}],"collection":[{"href":"https:\/\/yebodaglass.com\/it\/wp-json\/wp\/v2\/product"}],"about":[{"href":"https:\/\/yebodaglass.com\/it\/wp-json\/wp\/v2\/types\/product"}],"version-history":[{"count":5,"href":"https:\/\/yebodaglass.com\/it\/wp-json\/wp\/v2\/product\/24035\/revisions"}],"predecessor-version":[{"id":24054,"href":"https:\/\/yebodaglass.com\/it\/wp-json\/wp\/v2\/product\/24035\/revisions\/24054"}],"wp:featuredmedia":[{"embeddable":true,"href":"https:\/\/yebodaglass.com\/it\/wp-json\/wp\/v2\/media\/24036"}],"wp:attachment":[{"href":"https:\/\/yebodaglass.com\/it\/wp-json\/wp\/v2\/media?parent=24035"}],"wp:term":[{"taxonomy":"product_brand","embeddable":true,"href":"https:\/\/yebodaglass.com\/it\/wp-json\/wp\/v2\/product_brand?post=24035"},{"taxonomy":"product_cat","embeddable":true,"href":"https:\/\/yebodaglass.com\/it\/wp-json\/wp\/v2\/product_cat?post=24035"},{"taxonomy":"product_tag","embeddable":true,"href":"https:\/\/yebodaglass.com\/it\/wp-json\/wp\/v2\/product_tag?post=24035"}],"curies":[{"name":"wp","href":"https:\/\/api.w.org\/{rel}","templated":true}]}}