{"id":24010,"date":"2025-11-21T14:34:47","date_gmt":"2025-11-21T06:34:47","guid":{"rendered":"https:\/\/yebodaglass.com\/?post_type=product&#038;p=24010"},"modified":"2025-11-21T14:52:06","modified_gmt":"2025-11-21T06:52:06","slug":"glass-pickle-jars-wholesale-with-high-top-lids","status":"publish","type":"product","link":"https:\/\/yebodaglass.com\/it\/glass-pickle-jars-wholesale-with-high-top-lids\/","title":{"rendered":"Barattoli di vetro per sottaceti da 100 ml a 750 ml all&#039;ingrosso con coperchi alti"},"content":{"rendered":"<p>Sei stanco dei barattoli per sottaceti che perdono o macchiano i cetrioli? Produciamo all&#039;ingrosso barattoli per sottaceti in vetro: niente pi\u00f9 tristi fuoriuscite di salamoia. Questi contenitori per sottaceti trasformeranno la tua dispensa in un concentrato di brand. Per ordini all&#039;ingrosso, puoi scegliere dimensioni personalizzate in base al tuo marchio.<\/p>\n<h2>Caratteristiche del prodotto<\/h2>\n<p><strong>Guarnizione per coperchio in metallo ad alta sommit\u00e0<\/strong><\/p>\n<p>La salamoia e il sapore vengono trattenuti dal coperchio metallico: i sottaceti rimangono freschi e non si deteriorano mai.<\/p>\n<p><strong>Visibilit\u00e0 cristallina del vetro<\/strong><\/p>\n<p>Ammira le fucine di aneto pi\u00f9 fresche: i clienti otterranno subito fiducia dai tuoi barattoli di vetro.<\/p>\n<p><strong>Opzioni di capacit\u00e0 multiple<\/strong><\/p>\n<p>Da 100 ml a 220 ml possono soddisfare le esigenze di piccoli lotti o grandi quantit\u00e0.<\/p>\n<h2>Specifiche chiave<\/h2>\n<table style=\"border-collapse: collapse; width: 80%; margin-left: auto; margin-right: auto;\" border=\"0\" width=\"216\" cellspacing=\"0\" cellpadding=\"0\">\n<tbody>\n<tr style=\"height: 13.50pt;\">\n<td style=\"height: 13.5pt; width: 54pt; text-align: center;\" width=\"72\" height=\"18\">Capacit\u00e0 (ml)<\/td>\n<td style=\"width: 54pt; text-align: center;\" width=\"72\">Dimensioni (cm)<\/td>\n<td style=\"width: 54pt; text-align: center;\" width=\"72\">Coperchi<\/td>\n<\/tr>\n<tr style=\"height: 13.50pt;\">\n<td style=\"height: 13.5pt; text-align: center;\" align=\"right\" height=\"18\">100<\/td>\n<td style=\"text-align: center;\">6,2 x 6,8<\/td>\n<td class=\"et2\" style=\"text-align: center;\" rowspan=\"7\">Coperchi metallici alti<\/td>\n<\/tr>\n<tr style=\"height: 13.50pt;\">\n<td style=\"height: 13.5pt; text-align: center;\" align=\"right\" height=\"18\">150 \/ 5 once<\/td>\n<td style=\"text-align: center;\">7,5 x 6,6<\/td>\n<\/tr>\n<tr style=\"height: 13.50pt;\">\n<td style=\"height: 13.5pt; text-align: center;\" align=\"right\" height=\"18\">180 \/ 6 once<\/td>\n<td style=\"text-align: center;\">7,3 x 7,8<\/td>\n<\/tr>\n<tr style=\"height: 13.50pt;\">\n<td style=\"height: 13.5pt; text-align: center;\" align=\"right\" height=\"18\">220<\/td>\n<td style=\"text-align: center;\">6,6 x 10,6<\/td>\n<\/tr>\n<tr style=\"height: 13.50pt;\">\n<td style=\"height: 13.5pt; text-align: center;\" align=\"right\" height=\"18\">380<\/td>\n<td style=\"text-align: center;\">7,5 x 12,5<\/td>\n<\/tr>\n<tr style=\"height: 13.50pt;\">\n<td style=\"height: 13.5pt; text-align: center;\" align=\"right\" height=\"18\">500<\/td>\n<td style=\"text-align: center;\">7,5 x 14,9<\/td>\n<\/tr>\n<tr style=\"height: 13.50pt;\">\n<td style=\"height: 13.5pt; text-align: center;\" align=\"right\" height=\"18\">750 \/ 25 once<\/td>\n<td style=\"text-align: center;\">8,6 x 17,5<\/td>\n<\/tr>\n<\/tbody>\n<\/table>\n<h2>Storia di successo<\/h2>\n<p>Un marchio di sottaceti speciali del Canada occidentale si \u00e8 rivolto a noi per rinnovare la sua linea di prodotti, scegliendo questo barattolo di vetro con tappo alto. I loro nuovi prodotti comprendevano una variet\u00e0 di verdure sottaceto e salamoie, e il vecchio imballaggio perdeva spesso e si danneggiava durante il trasporto. Abbiamo quindi fornito loro un barattolo con pareti pi\u00f9 spesse e un coperchio alto pi\u00f9 stabile.<\/p>\n<p>Di conseguenza, il nuovo barattolo di vetro per sottaceti \u00e8 stato in grado di migliorare la tenuta e le vendite del nuovo prodotto sono aumentate di quasi il 30% in tre mesi.<\/p>\n<h2>Il tuo manuale di personalizzazione<\/h2>\n<ol>\n<li><strong>Supporta diversi tipi di tappi:<\/strong> Oltre al semplice tappo alto, le scelte possono comprendere tappi rinforzati con guarnizione o tappi realizzati con materiali diversi, garantendo cos\u00ec uno stile pi\u00f9 armonioso e una migliore compatibilit\u00e0 con le linee di produzione automatizzate di tappatura.<\/li>\n<li><strong>Area etichetta satinata:<\/strong> Il contenitore pu\u00f2 essere satinato o avere una texture leggermente antiscivolo, facilitando l&#039;applicazione delle etichette e migliorando la qualit\u00e0 complessiva dell&#039;imballaggio.<\/li>\n<li><strong>Vetro colorato a scelta per ordini di grandi dimensioni:<\/strong> \u00c8 possibile utilizzare vetri ambrati, verdi o di qualsiasi altro colore colorato non solo per migliorare le caratteristiche protettive dei prodotti fotosensibili, ma anche per rafforzare il marchio.<\/li>\n<\/ol>","protected":false},"excerpt":{"rendered":"<p>Barattoli di vetro per sottaceti all&#039;ingrosso con coperchio alto e chiusura ermetica, ideali per i marchi che necessitano di una soluzione di barattoli per sottaceti in grandi quantit\u00e0, fornitura diretta dalla fabbrica e opzioni personalizzabili.<\/p>","protected":false},"featured_media":24020,"template":"","meta":[],"product_brand":[],"product_cat":[122,124,133],"product_tag":[],"class_list":{"0":"post-24010","1":"product","2":"type-product","3":"status-publish","4":"has-post-thumbnail","6":"product_cat-custom-glass-packaging","7":"product_cat-custom-glass-jars","8":"product_cat-pickle-jars","10":"first","11":"instock","12":"shipping-taxable","13":"product-type-simple"},"jetpack_sharing_enabled":true,"_links":{"self":[{"href":"https:\/\/yebodaglass.com\/it\/wp-json\/wp\/v2\/product\/24010","targetHints":{"allow":["GET"]}}],"collection":[{"href":"https:\/\/yebodaglass.com\/it\/wp-json\/wp\/v2\/product"}],"about":[{"href":"https:\/\/yebodaglass.com\/it\/wp-json\/wp\/v2\/types\/product"}],"version-history":[{"count":5,"href":"https:\/\/yebodaglass.com\/it\/wp-json\/wp\/v2\/product\/24010\/revisions"}],"predecessor-version":[{"id":24021,"href":"https:\/\/yebodaglass.com\/it\/wp-json\/wp\/v2\/product\/24010\/revisions\/24021"}],"wp:featuredmedia":[{"embeddable":true,"href":"https:\/\/yebodaglass.com\/it\/wp-json\/wp\/v2\/media\/24020"}],"wp:attachment":[{"href":"https:\/\/yebodaglass.com\/it\/wp-json\/wp\/v2\/media?parent=24010"}],"wp:term":[{"taxonomy":"product_brand","embeddable":true,"href":"https:\/\/yebodaglass.com\/it\/wp-json\/wp\/v2\/product_brand?post=24010"},{"taxonomy":"product_cat","embeddable":true,"href":"https:\/\/yebodaglass.com\/it\/wp-json\/wp\/v2\/product_cat?post=24010"},{"taxonomy":"product_tag","embeddable":true,"href":"https:\/\/yebodaglass.com\/it\/wp-json\/wp\/v2\/product_tag?post=24010"}],"curies":[{"name":"wp","href":"https:\/\/api.w.org\/{rel}","templated":true}]}}