{"id":23979,"date":"2025-11-20T15:57:22","date_gmt":"2025-11-20T07:57:22","guid":{"rendered":"https:\/\/yebodaglass.com\/?post_type=product&#038;p=23979"},"modified":"2026-04-14T15:42:13","modified_gmt":"2026-04-14T07:42:13","slug":"double-ear-glass-pickle-jar-storage-wholesale","status":"publish","type":"product","link":"https:\/\/yebodaglass.com\/it\/double-ear-glass-pickle-jar-storage-wholesale\/","title":{"rendered":"Barattolo per sottaceti in vetro a doppia aletta da 280 ml a 630 ml, vendita all&#039;ingrosso"},"content":{"rendered":"<p>Stanco dei barattoli per sottaceti che perdono o rovinano i cetrioli? Produciamo barattoli per sottaceti in grandi quantit\u00e0: niente pi\u00f9 tristi perdite di salamoia. Questi contenitori in vetro trasformano la tua dispensa in un concentrato di brand. Gli ordini all&#039;ingrosso sono disponibili in dimensioni personalizzate per adattarsi al tuo marchio.<\/p>\n<h2>Caratteristiche del prodotto<\/h2>\n<ul>\n<li><strong>Double-handled design: <\/strong>La struttura arrotondata con doppio manico non solo migliora la presa, ma conferisce anche al barattolo di vetro un aspetto unico.<\/li>\n<li><strong>Crystal clear glass: <\/strong>Ogni rametto di aneto \u00e8 ben visibile: i clienti possono fidarsi del tuo barattolo a colpo d&#039;occhio.<\/li>\n<li><strong>Excellent airtight metal lid: <\/strong>Conserva in modo sicuro la salamoia e i deliziosi sottaceti, senza mai rovinarli.<\/li>\n<li><strong>Multiple sizes available: <\/strong>Da 280 ml a 630 ml, per soddisfare le esigenze di produzione di piccoli e grandi lotti.<\/li>\n<\/ul>\n<h2>Specifiche chiave<\/h2>\n<table style=\"border-collapse: collapse; width: 80%; margin-left: auto; margin-right: auto;\" border=\"0\" width=\"216\" cellspacing=\"0\" cellpadding=\"0\">\n<tbody>\n<tr style=\"height: 13.50pt;\">\n<td style=\"height: 13.5pt; width: 54pt; text-align: center;\" width=\"72\" height=\"18\">Capacit\u00e0 (ml)<\/td>\n<td style=\"width: 54pt; text-align: center;\" width=\"72\">Dimensioni (cm)<\/td>\n<td style=\"width: 54pt; text-align: center;\" width=\"72\">Opzioni per i coperchi<\/td>\n<\/tr>\n<tr style=\"height: 13.50pt;\">\n<td style=\"height: 13.5pt; text-align: center;\" height=\"18\">280<\/td>\n<td style=\"text-align: center;\">7,8 x 8,8<\/td>\n<td class=\"et2\" style=\"text-align: center;\" rowspan=\"4\">Tappo in alluminio, colore personalizzabile<\/td>\n<\/tr>\n<tr style=\"height: 13.50pt;\">\n<td style=\"height: 13.5pt; text-align: center;\" height=\"18\">350<\/td>\n<td style=\"text-align: center;\">8,8 x 9,5<\/td>\n<\/tr>\n<tr style=\"height: 13.50pt;\">\n<td style=\"height: 13.5pt; text-align: center;\" height=\"18\">500<\/td>\n<td style=\"text-align: center;\">9,9 x 10,0<\/td>\n<\/tr>\n<tr style=\"height: 13.50pt;\">\n<td style=\"height: 13.5pt; text-align: center;\" height=\"18\">630<\/td>\n<td style=\"text-align: center;\">10,4 x 10,7<\/td>\n<\/tr>\n<\/tbody>\n<\/table>\n<h2>Caso di successo<\/h2>\n<p>Siamo stati contattati da un marchio di sottaceti dell&#039;Europa orientale per personalizzare questo barattolo per sottaceti a doppio manico. Abbiamo modificato la dimensione del tappo a vite per adattarlo alla loro macchina riempitrice e abbiamo anche realizzato un coperchio in metallo colorato, esclusivo per il loro utilizzo.<\/p>\n<p>Grazie alla sua introduzione, la reperibilit\u00e0 dell&#039;articolo sugli scaffali dei supermercati \u00e8 notevolmente migliorata e nel primo trimestre \u00e8 stato registrato un aumento delle vendite del 22%.<\/p>\n<h2>Il tuo manuale di personalizzazione<\/h2>\n<ol>\n<li>Se gli ingredienti sottaceto sono di un certo colore e l&#039;utente desidera utilizzarli, sono disponibili tre opzioni tra cui scegliere la finitura del coperchio: galvanica, verniciata o perlata, per creare un aspetto pi\u00f9 uniforme per l&#039;intero barattolo di sottaceti.<\/li>\n<li>Utilizzando motivi come temi di frutta e verdura, iniziali di marchi o texture geometriche, i barattoli possono essere fatti risaltare e quindi rendere i contenitori per sottaceti facilmente riconoscibili sullo scaffale.<\/li>\n<\/ol>","protected":false},"excerpt":{"rendered":"<p>Barattoli in vetro per sottaceti, ideali per conserve di frutta e verdura. La fornitura diretta dalla fabbrica supporta ordini all&#039;ingrosso di barattoli per sottaceti con coperchi personalizzati e opzioni di branding.<\/p>","protected":false},"featured_media":23981,"template":"","meta":[],"product_brand":[],"product_cat":[133,124,122],"product_tag":[],"class_list":{"0":"post-23979","1":"product","2":"type-product","3":"status-publish","4":"has-post-thumbnail","6":"product_cat-pickle-jars","7":"product_cat-custom-glass-jars","8":"product_cat-custom-glass-packaging","10":"first","11":"instock","12":"shipping-taxable","13":"product-type-simple"},"jetpack_sharing_enabled":true,"_links":{"self":[{"href":"https:\/\/yebodaglass.com\/it\/wp-json\/wp\/v2\/product\/23979","targetHints":{"allow":["GET"]}}],"collection":[{"href":"https:\/\/yebodaglass.com\/it\/wp-json\/wp\/v2\/product"}],"about":[{"href":"https:\/\/yebodaglass.com\/it\/wp-json\/wp\/v2\/types\/product"}],"version-history":[{"count":4,"href":"https:\/\/yebodaglass.com\/it\/wp-json\/wp\/v2\/product\/23979\/revisions"}],"predecessor-version":[{"id":25782,"href":"https:\/\/yebodaglass.com\/it\/wp-json\/wp\/v2\/product\/23979\/revisions\/25782"}],"wp:featuredmedia":[{"embeddable":true,"href":"https:\/\/yebodaglass.com\/it\/wp-json\/wp\/v2\/media\/23981"}],"wp:attachment":[{"href":"https:\/\/yebodaglass.com\/it\/wp-json\/wp\/v2\/media?parent=23979"}],"wp:term":[{"taxonomy":"product_brand","embeddable":true,"href":"https:\/\/yebodaglass.com\/it\/wp-json\/wp\/v2\/product_brand?post=23979"},{"taxonomy":"product_cat","embeddable":true,"href":"https:\/\/yebodaglass.com\/it\/wp-json\/wp\/v2\/product_cat?post=23979"},{"taxonomy":"product_tag","embeddable":true,"href":"https:\/\/yebodaglass.com\/it\/wp-json\/wp\/v2\/product_tag?post=23979"}],"curies":[{"name":"wp","href":"https:\/\/api.w.org\/{rel}","templated":true}]}}