{"id":23970,"date":"2025-11-20T14:40:02","date_gmt":"2025-11-20T06:40:02","guid":{"rendered":"https:\/\/yebodaglass.com\/?post_type=product&#038;p=23970"},"modified":"2025-11-20T14:40:03","modified_gmt":"2025-11-20T06:40:03","slug":"double-handle-glass-jar-for-pickles-bulk","status":"publish","type":"product","link":"https:\/\/yebodaglass.com\/it\/double-handle-glass-jar-for-pickles-bulk\/","title":{"rendered":"Barattolo di vetro con doppio manico da 80 ml a 200 ml per sottaceti sfusi"},"content":{"rendered":"<p>Stanco dei barattoli per sottaceti che ti scivolano dalle mani? Realizziamo barattoli per sottaceti, con doppie alette per una presa facile. Questi contenitori in vetro per sottaceti trasformano la tua conservazione alimentare in un elemento distintivo del tuo brand. Per ordini all&#039;ingrosso, puoi scegliere dimensioni personalizzate in base al tuo brand.<\/p>\n<h2>Caratteristiche del prodotto<\/h2>\n<p><strong>Design con impugnatura a doppia aletta<\/strong><\/p>\n<p>Tienili con facilit\u00e0: niente pi\u00f9 cetrioli caduti.<\/p>\n<p><strong>Visibilit\u00e0 cristallina del vetro<\/strong><\/p>\n<p>Osserva ogni rametto di aneto: i clienti si fidano subito dei tuoi barattoli di vetro.<\/p>\n<p><strong>Coperchio metallico ermetico<\/strong><\/p>\n<p>Conserva in salamoia e conserva sottaceti saporiti, senza mai rovinarli.<\/p>\n<h2>Specifiche chiave<\/h2>\n<table style=\"border-collapse: collapse; width: 80%; margin-left: auto; margin-right: auto;\" border=\"0\" width=\"216\" cellspacing=\"0\" cellpadding=\"0\">\n<tbody>\n<tr style=\"height: 13.50pt;\">\n<td style=\"height: 13.5pt; width: 54pt; text-align: center;\" width=\"72\" height=\"18\">Capacit\u00e0 (ml)<\/td>\n<td style=\"width: 54pt; text-align: center;\" width=\"72\">Dimensioni (cm)<\/td>\n<td style=\"width: 54pt; text-align: center;\" width=\"72\">Forma<\/td>\n<\/tr>\n<tr style=\"height: 13.50pt;\">\n<td style=\"height: 13.5pt; text-align: center;\" align=\"right\" height=\"18\">80<\/td>\n<td style=\"text-align: center;\">6,9 x 4,4<\/td>\n<td class=\"et2\" style=\"text-align: center;\" rowspan=\"4\">Girare<\/td>\n<\/tr>\n<tr style=\"height: 13.50pt;\">\n<td style=\"height: 13.5pt; text-align: center;\" align=\"right\" height=\"18\">100<\/td>\n<td style=\"text-align: center;\">7,6 x 4,6<\/td>\n<\/tr>\n<tr style=\"height: 13.50pt;\">\n<td style=\"height: 13.5pt; text-align: center;\" align=\"right\" height=\"18\">150<\/td>\n<td style=\"text-align: center;\">8,0 x 5,4<\/td>\n<\/tr>\n<tr style=\"height: 13.50pt;\">\n<td style=\"height: 13.5pt; text-align: center;\" align=\"right\" height=\"18\">200<\/td>\n<td style=\"text-align: center;\">8,9 x 5,5<\/td>\n<\/tr>\n<\/tbody>\n<\/table>\n<h2>Caso di successo<\/h2>\n<p>Un produttore di condimenti del Sud-Est asiatico ha migliorato il suo packaging passando ai nostri barattoli per kimchi con doppio manico. Il suo personale aveva bisogno di un barattolo per kimchi che offrisse una presa comoda durante il riempimento a caldo e che fosse sufficientemente resistente per un lungo trasporto.<\/p>\n<p>La loro efficienza di riempimento \u00e8 aumentata del 22% grazie all&#039;utilizzo del nostro corpo in vetro rinforzato, del design a bocca larga e del coperchio ermetico, e il rischio di rotture durante il trasporto \u00e8 stato notevolmente ridotto.<\/p>\n<p>Herb &amp; Spice Co. \u00e8 passata alla nostra linea di barattoli in vetro per sottaceti. Risultato? Sono andati esauriti 15 volte pi\u00f9 velocemente e hanno ricevuto recensioni a 5 stelle. Perch\u00e9? L&#039;impugnatura a doppia aletta permetteva di maneggiare facilmente i cetrioli interi e i coperchi in metallo rosso personalizzati erano in linea con il marchio. Ora sono un bestseller in oltre 200 negozi.<\/p>\n<h2>Il tuo manuale di personalizzazione<\/h2>\n<ol>\n<li><strong>Coperchi migliorati:<\/strong> Possono essere in metallo, colorati, galvanizzati e con coperchi antimanomissione, con l&#039;opzione aggiuntiva di inserire una guarnizione di tenuta per una migliore conservazione.<\/li>\n<li><strong>Spessore e contorno del vetro:<\/strong> Pu\u00f2 essere realizzato con un vetro rinforzato pi\u00f9 spesso per una migliore resistenza alla pressione e un trasporto sicuro; inoltre, \u00e8 possibile modificare la curvatura del barattolo e le dimensioni del manico.<\/li>\n<li><strong>Marchio personalizzato:<\/strong> Il barattolo di vetro per sottaceti pu\u00f2 essere marchiato mediante processi di verniciatura a spruzzo, stampa, stampa a caldo ed etichettatura.<\/li>\n<\/ol>","protected":false},"excerpt":{"rendered":"<p>Barattolo per sottaceti con doppio manico, ideale per il confezionamento in grandi quantit\u00e0. Questo barattolo in vetro per sottaceti offre una chiusura ermetica sicura, fornitura diretta dal produttore e opzioni personalizzabili.<\/p>","protected":false},"featured_media":23971,"template":"","meta":[],"product_brand":[],"product_cat":[122,124,133],"product_tag":[],"class_list":{"0":"post-23970","1":"product","2":"type-product","3":"status-publish","4":"has-post-thumbnail","6":"product_cat-custom-glass-packaging","7":"product_cat-custom-glass-jars","8":"product_cat-pickle-jars","10":"first","11":"instock","12":"shipping-taxable","13":"product-type-simple"},"jetpack_sharing_enabled":true,"_links":{"self":[{"href":"https:\/\/yebodaglass.com\/it\/wp-json\/wp\/v2\/product\/23970","targetHints":{"allow":["GET"]}}],"collection":[{"href":"https:\/\/yebodaglass.com\/it\/wp-json\/wp\/v2\/product"}],"about":[{"href":"https:\/\/yebodaglass.com\/it\/wp-json\/wp\/v2\/types\/product"}],"version-history":[{"count":4,"href":"https:\/\/yebodaglass.com\/it\/wp-json\/wp\/v2\/product\/23970\/revisions"}],"predecessor-version":[{"id":23978,"href":"https:\/\/yebodaglass.com\/it\/wp-json\/wp\/v2\/product\/23970\/revisions\/23978"}],"wp:featuredmedia":[{"embeddable":true,"href":"https:\/\/yebodaglass.com\/it\/wp-json\/wp\/v2\/media\/23971"}],"wp:attachment":[{"href":"https:\/\/yebodaglass.com\/it\/wp-json\/wp\/v2\/media?parent=23970"}],"wp:term":[{"taxonomy":"product_brand","embeddable":true,"href":"https:\/\/yebodaglass.com\/it\/wp-json\/wp\/v2\/product_brand?post=23970"},{"taxonomy":"product_cat","embeddable":true,"href":"https:\/\/yebodaglass.com\/it\/wp-json\/wp\/v2\/product_cat?post=23970"},{"taxonomy":"product_tag","embeddable":true,"href":"https:\/\/yebodaglass.com\/it\/wp-json\/wp\/v2\/product_tag?post=23970"}],"curies":[{"name":"wp","href":"https:\/\/api.w.org\/{rel}","templated":true}]}}