{"id":23940,"date":"2025-11-19T14:08:56","date_gmt":"2025-11-19T06:08:56","guid":{"rendered":"https:\/\/yebodaglass.com\/?post_type=product&#038;p=23940"},"modified":"2025-11-19T17:21:31","modified_gmt":"2025-11-19T09:21:31","slug":"custom-glass-jar-for-pickle-with-airtight-cap-bulk","status":"publish","type":"product","link":"https:\/\/yebodaglass.com\/it\/custom-glass-jar-for-pickle-with-airtight-cap-bulk\/","title":{"rendered":"Barattolo di vetro personalizzato per sottaceti con tappo ermetico da 100 oz"},"content":{"rendered":"<p>Stanco dei barattoli per sottaceti che perdono o rovinano il cetriolo? Realizziamo barattoli di vetro per sottaceti: \u200b\u200bniente pi\u00f9 tristi perdite di salamoia. Questi barattoli di vetro per sottaceti trasformano la tua dispensa in un concentrato di brand. Gli ordini all&#039;ingrosso possono essere personalizzati con finiture in linea con il tuo brand.<\/p>\n<h2>Caratteristiche del prodotto<\/h2>\n<p><strong>Struttura del volume grande<\/strong><\/p>\n<p>Pu\u00f2 essere utilizzato per mettere sottaceto un&#039;intera verdura o una grande quantit\u00e0 di ingredienti, soddisfacendo cos\u00ec le esigenze di conservazione di famiglie, grandi ristoranti o industrie alimentari.<\/p>\n<p><strong>Coperchio in vetro + struttura di chiusura a scatto in metallo<\/strong><\/p>\n<p>Il meccanismo di chiusura a scatto rafforza la tenuta stagna, rappresentando quindi un modo efficace per ridurre l&#039;ingresso di aria, rendendolo un dispositivo adatto alla fermentazione, alla conservazione in salamoia e alla conservazione a lungo termine.<\/p>\n<p><strong>Vetro super trasparente<\/strong><\/p>\n<p>Il barattolo mostra visivamente il colore e le condizioni dei prodotti sottaceto, rendendo molto facile monitorare la fermentazione o eventuali cambiamenti nella qualit\u00e0.<\/p>\n<h2>Specifiche chiave<\/h2>\n<table style=\"border-collapse: collapse; width: 80%; margin-left: AUTO; margin-right: AUTO;\" border=\"0\" width=\"288\" cellspacing=\"0\" cellpadding=\"0\">\n<tbody>\n<tr style=\"height: 13.50pt;\">\n<td style=\"height: 13.5pt; width: 54pt; text-align: center;\" width=\"72\" height=\"18\">Capacit\u00e0<\/td>\n<td style=\"width: 54pt; text-align: center;\" width=\"72\">Materiale<\/td>\n<td style=\"width: 54pt; text-align: center;\" width=\"72\">Tipo di coperchio<\/td>\n<td style=\"width: 54pt; text-align: center;\" width=\"72\">Forma<\/td>\n<\/tr>\n<tr style=\"height: 13.50pt;\">\n<td style=\"height: 13.5pt; text-align: center;\" height=\"18\">3000 ml (personalizzato)<\/td>\n<td style=\"text-align: center;\">Vetro superiore<\/td>\n<td style=\"text-align: center;\">Coperchi ermetici con morsetto<\/td>\n<td style=\"text-align: center;\">Rotondo (personalizzabile)<\/td>\n<\/tr>\n<\/tbody>\n<\/table>\n<h2>Caso di successo<\/h2>\n<p>Il grande stabilimento di trasformazione alimentare che produce sottaceti tradizionali ha deciso di utilizzare i nostri contenitori in vetro di grande capacit\u00e0 per i propri sottaceti quando era alla ricerca di una soluzione di confezionamento migliore per il processo di fermentazione. Per soddisfare le esigenze di un ciclo di fermentazione lungo e difficile, lo stabilimento ha reso le pareti dei contenitori pi\u00f9 spesse e ha installato guarnizioni di tenuta resistenti al sale e agli acidi, in modo che la struttura di chiusura metallica possa rimanere stabile anche in caso di prolungato utilizzo in un ambiente ad alta concentrazione salina.<\/p>\n<p>Grazie a questo aggiornamento, i sottaceti sono diventati visivamente accessibili durante la fermentazione, il tasso di difetti nei lotti \u00e8 diminuito di circa il 22% e la gestione del magazzino \u00e8 diventata un compito pi\u00f9 umano.<\/p>\n<h2>Il tuo manuale di personalizzazione<\/h2>\n<ol>\n<li><strong>Aggiornamento del sistema di sigillatura:<\/strong>Le chiusure metalliche possono essere galvanizzate, verniciate o in acciaio inossidabile, e le guarnizioni resistenti agli acidi e gli anelli in silicone possono essere sostituiti per una migliore tenuta.<\/li>\n<li><strong>Materiali e finiture del vetro:<\/strong>Sono disponibili materiali come il vetro ad alta trasparenza, satinato, semitrasparente e antideflagrante. Inoltre, i loghi possono essere impressi sul corpo o sul fondo della bottiglia.<\/li>\n<li><strong>Opzioni accessori:<\/strong>Cucchiai dosatori, adesivi sigillanti, cartellini con marchio e design di etichette esterne sono tutti prodotti compatibili da utilizzare per creare un portfolio prodotti pi\u00f9 completo con il tuo marchio.<\/li>\n<\/ol>","protected":false},"excerpt":{"rendered":"<p>Glass jar for pickle are available with free samples for testing. And glass jars for pickling, ideal for bulk buyers with factory-direct supply. Custom available.<\/p>","protected":false},"featured_media":23941,"template":"","meta":[],"product_brand":[],"product_cat":[122,124,133],"product_tag":[],"class_list":{"0":"post-23940","1":"product","2":"type-product","3":"status-publish","4":"has-post-thumbnail","6":"product_cat-custom-glass-packaging","7":"product_cat-custom-glass-jars","8":"product_cat-pickle-jars","10":"first","11":"instock","12":"shipping-taxable","13":"product-type-simple"},"jetpack_sharing_enabled":true,"_links":{"self":[{"href":"https:\/\/yebodaglass.com\/it\/wp-json\/wp\/v2\/product\/23940","targetHints":{"allow":["GET"]}}],"collection":[{"href":"https:\/\/yebodaglass.com\/it\/wp-json\/wp\/v2\/product"}],"about":[{"href":"https:\/\/yebodaglass.com\/it\/wp-json\/wp\/v2\/types\/product"}],"version-history":[{"count":5,"href":"https:\/\/yebodaglass.com\/it\/wp-json\/wp\/v2\/product\/23940\/revisions"}],"predecessor-version":[{"id":23954,"href":"https:\/\/yebodaglass.com\/it\/wp-json\/wp\/v2\/product\/23940\/revisions\/23954"}],"wp:featuredmedia":[{"embeddable":true,"href":"https:\/\/yebodaglass.com\/it\/wp-json\/wp\/v2\/media\/23941"}],"wp:attachment":[{"href":"https:\/\/yebodaglass.com\/it\/wp-json\/wp\/v2\/media?parent=23940"}],"wp:term":[{"taxonomy":"product_brand","embeddable":true,"href":"https:\/\/yebodaglass.com\/it\/wp-json\/wp\/v2\/product_brand?post=23940"},{"taxonomy":"product_cat","embeddable":true,"href":"https:\/\/yebodaglass.com\/it\/wp-json\/wp\/v2\/product_cat?post=23940"},{"taxonomy":"product_tag","embeddable":true,"href":"https:\/\/yebodaglass.com\/it\/wp-json\/wp\/v2\/product_tag?post=23940"}],"curies":[{"name":"wp","href":"https:\/\/api.w.org\/{rel}","templated":true}]}}