{"id":23811,"date":"2025-11-17T17:24:30","date_gmt":"2025-11-17T09:24:30","guid":{"rendered":"https:\/\/yebodaglass.com\/?post_type=product&#038;p=23811"},"modified":"2025-11-18T10:20:05","modified_gmt":"2025-11-18T02:20:05","slug":"pickling-containers-bulk-glass-pickling-jar","status":"publish","type":"product","link":"https:\/\/yebodaglass.com\/it\/pickling-containers-bulk-glass-pickling-jar\/","title":{"rendered":"Barattolo di vetro per sottaceti da 350 ml \u2013 730 ml per Kimchi sfuso"},"content":{"rendered":"<p>Stanco dei soliti barattoli per sottaceti che perdono o perdono freschezza? Realizziamo barattoli in vetro per sottaceti: \u200b\u200bniente pi\u00f9 tristi lotti di aneto o cetrioli. Questi contenitori per sottaceti trasformano la tua dispensa in un concentrato di brand. Per ordini all&#039;ingrosso, puoi scegliere dimensioni personalizzate in base alle tue esigenze.<\/p>\n<h2>Caratteristiche del prodotto<\/h2>\n<p><strong>Vetro trasparente ispessito<\/strong><\/p>\n<p>I lati del contenitore sono robusti e durevoli, resistenti agli acidi e al sale, quindi possono essere utilizzati per sottaceti, fermentazioni, salse e una grande variet\u00e0 di altri prodotti alimentari.<\/p>\n<p><strong>Grande capacit\u00e0 di tenuta<\/strong><\/p>\n<p>Un tappo a vite, se utilizzato insieme, impedisce notevolmente l&#039;ingresso dell&#039;aria, mantenendo cos\u00ec il sapore e la purezza degli ingredienti.<\/p>\n<p><strong>Bottiglia di forma rotonda<\/strong><\/p>\n<p>Apparendo pi\u00f9 volumetrico, \u00e8 adatto per esporre prodotti, aumentandone cos\u00ec l&#039;attrattiva sullo scaffale.<\/p>\n<h2>Specifiche chiave<\/h2>\n<table style=\"border-collapse: collapse; width: 80%; margin-left: auto; margin-right: auto;\" border=\"0\" width=\"216\" cellspacing=\"0\" cellpadding=\"0\">\n<tbody>\n<tr style=\"height: 13.50pt;\">\n<td style=\"height: 13.5pt; width: 54pt; text-align: center;\" width=\"72\" height=\"18\">Capacit\u00e0 (ml)<\/td>\n<td style=\"width: 54pt; text-align: center;\" width=\"72\">Dimensioni (cm)<\/td>\n<td style=\"width: 54pt; text-align: center;\" width=\"72\">Opzioni personalizzate<\/td>\n<\/tr>\n<tr style=\"height: 13.50pt;\">\n<td style=\"height: 13.5pt; text-align: center;\" align=\"right\" height=\"18\">350<\/td>\n<td style=\"text-align: center;\">8,5 x 8,1 x 11,0<\/td>\n<td class=\"et2\" style=\"text-align: center;\" rowspan=\"3\">Coperchi, colore, logo...<\/td>\n<\/tr>\n<tr style=\"height: 13.50pt;\">\n<td style=\"height: 13.5pt; text-align: center;\" align=\"right\" height=\"18\">480<\/td>\n<td style=\"text-align: center;\">9,2 x 8,9 x 12,2<\/td>\n<\/tr>\n<tr style=\"height: 13.50pt;\">\n<td style=\"height: 13.5pt; text-align: center;\" align=\"right\" height=\"18\">730<\/td>\n<td style=\"text-align: center;\">9,5 x 14,5<\/td>\n<\/tr>\n<\/tbody>\n<\/table>\n<h2>Storia di successo<\/h2>\n<p>Quando un marchio di salsa piccante del Sud-Est asiatico ha deciso di cambiare il suo packaging, ha scelto il nostro barattolo in vetro per sottaceti. Il nuovo barattolo rotondo e trasparente sullo scaffale ha attirato molto l&#039;attenzione dei consumatori, che hanno potuto vedere immediatamente gli ingredienti autentici e corposi. Il tappo a vite ha inoltre contribuito a mantenere il prodotto fresco pi\u00f9 a lungo.<\/p>\n<p>Nel giro di soli tre mesi, le vendite della nuova serie di confezioni hanno registrato un notevole incremento, consentendo al marchio di affermarsi nel mercato altamente competitivo dei condimenti.<\/p>\n<h2>Il tuo manuale di personalizzazione dei contenitori per sottaceti<\/h2>\n<ol>\n<li><strong>Tappi di chiusura personalizzati:<\/strong> Per una migliore sigillatura e conservazione dei sottaceti fermentati, \u00e8 possibile scegliere anelli di tenuta in metallo, plastica resistente all&#039;umidit\u00e0 o silicone.<\/li>\n<li><strong>Operazioni di etichettatura e stampa:<\/strong> Supporta i requisiti visivi del marchio implementando una delle seguenti tecniche: smalto cotto, serigrafia, goffratura o design di etichette complete.<\/li>\n<li><strong>Colore e consistenza antiscivolo dei tappi:<\/strong> Per attirare l&#039;attenzione del consumatore sullo scaffale e garantire una presa migliore durante l&#039;apertura, vengono utilizzati tappi di diversi colori, con o senza superficie testurizzata.<\/li>\n<\/ol>","protected":false},"excerpt":{"rendered":"<p>Contenitori per sottaceti per salse e alimenti fermentati. I nostri contenitori in vetro per sottaceti offrono un&#039;esposizione chiara, una chiusura ermetica e un imballaggio affidabile per i marchi.<\/p>","protected":false},"featured_media":23817,"template":"","meta":[],"product_brand":[],"product_cat":[122,124,133],"product_tag":[],"class_list":{"0":"post-23811","1":"product","2":"type-product","3":"status-publish","4":"has-post-thumbnail","6":"product_cat-custom-glass-packaging","7":"product_cat-custom-glass-jars","8":"product_cat-pickle-jars","10":"first","11":"instock","12":"shipping-taxable","13":"product-type-simple"},"jetpack_sharing_enabled":true,"_links":{"self":[{"href":"https:\/\/yebodaglass.com\/it\/wp-json\/wp\/v2\/product\/23811","targetHints":{"allow":["GET"]}}],"collection":[{"href":"https:\/\/yebodaglass.com\/it\/wp-json\/wp\/v2\/product"}],"about":[{"href":"https:\/\/yebodaglass.com\/it\/wp-json\/wp\/v2\/types\/product"}],"version-history":[{"count":5,"href":"https:\/\/yebodaglass.com\/it\/wp-json\/wp\/v2\/product\/23811\/revisions"}],"predecessor-version":[{"id":23836,"href":"https:\/\/yebodaglass.com\/it\/wp-json\/wp\/v2\/product\/23811\/revisions\/23836"}],"wp:featuredmedia":[{"embeddable":true,"href":"https:\/\/yebodaglass.com\/it\/wp-json\/wp\/v2\/media\/23817"}],"wp:attachment":[{"href":"https:\/\/yebodaglass.com\/it\/wp-json\/wp\/v2\/media?parent=23811"}],"wp:term":[{"taxonomy":"product_brand","embeddable":true,"href":"https:\/\/yebodaglass.com\/it\/wp-json\/wp\/v2\/product_brand?post=23811"},{"taxonomy":"product_cat","embeddable":true,"href":"https:\/\/yebodaglass.com\/it\/wp-json\/wp\/v2\/product_cat?post=23811"},{"taxonomy":"product_tag","embeddable":true,"href":"https:\/\/yebodaglass.com\/it\/wp-json\/wp\/v2\/product_tag?post=23811"}],"curies":[{"name":"wp","href":"https:\/\/api.w.org\/{rel}","templated":true}]}}