{"id":23801,"date":"2025-11-17T15:49:26","date_gmt":"2025-11-17T07:49:26","guid":{"rendered":"https:\/\/yebodaglass.com\/?post_type=product&#038;p=23801"},"modified":"2025-11-17T16:50:04","modified_gmt":"2025-11-17T08:50:04","slug":"custom-grooved-resealable-bottles-for-fermentation","status":"publish","type":"product","link":"https:\/\/yebodaglass.com\/it\/custom-grooved-resealable-bottles-for-fermentation\/","title":{"rendered":"Bottiglie richiudibili scanalate personalizzate da 465 ml per la fermentazione"},"content":{"rendered":"<p data-start=\"66\" data-end=\"288\">Realizzate in vetro trasparente, queste bottiglie richiudibili presentano un motivo a coste e un tappo a scatto in metallo, unendo cos\u00ec stile, praticit\u00e0 e una chiusura sicura per un fascino contemporaneo ma senza tempo.<\/p>\n<h2>Caratteristiche del prodotto<\/h2>\n<ul>\n<li><strong>Bottiglia a coste:<\/strong> Il motivo a coste non solo decora il prodotto e rende il marchio pi\u00f9 riconoscibile, ma ne migliora anche la presa e ne riduce la tendenza a scivolare.<\/li>\n<li><strong>Sigillatura Press-Stop:<\/strong> Grazie al tappo metallico a pressione, la chiusura di queste bottiglie non \u00e8 affatto un problema, anzi, \u00e8 molto sigillante, rinfrescando efficacemente il contenuto e facilitando l&#039;apertura e la chiusura.<\/li>\n<li><strong>Aspetto eccellente:<\/strong> Il prodotto acquisisce un aspetto lussuoso grazie al motivo testurizzato e al tappo a vite in stile vintage, diventando cos\u00ec un vero e proprio elemento di richiamo sugli scaffali dei negozi.<\/li>\n<\/ul>\n<h2 style=\"text-align: left;\">Specifiche chiave<\/h2>\n<table class=\"aligncenter\" style=\"border-collapse: collapse; width: 426.02pt;\" border=\"0\" width=\"568\" cellspacing=\"0\" cellpadding=\"0\">\n<tbody>\n<tr style=\"height: 13.50pt;\">\n<td style=\"height: 13.50pt; width: 105.75pt;\" width=\"141\" height=\"18\">Specifica<\/td>\n<td style=\"width: 320.25pt;\" width=\"427\">Dettagli<\/td>\n<\/tr>\n<tr style=\"height: 13.50pt;\">\n<td style=\"height: 13.50pt;\" height=\"18\">Capacit\u00e0<\/td>\n<td>465 ml<\/td>\n<\/tr>\n<tr style=\"height: 13.50pt;\">\n<td style=\"height: 13.50pt;\" height=\"18\">Dimensioni<\/td>\n<td>7,75 centimetri \u00d7 22,3 centimetri<\/td>\n<\/tr>\n<tr style=\"height: 13.50pt;\">\n<td style=\"height: 13.50pt;\" height=\"18\">Materiale<\/td>\n<td>Vetro trasparente ad alta trasparenza<\/td>\n<\/tr>\n<tr style=\"height: 13.50pt;\">\n<td style=\"height: 13.50pt;\" height=\"18\">Design del corpo<\/td>\n<td>Scanalature verticali per presa e rinforzo<\/td>\n<\/tr>\n<tr style=\"height: 13.50pt;\">\n<td style=\"height: 13.50pt;\" height=\"18\">Tipo di chiusura<\/td>\n<td>Tappi basculanti in acciaio inox con tappo rosso\/bianco<\/td>\n<\/tr>\n<tr style=\"height: 13.50pt;\">\n<td style=\"height: 13.50pt;\" height=\"18\">Ideale per<\/td>\n<td>bottiglia per la fermentazione, bottiglie con tappo a vite<\/td>\n<\/tr>\n<\/tbody>\n<\/table>\n<h2>Storia di successo: migliorare l&#039;immagine di un marchio di aceto<\/h2>\n<p>Uno dei produttori di aceto artigianale aveva bisogno di un imballaggio in grado di sostenere la pressione di carbonizzazione e al contempo di rispecchiare il posizionamento di fascia alta del prodotto. Alla fine, ha scelto la nostra bottiglia scanalata per la fermentazione. Grazie alla forma scanalata, \u00e8 stato possibile ridurre le fuoriuscite del 41% e la perdita di sapore del 38%, poich\u00e9 il tappo a vite utilizzato per mantenere efficacemente la birra fresca \u00e8 stato utilizzato anche per chiudere ermeticamente la bottiglia. Partendo da questo risultato, l&#039;azienda ha effettuato quattro ordini consecutivi, per un totale di 500.000 bottiglie, per ampliare la propria rete di distribuzione.<\/p>\n<h2>Opzioni di personalizzazione<\/h2>\n<p>Queste possono essere le tue bottiglie richiudibili personalizzate di qualit\u00e0 superiore se utilizzi le seguenti opzioni di personalizzazione:<\/p>\n<ul>\n<li><strong>Colorazione Groove High-Gloss:<\/strong> Le scanalature verticali possono essere decorate con smalto colorato, creando un caratteristico motivo a strisce che pu\u00f2 richiamare i colori del tuo marchio.<\/li>\n<li><strong>Marcatura del volume in rilievo:<\/strong> Aggiungere una sottile scritta in rilievo &#034;465 ml&#034; sul fondo o sulla parte inferiore della bottiglia aiuta a creare un aspetto pi\u00f9 lussuoso del prodotto.<\/li>\n<li><strong>Colore del cappuccio personalizzato:<\/strong> Un&#039;opzione possibile \u00e8 quella di scegliere un colore del tappo in ceramica che si abbini bene alla combinazione di colori primari del marchio.<\/li>\n<li><strong>Logo inciso con acido:<\/strong> Una superficie in vetro trasparente con un logo satinato realizzato con acidatura non \u00e8 solo un elemento sofisticato, ma anche durevole e rappresentativo di un&#039;immagine di marca di alta qualit\u00e0.<\/li>\n<\/ul>","protected":false},"excerpt":{"rendered":"<p>Bottiglia in vetro trasparente per la fermentazione, con corpo scanalato e tappo ermetico. Eleganti e resistenti bottiglie richiudibili, perfette per la preparazione e la conservazione. Campioni gratuiti.<\/p>","protected":false},"featured_media":23804,"template":"","meta":[],"product_brand":[],"product_cat":[122,123,132],"product_tag":[],"class_list":{"0":"post-23801","1":"product","2":"type-product","3":"status-publish","4":"has-post-thumbnail","6":"product_cat-custom-glass-packaging","7":"product_cat-custom-glass-bottles","8":"product_cat-glass-flip-top-bottles","10":"first","11":"instock","12":"shipping-taxable","13":"product-type-simple"},"jetpack_sharing_enabled":true,"_links":{"self":[{"href":"https:\/\/yebodaglass.com\/it\/wp-json\/wp\/v2\/product\/23801","targetHints":{"allow":["GET"]}}],"collection":[{"href":"https:\/\/yebodaglass.com\/it\/wp-json\/wp\/v2\/product"}],"about":[{"href":"https:\/\/yebodaglass.com\/it\/wp-json\/wp\/v2\/types\/product"}],"version-history":[{"count":4,"href":"https:\/\/yebodaglass.com\/it\/wp-json\/wp\/v2\/product\/23801\/revisions"}],"predecessor-version":[{"id":23812,"href":"https:\/\/yebodaglass.com\/it\/wp-json\/wp\/v2\/product\/23801\/revisions\/23812"}],"wp:featuredmedia":[{"embeddable":true,"href":"https:\/\/yebodaglass.com\/it\/wp-json\/wp\/v2\/media\/23804"}],"wp:attachment":[{"href":"https:\/\/yebodaglass.com\/it\/wp-json\/wp\/v2\/media?parent=23801"}],"wp:term":[{"taxonomy":"product_brand","embeddable":true,"href":"https:\/\/yebodaglass.com\/it\/wp-json\/wp\/v2\/product_brand?post=23801"},{"taxonomy":"product_cat","embeddable":true,"href":"https:\/\/yebodaglass.com\/it\/wp-json\/wp\/v2\/product_cat?post=23801"},{"taxonomy":"product_tag","embeddable":true,"href":"https:\/\/yebodaglass.com\/it\/wp-json\/wp\/v2\/product_tag?post=23801"}],"curies":[{"name":"wp","href":"https:\/\/api.w.org\/{rel}","templated":true}]}}