{"id":23792,"date":"2025-11-17T14:17:35","date_gmt":"2025-11-17T06:17:35","guid":{"rendered":"https:\/\/yebodaglass.com\/?post_type=product&#038;p=23792"},"modified":"2026-03-26T14:20:30","modified_gmt":"2026-03-26T06:20:30","slug":"wholesale-clear-fermentation-bottles-with-handles","status":"publish","type":"product","link":"https:\/\/yebodaglass.com\/it\/wholesale-clear-fermentation-bottles-with-handles\/","title":{"rendered":"Bottiglie di fermentazione trasparenti all&#039;ingrosso con manici da 250 ml, 350 ml e 500 ml"},"content":{"rendered":"<p>Intended to withstand usage, be easy to carry and manage, and provide assurance to good sealing ability, this glass bottle family ( 250ml, 350ml and 500ml picks ) will have built in handle and swing top closure. The bottles are made of pure, clear glass, with an easy, ergonomic handle and a rounded, smooth body that makes them easy to fill and pour in either the work or home setting.<\/p>\n<h2>Caratteristiche del prodotto<\/h2>\n<p>All bottles come packaged with a swivel-top (flip-top) system of bottle closure: A glass stopper, stainless wire bail, and a food grade sealing gasket. This construction provides an airtight sealed cover and the bottles can be used to preserve freshness and to facilitate the fermentation process. Product visibility is improved by the transparent glass body and therefore the ease with which users can track contents.<\/p>\n<h2 style=\"text-align: left;\">Specifiche chiave<\/h2>\n<table class=\"aligncenter\" style=\"border-collapse: collapse; width: 762.77pt;\" border=\"0\" width=\"1017\" cellspacing=\"0\" cellpadding=\"0\">\n<tbody>\n<tr style=\"height: 13.50pt;\">\n<td style=\"height: 13.50pt; width: 138.75pt;\" width=\"185\" height=\"18\">Specifica<\/td>\n<td style=\"width: 624.00pt;\" width=\"832\">Dettagli<\/td>\n<\/tr>\n<tr style=\"height: 13.50pt;\">\n<td style=\"height: 13.50pt;\" height=\"18\">Dimensioni<\/td>\n<td>250 ml (8 oz): 6,7 cm \u00d7 17,2 cm\/350 ml (12 oz): 7,6 cm \u00d7 20 cm\/500 ml (16 oz): 8,7 cm \u00d7 21,8 cm<\/td>\n<\/tr>\n<tr style=\"height: 13.50pt;\">\n<td style=\"height: 13.50pt;\" height=\"18\">Materiale<\/td>\n<td>Vetro sodico-calcico senza piombo<\/td>\n<\/tr>\n<tr style=\"height: 13.50pt;\">\n<td style=\"height: 13.50pt;\" height=\"18\">Design della maniglia<\/td>\n<td>Impugnatura ergonomica stampata su tutte le taglie<\/td>\n<\/tr>\n<tr style=\"height: 13.50pt;\">\n<td style=\"height: 13.50pt;\" height=\"18\">Tipo di chiusura<\/td>\n<td>\u00a0swing top<\/td>\n<\/tr>\n<tr style=\"height: 13.50pt;\">\n<td style=\"height: 13.50pt;\" height=\"18\">Opzioni di guarnizione<\/td>\n<td>Gomma o silicone per uso alimentare<\/td>\n<\/tr>\n<tr style=\"height: 13.50pt;\">\n<td style=\"height: 13.50pt;\" height=\"18\">Prestazioni della guarnizione<\/td>\n<td>Ermetico, resistente alla pressione: ideale per la carbonatazione naturale<\/td>\n<\/tr>\n<tr style=\"height: 13.50pt;\">\n<td style=\"height: 13.50pt;\" height=\"18\">Ideale per<\/td>\n<td>Birra, soda, vinificazione, tonici probiotici, Kombucha<\/td>\n<\/tr>\n<\/tbody>\n<\/table>\n<h2>Caso di successo: ottimizzazione di una linea di produzione di kombucha artigianale<\/h2>\n<p>Il birrificio di kombucha stava affrontando un problema di instabilit\u00e0 nel processo produttivo, poich\u00e9 utilizzava serbatoi di fermentazione per la fermentazione secondaria e poi vendeva i prodotti in bottiglie normali. Di conseguenza, il tasso di contaminazione era molto elevato e la produzione era instabile. Sono passati alle nostre bottiglie di fermentazione con manici e in quel momento si sono resi conto che il tasso di contaminazione era diminuito del 38% grazie alla migliore tenuta delle bottiglie. I dipendenti hanno anche trovato pi\u00f9 facile prelevare campioni al mercato agricolo, poich\u00e9 potevano afferrare le bottiglie per i manici, riducendo cos\u00ec del 15% le rotture durante la movimentazione. Il birrificio \u00e8 stato cos\u00ec soddisfatto delle prestazioni del prodotto e del feedback dei clienti che ha deciso di effettuare altri tre ordini da 100.000 bottiglie ciascuno.<\/p>\n<h2>Suggerimenti per la personalizzazione delle bottiglie di fermentazione<\/h2>\n<p>Rendi le tue bottiglie di fermentazione funzionali pi\u00f9 accattivanti e riconoscibili dal tuo marchio con queste opzioni di personalizzazione relative al prodotto:<\/p>\n<ul>\n<li><strong>Linee di capacit\u00e0 illustrate:<\/strong> Le linee di volume sono chiaramente contrassegnate sulla spalla della bottiglia per garantire il volume preciso per ogni lotto.<\/li>\n<li><strong>Serigrafia su vetro:<\/strong> La grafica sulla bottiglia \u00e8 realizzata in materiale durevole e resistente agli agenti chimici, stampato direttamente sul corpo della bottiglia, in modo da resistere a lavaggi e manipolazioni frequenti.<\/li>\n<li><strong>Maniglie smerigliate:<\/strong> Le maniglie hanno un aspetto satinato, aggiunto per una presa migliore e un&#039;esperienza pi\u00f9 lussuosa.<\/li>\n<li><strong>Logo in rilievo sul fondo:<\/strong> Piccolo, in rilievo e discreto, il logo stampato sul fondo della bottiglia conferisce al prodotto un aspetto professionale senza intralciare l&#039;etichetta.<\/li>\n<\/ul>","protected":false},"excerpt":{"rendered":"<p>Durable fermentation bottles with swing top and handle. Clear ferment bottles in 250ml, 350ml, 500ml for brewing, storage, and beverage packaging.<\/p>","protected":false},"featured_media":25629,"template":"","meta":[],"product_brand":[],"product_cat":[132,123,122],"product_tag":[],"class_list":{"0":"post-23792","1":"product","2":"type-product","3":"status-publish","4":"has-post-thumbnail","6":"product_cat-glass-flip-top-bottles","7":"product_cat-custom-glass-bottles","8":"product_cat-custom-glass-packaging","10":"first","11":"instock","12":"shipping-taxable","13":"product-type-simple"},"jetpack_sharing_enabled":true,"_links":{"self":[{"href":"https:\/\/yebodaglass.com\/it\/wp-json\/wp\/v2\/product\/23792","targetHints":{"allow":["GET"]}}],"collection":[{"href":"https:\/\/yebodaglass.com\/it\/wp-json\/wp\/v2\/product"}],"about":[{"href":"https:\/\/yebodaglass.com\/it\/wp-json\/wp\/v2\/types\/product"}],"version-history":[{"count":5,"href":"https:\/\/yebodaglass.com\/it\/wp-json\/wp\/v2\/product\/23792\/revisions"}],"predecessor-version":[{"id":25615,"href":"https:\/\/yebodaglass.com\/it\/wp-json\/wp\/v2\/product\/23792\/revisions\/25615"}],"wp:featuredmedia":[{"embeddable":true,"href":"https:\/\/yebodaglass.com\/it\/wp-json\/wp\/v2\/media\/25629"}],"wp:attachment":[{"href":"https:\/\/yebodaglass.com\/it\/wp-json\/wp\/v2\/media?parent=23792"}],"wp:term":[{"taxonomy":"product_brand","embeddable":true,"href":"https:\/\/yebodaglass.com\/it\/wp-json\/wp\/v2\/product_brand?post=23792"},{"taxonomy":"product_cat","embeddable":true,"href":"https:\/\/yebodaglass.com\/it\/wp-json\/wp\/v2\/product_cat?post=23792"},{"taxonomy":"product_tag","embeddable":true,"href":"https:\/\/yebodaglass.com\/it\/wp-json\/wp\/v2\/product_tag?post=23792"}],"curies":[{"name":"wp","href":"https:\/\/api.w.org\/{rel}","templated":true}]}}