{"id":23764,"date":"2025-11-14T16:48:27","date_gmt":"2025-11-14T08:48:27","guid":{"rendered":"https:\/\/yebodaglass.com\/?post_type=product&#038;p=23764"},"modified":"2025-11-18T10:21:39","modified_gmt":"2025-11-18T02:21:39","slug":"wholesale-clear-grolsch-bottle-with-swing-top","status":"publish","type":"product","link":"https:\/\/yebodaglass.com\/it\/wholesale-clear-grolsch-bottle-with-swing-top\/","title":{"rendered":"all'ingrosso Bottiglie Grolsch trasparenti da 16 oz con tappo girevole"},"content":{"rendered":"<p data-start=\"66\" data-end=\"288\">Si tratta di una bottiglia Grolsch in vetro trasparente con tappo a scatto in metallo e componenti di colore rosso e bianco. Oltre alla sua praticit\u00e0 e alla chiusura ermetica, \u00e8 perfetta per conservare bevande o alimenti.<\/p>\n<h2>Caratteristiche del prodotto<\/h2>\n<ul>\n<li><strong>Materiale del vetro trasparente:<\/strong> Grazie al vetro trasparente, \u00e8 possibile controllare visivamente il colore e la quantit\u00e0 del liquido senza aprire il contenitore, facilitando cos\u00ec l&#039;identificazione e l&#039;ispezione del prodotto.<\/li>\n<li><strong>Design di chiusura a scatto:<\/strong> Il tappo a scatto in metallo rosso e bianco attaccato al contenitore garantisce un&#039;ottima tenuta, garantendo cos\u00ec la freschezza del liquido all&#039;interno e, allo stesso tempo, il coperchio pu\u00f2 essere facilmente rimosso e rimontato.<\/li>\n<li><strong>Design semplice e pratico:<\/strong> La bottiglia \u00e8 dotata di linee pulite e fluide e di uno stile minimalista, esteticamente accattivanti e pratici allo stesso tempo, cos\u00ec da ottenere un prodotto non solo facile da maneggiare ma anche da conservare.<\/li>\n<\/ul>\n<h2 style=\"text-align: left;\">Specifiche chiave<\/h2>\n<table class=\"aligncenter\" style=\"border-collapse: collapse; width: 564.02pt;\" border=\"0\" width=\"752\" cellspacing=\"0\" cellpadding=\"0\">\n<tbody>\n<tr style=\"height: 13.50pt;\">\n<td style=\"height: 13.50pt; width: 115.50pt;\" width=\"154\" height=\"18\">Specifica<\/td>\n<td style=\"width: 448.50pt;\" width=\"598\">Dettagli<\/td>\n<\/tr>\n<tr style=\"height: 13.50pt;\">\n<td style=\"height: 13.50pt;\" height=\"18\">Dimensioni<\/td>\n<td>500 ml (16 once): 8,1 cm \u00d7 22,3 cm<\/td>\n<\/tr>\n<tr style=\"height: 13.50pt;\">\n<td style=\"height: 13.50pt;\" height=\"18\">Materiale<\/td>\n<td>Vetro trasparente ad alta trasparenza<\/td>\n<\/tr>\n<tr style=\"height: 13.50pt;\">\n<td style=\"height: 13.50pt;\" height=\"18\">Sistema di chiusura<\/td>\n<td>Tappi basculanti in acciaio inox con tappo rosso\/bianco + guarnizione per alimenti<\/td>\n<\/tr>\n<tr style=\"height: 13.50pt;\">\n<td style=\"height: 13.50pt;\" height=\"18\">Finitura del manico<\/td>\n<td>Compatibile con i ricambi standard ez cap e i kit rondelle<\/td>\n<\/tr>\n<tr style=\"height: 13.50pt;\">\n<td style=\"height: 13.50pt;\" height=\"18\">Ideale per<\/td>\n<td>Kombucha, birra, soda, vinificazione, tonici fermentati<\/td>\n<\/tr>\n<\/tbody>\n<\/table>\n<h2>Storia di successo: un&#039;attivit\u00e0 di bibite artigianali si \u00e8 ripresa<\/h2>\n<p>Una piccola azienda produttrice di bevande analcoliche era in difficolt\u00e0 a causa della mancanza di un packaging adeguato che potesse aiutarla a riflettere l&#039;immagine di un marchio premium. Alla fine, hanno deciso di utilizzare le nostre bottiglie da 16 once con tappo a vite per confezionare i loro prodotti di punta, ginger ale e sarsaparilla. Le famiglie sono state molto soddisfatte dei formati grandi. La perdita di anidride carbonica durante la conservazione \u00e8 stata il fattore principale, ridotto del 43% grazie ai sigilli ermetici a vite, che hanno di conseguenza ridotto al minimo i reclami per deterioramento e aumentato il tasso di riacquisto del 52%. Pertanto, si pu\u00f2 affermare che l&#039;azienda sta ottenendo buoni risultati in termini di fidelizzazione dei clienti. Ci\u00f2 ha portato a molti colloqui positivi da parte dell&#039;azienda, dei consumatori e dei distributori, con conseguente aumento degli ordini fino a 250.000 unit\u00e0 ogni trimestre dai punti vendita.<\/p>\n<h2>Idee per la personalizzazione della bottiglia Grolsch<\/h2>\n<ul>\n<li><strong>Serigrafia su vetro:<\/strong> \u00c8 possibile decorare il contenitore in vetro trasparente con loghi di marca vivaci e alla moda, stampabili o con altri design che durano a lungo e sono ideali per presentare l&#039;immagine e l&#039;identit\u00e0 di un marchio.<\/li>\n<li><strong>Marcatura della capacit\u00e0 in rilievo:<\/strong> Rendi pi\u00f9 professionale il tuo contenitore aggiungendo la scritta &#034;16 OZ&#034; o &#034;1 L&#034; in rilievo sul fondo o nella parte inferiore della bottiglia.<\/li>\n<li><strong>Anello di tenuta in silicone colorato:<\/strong> \u00c8 possibile avere un anello di tenuta in silicone in sintonia con i colori del tuo marchio, che funge da piccolo ma ben visibile dettaglio personalizzato quando il tappo \u00e8 chiuso.<\/li>\n<li><strong>Pannelli speciali per etichette lucide\/opache:<\/strong> Introduci diverse texture del vetro, lucide o opache, sull&#039;area dell&#039;adesivo, in modo che l&#039;etichetta principale riceva l&#039;attenzione che merita.<\/li>\n<\/ul>","protected":false},"excerpt":{"rendered":"<p>Bottiglie premium da 16 once con tappo a vite, a forma di bottiglia Grolsch, con tappo a scatto in metallo per una conservazione sicura e riutilizzabile delle bevande. Spedizione veloce. Campioni gratuiti disponibili.<\/p>","protected":false},"featured_media":23788,"template":"","meta":[],"product_brand":[],"product_cat":[122,123,132],"product_tag":[],"class_list":{"0":"post-23764","1":"product","2":"type-product","3":"status-publish","4":"has-post-thumbnail","6":"product_cat-custom-glass-packaging","7":"product_cat-custom-glass-bottles","8":"product_cat-glass-flip-top-bottles","10":"first","11":"instock","12":"shipping-taxable","13":"product-type-simple"},"jetpack_sharing_enabled":true,"_links":{"self":[{"href":"https:\/\/yebodaglass.com\/it\/wp-json\/wp\/v2\/product\/23764","targetHints":{"allow":["GET"]}}],"collection":[{"href":"https:\/\/yebodaglass.com\/it\/wp-json\/wp\/v2\/product"}],"about":[{"href":"https:\/\/yebodaglass.com\/it\/wp-json\/wp\/v2\/types\/product"}],"version-history":[{"count":4,"href":"https:\/\/yebodaglass.com\/it\/wp-json\/wp\/v2\/product\/23764\/revisions"}],"predecessor-version":[{"id":23838,"href":"https:\/\/yebodaglass.com\/it\/wp-json\/wp\/v2\/product\/23764\/revisions\/23838"}],"wp:featuredmedia":[{"embeddable":true,"href":"https:\/\/yebodaglass.com\/it\/wp-json\/wp\/v2\/media\/23788"}],"wp:attachment":[{"href":"https:\/\/yebodaglass.com\/it\/wp-json\/wp\/v2\/media?parent=23764"}],"wp:term":[{"taxonomy":"product_brand","embeddable":true,"href":"https:\/\/yebodaglass.com\/it\/wp-json\/wp\/v2\/product_brand?post=23764"},{"taxonomy":"product_cat","embeddable":true,"href":"https:\/\/yebodaglass.com\/it\/wp-json\/wp\/v2\/product_cat?post=23764"},{"taxonomy":"product_tag","embeddable":true,"href":"https:\/\/yebodaglass.com\/it\/wp-json\/wp\/v2\/product_tag?post=23764"}],"curies":[{"name":"wp","href":"https:\/\/api.w.org\/{rel}","templated":true}]}}