{"id":23742,"date":"2025-11-14T16:48:48","date_gmt":"2025-11-14T08:48:48","guid":{"rendered":"https:\/\/yebodaglass.com\/?post_type=product&#038;p=23742"},"modified":"2026-04-14T16:03:36","modified_gmt":"2026-04-14T08:03:36","slug":"custom-pickle-container-pickles-jars-wholesale","status":"publish","type":"product","link":"https:\/\/yebodaglass.com\/it\/custom-pickle-container-pickles-jars-wholesale\/","title":{"rendered":"Contenitore per sottaceti in vetro personalizzato da 125 ml a 280 ml all&#039;ingrosso"},"content":{"rendered":"<p>Stanco dei soliti barattoli per sottaceti che perdono o nascondono il cetriolo? Realizziamo contenitori in vetro per sottaceti: \u200b\u200bniente pi\u00f9 fastidiose fuoriuscite di salamoia. Questi set di barattoli per sottaceti trasformano la tua dispensa in un oggetto di branding. Per ordini all&#039;ingrosso, puoi scegliere colori personalizzati in base al tuo brand.<\/p>\n<h2>Caratteristiche del prodotto<\/h2>\n<ul>\n<li><strong>Thick\u200b\u200d\u200b\u200c\u200d\u200b\u200d\u200c\u200b\u200d\u200b\u200c\u200d\u200b\u200d\u200c Glass Durability: <\/strong>Non si rompe facilmente: mantiene la qualit\u00e0 della frutta sottaceto per diversi mesi senza perdere il colore.<\/li>\n<li><strong>Airtight Metal Lid Seal: <\/strong>Impedisce l&#039;ingresso dell&#039;aria, mantenendo l&#039;aneto, l&#039;aceto e il sapore assolutamente freschi.<\/li>\n<li><strong>Wide Mouth Glass Opening: <\/strong>Comodo da farcire con verdure: la fermentazione pu\u00f2 essere effettuata senza sporcare.<\/li>\n<\/ul>\n<h2>Specifiche chiave<\/h2>\n<p>&nbsp;<\/p>\n<table style=\"border-collapse: collapse; width: 80%; margin-left: auto; margin-right: auto;\" border=\"0\" width=\"288\" cellspacing=\"0\" cellpadding=\"0\">\n<tbody>\n<tr style=\"height: 13.50pt;\">\n<td style=\"height: 13.5pt; width: 54pt; text-align: center;\" width=\"72\" height=\"18\">Capacit\u00e0 (ml)<\/td>\n<td style=\"width: 54pt; text-align: center;\" width=\"72\">Dimensioni (cm)<\/td>\n<td style=\"width: 54pt; text-align: center;\" width=\"72\">Tipo di chiusura<\/td>\n<\/tr>\n<tr style=\"height: 13.50pt;\">\n<td style=\"height: 13.5pt; text-align: center;\" height=\"18\">125<\/td>\n<td style=\"text-align: center;\">7.5 x 7.3<\/td>\n<td class=\"et2\" style=\"text-align: center;\" rowspan=\"3\">Filettato (plastica\/metallo)<\/td>\n<\/tr>\n<tr style=\"height: 13.50pt;\">\n<td style=\"height: 13.5pt; text-align: center;\" height=\"18\">180<\/td>\n<td style=\"text-align: center;\">8.0 x 7.7<\/td>\n<\/tr>\n<tr style=\"height: 13.50pt;\">\n<td style=\"height: 13.5pt; text-align: center;\" height=\"18\">280<\/td>\n<td style=\"text-align: center;\">8.2 x 7.9<\/td>\n<\/tr>\n<\/tbody>\n<\/table>\n<h2>Caso di successo<\/h2>\n<p>Quando un marchio di sottaceti del Sud-Est asiatico ha deciso di rinnovare il suo packaging, ha scelto il nostro contenitore per sottaceti. Il barattolo curvo e trasparente rende il prodotto visivamente pi\u00f9 colorato, il che lo rende molto attraente sugli scaffali; inoltre, la migliore sigillatura ha contribuito a ridurre del 30% il tasso di rottura durante il trasporto.<\/p>\n<p>Le vendite della serie di verdure sottaceto del marchio sono aumentate del 22% entro tre mesi dal lancio del nuovo prodotto, raddoppiando cos\u00ec la visibilit\u00e0 del marchio e l&#039;espansione del canale.<\/p>\n<h2>Il tuo manuale di personalizzazione per contenitori per sottaceti<\/h2>\n<ol>\n<li><strong>Capacit\u00e0 personalizzabili:<\/strong> Sono disponibili diverse misure di tappo, dalla piccola alla grande, per adattarsi a vari tipi di condimenti (frutta intera, fette o ingredienti tritati), rendendo cos\u00ec la linea di prodotti pi\u00f9 completa.<\/li>\n<li><strong>Materiale e colore del coperchio selezionabili:<\/strong> Sono disponibili tappi personalizzabili in metallo, plastica o antideflagranti, con finiture in vernice da forno multicolore in argento, nero e oro, a scelta.<\/li>\n<li><strong>Etichette personalizzate e goffrature:<\/strong> Permette la personalizzazione del logo del marchio sulla bottiglia e fornisce materiali per etichette resistenti all&#039;olio e all&#039;umidit\u00e0, ottenendo cos\u00ec un aspetto pi\u00f9 professionale e durevole.<\/li>\n<\/ol>","protected":false},"excerpt":{"rendered":"<p>Contenitore per sottaceti in vetro resistente per le fabbriche alimentari; e il barattolo per sottaceti supporta gli ordini all'ingrosso, il confezionamento di etichette personalizzate per prodotti fermentati o conservati.<\/p>","protected":false},"featured_media":23743,"template":"","meta":[],"product_brand":[],"product_cat":[133,124,122],"product_tag":[],"class_list":{"0":"post-23742","1":"product","2":"type-product","3":"status-publish","4":"has-post-thumbnail","6":"product_cat-pickle-jars","7":"product_cat-custom-glass-jars","8":"product_cat-custom-glass-packaging","10":"first","11":"instock","12":"shipping-taxable","13":"product-type-simple"},"jetpack_sharing_enabled":true,"_links":{"self":[{"href":"https:\/\/yebodaglass.com\/it\/wp-json\/wp\/v2\/product\/23742","targetHints":{"allow":["GET"]}}],"collection":[{"href":"https:\/\/yebodaglass.com\/it\/wp-json\/wp\/v2\/product"}],"about":[{"href":"https:\/\/yebodaglass.com\/it\/wp-json\/wp\/v2\/types\/product"}],"version-history":[{"count":5,"href":"https:\/\/yebodaglass.com\/it\/wp-json\/wp\/v2\/product\/23742\/revisions"}],"predecessor-version":[{"id":25784,"href":"https:\/\/yebodaglass.com\/it\/wp-json\/wp\/v2\/product\/23742\/revisions\/25784"}],"wp:featuredmedia":[{"embeddable":true,"href":"https:\/\/yebodaglass.com\/it\/wp-json\/wp\/v2\/media\/23743"}],"wp:attachment":[{"href":"https:\/\/yebodaglass.com\/it\/wp-json\/wp\/v2\/media?parent=23742"}],"wp:term":[{"taxonomy":"product_brand","embeddable":true,"href":"https:\/\/yebodaglass.com\/it\/wp-json\/wp\/v2\/product_brand?post=23742"},{"taxonomy":"product_cat","embeddable":true,"href":"https:\/\/yebodaglass.com\/it\/wp-json\/wp\/v2\/product_cat?post=23742"},{"taxonomy":"product_tag","embeddable":true,"href":"https:\/\/yebodaglass.com\/it\/wp-json\/wp\/v2\/product_tag?post=23742"}],"curies":[{"name":"wp","href":"https:\/\/api.w.org\/{rel}","templated":true}]}}