{"id":23678,"date":"2025-11-14T14:23:47","date_gmt":"2025-11-14T06:23:47","guid":{"rendered":"https:\/\/yebodaglass.com\/?post_type=product&#038;p=23678"},"modified":"2026-03-11T16:11:43","modified_gmt":"2026-03-11T08:11:43","slug":"clear-glass-pickle-jars-with-black-lids-wholesale","status":"publish","type":"product","link":"https:\/\/yebodaglass.com\/it\/clear-glass-pickle-jars-with-black-lids-wholesale\/","title":{"rendered":"Barattoli per sottaceti in vetro trasparente da 105 ml a 550 ml con coperchi neri all&#039;ingrosso"},"content":{"rendered":"<p>Un barattolo per sottaceti in vetro liscio, cilindrico e trasparente, con un tappo a vite in metallo nero opaco sulla parte superiore che garantisce una tenuta perfetta. Questo tipo di barattolo per sottaceti \u00e8 la scelta migliore per fermentare sottaceti, marinate e conserve.<\/p>\n<h2>Caratteristiche del prodotto<\/h2>\n<ul>\n<li><strong>Design cilindrico semplice:<\/strong> \u00c8 semplice, con pareti dritte e un fondo che pu\u00f2 essere pulito facilmente e utilizzato in modo pi\u00f9 efficiente per sfruttare lo spazio.<\/li>\n<li><strong>Vetro ad alta trasparenza:<\/strong> Grazie al vetro trasparente \u00e8 possibile vedere all&#039;interno e verificare lo stato del cibo.<\/li>\n<li><strong>Tappo in metallo nero sicuro:<\/strong> Questo tappo a vite nero \u00e8 molto efficiente in quanto garantisce una chiusura ermetica e quindi una lunga conservazione.<\/li>\n<\/ul>\n<h2>Specifiche chiave<\/h2>\n<table style=\"border-collapse: collapse; width: 80%; margin-left: auto; margin-right: auto;\" border=\"0\" width=\"288\" cellspacing=\"0\" cellpadding=\"0\">\n<tbody>\n<tr style=\"height: 13.50pt;\">\n<td style=\"height: 13.5pt; width: 54pt; text-align: center;\" width=\"72\" height=\"18\">Capacit\u00e0 (ml)<\/td>\n<td style=\"width: 54pt; text-align: center;\" width=\"72\">Dimensioni (cm)<\/td>\n<td style=\"width: 54pt; text-align: center;\" width=\"72\">Forma<\/td>\n<\/tr>\n<tr style=\"height: 13.50pt;\">\n<td style=\"height: 13.5pt; text-align: center;\" align=\"right\" height=\"18\">105<\/td>\n<td style=\"text-align: center;\">5,5 x 6,5<\/td>\n<td class=\"et2\" style=\"text-align: center;\" rowspan=\"5\">Girare<\/td>\n<\/tr>\n<tr style=\"height: 13.50pt;\">\n<td style=\"height: 13.5pt; text-align: center;\" align=\"right\" height=\"18\">230<\/td>\n<td style=\"text-align: center;\">6,7 x 9,0<\/td>\n<\/tr>\n<tr style=\"height: 13.50pt;\">\n<td style=\"height: 13.5pt; text-align: center;\" align=\"right\" height=\"18\">350<\/td>\n<td style=\"text-align: center;\">7,4 x 10,9<\/td>\n<\/tr>\n<tr style=\"height: 13.50pt;\">\n<td style=\"height: 13.5pt; text-align: center;\" align=\"right\" height=\"18\">420<\/td>\n<td style=\"text-align: center;\">9,4 x 9,2<\/td>\n<\/tr>\n<tr style=\"height: 13.50pt;\">\n<td style=\"height: 13.5pt; text-align: center;\" align=\"right\" height=\"18\">550<\/td>\n<td style=\"text-align: center;\">8,6 x 12,6<\/td>\n<\/tr>\n<\/tbody>\n<\/table>\n<h2>Caso di successo<\/h2>\n<p>Un&#039;azienda di Austin produttrice di barattoli per sottaceti ha preso i nostri barattoli e ne ha progettato uno diverso con linee incise al laser e un rivestimento in plastisol bianco per garantire una maggiore resistenza agli acidi. Queste possibilit\u00e0 di personalizzazione hanno offerto un valore tangibile: le bilance hanno permesso loro di ridurre del 15% gli sprechi di materie prime nella produzione di massa; i coperchi su misura sono stati in grado di prevenire la ruggine e i guasti delle guarnizioni, riducendo efficacemente il deterioramento dei prodotti del 20%. Il cliente \u00e8 stato cos\u00ec soddisfatto che nel secondo trimestre \u00e8 stato effettuato un secondo ordine di 200.000 barattoli per sottaceti per rifornire un nuovo stabilimento di confezionamento a contratto, che avrebbe effettuato consegne in tutto il paese.<\/p>\n<h2>Raccomandazioni per la personalizzazione dei barattoli per sottaceti.<\/h2>\n<ul>\n<li>Variazione della forma: i barattoli possono essere quadrati o rettangolari per sfruttare al massimo lo spazio sugli scaffali della dispensa e nei contenitori per la spedizione.<\/li>\n<li>Vetro schermante: i barattoli in vetro ambrato o verde possono essere utilizzati per conservare marmellate e alimenti fermentati sensibili alla luce.<\/li>\n<li>Coperchi speciali: i coperchi speciali sono dotati di valvole di fermentazione integrate, coperchi in bamb\u00f9 o rivestimenti interni in plastica resistente agli acidi.<\/li>\n<\/ul>","protected":false},"excerpt":{"rendered":"<p>Barattolo per sottaceti resistente in vetro trasparente con coperchio nero di sicurezza. Pratici barattoli per sottaceti, ideali per la conservazione di sottaceti, salse e alimenti secchi. Campioni gratuiti.<\/p>","protected":false},"featured_media":23679,"template":"","meta":[],"product_brand":[],"product_cat":[122,124,133],"product_tag":[],"class_list":{"0":"post-23678","1":"product","2":"type-product","3":"status-publish","4":"has-post-thumbnail","6":"product_cat-custom-glass-packaging","7":"product_cat-custom-glass-jars","8":"product_cat-pickle-jars","10":"first","11":"instock","12":"shipping-taxable","13":"product-type-simple"},"jetpack_sharing_enabled":true,"_links":{"self":[{"href":"https:\/\/yebodaglass.com\/it\/wp-json\/wp\/v2\/product\/23678","targetHints":{"allow":["GET"]}}],"collection":[{"href":"https:\/\/yebodaglass.com\/it\/wp-json\/wp\/v2\/product"}],"about":[{"href":"https:\/\/yebodaglass.com\/it\/wp-json\/wp\/v2\/types\/product"}],"version-history":[{"count":5,"href":"https:\/\/yebodaglass.com\/it\/wp-json\/wp\/v2\/product\/23678\/revisions"}],"predecessor-version":[{"id":25382,"href":"https:\/\/yebodaglass.com\/it\/wp-json\/wp\/v2\/product\/23678\/revisions\/25382"}],"wp:featuredmedia":[{"embeddable":true,"href":"https:\/\/yebodaglass.com\/it\/wp-json\/wp\/v2\/media\/23679"}],"wp:attachment":[{"href":"https:\/\/yebodaglass.com\/it\/wp-json\/wp\/v2\/media?parent=23678"}],"wp:term":[{"taxonomy":"product_brand","embeddable":true,"href":"https:\/\/yebodaglass.com\/it\/wp-json\/wp\/v2\/product_brand?post=23678"},{"taxonomy":"product_cat","embeddable":true,"href":"https:\/\/yebodaglass.com\/it\/wp-json\/wp\/v2\/product_cat?post=23678"},{"taxonomy":"product_tag","embeddable":true,"href":"https:\/\/yebodaglass.com\/it\/wp-json\/wp\/v2\/product_tag?post=23678"}],"curies":[{"name":"wp","href":"https:\/\/api.w.org\/{rel}","templated":true}]}}