{"id":23651,"date":"2025-11-13T15:54:32","date_gmt":"2025-11-13T07:54:32","guid":{"rendered":"https:\/\/yebodaglass.com\/?post_type=product&#038;p=23651"},"modified":"2026-03-12T14:44:21","modified_gmt":"2026-03-12T06:44:21","slug":"brown-glass-grolsch-beer-bottles-with-handle-bulk","status":"publish","type":"product","link":"https:\/\/yebodaglass.com\/it\/brown-glass-grolsch-beer-bottles-with-handle-bulk\/","title":{"rendered":"Bottiglie di birra Grolsch in vetro marrone da 32 oz e 64 oz con manico sfuse"},"content":{"rendered":"<p data-start=\"66\" data-end=\"288\">Queste bottiglie di birra Grolsch sono realizzate in vetro color ambra, con un look retr\u00f2, una silhouette arrotondata e una pratica maniglia. Un bottone a pressione in metallo fissa il tappo flip-top rosso e bianco, ideale per conservare e presentare in modo decorativo liquidi o condimenti.<\/p>\n<h2>Caratteristiche del prodotto<\/h2>\n<ul>\n<li><strong>Materiale del vetro marrone:<\/strong> La bottiglia in vetro marrone blocca efficacemente la luce, preservando cos\u00ec la qualit\u00e0 dei liquidi, come salse e bevande, e allo stesso tempo conferisce alla bottiglia un piacevole aspetto retr\u00f2.<\/li>\n<li><strong>Design di tenuta a scatto:<\/strong> L&#039;unit\u00e0 \u00e8 dotata di un tappo a scatto con chiusura a scatto in metallo. Garantisce un&#039;elevata sigillatura, preservando a lungo la freschezza del contenuto e garantendo un&#039;apertura e una chiusura semplici e intuitive.<\/li>\n<li><strong>Bottiglia con manico:<\/strong> Per questo motivo, la bottiglia \u00e8 dotata di un manico curvo per una facile presa e trasporto, aumentando cos\u00ec l&#039;utilizzo del prodotto e rendendolo adatto a diversi luoghi, come la casa e il ristorante.<\/li>\n<\/ul>\n<h2 style=\"text-align: left;\">Specifiche chiave<\/h2>\n<table style=\"border-collapse: collapse; width: 80%; margin-left: auto; margin-right: auto;\" border=\"0\" width=\"677\" cellspacing=\"0\" cellpadding=\"0\">\n<tbody>\n<tr style=\"height: 13.50pt;\">\n<td style=\"height: 13.5pt; width: 119.25pt; text-align: center;\" width=\"159\" height=\"18\">Caratteristica<\/td>\n<td style=\"width: 388.5pt; text-align: center;\" width=\"518\">Descrizione<\/td>\n<\/tr>\n<tr style=\"height: 13.50pt;\">\n<td style=\"height: 13.5pt; text-align: center;\" height=\"18\">Materiale<\/td>\n<td style=\"text-align: center;\">Vetro marrone con protezione UV<\/td>\n<\/tr>\n<tr style=\"height: 13.50pt;\">\n<td style=\"height: 13.5pt; text-align: center;\" height=\"18\">Capacit\u00e0<\/td>\n<td style=\"text-align: center;\">1L (32 once) \/ 2L (64 once)<\/td>\n<\/tr>\n<tr style=\"height: 13.50pt;\">\n<td style=\"height: 13.5pt; text-align: center;\" height=\"18\">Misurare<\/td>\n<td style=\"text-align: center;\">7,5 \u00d7 24 cm \/ 9,5 \u00d7 26 cm<\/td>\n<\/tr>\n<tr style=\"height: 13.50pt;\">\n<td style=\"height: 13.5pt; text-align: center;\" height=\"18\">Sistema di chiusura<\/td>\n<td style=\"text-align: center;\">Cauzione in acciaio inox + tappo con guarnizione in gomma\/silicone<\/td>\n<\/tr>\n<tr style=\"height: 13.50pt;\">\n<td style=\"height: 13.5pt; text-align: center;\" height=\"18\">Ideale per<\/td>\n<td style=\"text-align: center;\">Birra, kombucha, soda, aceto, birra fatta in casa, bevande gassate<\/td>\n<\/tr>\n<\/tbody>\n<\/table>\n<h2>Caso di successo<\/h2>\n<p><span aria-haspopup=\"dialog\" aria-expanded=\"false\" aria-controls=\"radix-_r_8v_\" data-state=\"closed\" data-slot=\"popover-trigger\">Uno dei marchi locali di kombucha artigianale specializzato in bevande fermentate ha deciso di utilizzare la nostra bottiglia in vetro ambrato da 32 once con tappo a vite per presentare il suo gusto in edizione limitata.<\/span> <span aria-haspopup=\"dialog\" aria-expanded=\"false\" aria-controls=\"radix-_r_90_\" data-state=\"closed\" data-slot=\"popover-trigger\">Il leggero oscuramento del vetro ambrato per garantire una maggiore protezione dai raggi UV e il tappo a vite in filo di acciaio inossidabile rinforzato, insieme a una guarnizione in silicone alimentare pi\u00f9 pesante sul tappo a vite, sono stati realizzati per adattarsi meglio alla filosofia del marchio.<\/span> <span aria-haspopup=\"dialog\" aria-expanded=\"false\" aria-controls=\"radix-_r_91_\" data-state=\"closed\" data-slot=\"popover-trigger\">La bottiglia \u00e8 decorata con il logo del marchio impresso sulla parte anteriore e il filo \u00e8 realizzato a mano in una tonalit\u00e0 bronzo intenso per creare l&#039;effetto di un aspetto antico e artigianale.<\/span><\/p>\n<p><span aria-haspopup=\"dialog\" aria-expanded=\"false\" aria-controls=\"radix-_r_92_\" data-state=\"closed\" data-slot=\"popover-trigger\">Dopo l&#039;introduzione della bottiglia personalizzata, gli ordini al dettaglio sono aumentati del 37 percento nel primo trimestre.<\/span> <span aria-haspopup=\"dialog\" aria-expanded=\"false\" aria-controls=\"radix-_r_93_\" data-state=\"closed\" data-slot=\"popover-trigger\">Di conseguenza, il marchio ha continuato a effettuare ordini successivi di altri prodotti stagionali.<\/span><\/p>\n<h2>Suggerimenti per la personalizzazione delle bottiglie Grolsch<\/h2>\n<ol>\n<li><span aria-haspopup=\"dialog\" aria-expanded=\"false\" aria-controls=\"radix-_r_8s_\" data-state=\"closed\" data-slot=\"popover-trigger\"><strong>Materiali del tappo:<\/strong> Personalizza il tuo piano con top in ceramica, plastica per uso alimentare o simil-legno e conserva l&#039;anello di tenuta in silicone per mantenerlo ermetico.<\/span><\/li>\n<li><span aria-haspopup=\"dialog\" aria-expanded=\"false\" aria-controls=\"radix-_r_8t_\" data-state=\"closed\" data-slot=\"popover-trigger\"><strong>Marchio in rilievo sul corpo della bottiglia:<\/strong> Presentare un logo in rilievo, il nome del birrificio o un motivo ornamentale in rilievo sulla spalla della bottiglia, che \u00e8 rotonda, oppure sul pannello frontale della bottiglia.<\/span><\/li>\n<li><span aria-haspopup=\"dialog\" aria-expanded=\"false\" aria-controls=\"radix-_r_8u_\" data-state=\"closed\" data-slot=\"popover-trigger\"><strong>Colore del collare personalizzato:<\/strong> offrono una variet\u00e0 di anelli di tenuta colorati (rosso, arancione, nero, verde) per distinguere le linee di prodotti o i gusti delle bevande.<\/span><\/li>\n<\/ol>","protected":false},"excerpt":{"rendered":"<p>Bottiglia di birra Grolsch in vetro marrone con manico e tappo a scatto sicuro. Ideale per birrerie o per acquisti in blocco. Riutilizzabile e durevole, consegna rapida per ordini in blocco.<\/p>","protected":false},"featured_media":23695,"template":"","meta":[],"product_brand":[],"product_cat":[122,123,132],"product_tag":[],"class_list":{"0":"post-23651","1":"product","2":"type-product","3":"status-publish","4":"has-post-thumbnail","6":"product_cat-custom-glass-packaging","7":"product_cat-custom-glass-bottles","8":"product_cat-glass-flip-top-bottles","10":"first","11":"instock","12":"shipping-taxable","13":"product-type-simple"},"jetpack_sharing_enabled":true,"_links":{"self":[{"href":"https:\/\/yebodaglass.com\/it\/wp-json\/wp\/v2\/product\/23651","targetHints":{"allow":["GET"]}}],"collection":[{"href":"https:\/\/yebodaglass.com\/it\/wp-json\/wp\/v2\/product"}],"about":[{"href":"https:\/\/yebodaglass.com\/it\/wp-json\/wp\/v2\/types\/product"}],"version-history":[{"count":6,"href":"https:\/\/yebodaglass.com\/it\/wp-json\/wp\/v2\/product\/23651\/revisions"}],"predecessor-version":[{"id":25406,"href":"https:\/\/yebodaglass.com\/it\/wp-json\/wp\/v2\/product\/23651\/revisions\/25406"}],"wp:featuredmedia":[{"embeddable":true,"href":"https:\/\/yebodaglass.com\/it\/wp-json\/wp\/v2\/media\/23695"}],"wp:attachment":[{"href":"https:\/\/yebodaglass.com\/it\/wp-json\/wp\/v2\/media?parent=23651"}],"wp:term":[{"taxonomy":"product_brand","embeddable":true,"href":"https:\/\/yebodaglass.com\/it\/wp-json\/wp\/v2\/product_brand?post=23651"},{"taxonomy":"product_cat","embeddable":true,"href":"https:\/\/yebodaglass.com\/it\/wp-json\/wp\/v2\/product_cat?post=23651"},{"taxonomy":"product_tag","embeddable":true,"href":"https:\/\/yebodaglass.com\/it\/wp-json\/wp\/v2\/product_tag?post=23651"}],"curies":[{"name":"wp","href":"https:\/\/api.w.org\/{rel}","templated":true}]}}