{"id":23531,"date":"2025-11-10T14:29:06","date_gmt":"2025-11-10T06:29:06","guid":{"rendered":"https:\/\/yebodaglass.com\/?post_type=product&#038;p=23531"},"modified":"2026-04-09T17:59:19","modified_gmt":"2026-04-09T09:59:19","slug":"beverage-bottles-wholesale-glass-bottles-with-lids","status":"publish","type":"product","link":"https:\/\/yebodaglass.com\/it\/beverage-bottles-wholesale-glass-bottles-with-lids\/","title":{"rendered":"Bottiglie per bevande all&#039;ingrosso | Bottiglie di vetro con tappo"},"content":{"rendered":"<p data-start=\"66\" data-end=\"288\">Questa serie di bottiglie di vetro con tappo presenta una forma piatta e rettangolare, spalle arrotondate e collo stretto. Realizzate in vetro trasparente di alta qualit\u00e0, permettono di vedere il contenuto. Ogni bottiglia \u00e8 dotata di un tappo a vite in alluminio con guarnizione in plastica interna, che garantisce una chiusura ermetica e una facile maneggevolezza. Le bottiglie sono disponibili in diverse capacit\u00e0, da 50 ml a 500 ml. Sono ideali per confezionare caff\u00e8, succhi di frutta, t\u00e8 al latte e altri liquidi. Compatte e resistenti, sono perfette per l&#039;esposizione nei negozi, la vendita all&#039;ingrosso e da asporto.<\/p>\n<h2>Caratteristiche principali<\/h2>\n<ul>\n<li><strong>Le bottiglie delle bevande non perdono<\/strong>Il coperchio in alluminio e la guarnizione in plastica lavorano insieme per mantenere il liquido all&#039;interno, quindi non devi preoccuparti di eventuali fuoriuscite durante il trasporto delle bottiglie.<\/li>\n<\/ul>\n<ul>\n<li><strong>Il vetro \u00e8 resistente e riciclabile.<\/strong>Questi contenitori sono prodotti da un&#039;azienda specializzata nella produzione di bottiglie di vetro. Sono resistenti, riutilizzabili e riciclabili, il che rappresenta un vantaggio per l&#039;ambiente.<\/li>\n<\/ul>\n<ul>\n<li><strong>La forma piatta \u00e8 ideale per il branding<\/strong>La superficie piatta delle bottiglie facilita l&#039;applicazione delle etichette. Hanno un aspetto fantastico sugli scaffali. Questo le rende perfette per le aziende che desiderano creare bottiglie di vetro personalizzate e far risaltare il proprio marchio.<\/li>\n<\/ul>\n<h2 style=\"text-align: left;\">Specifiche chiave<\/h2>\n<table style=\"border-collapse: collapse; margin-left: auto; margin-right: auto; width: 80%;\" border=\"0\" width=\"905\" cellspacing=\"0\" cellpadding=\"0\">\n<tbody>\n<tr style=\"height: 13.50pt;\">\n<td style=\"height: 13.50pt; width: 54.00pt;\" width=\"72\" height=\"18\">Capacit\u00e0<\/td>\n<td style=\"width: 54.00pt;\" width=\"72\">Altezza<\/td>\n<td style=\"width: 54.00pt;\" width=\"72\">Larghezza<\/td>\n<td style=\"width: 129.75pt;\" width=\"173\">Applicazione<\/td>\n<td style=\"width: 98.25pt;\" width=\"131\">Materiale<\/td>\n<td style=\"width: 121.50pt;\" width=\"162\">Tipo di coperchio<\/td>\n<td style=\"width: 167.25pt;\" width=\"223\">Sigillatura<\/td>\n<\/tr>\n<tr style=\"height: 13.50pt;\">\n<td style=\"height: 13.50pt;\" height=\"18\">50 ml<\/td>\n<td>10,6 cm<\/td>\n<td>5,3 cm<\/td>\n<td>Caff\u00e8, campioni<\/td>\n<td class=\"et2\" rowspan=\"6\">Vetro senza piombo<\/td>\n<td class=\"et2\" rowspan=\"6\">Tappo a vite in alluminio + coperchio interno in plastica<\/td>\n<td class=\"et2\" rowspan=\"6\">Tenuta ermetica, a prova di perdite<\/td>\n<\/tr>\n<tr style=\"height: 13.50pt;\">\n<td style=\"height: 13.50pt;\" height=\"18\">100 ml<\/td>\n<td>12,5 cm<\/td>\n<td>6,7 cm<\/td>\n<td>Succhi, bevande<\/td>\n<\/tr>\n<tr style=\"height: 13.50pt;\">\n<td style=\"height: 13.50pt;\" height=\"18\">200 ml<\/td>\n<td>15 cm<\/td>\n<td>7,7 cm<\/td>\n<td>t\u00e8 al latte, caff\u00e8 freddo<\/td>\n<\/tr>\n<tr style=\"height: 13.50pt;\">\n<td style=\"height: 13.50pt;\" height=\"18\">250 ml<\/td>\n<td>16 cm<\/td>\n<td>8,3 cm<\/td>\n<td>Succhi di frutta, bevande<\/td>\n<\/tr>\n<tr style=\"height: 13.50pt;\">\n<td style=\"height: 13.50pt;\" height=\"18\">350 ml<\/td>\n<td>17 cm<\/td>\n<td>8,9 cm<\/td>\n<td>Caff\u00e8, bevande<\/td>\n<\/tr>\n<tr style=\"height: 13.50pt;\">\n<td style=\"height: 13.50pt;\" height=\"18\">500 ml<\/td>\n<td>20 cm<\/td>\n<td>10,1 cm<\/td>\n<td>Bevande sfuse<\/td>\n<\/tr>\n<\/tbody>\n<\/table>\n<h2>Caso di studio<\/h2>\n<p>Una grande catena di supermercati in Polonia ha iniziato a utilizzare le nostre bottiglie di vetro con tappo per il proprio marchio di caff\u00e8 e succhi di frutta. In precedenza, utilizzavano bottiglie di un&#039;altra azienda. Avevano riscontrato problemi con i tappi che non si chiudevano correttamente e con la fuoriuscita di succo durante il trasporto. Questo causava perdite di prodotto e reclami da parte dei clienti.<\/p>\n<p>Quando hanno iniziato a usare le nostre bottiglie di vetro, hanno scelto i formati da 250 ml e 350 ml. Hanno fatto applicare etichette personalizzate e un rivestimento speciale per renderle pi\u00f9 eleganti. I nuovi tappi funzionavano meglio e non perdevano quasi mai. Il vetro trasparente, inoltre, valorizzava l&#039;aspetto dei prodotti sugli scaffali.<\/p>\n<p>Dopo sei mesi, il supermercato ha visto le vendite di bevande aumentare del 28% e i clienti erano molto pi\u00f9 soddisfatti. Ora acquistano sempre le nostre bottiglie di vetro con tappo. Ne ordinano almeno 100.000 unit\u00e0 ogni trimestre. Hanno persino ottenuto uno sconto sul prezzo, proprio perch\u00e9 ne acquistano cos\u00ec tante.<\/p>\n<h2>Suggerimenti di personalizzazione per gli acquirenti B2B<\/h2>\n<ol>\n<li><strong>Per i marchi di caff\u00e8<\/strong>: Utilizza un rivestimento ambrato o una serigrafia sulle bottiglie di vetro per creare un contenitore per caff\u00e8 freddo di alta qualit\u00e0, abbinato a un tappo a vite a chiusura ermetica.<\/li>\n<li><strong>Per i marchi di succhi e bevande<\/strong>: Applica una verniciatura spray colorata o un&#039;etichetta per differenziare i gusti, mantenendo al contempo un formato di confezionamento in vetro uniforme per tutta la tua selezione.<\/li>\n<li><strong>Per il settore della vendita al dettaglio e dei marchi privati<\/strong>Standardizzare i vari formati (da 100 ml a 500 ml) in un unico sistema di contenitori per ottimizzare lo stoccaggio, la logistica e l&#039;efficienza dell&#039;approvvigionamento all&#039;ingrosso del vetro.<\/li>\n<\/ol>","protected":false},"excerpt":{"rendered":"<p>Bottiglie per bevande di alta qualit\u00e0 e bottiglie in vetro con tappo per la vendita all&#039;ingrosso, da 50 ml a 500 ml. Confezioni in vetro resistenti e a tenuta stagna per caff\u00e8, succhi di frutta e forniture all&#039;ingrosso.<\/p>","protected":false},"featured_media":25706,"template":"","meta":[],"product_brand":[],"product_cat":[123,122],"product_tag":[],"class_list":{"0":"post-23531","1":"product","2":"type-product","3":"status-publish","4":"has-post-thumbnail","6":"product_cat-custom-glass-bottles","7":"product_cat-custom-glass-packaging","9":"first","10":"instock","11":"shipping-taxable","12":"product-type-simple"},"jetpack_sharing_enabled":true,"_links":{"self":[{"href":"https:\/\/yebodaglass.com\/it\/wp-json\/wp\/v2\/product\/23531","targetHints":{"allow":["GET"]}}],"collection":[{"href":"https:\/\/yebodaglass.com\/it\/wp-json\/wp\/v2\/product"}],"about":[{"href":"https:\/\/yebodaglass.com\/it\/wp-json\/wp\/v2\/types\/product"}],"version-history":[{"count":5,"href":"https:\/\/yebodaglass.com\/it\/wp-json\/wp\/v2\/product\/23531\/revisions"}],"predecessor-version":[{"id":25712,"href":"https:\/\/yebodaglass.com\/it\/wp-json\/wp\/v2\/product\/23531\/revisions\/25712"}],"wp:featuredmedia":[{"embeddable":true,"href":"https:\/\/yebodaglass.com\/it\/wp-json\/wp\/v2\/media\/25706"}],"wp:attachment":[{"href":"https:\/\/yebodaglass.com\/it\/wp-json\/wp\/v2\/media?parent=23531"}],"wp:term":[{"taxonomy":"product_brand","embeddable":true,"href":"https:\/\/yebodaglass.com\/it\/wp-json\/wp\/v2\/product_brand?post=23531"},{"taxonomy":"product_cat","embeddable":true,"href":"https:\/\/yebodaglass.com\/it\/wp-json\/wp\/v2\/product_cat?post=23531"},{"taxonomy":"product_tag","embeddable":true,"href":"https:\/\/yebodaglass.com\/it\/wp-json\/wp\/v2\/product_tag?post=23531"}],"curies":[{"name":"wp","href":"https:\/\/api.w.org\/{rel}","templated":true}]}}