{"id":23513,"date":"2025-11-10T14:28:42","date_gmt":"2025-11-10T06:28:42","guid":{"rendered":"https:\/\/yebodaglass.com\/?post_type=product&#038;p=23513"},"modified":"2026-04-10T10:59:00","modified_gmt":"2026-04-10T02:59:00","slug":"6oz-empty-jars-for-spices-with-grinder-lid-wholesale","status":"publish","type":"product","link":"https:\/\/yebodaglass.com\/it\/6oz-empty-jars-for-spices-with-grinder-lid-wholesale\/","title":{"rendered":"Barattoli vuoti da 6 once per spezie con coperchio per macinacaff\u00e8 all&#039;ingrosso"},"content":{"rendered":"<p>Questi barattoli vuoti per spezie hanno un corpo conico in vetro e macinini colorati, che ne facilitano l&#039;utilizzo per macinare. I barattoli sono dotati di anelli decorativi in \u200b\u200bacciaio inossidabile che permettono di regolare la finezza della macinatura desiderata.<\/p>\n<h2>Caratteristiche del prodotto<\/h2>\n<ul>\n<li><strong>Design appena realizzato:<\/strong> \u00c8 dotata di un nucleo di macinazione integrato ad alta durezza con regolazione manuale della finezza per un utilizzo immediato.<\/li>\n<li><strong>Diverse opzioni di colore per il coperchio:<\/strong> Il coperchio \u00e8 disponibile in diverse colorazioni, tra cui rosso, verde, nero e altre, e offre una presa antiscivolo, distinguendo al contempo le diverse fragranze.<\/li>\n<li><strong>Anello decorativo in acciaio inossidabile:<\/strong> La bottiglia \u00e8 caratterizzata da un anello decorativo in acciaio inossidabile che ne migliora l&#039;aspetto estetico e il valore complessivo, fornendo al contempo un ulteriore supporto strutturale.<\/li>\n<\/ul>\n<h2>Specifiche chiave<\/h2>\n<table style=\"border-collapse: collapse; width: 80%; margin-left: auto; margin-right: auto;\" border=\"0\" width=\"144\" cellspacing=\"0\" cellpadding=\"0\">\n<tbody>\n<tr style=\"height: 13.50pt;\">\n<td style=\"height: 13.5pt; width: 54pt; text-align: center;\" width=\"72\" height=\"18\">Caratteristica<\/td>\n<td style=\"width: 54pt; text-align: center;\" width=\"72\">Specifica<\/td>\n<\/tr>\n<tr style=\"height: 13.50pt;\">\n<td style=\"height: 13.5pt; text-align: center;\" height=\"18\">Capacit\u00e0<\/td>\n<td style=\"text-align: center;\">180 ml\/6 oz<\/td>\n<\/tr>\n<tr style=\"height: 13.50pt;\">\n<td style=\"height: 13.5pt; text-align: center;\" height=\"18\">Dimensioni (cm)<\/td>\n<td style=\"text-align: center;\">6,4 x 13<\/td>\n<\/tr>\n<tr style=\"height: 13.50pt;\">\n<td style=\"height: 13.5pt; text-align: center;\" height=\"18\">Accessorio<\/td>\n<td style=\"text-align: center;\">Macinacaff\u00e8<\/td>\n<\/tr>\n<tr style=\"height: 13.50pt;\">\n<td style=\"height: 13.5pt; text-align: center;\" height=\"18\">Colore<\/td>\n<td style=\"text-align: center;\">Cancella, accetta la personalizzazione<\/td>\n<\/tr>\n<tr style=\"height: 13.50pt;\">\n<td style=\"height: 13.5pt; text-align: center;\" height=\"18\">Utilizzo<\/td>\n<td style=\"text-align: center;\">Pepe, sale grosso, cumino<\/td>\n<\/tr>\n<\/tbody>\n<\/table>\n<h2>Caso di successo: Marchio privato per la grande distribuzione alimentare europea<\/h2>\n<p>Uno dei negozi di alimentari di lusso europei ha scelto di utilizzare i nostri macinini per spezie per conservare le proprie spezie, personalizzandoli con un anello ornamentale color rame e un coperchio con il logo in rilievo. I barattoli in vetro trasparente hanno incrementato del 40% le vendite delle spezie pi\u00f9 pregiate, poich\u00e9 i clienti potevano osservare direttamente la qualit\u00e0 del prodotto. La regolazione della finezza della macinatura \u00e8 risultata sempre precisa e il tasso di soddisfazione del cliente ha raggiunto il 95%. Il rivenditore \u00e8 rimasto talmente soddisfatto del prodotto da effettuare un ulteriore ordine di 500.000 set per rifornire la propria linea di spezie in 15 paesi.<\/p>\n<h2>Suggerimenti per la personalizzazione di barattoli vuoti per spezie<\/h2>\n<ol>\n<li><strong>Materiali dei componenti per la rettifica:<\/strong> Per le parti di macinazione, scegli tra ceramica di allumina o acciaio inossidabile, a seconda della natura delle spezie che intendi macinare.<\/li>\n<li><strong>Disegni e colori:<\/strong> Utilizza loghi, motivi o colori per conferire al tuo prodotto un aspetto unico.<\/li>\n<li><strong>Modifica delle dimensioni:<\/strong> Modifica le dimensioni del macina spezie in modo che si adatti alla tua cucina o sia proporzionato alla quantit\u00e0 di spezie che utilizzi.<\/li>\n<\/ol>","protected":false},"excerpt":{"rendered":"<p>Barattoli vuoti di alta qualit\u00e0 per spezie, con collarino in acciaio inox e coperchio con macinino manuale. Ideali per conservare le spezie in cucina. Spedizione rapida disponibile.<\/p>","protected":false},"featured_media":23514,"template":"","meta":[],"product_brand":[],"product_cat":[128,124,122],"product_tag":[],"class_list":{"0":"post-23513","1":"product","2":"type-product","3":"status-publish","4":"has-post-thumbnail","6":"product_cat-spice-jars","7":"product_cat-custom-glass-jars","8":"product_cat-custom-glass-packaging","10":"first","11":"instock","12":"shipping-taxable","13":"product-type-simple"},"jetpack_sharing_enabled":true,"_links":{"self":[{"href":"https:\/\/yebodaglass.com\/it\/wp-json\/wp\/v2\/product\/23513","targetHints":{"allow":["GET"]}}],"collection":[{"href":"https:\/\/yebodaglass.com\/it\/wp-json\/wp\/v2\/product"}],"about":[{"href":"https:\/\/yebodaglass.com\/it\/wp-json\/wp\/v2\/types\/product"}],"version-history":[{"count":5,"href":"https:\/\/yebodaglass.com\/it\/wp-json\/wp\/v2\/product\/23513\/revisions"}],"predecessor-version":[{"id":25721,"href":"https:\/\/yebodaglass.com\/it\/wp-json\/wp\/v2\/product\/23513\/revisions\/25721"}],"wp:featuredmedia":[{"embeddable":true,"href":"https:\/\/yebodaglass.com\/it\/wp-json\/wp\/v2\/media\/23514"}],"wp:attachment":[{"href":"https:\/\/yebodaglass.com\/it\/wp-json\/wp\/v2\/media?parent=23513"}],"wp:term":[{"taxonomy":"product_brand","embeddable":true,"href":"https:\/\/yebodaglass.com\/it\/wp-json\/wp\/v2\/product_brand?post=23513"},{"taxonomy":"product_cat","embeddable":true,"href":"https:\/\/yebodaglass.com\/it\/wp-json\/wp\/v2\/product_cat?post=23513"},{"taxonomy":"product_tag","embeddable":true,"href":"https:\/\/yebodaglass.com\/it\/wp-json\/wp\/v2\/product_tag?post=23513"}],"curies":[{"name":"wp","href":"https:\/\/api.w.org\/{rel}","templated":true}]}}