{"id":23424,"date":"2025-11-10T08:59:20","date_gmt":"2025-11-10T00:59:20","guid":{"rendered":"https:\/\/yebodaglass.com\/?post_type=product&#038;p=23424"},"modified":"2026-04-10T15:22:20","modified_gmt":"2026-04-10T07:22:20","slug":"bulk-clear-empty-soy-sauce-bottles-with-press-pump","status":"publish","type":"product","link":"https:\/\/yebodaglass.com\/it\/bulk-clear-empty-soy-sauce-bottles-with-press-pump\/","title":{"rendered":"Bottiglie di salsa di soia vuote trasparenti sfuse con pompa a pressione da 200 ml, 300 ml e 500 ml"},"content":{"rendered":"<p>Queste bottiglie di salsa di soia hanno un design cilindrico dritto con indicatori di dosaggio trasparenti che mostrano punti di misurazione precisi. I tappi sono dotati di dosatore a pompa in acciaio inossidabile e plastica.<\/p>\n<h2>Caratteristiche del prodotto<\/h2>\n<ul>\n<li><strong>Progettazione dell&#039;erogatore a pompa:<\/strong> Grazie all&#039;erogatore a pompa nero, l&#039;utente pu\u00f2 controllare con estrema precisione e facilit\u00e0 la quantit\u00e0 di salsa chili senza sprecarla.<\/li>\n<li><strong>Bottiglia graduata trasparente:<\/strong> La parte trasparente e graduata della bottiglia permette di vedere facilmente quanto prodotto \u00e8 stato utilizzato e quanto ne rimane, consentendo una misurazione molto precisa.<\/li>\n<li><strong>Disponibili diverse misure:<\/strong> Esistono tre diverse dimensioni di bottiglie, da utilizzare in luoghi diversi, come case e ristoranti, a seconda della quantit\u00e0 di salsa chili conservata e utilizzata.<\/li>\n<\/ul>\n<h2 style=\"text-align: left;\">Specifiche chiave<\/h2>\n<table class=\"aligncenter\" style=\"border-collapse: collapse; width: 432.02pt;\" border=\"0\" width=\"576\" cellspacing=\"0\" cellpadding=\"0\">\n<tbody>\n<tr style=\"height: 13.50pt;\">\n<td style=\"height: 13.50pt; width: 105.00pt;\" width=\"140\" height=\"18\">Caratteristica<\/td>\n<td style=\"width: 327.00pt;\" width=\"436\">Specifica<\/td>\n<\/tr>\n<tr style=\"height: 13.50pt;\">\n<td style=\"height: 13.50pt;\" height=\"18\">Capacit\u00e0<\/td>\n<td>200 ml (7 oz) \/ 300 ml (10 oz) \/ 500 ml (16 oz)<\/td>\n<\/tr>\n<tr style=\"height: 13.50pt;\">\n<td style=\"height: 13.50pt;\" height=\"18\">Dimensioni (P\u00d7A)<\/td>\n<td>5,5\u00d719,5 cm \/ 6\u00d723,5 cm \/ 6,5\u00d727,5 cm<\/td>\n<\/tr>\n<tr style=\"height: 13.50pt;\">\n<td style=\"height: 13.50pt;\" height=\"18\">Forma<\/td>\n<td>Bottiglia di stout a parete dritta con marcature del volume stampate<\/td>\n<\/tr>\n<tr style=\"height: 13.50pt;\">\n<td style=\"height: 13.50pt;\" height=\"18\">Materiale<\/td>\n<td>Vetro borosilicato alto<\/td>\n<\/tr>\n<tr style=\"height: 13.50pt;\">\n<td style=\"height: 13.50pt;\" height=\"18\">Chiusura inclusa<\/td>\n<td>Pompa a pressione nera (con dettagli in metallo, resistente alle perdite)<\/td>\n<\/tr>\n<tr style=\"height: 13.50pt;\">\n<td style=\"height: 13.50pt;\" height=\"18\">Ideale per<\/td>\n<td>Salsa piccante, salsa di soia, condimento, salse<\/td>\n<\/tr>\n<tr style=\"height: 13.50pt;\">\n<td style=\"height: 13.50pt;\" height=\"18\">Uso ideale<\/td>\n<td>Bottiglie di salsa vuote, bottiglia di salsa di soia<\/td>\n<\/tr>\n<\/tbody>\n<\/table>\n<h2>Caso di successo: ordine personalizzato da un marchio di salsa piccante della Louisiana.<\/h2>\n<p>Un marchio di salse piccanti artigianali con sede in Louisiana ha scelto le nostre bottiglie vuote da 500 ml, personalizzandole con dosatori allargati e indicatori di piccantezza. Le bottiglie personalizzate si sono rivelate estremamente efficaci: i dosatori precisi e le tacche graduate hanno aiutato i consumatori a ridurre del 20% il consumo eccessivo, e la robustezza delle bottiglie ha garantito un tasso di rottura inferiore allo 0,7% durante la spedizione. L&#039;azienda ha instaurato un proficuo rapporto commerciale grazie a questo primo ordine, che l&#039;ha portata a richiedere 420.000 bottiglie per la sua nuova salsa per alette di pollo.<\/p>\n<h2>Suggerimenti per la personalizzazione delle bottiglie di salsa vuote<\/h2>\n<ul>\n<li><strong>Indicatori di misurazione personalizzati:<\/strong> \u00c8 possibile assegnare delle indicazioni di capacit\u00e0 a determinate ricette o porzioni.<\/li>\n<li><strong>Opzioni colore testa pompa:<\/strong> Fornisci teste di pompaggio di diversi colori che si abbinino alla combinazione di colori del tuo ristorante.<\/li>\n<li><strong>Base antiscivolo:<\/strong> Applicare una texture antiscivolo sul fondo della bottiglia per garantire la sicurezza anche su un tavolo pieno di cose.<\/li>\n<\/ul>","protected":false},"excerpt":{"rendered":"<p>Pratiche bottiglie per salsa di soia con indicatori di misurazione e tappo a pressione, perfette per salse e condimenti. Vendita all&#039;ingrosso di bottiglie vuote per salsa con campioni gratuiti.<\/p>","protected":false},"featured_media":23458,"template":"","meta":[],"product_brand":[],"product_cat":[129,123,122],"product_tag":[],"class_list":{"0":"post-23424","1":"product","2":"type-product","3":"status-publish","4":"has-post-thumbnail","6":"product_cat-hot-sauce-bottles","7":"product_cat-custom-glass-bottles","8":"product_cat-custom-glass-packaging","10":"first","11":"instock","12":"shipping-taxable","13":"product-type-simple"},"jetpack_sharing_enabled":true,"_links":{"self":[{"href":"https:\/\/yebodaglass.com\/it\/wp-json\/wp\/v2\/product\/23424","targetHints":{"allow":["GET"]}}],"collection":[{"href":"https:\/\/yebodaglass.com\/it\/wp-json\/wp\/v2\/product"}],"about":[{"href":"https:\/\/yebodaglass.com\/it\/wp-json\/wp\/v2\/types\/product"}],"version-history":[{"count":5,"href":"https:\/\/yebodaglass.com\/it\/wp-json\/wp\/v2\/product\/23424\/revisions"}],"predecessor-version":[{"id":25742,"href":"https:\/\/yebodaglass.com\/it\/wp-json\/wp\/v2\/product\/23424\/revisions\/25742"}],"wp:featuredmedia":[{"embeddable":true,"href":"https:\/\/yebodaglass.com\/it\/wp-json\/wp\/v2\/media\/23458"}],"wp:attachment":[{"href":"https:\/\/yebodaglass.com\/it\/wp-json\/wp\/v2\/media?parent=23424"}],"wp:term":[{"taxonomy":"product_brand","embeddable":true,"href":"https:\/\/yebodaglass.com\/it\/wp-json\/wp\/v2\/product_brand?post=23424"},{"taxonomy":"product_cat","embeddable":true,"href":"https:\/\/yebodaglass.com\/it\/wp-json\/wp\/v2\/product_cat?post=23424"},{"taxonomy":"product_tag","embeddable":true,"href":"https:\/\/yebodaglass.com\/it\/wp-json\/wp\/v2\/product_tag?post=23424"}],"curies":[{"name":"wp","href":"https:\/\/api.w.org\/{rel}","templated":true}]}}