{"id":23403,"date":"2025-11-07T16:21:21","date_gmt":"2025-11-07T08:21:21","guid":{"rendered":"https:\/\/yebodaglass.com\/?post_type=product&#038;p=23403"},"modified":"2025-11-07T17:21:01","modified_gmt":"2025-11-07T09:21:01","slug":"wholesale-clear-empty-bottles-for-hot-sauce-100ml-500ml","status":"publish","type":"product","link":"https:\/\/yebodaglass.com\/it\/wholesale-clear-empty-bottles-for-hot-sauce-100ml-500ml\/","title":{"rendered":"Bottiglie vuote trasparenti all&#039;ingrosso per salsa piccante da 100 ml a 500 ml"},"content":{"rendered":"<p>Queste bottiglie vuote per salsa piccante sono contenute in un contenitore di vetro trasparente, che offre una buona visibilit\u00e0 della salsa. Hanno un design elegante e affusolato e sono disponibili in diverse dimensioni.<\/p>\n<h2>Caratteristiche del prodotto<\/h2>\n<ul>\n<li><strong>Materiale in vetro trasparente:<\/strong> Il contenitore \u00e8 realizzato in vetro trasparente, quindi il colore e la quantit\u00e0 di salsa chili rimasta nel barattolo possono essere facilmente riconosciuti visivamente, quindi \u00e8 molto comodo identificarla e controllarla.<\/li>\n<li><strong>Design della bottiglia a vita:<\/strong> La bottiglia \u00e8 progettata con una vita e presenta linee morbide e uniche che non solo abbelliscono il prodotto, ma lo rendono anche facilmente riconoscibile.<\/li>\n<li><strong>Disponibili diverse misure:<\/strong> \u00c8 disponibile in diverse dimensioni per soddisfare diverse esigenze di volume ed \u00e8 adatto per l&#039;uso familiare regolare, la ristorazione e altre situazioni simili.<\/li>\n<\/ul>\n<h2 style=\"text-align: left;\">Specifiche chiave<\/h2>\n<table class=\"aligncenter\" style=\"border-collapse: collapse; width: 647.27pt;\" border=\"0\" width=\"863\" cellspacing=\"0\" cellpadding=\"0\">\n<tbody>\n<tr style=\"height: 13.50pt;\">\n<td style=\"height: 13.50pt; width: 127.50pt;\" width=\"170\" height=\"18\">Caratteristica<\/td>\n<td style=\"width: 519.75pt;\" width=\"693\">Specifica<\/td>\n<\/tr>\n<tr style=\"height: 13.50pt;\">\n<td style=\"height: 13.50pt;\" height=\"18\">Capacit\u00e0<\/td>\n<td>100 ml \/ 180 ml \/ 220 ml \/ 350 ml \/ 400 ml \/ 500 ml<\/td>\n<\/tr>\n<tr style=\"height: 13.50pt;\">\n<td style=\"height: 13.50pt;\" height=\"18\">Dimensioni (P\u00d7A)<\/td>\n<td>4,2\u00d716,8 cm \/ 5,2\u00d719,3 cm \/ 5\u00d721,3 cm \/ 6,5\u00d723,5 cm \/ 7,2\u00d724 cm \/ 7,3\u00d725 cm<\/td>\n<\/tr>\n<tr style=\"height: 13.50pt;\">\n<td style=\"height: 13.50pt;\" height=\"18\">Materiale<\/td>\n<td>Stout in vetro trasparente, per uso alimentare, senza piombo<\/td>\n<\/tr>\n<tr style=\"height: 13.50pt;\">\n<td style=\"height: 13.50pt;\" height=\"18\">Chiusura inclusa<\/td>\n<td>Bottiglia per salsa con tappo a vite nero (disponibile anche in oro, rosso, giallo)<\/td>\n<\/tr>\n<tr style=\"height: 13.50pt;\">\n<td style=\"height: 13.50pt;\" height=\"18\">Uso ideale<\/td>\n<td>Bottiglie vuote per salsa piccante, bottiglie di salsa piccante sfuse<\/td>\n<\/tr>\n<\/tbody>\n<\/table>\n<h2>Storia di successo: superare i problemi della linea di produzione<\/h2>\n<p>La capacit\u00e0 di confezionamento era limitata a causa del braccio di confezionamento di un&#039;azienda di condimenti di medie dimensioni. Le loro bottiglie dritte erano difficili da maneggiare sulla linea di riempimento, causando un rallentamento della velocit\u00e0 di produzione. L&#039;azienda \u00e8 passata alle nostre bottiglie vuote curve da 350 ml per salsa piccante, che hanno un&#039;area di presa pi\u00f9 comoda per la macchina. Pertanto, la velocit\u00e0 della linea di riempimento \u00e8 aumentata del 15% e il tasso di caduta delle bottiglie \u00e8 stato ridotto del 30%. Le migliori prestazioni del prodotto sono diventate il principale motore delle vendite, tanto che il cliente ha effettuato tre ordini di grandi dimensioni consecutivi. Inoltre, il cliente ha fatto un ulteriore passo avanti e ha diversificato il proprio inventario aggiungendo 500 ml in pi\u00f9 del suo gusto pi\u00f9 venduto.<\/p>\n<h2>Suggerimenti per la personalizzazione delle bottiglie di salsa piccante<\/h2>\n<ul>\n<li><strong>Profondit\u00e0 curva personalizzata:<\/strong> Modificare la profondit\u00e0 della scanalatura della vita per una presa pi\u00f9 o meno definita.<\/li>\n<li><strong>Marcature in rilievo:<\/strong> Tracciare dei segni di volume in rilievo e posizionarli sulla spalla della bottiglia.<\/li>\n<li><strong>Marchio serigrafato:<\/strong> Applicare il logo direttamente sulla superficie curva del vetro tramite stampa.<\/li>\n<li><strong>Opzioni per vetrate colorate:<\/strong> Se il prodotto \u00e8 fotosensibile, \u00e8 possibile utilizzare vetro ambrato o blu cobalto.<\/li>\n<\/ul>","protected":false},"excerpt":{"rendered":"<p>Eleganti bottiglie vuote per salsa piccante con tappi dorati, rossi e gialli. Design di alta qualit\u00e0 per bottiglie di salsa piccante, ideali per il branding: prezzo di fabbrica e spedizione veloce!<\/p>","protected":false},"featured_media":23412,"template":"","meta":[],"product_brand":[],"product_cat":[122,123,129],"product_tag":[],"class_list":{"0":"post-23403","1":"product","2":"type-product","3":"status-publish","4":"has-post-thumbnail","6":"product_cat-custom-glass-packaging","7":"product_cat-custom-glass-bottles","8":"product_cat-hot-sauce-bottles","10":"first","11":"instock","12":"shipping-taxable","13":"product-type-simple"},"jetpack_sharing_enabled":true,"_links":{"self":[{"href":"https:\/\/yebodaglass.com\/it\/wp-json\/wp\/v2\/product\/23403","targetHints":{"allow":["GET"]}}],"collection":[{"href":"https:\/\/yebodaglass.com\/it\/wp-json\/wp\/v2\/product"}],"about":[{"href":"https:\/\/yebodaglass.com\/it\/wp-json\/wp\/v2\/types\/product"}],"version-history":[{"count":4,"href":"https:\/\/yebodaglass.com\/it\/wp-json\/wp\/v2\/product\/23403\/revisions"}],"predecessor-version":[{"id":23420,"href":"https:\/\/yebodaglass.com\/it\/wp-json\/wp\/v2\/product\/23403\/revisions\/23420"}],"wp:featuredmedia":[{"embeddable":true,"href":"https:\/\/yebodaglass.com\/it\/wp-json\/wp\/v2\/media\/23412"}],"wp:attachment":[{"href":"https:\/\/yebodaglass.com\/it\/wp-json\/wp\/v2\/media?parent=23403"}],"wp:term":[{"taxonomy":"product_brand","embeddable":true,"href":"https:\/\/yebodaglass.com\/it\/wp-json\/wp\/v2\/product_brand?post=23403"},{"taxonomy":"product_cat","embeddable":true,"href":"https:\/\/yebodaglass.com\/it\/wp-json\/wp\/v2\/product_cat?post=23403"},{"taxonomy":"product_tag","embeddable":true,"href":"https:\/\/yebodaglass.com\/it\/wp-json\/wp\/v2\/product_tag?post=23403"}],"curies":[{"name":"wp","href":"https:\/\/api.w.org\/{rel}","templated":true}]}}