{"id":23381,"date":"2025-11-07T14:43:19","date_gmt":"2025-11-07T06:43:19","guid":{"rendered":"https:\/\/yebodaglass.com\/?post_type=product&#038;p=23381"},"modified":"2025-11-07T17:15:14","modified_gmt":"2025-11-07T09:15:14","slug":"wholesale-clear-glass-condiment-bottles-for-sauces-150ml-500ml","status":"publish","type":"product","link":"https:\/\/yebodaglass.com\/it\/wholesale-clear-glass-condiment-bottles-for-sauces-150ml-500ml\/","title":{"rendered":"Bottiglie di condimenti in vetro trasparente all&#039;ingrosso per salse da 150 ml a 500 ml"},"content":{"rendered":"<p>Queste bottiglie di vetro per condimenti sono incredibilmente trasparenti, quindi realizzate in vetro trasparente, e visivamente sono eccellenti. I contenitori sono bellissimi perch\u00e9 i produttori hanno realizzato bottiglie coniche e alcune testurizzate che rivelano perfettamente il colore della salsa all&#039;interno.<\/p>\n<h2>Caratteristiche del prodotto<\/h2>\n<ul>\n<li><strong>Diversi design di bottiglie:<\/strong> Un mix di forme di bottiglia, come bottiglie coniche e testurizzate, con contorni eleganti esaltano l&#039;attrattiva visiva del prodotto e la riconoscibilit\u00e0 del marchio.<\/li>\n<li><strong>Diverse dimensioni supportate:<\/strong> Grazie alle diverse dimensioni \u00e8 possibile soddisfare diverse esigenze di capacit\u00e0, adattandosi cos\u00ec all&#039;uso quotidiano in famiglia e al porzionamento dei pasti.<\/li>\n<li><strong>Durevole e resistente:<\/strong> Le spesse pareti di vetro sono state generosamente realizzate per contenere saldamente le bottiglie, resistendo alla pressione della linea di riempimento e alle sfide del trasporto.<\/li>\n<\/ul>\n<h2 style=\"text-align: left;\">Specifiche chiave<\/h2>\n<table class=\"aligncenter\" style=\"border-collapse: collapse; width: 580.52pt;\" border=\"0\" width=\"774\" cellspacing=\"0\" cellpadding=\"0\">\n<tbody>\n<tr style=\"height: 13.50pt;\">\n<td style=\"height: 13.50pt; width: 127.50pt;\" width=\"170\" height=\"18\">Caratteristica<\/td>\n<td style=\"width: 453.00pt;\" width=\"604\">Specifica<\/td>\n<\/tr>\n<tr style=\"height: 13.50pt;\">\n<td style=\"height: 13.50pt;\" height=\"18\">Capacit\u00e0<\/td>\n<td>150 ml \/ 200 ml \/ 250 ml \/ 300 ml \/ 400 ml \/ 500 ml<\/td>\n<\/tr>\n<tr style=\"height: 13.50pt;\">\n<td style=\"height: 13.50pt;\" height=\"18\">Dimensioni (P\u00d7A)<\/td>\n<td>5,5\u00d717,5 cm \/ 6\u00d718,5 cm \/ 6\u00d722 cm \/ 7\u00d722,5 cm \/ 7\u00d724 cm \/ 7,5\u00d726 cm<\/td>\n<\/tr>\n<tr style=\"height: 13.50pt;\">\n<td style=\"height: 13.50pt;\" height=\"18\">Materiale<\/td>\n<td>Stout in vetro trasparente, per uso alimentare, senza piombo<\/td>\n<\/tr>\n<tr style=\"height: 13.50pt;\">\n<td style=\"height: 13.50pt;\" height=\"18\">Chiusura inclusa<\/td>\n<td>Bottiglia per salsa con tappo a vite nero (disponibili altri colori)<\/td>\n<\/tr>\n<tr style=\"height: 13.50pt;\">\n<td style=\"height: 13.50pt;\" height=\"18\">Ideale per<\/td>\n<td>Salsa piccante, salsa di pomodoro, condimento, salsa di ostriche<\/td>\n<\/tr>\n<\/tbody>\n<\/table>\n<h2>Semplificare una linea di prodotti diversificata: la storia di successo di un produttore di alimenti speciali<\/h2>\n<p>Un marchio di specialit\u00e0 alimentari utilizzava diverse tipologie di bottiglie per i suoi 12 gusti, il che causava problemi di gestione delle scorte e delle etichette. Hanno quindi accorpato tutte le loro linee di prodotto nelle bottiglie di vetro per condimenti da 250 ml e 500 ml che abbiamo fornito. Grazie a questo sforzo di standardizzazione, sono riusciti a ridurre le scorte di imballaggi del 40% e ad aumentare la velocit\u00e0 di gestione delle etichette del 25%. Il design unificato del packaging non solo ha migliorato l&#039;immagine del marchio, ma ha anche portato a un aumento delle vendite del 35% durante il primo anno. Sono rimasti molto soddisfatti dei risultati e ora effettuano ordini trimestrali per oltre 300.000 unit\u00e0.<\/p>\n<h2>Idee per la personalizzazione delle bottiglie di vetro per condimenti<\/h2>\n<ul>\n<li><strong>Profilo bottiglia personalizzato:<\/strong> Modifica la curva della vita o della spalla della bottiglia per creare un contorno distintivo.<\/li>\n<li><strong>Motivi in \u200b\u200bvetro strutturato:<\/strong> Realizzare un design delicato (ad esempio linee verticali o forme geometriche) sulla sfaccettatura del vetro.<\/li>\n<li><strong>Marcatori di volume impressi:<\/strong> Per registrare facilmente le ricette e le misurazioni dei condimenti, apporre sul vetro dei segni di volume.<\/li>\n<li><strong>Alternative al vetro colorato:<\/strong> Oltre alla protezione dalla luce, per un effetto visivo unico, usate il vetro ambrato o verde.<\/li>\n<\/ul>","protected":false},"excerpt":{"rendered":"<p>Bottiglie per condimenti in vetro trasparente con curve eleganti e dettagli in rilievo. Bottiglie all&#039;ingrosso per salse, perfette per il branding e la presentazione dei prodotti. Campioni gratuiti.<\/p>","protected":false},"featured_media":23394,"template":"","meta":[],"product_brand":[],"product_cat":[122,123,129],"product_tag":[],"class_list":{"0":"post-23381","1":"product","2":"type-product","3":"status-publish","4":"has-post-thumbnail","6":"product_cat-custom-glass-packaging","7":"product_cat-custom-glass-bottles","8":"product_cat-hot-sauce-bottles","10":"first","11":"instock","12":"shipping-taxable","13":"product-type-simple"},"jetpack_sharing_enabled":true,"_links":{"self":[{"href":"https:\/\/yebodaglass.com\/it\/wp-json\/wp\/v2\/product\/23381","targetHints":{"allow":["GET"]}}],"collection":[{"href":"https:\/\/yebodaglass.com\/it\/wp-json\/wp\/v2\/product"}],"about":[{"href":"https:\/\/yebodaglass.com\/it\/wp-json\/wp\/v2\/types\/product"}],"version-history":[{"count":5,"href":"https:\/\/yebodaglass.com\/it\/wp-json\/wp\/v2\/product\/23381\/revisions"}],"predecessor-version":[{"id":23402,"href":"https:\/\/yebodaglass.com\/it\/wp-json\/wp\/v2\/product\/23381\/revisions\/23402"}],"wp:featuredmedia":[{"embeddable":true,"href":"https:\/\/yebodaglass.com\/it\/wp-json\/wp\/v2\/media\/23394"}],"wp:attachment":[{"href":"https:\/\/yebodaglass.com\/it\/wp-json\/wp\/v2\/media?parent=23381"}],"wp:term":[{"taxonomy":"product_brand","embeddable":true,"href":"https:\/\/yebodaglass.com\/it\/wp-json\/wp\/v2\/product_brand?post=23381"},{"taxonomy":"product_cat","embeddable":true,"href":"https:\/\/yebodaglass.com\/it\/wp-json\/wp\/v2\/product_cat?post=23381"},{"taxonomy":"product_tag","embeddable":true,"href":"https:\/\/yebodaglass.com\/it\/wp-json\/wp\/v2\/product_tag?post=23381"}],"curies":[{"name":"wp","href":"https:\/\/api.w.org\/{rel}","templated":true}]}}