{"id":23351,"date":"2025-11-07T11:52:40","date_gmt":"2025-11-07T03:52:40","guid":{"rendered":"https:\/\/yebodaglass.com\/?post_type=product&#038;p=23351"},"modified":"2026-04-09T15:28:15","modified_gmt":"2026-04-09T07:28:15","slug":"square-glass-herb-jars-with-bamboo-lids-wholesale","status":"publish","type":"product","link":"https:\/\/yebodaglass.com\/it\/square-glass-herb-jars-with-bamboo-lids-wholesale\/","title":{"rendered":"Barattoli per erbe aromatiche in vetro quadrato colorato da 4 once con coperchi in bamb\u00f9 all&#039;ingrosso"},"content":{"rendered":"<p>Questi barattoli di vetro per erbe aromatiche sono alti, quadrati, con angoli arrotondati e bordi dritti. Sono realizzati in vetro spesso e trasparente e dotati di tappi a vite in bamb\u00f9 naturale. Sono disponibili in una variet\u00e0 di colori.<\/p>\n<h2>Caratteristiche del prodotto<\/h2>\n<ul>\n<li><strong>Design rettangolare:<\/strong> Il design rettangolare \u00e8 pulito, occupa meno spazio in magazzino e pu\u00f2 essere impilato, consentendo cos\u00ec di esporlo in modo ordinato con l&#039;ausilio di armadi o scaffali.<\/li>\n<li><strong>Vetro schermante multicolore:<\/strong> I bicchieri sono disponibili in quattro colori efficaci: bordeaux, verde scuro, ambra e blu reale, che hanno la capacit\u00e0 di bloccare la luce, la quale deteriora e ossida spezie, alimenti secchi e altri prodotti simili.<\/li>\n<li><strong>Coperchi in legno naturale:<\/strong> Abbinati ai tappi a vite in legno naturale, la sensazione al tatto e l&#039;ottima capacit\u00e0 di tenuta conferiscono al prodotto un aspetto ecologico e un tocco di pregio.<\/li>\n<\/ul>\n<h2>Specifiche chiave<\/h2>\n<table style=\"border-collapse: collapse; width: 80%; margin-left: auto; margin-right: auto;\" border=\"0\" width=\"144\" cellspacing=\"0\" cellpadding=\"0\">\n<tbody>\n<tr style=\"height: 13.50pt;\">\n<td style=\"height: 13.5pt; width: 54pt; text-align: center;\" width=\"72\" height=\"18\">Caratteristica<\/td>\n<td style=\"width: 54pt; text-align: center;\" width=\"72\">Specifica<\/td>\n<\/tr>\n<tr style=\"height: 13.50pt;\">\n<td style=\"height: 13.5pt; text-align: center;\" height=\"18\">Capacit\u00e0<\/td>\n<td style=\"text-align: center;\">120 ml (4 once)<\/td>\n<\/tr>\n<tr style=\"height: 13.50pt;\">\n<td style=\"height: 13.5pt; text-align: center;\" height=\"18\">Materiale<\/td>\n<td style=\"text-align: center;\">Vetro resistente \u2022 Forma quadrata<\/td>\n<\/tr>\n<tr style=\"height: 13.50pt;\">\n<td style=\"height: 13.5pt; text-align: center;\" height=\"18\">Colore<\/td>\n<td style=\"text-align: center;\">Ambra, Rosso, Blu, Verde, Personalizzato<\/td>\n<\/tr>\n<tr style=\"height: 13.50pt;\">\n<td style=\"height: 13.5pt; text-align: center;\" height=\"18\">Coperchi<\/td>\n<td style=\"text-align: center;\">Bamb\u00f9, metallo, plastica \u2022 Disponibili coperchi shaker<\/td>\n<\/tr>\n<tr style=\"height: 13.50pt;\">\n<td style=\"height: 13.5pt; text-align: center;\" height=\"18\">Personalizzazione<\/td>\n<td style=\"text-align: center;\">Incisione del logo, serigrafia, etichette\/imballaggi personalizzati<\/td>\n<\/tr>\n<\/tbody>\n<\/table>\n<h2>Caso di successo: ordine personalizzato da un marchio europeo di alta gamma specializzato in prodotti gastronomici di lusso.<\/h2>\n<p>Il marchio italiano di prodotti gastronomici di alta gamma ha scelto i nostri barattoli quadrati in vetro ambrato da 250 ml per spezie, richiedendo coperchi personalizzati in legno di noce nell&#039;ordine ufficiale. I barattoli personalizzati hanno ottenuto risultati eccezionali: il loro sistema di chiusura superiore ha aumentato del 40% la durata di conservazione delle spezie pregiate, mentre il vetro colorato ha bloccato la luce, preservando il 25% dell&#039;aroma originale delle spezie. Dopo il successo ottenuto con i prodotti esistenti, l&#039;azienda ha effettuato un ulteriore ordine di 280.000 barattoli per supportare la sua nuova linea di sale marino aromatizzato.<\/p>\n<h2>Barattolo per spezie quadrato in vetro personalizzabile<\/h2>\n<ol>\n<li><strong>Opzioni coperchio:<\/strong>Diversi marchi possono avere coperchi in bamb\u00f9, acciaio inossidabile o alluminio con guarnizioni in silicone per abbinarsi alla loro estetica e mantenere la freschezza ermeticamente.<\/li>\n<li><strong>Colori del vetro:<\/strong>Sono disponibili diverse opzioni di colore, come ambra, blu cobalto, verde o vetro trasparente, per conservare diverse erbe o spezie.<\/li>\n<li><strong>Personalizzazione dell&#039;etichetta:<\/strong>Un&#039;identificazione del marchio ecologica ma lussuosa pu\u00f2 essere ottenuta combinando etichette incise al laser o stampate con il coperchio o il corpo della bottiglia.<\/li>\n<\/ol>","protected":false},"excerpt":{"rendered":"<p>Eleganti barattoli quadrati in vetro per spezie con coperchi in bamb\u00f9, perfetti per conservare le spezie fresche e mantenere la cucina in perfetto ordine. Campioni omaggio.<\/p>","protected":false},"featured_media":23355,"template":"","meta":[],"product_brand":[],"product_cat":[128,124,122],"product_tag":[],"class_list":{"0":"post-23351","1":"product","2":"type-product","3":"status-publish","4":"has-post-thumbnail","6":"product_cat-spice-jars","7":"product_cat-custom-glass-jars","8":"product_cat-custom-glass-packaging","10":"first","11":"instock","12":"shipping-taxable","13":"product-type-simple"},"jetpack_sharing_enabled":true,"_links":{"self":[{"href":"https:\/\/yebodaglass.com\/it\/wp-json\/wp\/v2\/product\/23351","targetHints":{"allow":["GET"]}}],"collection":[{"href":"https:\/\/yebodaglass.com\/it\/wp-json\/wp\/v2\/product"}],"about":[{"href":"https:\/\/yebodaglass.com\/it\/wp-json\/wp\/v2\/types\/product"}],"version-history":[{"count":5,"href":"https:\/\/yebodaglass.com\/it\/wp-json\/wp\/v2\/product\/23351\/revisions"}],"predecessor-version":[{"id":25696,"href":"https:\/\/yebodaglass.com\/it\/wp-json\/wp\/v2\/product\/23351\/revisions\/25696"}],"wp:featuredmedia":[{"embeddable":true,"href":"https:\/\/yebodaglass.com\/it\/wp-json\/wp\/v2\/media\/23355"}],"wp:attachment":[{"href":"https:\/\/yebodaglass.com\/it\/wp-json\/wp\/v2\/media?parent=23351"}],"wp:term":[{"taxonomy":"product_brand","embeddable":true,"href":"https:\/\/yebodaglass.com\/it\/wp-json\/wp\/v2\/product_brand?post=23351"},{"taxonomy":"product_cat","embeddable":true,"href":"https:\/\/yebodaglass.com\/it\/wp-json\/wp\/v2\/product_cat?post=23351"},{"taxonomy":"product_tag","embeddable":true,"href":"https:\/\/yebodaglass.com\/it\/wp-json\/wp\/v2\/product_tag?post=23351"}],"curies":[{"name":"wp","href":"https:\/\/api.w.org\/{rel}","templated":true}]}}