{"id":23317,"date":"2025-11-06T17:00:08","date_gmt":"2025-11-06T09:00:08","guid":{"rendered":"https:\/\/yebodaglass.com\/?post_type=product&#038;p=23317"},"modified":"2025-11-06T17:00:10","modified_gmt":"2025-11-06T09:00:10","slug":"spices-jars-wholesale-glass-containers-supplier","status":"publish","type":"product","link":"https:\/\/yebodaglass.com\/it\/spices-jars-wholesale-glass-containers-supplier\/","title":{"rendered":"Barattoli per spezie da 80 ml e 120 ml con coperchio multiplo per l&#039;organizzazione della cucina\u00a0"},"content":{"rendered":"<p>Siete stanchi di barattoli per spezie che gocciolano o nascondono i vostri sapori. Realizziamo contenitori per spezie in vetro con una trasparenza perfetta: le spezie sono sempre visibili. Questi barattoli per spezie rendono la vostra cucina un luogo di tendenza. Acquistando in grandi quantit\u00e0 \u00e8 possibile personalizzare il proprio marchio con opzioni personalizzate.<\/p>\n<h2>Caratteristiche del prodotto<\/h2>\n<p><strong>Opzioni di coperchio sicuro<\/strong><\/p>\n<p>Coperchi di alluminio, legno o plastica con chiusura ermetica: niente zucchero umido o pepe stantio.<\/p>\n<p><strong>Archiviazione versatile<\/strong><\/p>\n<p>Olio, salse, farina o pepe: possono essere utilizzati in qualsiasi cucina.<\/p>\n<p><strong>Design del colore personalizzato<\/strong><\/p>\n<p>Bianchi o neri, i vostri barattoli di spezie personalizzati si trasformano in un regalo straordinario.<\/p>\n<h2>Specifiche chiave<\/h2>\n<table style=\"border-collapse: collapse; width: 80%; margin-left: auto; margin-right: auto;\" border=\"0\" width=\"144\" cellspacing=\"0\" cellpadding=\"0\">\n<tbody>\n<tr style=\"height: 13.50pt;\">\n<td style=\"height: 13.5pt; width: 54pt; text-align: center;\" width=\"72\" height=\"18\">Caratteristica<\/td>\n<td style=\"width: 54pt; text-align: center;\" width=\"72\">Specifica<\/td>\n<\/tr>\n<tr style=\"height: 13.50pt;\">\n<td style=\"height: 13.5pt; text-align: center;\" height=\"18\">Capacit\u00e0<\/td>\n<td style=\"text-align: center;\">80ml 120ml<\/td>\n<\/tr>\n<tr style=\"height: 13.50pt;\">\n<td style=\"height: 13.5pt; text-align: center;\" height=\"18\">Forma<\/td>\n<td style=\"text-align: center;\">Girare<\/td>\n<\/tr>\n<tr style=\"height: 13.50pt;\">\n<td style=\"height: 13.5pt; text-align: center;\" height=\"18\">Opzioni del coperchio<\/td>\n<td style=\"text-align: center;\">Alluminio, legno, plastica<\/td>\n<\/tr>\n<tr style=\"height: 13.50pt;\">\n<td style=\"height: 13.5pt; text-align: center;\" height=\"18\">Utilizzo<\/td>\n<td style=\"text-align: center;\">Per liquidi come salse e oli.<\/td>\n<\/tr>\n<\/tbody>\n<\/table>\n<h2>Storia di successo<\/h2>\n<p>Abbiamo collaborato con un marchio alimentare canadese per realizzare barattoli di spezie personalizzati con coperchi in alluminio argentato e corpi quadrati trasparenti, che mettono in risalto la consistenza colorata della miscela di erbe e peperoni all'interno. L'ermeticit\u00e0 \u00e8 l'elemento che mantiene le spezie fresche e profumate anche quando vengono spedite da lontano o riposte sugli scaffali.<\/p>\n<p>Dopo il cambio di confezione, il marchio ha registrato un aumento delle vendite al dettaglio e un incremento sostanziale della consapevolezza del marchio.<\/p>\n<h2>Il tuo manuale di personalizzazione<\/h2>\n<ol>\n<li><strong>Bottiglia\u200d\u200d\u200d\u200d\u200d\u200d\u200d Cap:<\/strong> La parte esterna della bottiglia pu\u00f2 essere realizzata in metallo, bamb\u00f9 o plastica e il colore pu\u00f2 essere scelto tra una vasta gamma di colori come il nero, l'oro e l'argento per soddisfare le diverse esigenze di stile.<\/li>\n<li><strong>Opzioni di volume:<\/strong> E se il prodotto fosse disponibile in diversi formati, ad esempio 80ml, 120ml e 150ml? In questo modo l'utente di una casa, di un catering o di un cliente commerciale sarebbe in grado di decidere quale sia il formato pi\u00f9 adatto a lui.<\/li>\n<li><strong>Bottiglia di vetro:<\/strong> Una bottiglia rotonda o quadrata, con finitura smerigliata o trasparente, \u00e8 un contenitore di vetro perfetto per le spezie che si sposa meglio con il posizionamento del marchio e con le tendenze del mercato.<\/li>\n<\/ol>","protected":false},"excerpt":{"rendered":"<p>Mantenete i vostri condimenti freschi e organizzati con i nostri contenitori per spezie in vetro. Questi resistenti barattoli per spezie sono dotati di un coperchio in metallo per una conservazione ermetica ed elegante in cucina.<\/p>","protected":false},"featured_media":23321,"template":"","meta":[],"product_brand":[],"product_cat":[122,124,128],"product_tag":[],"class_list":{"0":"post-23317","1":"product","2":"type-product","3":"status-publish","4":"has-post-thumbnail","6":"product_cat-custom-glass-packaging","7":"product_cat-custom-glass-jars","8":"product_cat-spice-jars","10":"first","11":"instock","12":"shipping-taxable","13":"product-type-simple"},"jetpack_sharing_enabled":true,"_links":{"self":[{"href":"https:\/\/yebodaglass.com\/it\/wp-json\/wp\/v2\/product\/23317","targetHints":{"allow":["GET"]}}],"collection":[{"href":"https:\/\/yebodaglass.com\/it\/wp-json\/wp\/v2\/product"}],"about":[{"href":"https:\/\/yebodaglass.com\/it\/wp-json\/wp\/v2\/types\/product"}],"version-history":[{"count":4,"href":"https:\/\/yebodaglass.com\/it\/wp-json\/wp\/v2\/product\/23317\/revisions"}],"predecessor-version":[{"id":23325,"href":"https:\/\/yebodaglass.com\/it\/wp-json\/wp\/v2\/product\/23317\/revisions\/23325"}],"wp:featuredmedia":[{"embeddable":true,"href":"https:\/\/yebodaglass.com\/it\/wp-json\/wp\/v2\/media\/23321"}],"wp:attachment":[{"href":"https:\/\/yebodaglass.com\/it\/wp-json\/wp\/v2\/media?parent=23317"}],"wp:term":[{"taxonomy":"product_brand","embeddable":true,"href":"https:\/\/yebodaglass.com\/it\/wp-json\/wp\/v2\/product_brand?post=23317"},{"taxonomy":"product_cat","embeddable":true,"href":"https:\/\/yebodaglass.com\/it\/wp-json\/wp\/v2\/product_cat?post=23317"},{"taxonomy":"product_tag","embeddable":true,"href":"https:\/\/yebodaglass.com\/it\/wp-json\/wp\/v2\/product_tag?post=23317"}],"curies":[{"name":"wp","href":"https:\/\/api.w.org\/{rel}","templated":true}]}}