{"id":23307,"date":"2025-11-06T14:24:09","date_gmt":"2025-11-06T06:24:09","guid":{"rendered":"https:\/\/yebodaglass.com\/?post_type=product&#038;p=23307"},"modified":"2025-11-06T16:53:42","modified_gmt":"2025-11-06T08:53:42","slug":"custom-textured-bbq-sauce-bottles-for-canning","status":"publish","type":"product","link":"https:\/\/yebodaglass.com\/it\/custom-textured-bbq-sauce-bottles-for-canning\/","title":{"rendered":"Bottiglie di salsa BBQ con texture personalizzata per inscatolamento da 375 ml e 500 ml"},"content":{"rendered":"<p>Queste bottiglie di salsa barbecue sono dotate di un corpo in vetro robusto, pesante, trasparente e con trama orizzontale che non solo offre una buona presa e una sensazione di qualit\u00e0, ma unisce anche stile e funzionalit\u00e0.<\/p>\n<h2>Caratteristiche del prodotto<\/h2>\n<ul>\n<li><strong>Presa migliore:<\/strong> Grazie alla texture orizzontale, l&#039;utente ottiene una presa salda e antiscivolo, rendendo pi\u00f9 sicuro e comodo il prelievo e il versamento.<\/li>\n<li><strong>Vetro trasparente:<\/strong> Il contenitore in vetro trasparente consente agli utenti di controllare visivamente il colore e la quantit\u00e0 di salsa rimasta.<\/li>\n<li><strong>Scelta tra due dimensioni:<\/strong> Il prodotto \u00e8 disponibile in due diverse dimensioni per soddisfare esigenze diverse, risultando quindi perfetto per l&#039;uso quotidiano in famiglia, per la suddivisione dei pasti e simili.<\/li>\n<\/ul>\n<h2 style=\"text-align: left;\">Specifiche chiave<\/h2>\n<table class=\"aligncenter\" style=\"border-collapse: collapse; width: 462.77pt;\" border=\"0\" width=\"617\" cellspacing=\"0\" cellpadding=\"0\">\n<tbody>\n<tr style=\"height: 13.50pt;\">\n<td style=\"height: 13.50pt; width: 116.25pt;\" width=\"155\" height=\"18\">Caratteristica<\/td>\n<td style=\"width: 346.50pt;\" width=\"462\">Specifica<\/td>\n<\/tr>\n<tr style=\"height: 13.50pt;\">\n<td style=\"height: 13.50pt;\" height=\"18\">Capacit\u00e0<\/td>\n<td>375 ml, 500 ml<\/td>\n<\/tr>\n<tr style=\"height: 13.50pt;\">\n<td style=\"height: 13.50pt;\" height=\"18\">Dimensioni della confezione<\/td>\n<td>20 \u00d7 15 \u00d7 15 cm (identico per entrambe le misure)<\/td>\n<\/tr>\n<tr style=\"height: 13.50pt;\">\n<td style=\"height: 13.50pt;\" height=\"18\">Forma<\/td>\n<td>Bottiglia di Stout con struttura verticale<\/td>\n<\/tr>\n<tr style=\"height: 13.50pt;\">\n<td style=\"height: 13.50pt;\" height=\"18\">Materiale<\/td>\n<td>Stout in vetro trasparente, per uso alimentare, senza piombo<\/td>\n<\/tr>\n<tr style=\"height: 13.50pt;\">\n<td style=\"height: 13.50pt;\" height=\"18\">Opzioni di chiusura<\/td>\n<td>Chiusura a vite in nero, oro o personalizzata<\/td>\n<\/tr>\n<tr style=\"height: 13.50pt;\">\n<td style=\"height: 13.50pt;\" height=\"18\">Ideale per<\/td>\n<td>Salsa piccante, condimento, salsa di pomodoro<\/td>\n<\/tr>\n<tr style=\"height: 13.50pt;\">\n<td style=\"height: 13.50pt;\" height=\"18\">Uso ideale<\/td>\n<td>Bottiglia di salsa barbecue, bottiglie di salsa piccante sfuse per l&#039;inscatolamento<\/td>\n<\/tr>\n<\/tbody>\n<\/table>\n<h2>Caso di successo: come la texture ha giocato un ruolo importante nel posizionamento del prodotto<\/h2>\n<p>Un&#039;azienda di condimenti che produce salse barbecue artigianali esclusivamente per il mercato statunitense ha deciso di utilizzare questo design testurizzato della bottiglia per la sua linea di punta di salse barbecue. Il prezzo \u00e8 aumentato del 25% grazie all&#039;aspetto premium e alla migliore presa, mentre i casi di rottura durante la spedizione sono stati ridotti del 40%. Pertanto, nella prima met\u00e0 dell&#039;anno, l&#039;interazione tattile con i clienti ha portato a un aumento del 35% delle vendite, confermato dai suoi partner commerciali. Ogni due mesi, l&#039;azienda ordina 200.000 bottiglie in entrambi i formati.<\/p>\n<h2>Suggerimenti per la personalizzazione delle bottiglie<\/h2>\n<ul>\n<li><strong>Colore del cappuccio personalizzato:<\/strong> Oltre all&#039;oro e al nero, puoi scegliere il colore del cappuccio che pi\u00f9 si adatta al colore del tuo marchio.<\/li>\n<li><strong>Scelte di colore del vetro:<\/strong> Oltre ai design testurizzati, l&#039;azienda offre la possibilit\u00e0 di scegliere una bottiglia in vetro ambrato o verde per proteggerla dalla luce.<\/li>\n<li><strong>Goffratura del logo del marchio:<\/strong> Personalizza il tuo logo incidendolo all&#039;interno del motivo strutturato per ottenere un&#039;immagine del marchio pi\u00f9 discreta.<\/li>\n<li><strong>Variazione della finitura della texture:<\/strong> Puoi decidere se la finitura della texture sar\u00e0 pi\u00f9 superficiale o pi\u00f9 profonda a seconda che tu voglia una presa pi\u00f9 significativa o un effetto di texture morbida.<\/li>\n<\/ul>","protected":false},"excerpt":{"rendered":"<p>Bottiglie di salsa piccante di alta qualit\u00e0 per la conservazione, con un&#039;elegante texture in vetro. Ideali per salse barbecue, ideali per piccoli marchi o per il confezionamento nei ristoranti. Campioni gratuiti.<\/p>","protected":false},"featured_media":23310,"template":"","meta":[],"product_brand":[],"product_cat":[123,122,129],"product_tag":[],"class_list":{"0":"post-23307","1":"product","2":"type-product","3":"status-publish","4":"has-post-thumbnail","6":"product_cat-custom-glass-bottles","7":"product_cat-custom-glass-packaging","8":"product_cat-hot-sauce-bottles","10":"first","11":"instock","12":"shipping-taxable","13":"product-type-simple"},"jetpack_sharing_enabled":true,"_links":{"self":[{"href":"https:\/\/yebodaglass.com\/it\/wp-json\/wp\/v2\/product\/23307","targetHints":{"allow":["GET"]}}],"collection":[{"href":"https:\/\/yebodaglass.com\/it\/wp-json\/wp\/v2\/product"}],"about":[{"href":"https:\/\/yebodaglass.com\/it\/wp-json\/wp\/v2\/types\/product"}],"version-history":[{"count":5,"href":"https:\/\/yebodaglass.com\/it\/wp-json\/wp\/v2\/product\/23307\/revisions"}],"predecessor-version":[{"id":23326,"href":"https:\/\/yebodaglass.com\/it\/wp-json\/wp\/v2\/product\/23307\/revisions\/23326"}],"wp:featuredmedia":[{"embeddable":true,"href":"https:\/\/yebodaglass.com\/it\/wp-json\/wp\/v2\/media\/23310"}],"wp:attachment":[{"href":"https:\/\/yebodaglass.com\/it\/wp-json\/wp\/v2\/media?parent=23307"}],"wp:term":[{"taxonomy":"product_brand","embeddable":true,"href":"https:\/\/yebodaglass.com\/it\/wp-json\/wp\/v2\/product_brand?post=23307"},{"taxonomy":"product_cat","embeddable":true,"href":"https:\/\/yebodaglass.com\/it\/wp-json\/wp\/v2\/product_cat?post=23307"},{"taxonomy":"product_tag","embeddable":true,"href":"https:\/\/yebodaglass.com\/it\/wp-json\/wp\/v2\/product_tag?post=23307"}],"curies":[{"name":"wp","href":"https:\/\/api.w.org\/{rel}","templated":true}]}}