{"id":23277,"date":"2025-11-05T16:32:10","date_gmt":"2025-11-05T08:32:10","guid":{"rendered":"https:\/\/yebodaglass.com\/?post_type=product&#038;p=23277"},"modified":"2026-03-19T11:29:08","modified_gmt":"2026-03-19T03:29:08","slug":"cylindrical-airtight-spice-jars-with-stainless-lid-bulk","status":"publish","type":"product","link":"https:\/\/yebodaglass.com\/it\/cylindrical-airtight-spice-jars-with-stainless-lid-bulk\/","title":{"rendered":"Barattoli cilindrici ermetici da 100 ml per spezie con coperchio in acciaio inox, confezione multipla"},"content":{"rendered":"<p>Questi barattoli per spezie ermetici hanno una forma cilindrica e liscia, sono realizzati in vetro trasparente di alta qualit\u00e0 e hanno coperchi in acciaio inossidabile. Sono ideali per conservare le spezie e possono quindi essere utilizzati per riporre le spezie in dispensa o sul piano di lavoro.<\/p>\n<h2>Caratteristiche del prodotto<\/h2>\n<ul>\n<li><strong>Design cilindrico chiaro:<\/strong> Le pareti in vetro sono dritte, il fondo \u00e8 piatto, il che garantisce grande stabilit\u00e0 e permette una visibilit\u00e0 completa del contenuto e del livello di riempimento.<\/li>\n<li><strong>Coperchio ermetico in acciaio inox:<\/strong> Il coperchio a vite \u00e8 realizzato in acciaio inossidabile spazzolato per garantire una chiusura ermetica affidabile che preserva il sapore e l&#039;aroma.<\/li>\n<li><strong>Facile da pulire e da mantenere:<\/strong> Sia il vetro che l&#039;acciaio inossidabile sono resistenti al calore, facili da pulire e ricaricare, ecologici e possono essere utilizzati in cucina per lunghi periodi.<\/li>\n<\/ul>\n<h2>Specifiche chiave<\/h2>\n<table style=\"border-collapse: collapse; width: 80%; margin-left: auto; margin-right: auto;\" border=\"0\" width=\"144\" cellspacing=\"0\" cellpadding=\"0\">\n<tbody>\n<tr style=\"height: 13.50pt;\">\n<td style=\"height: 13.5pt; width: 54pt; text-align: center;\" width=\"72\" height=\"18\">Capacit\u00e0<\/td>\n<td style=\"width: 54pt; text-align: center;\" width=\"72\">100 ml<\/td>\n<\/tr>\n<tr style=\"height: 13.50pt;\">\n<td style=\"height: 13.5pt; text-align: center;\" height=\"18\">Dimensioni (cm)<\/td>\n<td style=\"text-align: center;\">4,3 x 9,4<\/td>\n<\/tr>\n<tr style=\"height: 13.50pt;\">\n<td style=\"height: 13.5pt; text-align: center;\" height=\"18\">Forma<\/td>\n<td style=\"text-align: center;\">Cilindro<\/td>\n<\/tr>\n<tr style=\"height: 13.50pt;\">\n<td style=\"height: 13.5pt; text-align: center;\" height=\"18\">Colore<\/td>\n<td style=\"text-align: center;\">Trasparente o personalizzato<\/td>\n<\/tr>\n<tr style=\"height: 13.50pt;\">\n<td style=\"height: 13.5pt; text-align: center;\" height=\"18\">Utilizzo<\/td>\n<td style=\"text-align: center;\">Per condimenti secchi come pepe, sale, zucchero, caff\u00e8 in polvere<\/td>\n<\/tr>\n<\/tbody>\n<\/table>\n<h2>Storia di successo<\/h2>\n<p>I nostri barattoli ermetici per spezie, le etichette graduate personalizzate con il nostro marchio e gli anelli di tenuta in silicone sono stati ordinati da una catena nazionale di negozi di alimenti biologici. I risultati sono stati impressionanti: la migliore tenuta degli anelli di tenuta ha aumentato del 30% la durata di conservazione delle spezie igroscopiche, tra cui cannella e noce moscata, riducendo gli sprechi. I barattoli in vetro, trasparenti e dotati di tacche graduate, hanno aiutato i dipendenti a mantenere livelli di inventario ottimali e hanno permesso loro di risparmiare il 20% del tempo impiegato per il rifornimento. Visti gli ottimi risultati, l&#039;azienda ha effettuato un ulteriore ordine di 220.000 barattoli, con l&#039;intenzione di estendere il sistema anche alle proprie linee di t\u00e8 sfuso e integratori in polvere.<\/p>\n<h2>Personalizzazione di\u00a0<strong>Contenitore per spezie<\/strong><\/h2>\n<ol>\n<li><strong>Il materiale e il colore della copertina possono essere adattati:<\/strong> Sono disponibili quattro diversi stili di coperchio (acciaio inossidabile spazzolato, nero opaco, oro rosa o rame) per armonizzare l&#039;aspetto delle varie collezioni di cucine di marca.<\/li>\n<li><strong>Superficie del barattolo di vetro:<\/strong> Il barattolo trasparente pu\u00f2 essere trasformato in un barattolo satinato o sabbiato e pu\u00f2 anche essere stampato con loghi o graduazioni di marchi, unendo cos\u00ec bellezza e funzionalit\u00e0.<\/li>\n<li><strong>Le loro dimensioni possono essere:<\/strong> realizzati su misura per contenere spezie, t\u00e8 o prodotti secchi in qualsiasi quantit\u00e0.<\/li>\n<\/ol>","protected":false},"excerpt":{"rendered":"<p>Barattoli per spezie ermetici di alta qualit\u00e0 con coperchi in acciaio inox e corpo trasparente. Eleganti contenitori per spezie, perfetti per organizzare la cucina. Fornitura diretta dalla fabbrica.<\/p>","protected":false},"featured_media":23278,"template":"","meta":[],"product_brand":[],"product_cat":[124,122,128],"product_tag":[],"class_list":{"0":"post-23277","1":"product","2":"type-product","3":"status-publish","4":"has-post-thumbnail","6":"product_cat-custom-glass-jars","7":"product_cat-custom-glass-packaging","8":"product_cat-spice-jars","10":"first","11":"instock","12":"shipping-taxable","13":"product-type-simple"},"jetpack_sharing_enabled":true,"_links":{"self":[{"href":"https:\/\/yebodaglass.com\/it\/wp-json\/wp\/v2\/product\/23277","targetHints":{"allow":["GET"]}}],"collection":[{"href":"https:\/\/yebodaglass.com\/it\/wp-json\/wp\/v2\/product"}],"about":[{"href":"https:\/\/yebodaglass.com\/it\/wp-json\/wp\/v2\/types\/product"}],"version-history":[{"count":5,"href":"https:\/\/yebodaglass.com\/it\/wp-json\/wp\/v2\/product\/23277\/revisions"}],"predecessor-version":[{"id":25515,"href":"https:\/\/yebodaglass.com\/it\/wp-json\/wp\/v2\/product\/23277\/revisions\/25515"}],"wp:featuredmedia":[{"embeddable":true,"href":"https:\/\/yebodaglass.com\/it\/wp-json\/wp\/v2\/media\/23278"}],"wp:attachment":[{"href":"https:\/\/yebodaglass.com\/it\/wp-json\/wp\/v2\/media?parent=23277"}],"wp:term":[{"taxonomy":"product_brand","embeddable":true,"href":"https:\/\/yebodaglass.com\/it\/wp-json\/wp\/v2\/product_brand?post=23277"},{"taxonomy":"product_cat","embeddable":true,"href":"https:\/\/yebodaglass.com\/it\/wp-json\/wp\/v2\/product_cat?post=23277"},{"taxonomy":"product_tag","embeddable":true,"href":"https:\/\/yebodaglass.com\/it\/wp-json\/wp\/v2\/product_tag?post=23277"}],"curies":[{"name":"wp","href":"https:\/\/api.w.org\/{rel}","templated":true}]}}