{"id":23259,"date":"2025-11-05T15:32:38","date_gmt":"2025-11-05T07:32:38","guid":{"rendered":"https:\/\/yebodaglass.com\/?post_type=product&#038;p=23259"},"modified":"2025-11-05T15:32:40","modified_gmt":"2025-11-05T07:32:40","slug":"glass-seasoning-bottles-with-hole-lid-wholesale","status":"publish","type":"product","link":"https:\/\/yebodaglass.com\/it\/glass-seasoning-bottles-with-hole-lid-wholesale\/","title":{"rendered":"Bottiglie di vetro per condimenti da 50 ml e 80 ml con tappo forato"},"content":{"rendered":"<p>Non vuoi barattoli per spezie che perdono o che nascondono i tuoi ingredienti? Produciamo contenitori per spezie con impugnatura a griglia: niente pi\u00f9 scivolamenti del manico. Queste soluzioni per contenitori per spezie trasformano la tua cucina in un centro di stile. Per gli ordini all&#039;ingrosso, puoi scegliere colori personalizzati per i coperchi, in linea con il tuo marchio.<\/p>\n<h2>Caratteristiche del prodotto<\/h2>\n<p><strong>Griglia Texture Grip<\/strong><\/p>\n<p>Le scanalature non solo aggiungono comfort, ma anche stile: le tue bottiglie di condimento saranno come un prodotto di qualit\u00e0 quando le tieni in mano.<\/p>\n<p><strong>Opzioni di coperchio colorate<\/strong><\/p>\n<p>Scegli un coperchio rosso, nero, giallo o verde: il tuo contenitore per spezie personalizzato diventer\u00e0 un regalo esclusivo.<\/p>\n<p><strong>Chiarezza cristallina<\/strong><\/p>\n<p>Il vetro trasparente mostra ogni chicco: i clienti si fidano subito dei tuoi contenitori per spezie.<\/p>\n<h2>Specifiche chiave<\/h2>\n<table style=\"border-collapse: collapse; width: 80%; margin-left: auto; margin-right: auto;\" border=\"0\" width=\"144\" cellspacing=\"0\" cellpadding=\"0\">\n<tbody>\n<tr style=\"height: 13.50pt;\">\n<td style=\"height: 13.5pt; width: 54pt; text-align: center;\" width=\"72\" height=\"18\">Capacit\u00e0<\/td>\n<td style=\"width: 54pt; text-align: center;\" width=\"72\">50 ml, 80 ml<\/td>\n<\/tr>\n<tr style=\"height: 13.50pt;\">\n<td style=\"height: 13.5pt; text-align: center;\" height=\"18\">Opzioni del coperchio<\/td>\n<td style=\"text-align: center;\">Plastica, Metallo, Bamb\u00f9<\/td>\n<\/tr>\n<tr style=\"height: 13.50pt;\">\n<td style=\"height: 13.5pt; text-align: center;\" height=\"18\">Forma<\/td>\n<td style=\"text-align: center;\">Cilindro<\/td>\n<\/tr>\n<tr style=\"height: 13.50pt;\">\n<td style=\"height: 13.5pt; text-align: center;\" height=\"18\">Colore<\/td>\n<td style=\"text-align: center;\">Chiaro (personalizzabile)<\/td>\n<\/tr>\n<tr style=\"height: 13.50pt;\">\n<td style=\"height: 13.5pt; text-align: center;\" height=\"18\">Adatto per<\/td>\n<td style=\"text-align: center;\">Ristoranti, bar, supermercati, ecc.<\/td>\n<\/tr>\n<\/tbody>\n<\/table>\n<h2>Caso di successo<\/h2>\n<p>Una catena di ristoranti messicani ha collaborato con noi per personalizzare questi contenitori in vetro per spezie da 80 ml, scelti per le dimensioni e la trasparenza perfette, che consentono ai clienti di riconoscere rapidamente le diverse spezie. I vivaci tappi rossi riflettono i colori del marchio del ristorante e la stampa personalizzata del logo sulla bottiglia conferisce un tocco di raffinatezza.<\/p>\n<p>Dopo aver apportato la modifica, la soddisfazione dei clienti \u00e8 aumentata notevolmente e il personale ha affermato che rifornire i condimenti e pulire \u00e8 diventato molto comodo.<\/p>\n<h2>Il tuo manuale di personalizzazione<\/h2>\n<ol>\n<li><strong>Colori del cappuccio personalizzabili:<\/strong> Scegli un tappo di plastica di un colore diverso, ad esempio nero, verde o rosso, per abbinarlo all&#039;immagine del tuo marchio o allo stile del ristorante, creando un&#039;armonia visiva complessiva esteticamente gradevole.<\/li>\n<li><strong>Diverse opzioni di capacit\u00e0:<\/strong> Pu\u00f2 essere personalizzato in diverse capacit\u00e0 per soddisfare le esigenze di due tipi di cucine, quella domestica e quella dei ristoranti, che hanno capacit\u00e0 diverse.<\/li>\n<\/ol>","protected":false},"excerpt":{"rendered":"<p>Resistenti bottiglie in vetro per spezie con tappo rosso, perfette per contenere sale, pepe e peperoncino in polvere. Ideali per cucine domestiche o ristoranti.<\/p>","protected":false},"featured_media":23269,"template":"","meta":[],"product_brand":[],"product_cat":[122,124,128],"product_tag":[],"class_list":{"0":"post-23259","1":"product","2":"type-product","3":"status-publish","4":"has-post-thumbnail","6":"product_cat-custom-glass-packaging","7":"product_cat-custom-glass-jars","8":"product_cat-spice-jars","10":"first","11":"instock","12":"shipping-taxable","13":"product-type-simple"},"jetpack_sharing_enabled":true,"_links":{"self":[{"href":"https:\/\/yebodaglass.com\/it\/wp-json\/wp\/v2\/product\/23259","targetHints":{"allow":["GET"]}}],"collection":[{"href":"https:\/\/yebodaglass.com\/it\/wp-json\/wp\/v2\/product"}],"about":[{"href":"https:\/\/yebodaglass.com\/it\/wp-json\/wp\/v2\/types\/product"}],"version-history":[{"count":5,"href":"https:\/\/yebodaglass.com\/it\/wp-json\/wp\/v2\/product\/23259\/revisions"}],"predecessor-version":[{"id":23276,"href":"https:\/\/yebodaglass.com\/it\/wp-json\/wp\/v2\/product\/23259\/revisions\/23276"}],"wp:featuredmedia":[{"embeddable":true,"href":"https:\/\/yebodaglass.com\/it\/wp-json\/wp\/v2\/media\/23269"}],"wp:attachment":[{"href":"https:\/\/yebodaglass.com\/it\/wp-json\/wp\/v2\/media?parent=23259"}],"wp:term":[{"taxonomy":"product_brand","embeddable":true,"href":"https:\/\/yebodaglass.com\/it\/wp-json\/wp\/v2\/product_brand?post=23259"},{"taxonomy":"product_cat","embeddable":true,"href":"https:\/\/yebodaglass.com\/it\/wp-json\/wp\/v2\/product_cat?post=23259"},{"taxonomy":"product_tag","embeddable":true,"href":"https:\/\/yebodaglass.com\/it\/wp-json\/wp\/v2\/product_tag?post=23259"}],"curies":[{"name":"wp","href":"https:\/\/api.w.org\/{rel}","templated":true}]}}