{"id":23183,"date":"2025-11-04T17:02:49","date_gmt":"2025-11-04T09:02:49","guid":{"rendered":"https:\/\/yebodaglass.com\/?post_type=product&#038;p=23183"},"modified":"2026-03-17T15:44:22","modified_gmt":"2026-03-17T07:44:22","slug":"clear-glass-spice-containers-with-horizontal-ribbed-bulk","status":"publish","type":"product","link":"https:\/\/yebodaglass.com\/it\/clear-glass-spice-containers-with-horizontal-ribbed-bulk\/","title":{"rendered":"Contenitori per spezie in vetro trasparente da 250 ml con nervature orizzontali"},"content":{"rendered":"<p>Questo contenitore per spezie presenta una bottiglia in vetro dalla forma sinuosa e dalla texture particolare. La sua superficie non \u00e8 solo piacevole al tatto, ma offre anche una presa antiscivolo. La bottiglia \u00e8 trasparente, permettendo cos\u00ec di apprezzare appieno i colori delle spezie al suo interno. Il tappo \u00e8 in acciaio inossidabile lucidato e presenta numerosi piccoli fori che consentono un dosaggio preciso.<\/p>\n<h2>Caratteristiche del prodotto<\/h2>\n<ul>\n<li><strong>Bottiglia antiscivolo con superficie ondulata:<\/strong> Il design ondulato \u00e8 circolare e multistrato e offre una maggiore presa, oltre a una struttura pi\u00f9 robusta della bottiglia, evitando cos\u00ec il problema del ribaltamento.<\/li>\n<li><strong>Vetro ad alta trasparenza:<\/strong> Si tratta di un eccellente contenitore in vetro ad alta trasparenza, realizzato con un materiale per uso alimentare. Il contenitore \u00e8 molto trasparente e permette di identificare facilmente la forma e la quantit\u00e0 delle spezie granulari al suo interno.<\/li>\n<li><strong>Tappo a vite in metallo multiforato:<\/strong> Il tappo a vite in metallo argentato, con fori multi-perforati, presenta perforazioni distribuite uniformemente che garantiscono un dosaggio preciso delle spezie granulari, evitando sprechi e fuoriuscite.<\/li>\n<\/ul>\n<h2>Specifiche chiave<\/h2>\n<table style=\"border-collapse: collapse; width: 80%; margin-left: auto; margin-right: auto;\" border=\"0\" width=\"360\" cellspacing=\"0\" cellpadding=\"0\">\n<tbody>\n<tr style=\"height: 13.50pt;\">\n<td style=\"height: 13.5pt; width: 54pt; text-align: center;\" width=\"72\" height=\"18\">Capacit\u00e0<\/td>\n<td style=\"width: 54pt; text-align: center;\" width=\"72\">Dimensioni (cm)<\/td>\n<td style=\"width: 54pt; text-align: center;\" width=\"72\">Tipo di coperchio<\/td>\n<td style=\"width: 54pt; text-align: center;\" width=\"72\">Forma<\/td>\n<td style=\"width: 54pt; text-align: center;\" width=\"72\">Utilizzo<\/td>\n<\/tr>\n<tr style=\"height: 13.50pt;\">\n<td style=\"height: 13.5pt; text-align: center;\" height=\"18\">250 ml<\/td>\n<td style=\"text-align: center;\">7,0 x 12<\/td>\n<td style=\"text-align: center;\">Coperchio del setaccio a doppio strato in metallo<\/td>\n<td style=\"text-align: center;\">Cilindro<\/td>\n<td style=\"text-align: center;\">Per sale, pepe, erbe aromatiche; usato in casa; ristorante<\/td>\n<\/tr>\n<\/tbody>\n<\/table>\n<h2>Caso di successo<\/h2>\n<p>Il nostro barattolo per spezie in vetro zigrinato \u00e8 stato scelto da un marchio britannico di prodotti alimentari di nicchia. Abbiamo progettato su misura una texture satinata a coste e un tappo a vite color rame. Uno dei suoi punti di forza \u00e8 la migliore presa, come riportato nel 25% delle recensioni positive dei clienti. Le spezie sono presentate in modo impeccabile nel vetro trasparente, grazie al suo colore e alla sua qualit\u00e0. Il marchio ha riscosso un grande successo e ha ordinato altri 200.000 barattoli di vetro per confezionare la sua gamma completa di spezie, ora disponibile nei grandi magazzini di fascia alta.<\/p>\n<h2>Personalizzazione dei contenitori per spezie<\/h2>\n<ul>\n<li>Profilo a coste: la larghezza, la profondit\u00e0 e la distanza tra le coste orizzontali possono essere personalizzate per creare un&#039;esperienza tattile individuale.<\/li>\n<li>Tipo di foro per spolverare: pu\u00f2 avere diverse dimensioni (fori piccoli per spezie in polvere, fori grandi per spezie in fiocchi) oppure pu\u00f2 avere due fori.<\/li>\n<li>Serigrafia: stampa graduazioni, nomi di spezie o piccoli bordi decorativi sulla bottiglia di vetro.<\/li>\n<li>Dimensioni e capacit\u00e0: Il design a coste \u00e8 dello stesso tipo, ma in una gamma di dimensioni, ovvero da flaconi da 30 ml a flaconi da 200 ml.<\/li>\n<\/ul>","protected":false},"excerpt":{"rendered":"<p>Contenitore per spezie in vetro resistente con superficie testurizzata e coperchio spargispezie in metallo. Pratico barattolo ideale per conservare pepe, erbe aromatiche e condimenti. Campioni omaggio.<\/p>","protected":false},"featured_media":23194,"template":"","meta":[],"product_brand":[],"product_cat":[20,128,83],"product_tag":[],"class_list":{"0":"post-23183","1":"product","2":"type-product","3":"status-publish","4":"has-post-thumbnail","6":"product_cat-glass-containers","7":"product_cat-spice-jars","8":"product_cat-glass-jars","10":"first","11":"instock","12":"shipping-taxable","13":"product-type-simple"},"jetpack_sharing_enabled":true,"_links":{"self":[{"href":"https:\/\/yebodaglass.com\/it\/wp-json\/wp\/v2\/product\/23183","targetHints":{"allow":["GET"]}}],"collection":[{"href":"https:\/\/yebodaglass.com\/it\/wp-json\/wp\/v2\/product"}],"about":[{"href":"https:\/\/yebodaglass.com\/it\/wp-json\/wp\/v2\/types\/product"}],"version-history":[{"count":5,"href":"https:\/\/yebodaglass.com\/it\/wp-json\/wp\/v2\/product\/23183\/revisions"}],"predecessor-version":[{"id":25477,"href":"https:\/\/yebodaglass.com\/it\/wp-json\/wp\/v2\/product\/23183\/revisions\/25477"}],"wp:featuredmedia":[{"embeddable":true,"href":"https:\/\/yebodaglass.com\/it\/wp-json\/wp\/v2\/media\/23194"}],"wp:attachment":[{"href":"https:\/\/yebodaglass.com\/it\/wp-json\/wp\/v2\/media?parent=23183"}],"wp:term":[{"taxonomy":"product_brand","embeddable":true,"href":"https:\/\/yebodaglass.com\/it\/wp-json\/wp\/v2\/product_brand?post=23183"},{"taxonomy":"product_cat","embeddable":true,"href":"https:\/\/yebodaglass.com\/it\/wp-json\/wp\/v2\/product_cat?post=23183"},{"taxonomy":"product_tag","embeddable":true,"href":"https:\/\/yebodaglass.com\/it\/wp-json\/wp\/v2\/product_tag?post=23183"}],"curies":[{"name":"wp","href":"https:\/\/api.w.org\/{rel}","templated":true}]}}