{"id":23171,"date":"2025-11-04T13:56:22","date_gmt":"2025-11-04T05:56:22","guid":{"rendered":"https:\/\/yebodaglass.com\/?post_type=product&#038;p=23171"},"modified":"2026-04-13T14:04:07","modified_gmt":"2026-04-13T06:04:07","slug":"wholesale-empty-glass-bbq-sauce-bottles-packaging-supplier","status":"publish","type":"product","link":"https:\/\/yebodaglass.com\/it\/wholesale-empty-glass-bbq-sauce-bottles-packaging-supplier\/","title":{"rendered":"Bottiglie di salsa barbecue in vetro vuote all&#039;ingrosso da 250 ml, 410 ml e 485 ml"},"content":{"rendered":"<p>Queste bottiglie per salsa barbecue presentano un design moderno, realizzate in vetro trasparente per alimenti con forma conica e dotate di tappi in plastica di diversi colori. Offrono una presa comoda che permette di versare i liquidi evitando fuoriuscite.<\/p>\n<h2>Caratteristiche del prodotto<\/h2>\n<ul>\n<li><strong>Progettazione aerodinamica conica:<\/strong> La forma conica, con la parte superiore pi\u00f9 stretta e quella inferiore pi\u00f9 ampia, consente agli utenti di versare i liquidi in modo fluido, riducendo gli sprechi di salsa e ottimizzando l&#039;efficienza operativa.<\/li>\n<li><strong>Vetro per alimenti ad alta trasparenza:<\/strong> Le bottiglie sono realizzate in vetro alimentare senza piombo, che garantisce un&#039;elevata trasparenza e permette di apprezzare il colore della salsa, rimanendo al contempo sicuro e inodore. Il prodotto \u00e8 facile da pulire e offre molteplici possibilit\u00e0 di riutilizzo.<\/li>\n<li><strong>Disponibili tappi multicolore:<\/strong> I tappi, disponibili nei colori rosso, giallo, oro e altri, sono dotati di guarnizioni a vite per mantenere la freschezza della salsa.<\/li>\n<\/ul>\n<h2 style=\"text-align: left;\">Specifiche chiave<\/h2>\n<table class=\"aligncenter\" style=\"border-collapse: collapse; width: 506.27pt;\" border=\"0\" width=\"675\" cellspacing=\"0\" cellpadding=\"0\">\n<tbody>\n<tr style=\"height: 13.50pt;\">\n<td style=\"height: 13.50pt; width: 109.50pt;\" width=\"146\" height=\"18\">Caratteristica<\/td>\n<td style=\"width: 396.75pt;\" width=\"529\">Specifica<\/td>\n<\/tr>\n<tr style=\"height: 13.50pt;\">\n<td style=\"height: 13.50pt;\" height=\"18\">Capacit\u00e0<\/td>\n<td>250 ml, 410 ml, 485 ml<\/td>\n<\/tr>\n<tr style=\"height: 13.50pt;\">\n<td style=\"height: 13.50pt;\" height=\"18\">Dimensioni (P\u00d7A)<\/td>\n<td>5,6\u00d721,5 cm, 6,4\u00d724,4 cm, 6,6\u00d726 cm<\/td>\n<\/tr>\n<tr style=\"height: 13.50pt;\">\n<td style=\"height: 13.50pt;\" height=\"18\">Forma<\/td>\n<td>Cilindrico conico<\/td>\n<\/tr>\n<tr style=\"height: 13.50pt;\">\n<td style=\"height: 13.50pt;\" height=\"18\">Materiale<\/td>\n<td>Stout in vetro trasparente, adatta agli alimenti, a pareti spesse<\/td>\n<\/tr>\n<tr style=\"height: 13.50pt;\">\n<td style=\"height: 13.50pt;\" height=\"18\">Chiusura<\/td>\n<td>Tappo a vite rosso, giallo o oro<\/td>\n<\/tr>\n<tr style=\"height: 13.50pt;\">\n<td style=\"height: 13.50pt;\" height=\"18\">Ideale per<\/td>\n<td>Salsa piccante, salsa barbecue, aceto, condimento, olio<\/td>\n<\/tr>\n<tr style=\"height: 13.50pt;\">\n<td style=\"height: 13.50pt;\" height=\"18\">Uso ideale<\/td>\n<td>Bottiglie di salsa piccante, bottiglie di salsa barbecue, bottiglie di vetro per condimenti<\/td>\n<\/tr>\n<\/tbody>\n<\/table>\n<h2>Caso di successo: una linea di prodotti di punta per un marchio di salsa barbecue del Sud degli Stati Uniti.<\/h2>\n<p>Un marchio di salsa barbecue del sud degli Stati Uniti ha scelto le nostre bottiglie di vetro da 355 ml (12 once) e ne ha richiesto la personalizzazione con l&#039;aggiunta di beccucci antigoccia e indicatori di piccantezza serigrafati. Le bottiglie di vetro personalizzate hanno prodotto risultati eccezionali: i beccucci antigoccia hanno ridotto del 25% i reclami dei consumatori per fuoriuscite accidentali e il design distintivo della bottiglia \u00e8 diventato un elemento distintivo del marchio, aumentandone la riconoscibilit\u00e0 del 35%. Il marchio ha riscosso un grande successo e, successivamente, ha effettuato un ulteriore ordine di 750.000 bottiglie per lanciare una nuova linea di ingredienti secchi e salse.<\/p>\n<h2>Opzioni personalizzate per la bottiglia di salsa in vetro<\/h2>\n<ul>\n<li><strong>Strisce decorative satinate:<\/strong> Ottieni un aspetto raffinato ed elegante ricorrendo all&#039;incisione con acido per creare strisce smerigliate orizzontali o verticali sul tuo vetro trasparente.<\/li>\n<li><strong>Collo di bottiglia in vetro colorato:<\/strong> durante la produzione \u00e8 stato specificato un anello di vetro colorato attorno al collo per un effetto visivo lussuoso e unico e per l&#039;eliminazione dell&#039;etichettatura.<\/li>\n<li><strong>Ugello antigoccia monoblocco:<\/strong> Un pezzo di plastica di precisione realizzato per aderire perfettamente all&#039;apertura della bottiglia, garantendo cos\u00ec che ogni volta il liquido venga versato in modo pulito e senza gocce.<\/li>\n<\/ul>","protected":false},"excerpt":{"rendered":"<p>Resistenti bottiglie di salsa in vetro con design affusolato e coperchi. Bottiglie di salsa BBQ perfette per personalizzare la tua salsa piccante. Logo personalizzato e consegna rapida disponibili.<\/p>","protected":false},"featured_media":23174,"template":"","meta":[],"product_brand":[],"product_cat":[129,123,122],"product_tag":[],"class_list":{"0":"post-23171","1":"product","2":"type-product","3":"status-publish","4":"has-post-thumbnail","6":"product_cat-hot-sauce-bottles","7":"product_cat-custom-glass-bottles","8":"product_cat-custom-glass-packaging","10":"first","11":"instock","12":"shipping-taxable","13":"product-type-simple"},"jetpack_sharing_enabled":true,"_links":{"self":[{"href":"https:\/\/yebodaglass.com\/it\/wp-json\/wp\/v2\/product\/23171","targetHints":{"allow":["GET"]}}],"collection":[{"href":"https:\/\/yebodaglass.com\/it\/wp-json\/wp\/v2\/product"}],"about":[{"href":"https:\/\/yebodaglass.com\/it\/wp-json\/wp\/v2\/types\/product"}],"version-history":[{"count":5,"href":"https:\/\/yebodaglass.com\/it\/wp-json\/wp\/v2\/product\/23171\/revisions"}],"predecessor-version":[{"id":25761,"href":"https:\/\/yebodaglass.com\/it\/wp-json\/wp\/v2\/product\/23171\/revisions\/25761"}],"wp:featuredmedia":[{"embeddable":true,"href":"https:\/\/yebodaglass.com\/it\/wp-json\/wp\/v2\/media\/23174"}],"wp:attachment":[{"href":"https:\/\/yebodaglass.com\/it\/wp-json\/wp\/v2\/media?parent=23171"}],"wp:term":[{"taxonomy":"product_brand","embeddable":true,"href":"https:\/\/yebodaglass.com\/it\/wp-json\/wp\/v2\/product_brand?post=23171"},{"taxonomy":"product_cat","embeddable":true,"href":"https:\/\/yebodaglass.com\/it\/wp-json\/wp\/v2\/product_cat?post=23171"},{"taxonomy":"product_tag","embeddable":true,"href":"https:\/\/yebodaglass.com\/it\/wp-json\/wp\/v2\/product_tag?post=23171"}],"curies":[{"name":"wp","href":"https:\/\/api.w.org\/{rel}","templated":true}]}}