{"id":23155,"date":"2025-11-04T10:53:15","date_gmt":"2025-11-04T02:53:15","guid":{"rendered":"https:\/\/yebodaglass.com\/?post_type=product&#038;p=23155"},"modified":"2026-03-25T11:24:10","modified_gmt":"2026-03-25T03:24:10","slug":"custom-clear-glass-hot-sauce-bottles-bulk","status":"publish","type":"product","link":"https:\/\/yebodaglass.com\/it\/custom-clear-glass-hot-sauce-bottles-bulk\/","title":{"rendered":"Bottiglie di salsa piccante in vetro trasparente personalizzate da 250 ml, 350 ml e 500 ml, sfuse"},"content":{"rendered":"<p>Queste bottiglie per salse hanno una forma cilindrica pulita e arrotondata e un collo sottile. Le bottiglie sono realizzate in vetro cristallino, con collo riavvitato e tappo a vite nero, rosso o oro.<\/p>\n<h2>Caratteristiche del prodotto<\/h2>\n<ul>\n<li><strong>Vetro cilindrico ad alta trasparenza:<\/strong> Il vetro cilindrico trasparente \u00e8 assolutamente limpido e mette in risalto il colore, la consistenza e la qualit\u00e0 del prodotto, aumentandone immediatamente l&#039;attrattiva visiva.<\/li>\n<li><strong>Disponibili diversi tipi di tappi a vite colorati:<\/strong> I tappi a vite sono disponibili in diversi colori, come nero, rosso e oro, per rispondere alle esigenze di personalizzazione degli imballaggi flessibili.<\/li>\n<li><strong>Design sigillato e a prova di perdite:<\/strong> Il tappo a vite si chiude saldamente sul collo della bottiglia, garantendo un&#039;ottima tenuta e una lunga durata di conservazione del prodotto.<\/li>\n<\/ul>\n<h2 style=\"text-align: left;\">Specifiche chiave<\/h2>\n<table class=\"aligncenter\" style=\"border-collapse: collapse; width: 388.52pt;\" border=\"0\" width=\"518\" cellspacing=\"0\" cellpadding=\"0\">\n<tbody>\n<tr style=\"height: 13.50pt;\">\n<td style=\"height: 13.50pt; width: 109.50pt;\" width=\"146\" height=\"18\">Caratteristica<\/td>\n<td style=\"width: 279.00pt;\" width=\"372\">Specifica<\/td>\n<\/tr>\n<tr style=\"height: 13.50pt;\">\n<td style=\"height: 13.50pt;\" height=\"18\">Capacit\u00e0<\/td>\n<td>250 ml (8 once), 350 ml (12 once), 500 ml (17 once)<\/td>\n<\/tr>\n<tr style=\"height: 13.50pt;\">\n<td style=\"height: 13.50pt;\" height=\"18\">Dimensioni (P\u00d7A)<\/td>\n<td>5,6\u00d718,8 cm, 6,3\u00d717,1 cm, 7,1\u00d719,1 cm<\/td>\n<\/tr>\n<tr style=\"height: 13.50pt;\">\n<td style=\"height: 13.50pt;\" height=\"18\">Materiale<\/td>\n<td>Stout in vetro trasparente, per uso alimentare<\/td>\n<\/tr>\n<tr style=\"height: 13.50pt;\">\n<td style=\"height: 13.50pt;\" height=\"18\">Chiusura<\/td>\n<td>Tappo a vite nero, rosso o oro<\/td>\n<\/tr>\n<tr style=\"height: 13.50pt;\">\n<td style=\"height: 13.50pt;\" height=\"18\">Ideale per<\/td>\n<td>Salsa piccante, salsa barbecue, condimento, condimento<\/td>\n<\/tr>\n<tr style=\"height: 13.50pt;\">\n<td style=\"height: 13.50pt;\" height=\"18\">Uso ideale<\/td>\n<td>Bottiglia di salsa, bottiglie di salsa piccante sfuse<\/td>\n<\/tr>\n<\/tbody>\n<\/table>\n<h2>Storia di successo<\/h2>\n<p>Un&#039;azienda produttrice di condimenti artigianali con sede in Ohio ha scelto di riempire le nostre bottiglie con la loro salsa e di personalizzarle con un&#039;etichetta opaca serigrafata appositamente e un tappo termoresistente rivestito in silicone. Le bottiglie personalizzate hanno riscosso un grande successo: il vetro trasparente mette in risalto le loro salse artigianali, affermano, e ha incrementato del 30% gli acquisti d&#039;impulso nei mercati contadini. Inoltre, la guarnizione del tappo, appositamente progettata, mantiene le bottiglie perfettamente chiuse, previene le perdite e riduce del 25% i reclami dei clienti. Il marchio ha avuto cos\u00ec tanto successo che ha ordinato altre 200.000 bottiglie della sua nuova linea di salse e intingoli.<\/p>\n<h2>Bottiglie di salsa piccante con personalizzazione individuale<\/h2>\n<ul>\n<li>Beccuccio dedicato per versare: questo modello \u00e8 dotato di un tappo a vite con beccuccio antigoccia in plastica o acciaio inossidabile integrato, che consente di versare la salsa in modo facile e preciso.<\/li>\n<li>Vetro colorato resistente ai raggi UV: viene prodotto nello stesso cilindro del vetro ambrato o verde per proteggere gli ingredienti sensibili alla luce.<\/li>\n<li>Colore del tappo: i colori dei tappi sono disponibili in qualsiasi cartella colori Pantone e si adattano perfettamente all&#039;immagine del tuo marchio.<\/li>\n<\/ul>","protected":false},"excerpt":{"rendered":"<p>Bottiglie di salsa piccante in vetro trasparente con coperchi in metallo colorato. Tenuta eccellente, perfette per creare la tua salsa personalizzata. Ordina bottiglie di vetro all&#039;ingrosso e consegna rapida!<\/p>","protected":false},"featured_media":23165,"template":"","meta":[],"product_brand":[],"product_cat":[129,123,122],"product_tag":[],"class_list":{"0":"post-23155","1":"product","2":"type-product","3":"status-publish","4":"has-post-thumbnail","6":"product_cat-hot-sauce-bottles","7":"product_cat-custom-glass-bottles","8":"product_cat-custom-glass-packaging","10":"first","11":"instock","12":"shipping-taxable","13":"product-type-simple"},"jetpack_sharing_enabled":true,"_links":{"self":[{"href":"https:\/\/yebodaglass.com\/it\/wp-json\/wp\/v2\/product\/23155","targetHints":{"allow":["GET"]}}],"collection":[{"href":"https:\/\/yebodaglass.com\/it\/wp-json\/wp\/v2\/product"}],"about":[{"href":"https:\/\/yebodaglass.com\/it\/wp-json\/wp\/v2\/types\/product"}],"version-history":[{"count":5,"href":"https:\/\/yebodaglass.com\/it\/wp-json\/wp\/v2\/product\/23155\/revisions"}],"predecessor-version":[{"id":25596,"href":"https:\/\/yebodaglass.com\/it\/wp-json\/wp\/v2\/product\/23155\/revisions\/25596"}],"wp:featuredmedia":[{"embeddable":true,"href":"https:\/\/yebodaglass.com\/it\/wp-json\/wp\/v2\/media\/23165"}],"wp:attachment":[{"href":"https:\/\/yebodaglass.com\/it\/wp-json\/wp\/v2\/media?parent=23155"}],"wp:term":[{"taxonomy":"product_brand","embeddable":true,"href":"https:\/\/yebodaglass.com\/it\/wp-json\/wp\/v2\/product_brand?post=23155"},{"taxonomy":"product_cat","embeddable":true,"href":"https:\/\/yebodaglass.com\/it\/wp-json\/wp\/v2\/product_cat?post=23155"},{"taxonomy":"product_tag","embeddable":true,"href":"https:\/\/yebodaglass.com\/it\/wp-json\/wp\/v2\/product_tag?post=23155"}],"curies":[{"name":"wp","href":"https:\/\/api.w.org\/{rel}","templated":true}]}}